{"id":7506,"date":"2016-05-27T19:09:32","date_gmt":"2016-05-27T16:09:32","guid":{"rendered":"http:\/\/www.mooblimasin.ee\/ru\/?page_id=7506"},"modified":"2024-02-01T15:03:59","modified_gmt":"2024-02-01T13:03:59","slug":"perednie-paneli-iz-dekorativnogo-spona","status":"publish","type":"page","link":"https:\/\/www.mooblimasin.ee\/ru\/perednie-paneli-iz-dekorativnogo-spona\/","title":{"rendered":"\u0414\u0435\u043a\u043e\u0440\u0430\u0442\u0438\u0432\u043d\u044b\u0439 \u0448\u043f\u043e\u043d"},"content":{"rendered":"<p><strong>\u041f\u0435\u0440\u0435\u0434\u043d\u0438\u0435 \u043f\u0430\u043d\u0435\u043b\u0438 \u043f\u0440\u0435\u0434\u043b\u0430\u0433\u0430\u044e\u0442\u0441\u044f \u0442\u043e\u043b\u044c\u043a\u043e \u043f\u0440\u0438 \u0437\u0430\u043a\u0430\u0437\u0435 \u043a\u0443\u0445\u043e\u043d\u043d\u043e\u0439 \u043c\u0435\u0431\u0435\u043b\u0438.<\/strong><\/p>\n<p>NB! \u0424\u043e\u0442\u043e\u0433\u0440\u0430\u0444\u0438\u0438 \u043d\u043e\u0441\u044f\u0442 \u0438\u043b\u043b\u044e\u0441\u0442\u0440\u0430\u0442\u0438\u0432\u043d\u044b\u0439 \u0445\u0430\u0440\u0430\u043a\u0442\u0435\u0440, \u0431\u043e\u043b\u0435\u0435 \u0442\u043e\u0447\u043d\u044b\u0439 \u0446\u0432\u0435\u0442\u043e\u0432\u043e\u0439 \u0442\u043e\u043d \u0412\u044b \u0443\u0432\u0438\u0434\u0438\u0442\u0435 \u043d\u0430 \u0440\u0435\u0430\u043b\u044c\u043d\u044b\u0445 \u043e\u0431\u0440\u0430\u0437\u0446\u0430\u0445.<\/p>\n<h2>OAK NATURAL<\/h2>\n<p>\u041a\u043b\u044e\u0447\u0435\u0432\u043e\u0435 \u0441\u043b\u043e\u0432\u043e &#171;\u0427\u0438\u0441\u0442\u043e\u0442\u0430&#187;.<\/p>\n<p>\u041f\u0440\u0438 \u043f\u0440\u043e\u0438\u0437\u0432\u043e\u0434\u0441\u0442\u0432\u0435 \u201cOak Natural\u201d (\u201c\u041d\u0430\u0442\u0443\u0440\u0430\u043b\u044c\u043d\u044b\u0439 \u0434\u0443\u0431\u201d) \u0438\u0441\u043f\u043e\u043b\u044c\u0437\u0443\u0435\u0442\u0441\u044f \u0442\u0449\u0430\u0442\u0435\u043b\u044c\u043d\u043e \u043e\u0442\u043e\u0431\u0440\u0430\u043d\u043d\u0430\u044f \u0434\u0440\u0435\u0432\u0435\u0441\u0438\u043d\u0430 \u0434\u0443\u0431\u0430, \u043a\u043e\u0442\u043e\u0440\u0430\u044f \u043f\u0440\u0438\u0432\u043e\u0437\u0438\u0442\u0441\u044f \u0438\u0437 \u0440\u043e\u0449 \u0432 \u0425\u043e\u0440\u0432\u0430\u0442\u0438\u0438, \u043a\u043e\u0442\u043e\u0440\u044b\u0435 \u043f\u043e\u0434\u0432\u0435\u0440\u0433\u0430\u044e\u0442\u0441\u044f \u043a\u043e\u043d\u0442\u0440\u043e\u043b\u044e \u043d\u0430 \u0432\u044b\u0441\u043e\u0447\u0430\u0439\u0448\u0435\u043c \u0443\u0440\u043e\u0432\u043d\u0435. \u041c\u0430\u0442\u0435\u0440\u0438\u0430\u043b \u043f\u0440\u043e\u0448\u0435\u043b \u0441\u0435\u0440\u0442\u0438\u0444\u0438\u043a\u0430\u0446\u0438\u044e Forest Stewardship Council (\u0421\u043e\u0432\u0435\u0442 \u043f\u043e \u0440\u0430\u0446\u0438\u043e\u043d\u0430\u043b\u044c\u043d\u043e\u043c\u0443 \u043f\u043e\u043b\u044c\u0437\u043e\u0432\u0430\u043d\u0438\u044e \u043b\u0435\u0441\u043d\u044b\u043c \u0444\u043e\u043d\u0434\u043e\u043c). \u0414\u043b\u044f \u043e\u0442\u0434\u0435\u043b\u043a\u0438 \u043c\u044b \u0440\u0435\u043a\u043e\u043c\u0435\u043d\u0434\u0443\u0435\u043c \u0438\u0441\u043f\u043e\u043b\u044c\u0437\u043e\u0432\u0430\u0442\u044c \u043b\u0430\u043a \u0438\u043b\u0438 \u043c\u0430\u0441\u043b\u043e. \u041c\u0430\u0441\u043b\u043e \u0434\u043b\u044f \u0434\u0440\u0435\u0432\u0435\u0441\u0438\u043d\u044b \u2014 \u043e\u043f\u0442\u0438\u043c\u0430\u043b\u044c\u043d\u044b\u0439 \u0441\u043f\u043e\u0441\u043e\u0431 \u043e\u0431\u0440\u0430\u0431\u043e\u0442\u043a\u0438, \u043f\u043e\u0441\u043a\u043e\u043b\u044c\u043a\u0443 \u043a\u0440\u043e\u043c\u0435 \u0445\u043e\u0440\u043e\u0448\u0435\u0439 \u0437\u0430\u0449\u0438\u0442\u044b \u0441\u043e\u0445\u0440\u0430\u043d\u044f\u0435\u0442\u0441\u044f \u0442\u0430\u043a\u0436\u0435 \u043d\u0430\u0442\u0443\u0440\u0430\u043b\u044c\u043d\u044b\u0439 \u0432\u0438\u0434 \u0438 \u043d\u0430\u0441\u0442\u043e\u044f\u0449\u0435\u0435 \u0442\u0435\u043f\u043b\u043e \u0434\u0435\u043a\u043e\u0440\u0430\u0442\u0438\u0432\u043d\u043e\u0433\u043e \u0448\u043f\u043e\u043d\u0430.<\/p>\n\n<div class=\"oi ngg-galleryoverview ngg-ajax-pagination-none\" id=\"ngg-gallery-f47cdd1102030d80c93ea1ba8709343d-7506\">\n\n\t\n\t<!-- Thumbnails -->\n\t<ul class=\"small-block-grid-1 medium-block-grid-3 large-block-grid-3 xlarge-block-grid-3 xxlarge-block-grid-4\">\n\t\t\t\t\n\t\t<li>\n\t\t      <div class=\"nextthumb aeglane bac3\" data-original=\"https:\/\/www.mooblimasin.ee\/wp-content\/gallery\/oak-natural-vivace\/Oak-Natural-Vivace.jpg\" style=\"background-image: url(&quot;https:\/\/www.mooblimasin.ee\/wp-content\/gallery\/oak-natural-vivace\/Oak-Natural-Vivace.jpg&quot;); display: block;\">\n\t\t            <a href=\"https:\/\/www.mooblimasin.ee\/wp-content\/gallery\/oak-natural-vivace\/Oak-Natural-Vivace.jpg\" alt=\"<p class=v2ikealt>Oak Natural Vivace<\/p>\" title=\"\" data-src=\"https:\/\/www.mooblimasin.ee\/wp-content\/gallery\/oak-natural-vivace\/Oak-Natural-Vivace.jpg\" rel=\"gr1\" data-thumbnail=\"https:\/\/www.mooblimasin.ee\/wp-content\/gallery\/oak-natural-vivace\/Oak-Natural-Vivace.jpg\" data-title=\"Oak Natural Vivace\" data-description=\"\" class=\"ngg-fancybox s\">\n\t\t            <\/a>\n\t\t      <\/div>\n\t\t<\/li>\n\t\t\n\t\t\t\t\n\t \t \t<\/ul>\n \t\n\t<!-- Pagination -->\n \t \t\n<\/div>\n\n\n<h2>OAK VINTAGE<\/h2>\n<p>\u041a\u043b\u044e\u0447\u0435\u0432\u043e\u0435 \u0441\u043b\u043e\u0432\u043e &#171;\u041f\u043e\u0434\u043b\u0438\u043d\u043d\u043e\u0441\u0442\u044c&#187;.<\/p>\n<p>\u0414\u0430\u043d\u043d\u044b\u0439 \u0434\u0435\u043a\u043e\u0440\u0430\u0442\u0438\u0432\u043d\u044b\u0439 \u0448\u043f\u043e\u043d \u0432\u043e\u0437\u0440\u043e\u0436\u0434\u0430\u0435\u0442 \u0447\u0430\u0441\u0442\u0438\u0447\u043a\u0443 \u043f\u0440\u043e\u0448\u043b\u043e\u0433\u043e, \u043f\u0440\u0438\u0434\u0430\u0432\u0430\u044f \u0441\u0442\u0430\u0440\u044b\u043c \u043c\u0430\u0442\u0435\u0440\u0438\u0430\u043b\u0430\u043c \u043d\u043e\u0432\u044b\u0435 \u0432\u043e\u0437\u043c\u043e\u0436\u043d\u043e\u0441\u0442\u0438 \u0438\u0441\u043f\u043e\u043b\u044c\u0437\u043e\u0432\u0430\u043d\u0438\u044f, \u0442.\u0435. \u0436\u0438\u0437\u043d\u044c. \u0418\u0441\u0445\u043e\u0434\u043d\u044b\u0439 \u043c\u0430\u0442\u0435\u0440\u0438\u0430\u043b \u0431\u0435\u0440\u0435\u0442\u0441\u044f \u0438\u0437 \u0432\u0430\u0433\u043e\u043d\u043e\u0432 \u043f\u043e\u0435\u0437\u0434\u043e\u0432, \u0433\u0434\u0435 \u043e\u043d \u0431\u044b\u043b \u0438\u0441\u043f\u043e\u043b\u044c\u0437\u043e\u0432\u0430\u043d \u0432\u043f\u0435\u0440\u0432\u044b\u0435. Decospan \u043e\u0441\u0443\u0449\u0435\u0441\u0442\u0432\u043b\u044f\u0435\u0442 \u043f\u043e\u0432\u0442\u043e\u0440\u043d\u043e\u0435 \u0438\u0441\u043f\u043e\u043b\u044c\u0437\u043e\u0432\u0430\u043d\u0438\u0435 \u044d\u0442\u0438\u0445 \u043c\u0430\u0442\u0435\u0440\u0438\u0430\u043b\u043e\u0432, \u0434\u0430\u0432\u0430\u044f \u0438\u043c \u043d\u043e\u0432\u0443\u044e \u0436\u0438\u0437\u043d\u044c \u0432 \u0412\u0430\u0448\u0435\u043c \u0438\u043d\u0442\u0435\u0440\u044c\u0435\u0440\u0435. \u0414\u043b\u044f \u043e\u0442\u0434\u0435\u043b\u043a\u0438 \u043c\u044b \u0440\u0435\u043a\u043e\u043c\u0435\u043d\u0434\u0443\u0435\u043c \u0438\u0441\u043f\u043e\u043b\u044c\u0437\u043e\u0432\u0430\u0442\u044c \u043b\u0430\u043a \u0438\u043b\u0438 \u043c\u0430\u0441\u043b\u043e. \u041c\u0430\u0441\u043b\u043e \u0434\u043b\u044f \u0434\u0440\u0435\u0432\u0435\u0441\u0438\u043d\u044b \u2014 \u043e\u043f\u0442\u0438\u043c\u0430\u043b\u044c\u043d\u044b\u0439 \u0441\u043f\u043e\u0441\u043e\u0431 \u043e\u0431\u0440\u0430\u0431\u043e\u0442\u043a\u0438, \u043f\u043e\u0441\u043a\u043e\u043b\u044c\u043a\u0443 \u043a\u0440\u043e\u043c\u0435 \u0445\u043e\u0440\u043e\u0448\u0435\u0439 \u0437\u0430\u0449\u0438\u0442\u044b \u0441\u043e\u0445\u0440\u0430\u043d\u044f\u0435\u0442\u0441\u044f \u0442\u0430\u043a\u0436\u0435 \u043d\u0430\u0442\u0443\u0440\u0430\u043b\u044c\u043d\u044b\u0439 \u0432\u0438\u0434 \u0438 \u043d\u0430\u0441\u0442\u043e\u044f\u0449\u0435\u0435 \u0442\u0435\u043f\u043b\u043e \u0434\u0435\u043a\u043e\u0440\u0430\u0442\u0438\u0432\u043d\u043e\u0433\u043e \u0448\u043f\u043e\u043d\u0430.<\/p>\n\n<div class=\"oi ngg-galleryoverview ngg-ajax-pagination-none\" id=\"ngg-gallery-1678b197dd67a20440e064c583008476-7506\">\n\n\t\n\t<!-- Thumbnails -->\n\t<ul class=\"small-block-grid-1 medium-block-grid-3 large-block-grid-3 xlarge-block-grid-3 xxlarge-block-grid-4\">\n\t\t\t\t\n\t\t<li>\n\t\t      <div class=\"nextthumb aeglane bac3\" data-original=\"https:\/\/www.mooblimasin.ee\/wp-content\/gallery\/dekoratiivspoon\/Oak-Vintage-Baltimore.jpg\" style=\"background-image: url(&quot;https:\/\/www.mooblimasin.ee\/wp-content\/gallery\/dekoratiivspoon\/Oak-Vintage-Baltimore.jpg&quot;); display: block;\">\n\t\t            <a href=\"https:\/\/www.mooblimasin.ee\/wp-content\/gallery\/dekoratiivspoon\/Oak-Vintage-Baltimore.jpg\" alt=\"<p class=v2ikealt>Oak Vintage Baltimore<\/p>\" title=\"\" data-src=\"https:\/\/www.mooblimasin.ee\/wp-content\/gallery\/dekoratiivspoon\/Oak-Vintage-Baltimore.jpg\" rel=\"gr1\" data-thumbnail=\"https:\/\/www.mooblimasin.ee\/wp-content\/gallery\/dekoratiivspoon\/Oak-Vintage-Baltimore.jpg\" data-title=\"Oak Vintage Baltimore\" data-description=\"\" class=\"ngg-fancybox s\">\n\t\t            <\/a>\n\t\t      <\/div>\n\t\t<\/li>\n\t\t\n\t\t\t\t\n\t \t\t\t\n\t\t<li>\n\t\t      <div class=\"nextthumb aeglane bac3\" data-original=\"https:\/\/www.mooblimasin.ee\/wp-content\/gallery\/dekoratiivspoon\/Oak-Vintage-Harlem.jpg\" style=\"background-image: url(&quot;https:\/\/www.mooblimasin.ee\/wp-content\/gallery\/dekoratiivspoon\/Oak-Vintage-Harlem.jpg&quot;); display: block;\">\n\t\t            <a href=\"https:\/\/www.mooblimasin.ee\/wp-content\/gallery\/dekoratiivspoon\/Oak-Vintage-Harlem.jpg\" alt=\"<p class=v2ikealt>Oak Vintage Harlem<\/p>\" title=\"\" data-src=\"https:\/\/www.mooblimasin.ee\/wp-content\/gallery\/dekoratiivspoon\/Oak-Vintage-Harlem.jpg\" rel=\"gr1\" data-thumbnail=\"https:\/\/www.mooblimasin.ee\/wp-content\/gallery\/dekoratiivspoon\/Oak-Vintage-Harlem.jpg\" data-title=\"Oak Vintage Harlem\" data-description=\"\" class=\"ngg-fancybox s\">\n\t\t            <\/a>\n\t\t      <\/div>\n\t\t<\/li>\n\t\t\n\t\t\t\t\n\t \t\t\t\n\t\t<li>\n\t\t      <div class=\"nextthumb aeglane bac3\" data-original=\"https:\/\/www.mooblimasin.ee\/wp-content\/gallery\/dekoratiivspoon\/Oak-Vintage-Hoboken.jpg\" style=\"background-image: url(&quot;https:\/\/www.mooblimasin.ee\/wp-content\/gallery\/dekoratiivspoon\/Oak-Vintage-Hoboken.jpg&quot;); display: block;\">\n\t\t            <a href=\"https:\/\/www.mooblimasin.ee\/wp-content\/gallery\/dekoratiivspoon\/Oak-Vintage-Hoboken.jpg\" alt=\"<p class=v2ikealt>Oak Vintage Hoboken<\/p>\" title=\"\" data-src=\"https:\/\/www.mooblimasin.ee\/wp-content\/gallery\/dekoratiivspoon\/Oak-Vintage-Hoboken.jpg\" rel=\"gr1\" data-thumbnail=\"https:\/\/www.mooblimasin.ee\/wp-content\/gallery\/dekoratiivspoon\/Oak-Vintage-Hoboken.jpg\" data-title=\"Oak Vintage Hoboken\" data-description=\"\" class=\"ngg-fancybox s\">\n\t\t            <\/a>\n\t\t      <\/div>\n\t\t<\/li>\n\t\t\n\t\t\t\t\n\t \t \t<\/ul>\n \t\n\t<!-- Pagination -->\n \t \t\n<\/div>\n\n\n<h2>OAK SMOKED<\/h2>\n<p>\u041a\u043b\u044e\u0447\u0435\u0432\u043e\u0435 \u0441\u043b\u043e\u0432\u043e &#171;\u041c\u0443\u0436\u0435\u0441\u0442\u0432\u0435\u043d\u043d\u043e\u0441\u0442\u044c&#187;.<\/p>\n<p>\u201cOak Smoked Havana\u201d \u2014 \u044d\u0442\u043e \u043c\u043e\u0449\u043d\u044b\u0439 \u0434\u0435\u043a\u043e\u0440\u0430\u0442\u0438\u0432\u043d\u044b\u0439 \u0448\u043f\u043e\u043d. \u041e\u0431\u0440\u0430\u0431\u0430\u0442\u044b\u0432\u0430\u044f \u0445\u043e\u0440\u0432\u0430\u0442\u0441\u043a\u0443\u044e \u0434\u0440\u0435\u0432\u0435\u0441\u0438\u043d\u0443 \u0434\u0443\u0431\u0430 \u043a\u043e\u043f\u0447\u0435\u043d\u0438\u0435\u043c \u0434\u043e \u0441\u0430\u043c\u043e\u0439 \u0441\u0435\u0440\u0434\u0446\u0435\u0432\u0438\u043d\u044b \u043c\u044b \u043f\u043e\u043b\u0443\u0447\u0430\u0435\u043c \u043c\u0430\u0442\u0435\u0440\u0438\u0430\u043b, \u043a\u043e\u0442\u043e\u0440\u044b\u0439 \u0441\u043e\u0437\u0434\u0430\u0435\u0442 \u0432\u043f\u0435\u0447\u0430\u0442\u043b\u0435\u043d\u0438\u044f &#171;\u043c\u0443\u0436\u0435\u0441\u0442\u0432\u0435\u043d\u043d\u043e\u0441\u0442\u0438&#187; \u0438 \u043c\u043e\u0449\u0438. \u0411\u043b\u0430\u0433\u043e\u0434\u0430\u0440\u044f \u0442\u0440\u0430\u0434\u0438\u0446\u0438\u043e\u043d\u043d\u043e\u043c\u0443 \u043f\u0440\u043e\u0446\u0435\u0441\u0441\u0443 \u043e\u0431\u0440\u0430\u0431\u043e\u0442\u043a\u0438 \u043a\u043e\u043f\u0447\u0435\u043d\u0438\u0435\u043c \u0438 \u0442\u0438\u043f\u0438\u0447\u043d\u044b\u043c \u0441\u0432\u043e\u0439\u0441\u0442\u0432\u0430\u043c \u0434\u0443\u0431\u0430 \u043c\u0430\u0442\u0435\u0440\u0438\u0430\u043b \u043e\u0441\u0442\u0430\u0432\u043b\u044f\u0435\u0442 \u043e\u0447\u0435\u043d\u044c \u0441\u0438\u043b\u044c\u043d\u043e\u0435 \u0432\u043f\u0435\u0447\u0430\u0442\u043b\u0435\u043d\u0438\u0435. \u0414\u043b\u044f \u043e\u0442\u0434\u0435\u043b\u043a\u0438 \u043c\u044b \u0440\u0435\u043a\u043e\u043c\u0435\u043d\u0434\u0443\u0435\u043c \u0438\u0441\u043f\u043e\u043b\u044c\u0437\u043e\u0432\u0430\u0442\u044c \u043b\u0430\u043a \u0438\u043b\u0438 \u043c\u0430\u0441\u043b\u043e. \u041c\u0430\u0441\u043b\u043e \u0434\u043b\u044f \u0434\u0440\u0435\u0432\u0435\u0441\u0438\u043d\u044b \u2014 \u043e\u043f\u0442\u0438\u043c\u0430\u043b\u044c\u043d\u044b\u0439 \u0441\u043f\u043e\u0441\u043e\u0431 \u043e\u0431\u0440\u0430\u0431\u043e\u0442\u043a\u0438, \u043f\u043e\u0441\u043a\u043e\u043b\u044c\u043a\u0443 \u043a\u0440\u043e\u043c\u0435 \u0445\u043e\u0440\u043e\u0448\u0435\u0439 \u0437\u0430\u0449\u0438\u0442\u044b \u0441\u043e\u0445\u0440\u0430\u043d\u044f\u0435\u0442\u0441\u044f \u0442\u0430\u043a\u0436\u0435 \u043d\u0430\u0442\u0443\u0440\u0430\u043b\u044c\u043d\u044b\u0439 \u0432\u0438\u0434 \u0438 \u043d\u0430\u0441\u0442\u043e\u044f\u0449\u0435\u0435 \u0442\u0435\u043f\u043b\u043e \u0434\u0435\u043a\u043e\u0440\u0430\u0442\u0438\u0432\u043d\u043e\u0433\u043e \u0448\u043f\u043e\u043d\u0430.<\/p>\n\n<div class=\"oi ngg-galleryoverview ngg-ajax-pagination-none\" id=\"ngg-gallery-bda241948d48f7bc5c080313c25c3ec5-7506\">\n\n\t\n\t<!-- Thumbnails -->\n\t<ul class=\"small-block-grid-1 medium-block-grid-3 large-block-grid-3 xlarge-block-grid-3 xxlarge-block-grid-4\">\n\t\t\t\t\n\t\t<li>\n\t\t      <div class=\"nextthumb aeglane bac3\" data-original=\"https:\/\/www.mooblimasin.ee\/wp-content\/gallery\/smoked-oak-robusta\/Smoked-Oak-Robusta.jpg\" style=\"background-image: url(&quot;https:\/\/www.mooblimasin.ee\/wp-content\/gallery\/smoked-oak-robusta\/Smoked-Oak-Robusta.jpg&quot;); display: block;\">\n\t\t            <a href=\"https:\/\/www.mooblimasin.ee\/wp-content\/gallery\/smoked-oak-robusta\/Smoked-Oak-Robusta.jpg\" alt=\"<p class=v2ikealt>Smoked Oak Robusta<\/p>\" title=\"\" data-src=\"https:\/\/www.mooblimasin.ee\/wp-content\/gallery\/smoked-oak-robusta\/Smoked-Oak-Robusta.jpg\" rel=\"gr1\" data-thumbnail=\"https:\/\/www.mooblimasin.ee\/wp-content\/gallery\/smoked-oak-robusta\/Smoked-Oak-Robusta.jpg\" data-title=\"Smoked Oak Robusta\" data-description=\"\" class=\"ngg-fancybox s\">\n\t\t            <\/a>\n\t\t      <\/div>\n\t\t<\/li>\n\t\t\n\t\t\t\t\n\t \t \t<\/ul>\n \t\n\t<!-- Pagination -->\n \t \t\n<\/div>\n\n<em>&nbsp;<\/em><\/p>\n<p><em>&nbsp;<\/em><\/p>\n<p>\u0414\u0435\u043c\u043e-\u0440\u0435\u0448\u0435\u043d\u0438\u0435<\/p>\n\n<div class=\"oi ngg-galleryoverview ngg-ajax-pagination-none\" id=\"ngg-gallery-2e8693e51cb378a7cea9787471b61b1c-7506\">\n\n\t\n\t<!-- Thumbnails -->\n\t<ul class=\"small-block-grid-1 medium-block-grid-3 large-block-grid-3 xlarge-block-grid-3 xxlarge-block-grid-4\">\n\t\t\t\t\n\t\t<li>\n\t\t      <div class=\"nextthumb aeglane bac3\" data-original=\"https:\/\/www.mooblimasin.ee\/wp-content\/gallery\/dekoratiivspoon-2\/koogimoobel-oak_vintage_hoboken.jpg\" style=\"background-image: url(&quot;https:\/\/www.mooblimasin.ee\/wp-content\/gallery\/dekoratiivspoon-2\/koogimoobel-oak_vintage_hoboken.jpg&quot;); display: block;\">\n\t\t            <a href=\"https:\/\/www.mooblimasin.ee\/wp-content\/gallery\/dekoratiivspoon-2\/koogimoobel-oak_vintage_hoboken.jpg\" alt=\"<p class=v2ikealt>K\u00f6\u00f6gim\u00f6\u00f6bel Oak Vintage Hoboken<\/p>\" title=\"\" data-src=\"https:\/\/www.mooblimasin.ee\/wp-content\/gallery\/dekoratiivspoon-2\/koogimoobel-oak_vintage_hoboken.jpg\" rel=\"gr1\" data-thumbnail=\"https:\/\/www.mooblimasin.ee\/wp-content\/gallery\/dekoratiivspoon-2\/koogimoobel-oak_vintage_hoboken.jpg\" data-title=\"K\u00f6\u00f6gim\u00f6\u00f6bel Oak Vintage Hoboken\" data-description=\"\" class=\"ngg-fancybox s\">\n\t\t            <\/a>\n\t\t      <\/div>\n\t\t<\/li>\n\t\t\n\t\t\t\t\n\t \t\t\t\n\t\t<li>\n\t\t      <div class=\"nextthumb aeglane bac3\" data-original=\"https:\/\/www.mooblimasin.ee\/wp-content\/gallery\/dekoratiivspoon-2\/koogimoobel-oak-vintage-harlem.jpg\" style=\"background-image: url(&quot;https:\/\/www.mooblimasin.ee\/wp-content\/gallery\/dekoratiivspoon-2\/koogimoobel-oak-vintage-harlem.jpg&quot;); display: block;\">\n\t\t            <a href=\"https:\/\/www.mooblimasin.ee\/wp-content\/gallery\/dekoratiivspoon-2\/koogimoobel-oak-vintage-harlem.jpg\" alt=\"<p class=v2ikealt>K\u00f6\u00f6gim\u00f6\u00f6bel Oak Vintage Harlem<\/p>\" title=\"\" data-src=\"https:\/\/www.mooblimasin.ee\/wp-content\/gallery\/dekoratiivspoon-2\/koogimoobel-oak-vintage-harlem.jpg\" rel=\"gr1\" data-thumbnail=\"https:\/\/www.mooblimasin.ee\/wp-content\/gallery\/dekoratiivspoon-2\/koogimoobel-oak-vintage-harlem.jpg\" data-title=\"K\u00f6\u00f6gim\u00f6\u00f6bel Oak Vintage Harlem\" data-description=\"\" class=\"ngg-fancybox s\">\n\t\t            <\/a>\n\t\t      <\/div>\n\t\t<\/li>\n\t\t\n\t\t\t\t\n\t \t \t<\/ul>\n \t\n\t<!-- Pagination -->\n \t \t\n<\/div>\n\n<em>&nbsp;<\/em><\/p>\n","protected":false},"excerpt":{"rendered":"<p>\u041f\u0435\u0440\u0435\u0434\u043d\u0438\u0435 \u043f\u0430\u043d\u0435\u043b\u0438 \u043f\u0440\u0435\u0434\u043b\u0430\u0433\u0430\u044e\u0442\u0441\u044f \u0442\u043e\u043b\u044c\u043a\u043e \u043f\u0440\u0438 \u0437\u0430\u043a\u0430\u0437\u0435 \u043a\u0443\u0445\u043e\u043d\u043d\u043e\u0439 \u043c\u0435\u0431\u0435\u043b\u0438.<br \/>\nNB! \u0424\u043e\u0442\u043e\u0433\u0440\u0430\u0444\u0438\u0438 \u043d\u043e\u0441\u044f\u0442 \u0438\u043b\u043b\u044e\u0441\u0442\u0440\u0430\u0442\u0438\u0432\u043d\u044b\u0439 \u0445\u0430\u0440\u0430\u043a\u0442\u0435\u0440, \u0431\u043e\u043b\u0435\u0435 \u0442\u043e\u0447\u043d\u044b\u0439 \u0446\u0432\u0435\u0442\u043e\u0432\u043e\u0439 \u0442\u043e\u043d \u0412\u044b \u0443\u0432\u0438\u0434\u0438\u0442\u0435 \u043d\u0430 \u0440\u0435\u0430\u043b\u044c\u043d\u044b\u0445 \u043e\u0431\u0440\u0430\u0437\u0446\u0430\u0445.<br \/>\nOAK NATURAL<br \/>\n\u041a\u043b\u044e\u0447\u0435\u0432\u043e\u0435 \u0441\u043b\u043e\u0432\u043e &#171;\u0427\u0438\u0441\u0442\u043e\u0442\u0430&#187;.<br \/>\n\u041f\u0440\u0438 \u043f\u0440\u043e\u0438\u0437\u0432\u043e\u0434\u0441\u0442\u0432\u0435 \u201cOak Natural\u201d (\u201c\u041d\u0430\u0442\u0443\u0440\u0430\u043b\u044c\u043d\u044b\u0439 \u0434\u0443\u0431\u201d) \u0438\u0441\u043f\u043e\u043b\u044c\u0437\u0443\u0435\u0442\u0441\u044f \u0442\u0449\u0430\u0442\u0435\u043b\u044c\u043d\u043e \u043e\u0442\u043e\u0431\u0440\u0430\u043d\u043d\u0430\u044f \u0434\u0440\u0435\u0432\u0435\u0441\u0438\u043d\u0430 \u0434\u0443\u0431\u0430, \u043a\u043e\u0442\u043e\u0440\u0430\u044f \u043f\u0440\u0438\u0432\u043e\u0437\u0438\u0442\u0441\u044f \u0438\u0437 \u0440\u043e\u0449 \u0432 \u0425\u043e\u0440\u0432\u0430\u0442\u0438\u0438,<\/p>\n","protected":false},"author":3,"featured_media":0,"parent":0,"menu_order":0,"comment_status":"closed","ping_status":"closed","template":"","meta":{"ngg_post_thumbnail":0,"footnotes":""},"class_list":["post-7506","page","type-page","status-publish","hentry"],"acf":[],"_links":{"self":[{"href":"https:\/\/www.mooblimasin.ee\/ru\/wp-json\/wp\/v2\/pages\/7506","targetHints":{"allow":["GET"]}}],"collection":[{"href":"https:\/\/www.mooblimasin.ee\/ru\/wp-json\/wp\/v2\/pages"}],"about":[{"href":"https:\/\/www.mooblimasin.ee\/ru\/wp-json\/wp\/v2\/types\/page"}],"author":[{"embeddable":true,"href":"https:\/\/www.mooblimasin.ee\/ru\/wp-json\/wp\/v2\/users\/3"}],"replies":[{"embeddable":true,"href":"https:\/\/www.mooblimasin.ee\/ru\/wp-json\/wp\/v2\/comments?post=7506"}],"version-history":[{"count":5,"href":"https:\/\/www.mooblimasin.ee\/ru\/wp-json\/wp\/v2\/pages\/7506\/revisions"}],"predecessor-version":[{"id":19711,"href":"https:\/\/www.mooblimasin.ee\/ru\/wp-json\/wp\/v2\/pages\/7506\/revisions\/19711"}],"wp:attachment":[{"href":"https:\/\/www.mooblimasin.ee\/ru\/wp-json\/wp\/v2\/media?parent=7506"}],"curies":[{"name":"wp","href":"https:\/\/api.w.org\/{rel}","templated":true}]}}