{"id":7235,"date":"2016-05-12T15:47:17","date_gmt":"2016-05-12T12:47:17","guid":{"rendered":"http:\/\/www.mooblimasin.ee\/ru\/?page_id=7235"},"modified":"2025-02-28T12:17:10","modified_gmt":"2025-02-28T10:17:10","slug":"nashe-video","status":"publish","type":"page","link":"https:\/\/www.mooblimasin.ee\/ru\/nashe-video\/","title":{"rendered":"\u041d\u0430\u0448\u0435 \u0432\u0438\u0434\u0435\u043e"},"content":{"rendered":"<p><iframe title=\"M\u00f6\u00f6blimasin esitleb: &quot;Vaata k\u00f6\u00f6ki&quot;\" width=\"500\" height=\"281\" src=\"https:\/\/www.youtube.com\/embed\/AQztzsscBFU?feature=oembed\" frameborder=\"0\" allow=\"accelerometer; autoplay; clipboard-write; encrypted-media; gyroscope; picture-in-picture; web-share\" referrerpolicy=\"strict-origin-when-cross-origin\" allowfullscreen><\/iframe><\/p>\n<p><iframe title=\"M\u00f6\u00f6blimasina k\u00f6\u00f6gim\u00f6\u00f6bli salong\" width=\"500\" height=\"281\" src=\"https:\/\/www.youtube.com\/embed\/4FSKheK10UU?feature=oembed\" frameborder=\"0\" allow=\"accelerometer; autoplay; clipboard-write; encrypted-media; gyroscope; picture-in-picture; web-share\" referrerpolicy=\"strict-origin-when-cross-origin\" allowfullscreen><\/iframe><\/p>\n<p><iframe title=\"M\u00f6\u00f6blimasina k\u00f6\u00f6gim\u00f6\u00f6bli tootmine protsessis\" width=\"500\" height=\"281\" src=\"https:\/\/www.youtube.com\/embed\/6gnNMJ7AHpE?feature=oembed\" frameborder=\"0\" allow=\"accelerometer; autoplay; clipboard-write; encrypted-media; gyroscope; picture-in-picture; web-share\" referrerpolicy=\"strict-origin-when-cross-origin\" allowfullscreen><\/iframe><\/p>\n<p><iframe title=\"Vaata, mida Getter enda uue k\u00f6\u00f6gi kohta r\u00e4\u00e4gib\" width=\"500\" height=\"281\" src=\"https:\/\/www.youtube.com\/embed\/9KkKMHYLeCo?feature=oembed\" frameborder=\"0\" allow=\"accelerometer; autoplay; clipboard-write; encrypted-media; gyroscope; picture-in-picture; web-share\" referrerpolicy=\"strict-origin-when-cross-origin\" allowfullscreen><\/iframe><\/p>\n<p><iframe title=\"M\u00f6\u00f6blimasina k\u00f6\u00f6k teeb iga\u00fchest gurmeekoka\" width=\"500\" height=\"281\" src=\"https:\/\/www.youtube.com\/embed\/tchDrivsz2I?feature=oembed\" frameborder=\"0\" allow=\"accelerometer; autoplay; clipboard-write; encrypted-media; gyroscope; picture-in-picture; web-share\" referrerpolicy=\"strict-origin-when-cross-origin\" allowfullscreen><\/iframe><\/p>\n<p><iframe title=\"Modernne k\u00f6\u00f6gim\u00f6\u00f6bel\" width=\"500\" height=\"281\" src=\"https:\/\/www.youtube.com\/embed\/hkZCcm_kHic?feature=oembed\" frameborder=\"0\" allow=\"accelerometer; autoplay; clipboard-write; encrypted-media; gyroscope; picture-in-picture; web-share\" referrerpolicy=\"strict-origin-when-cross-origin\" allowfullscreen><\/iframe><\/p>\n<p><iframe title=\"Klassikaline k\u00f6\u00f6gim\u00f6\u00f6bel\" width=\"500\" height=\"281\" src=\"https:\/\/www.youtube.com\/embed\/d_4uBlA3pVk?feature=oembed\" frameborder=\"0\" allow=\"accelerometer; autoplay; clipboard-write; encrypted-media; gyroscope; picture-in-picture; web-share\" referrerpolicy=\"strict-origin-when-cross-origin\" allowfullscreen><\/iframe><\/p>\n<p><iframe title=\"Sisustusmess Eurocucina 2014\" width=\"500\" height=\"281\" src=\"https:\/\/www.youtube.com\/embed\/zaZX3Kv93MM?feature=oembed\" frameborder=\"0\" allow=\"accelerometer; autoplay; clipboard-write; encrypted-media; gyroscope; picture-in-picture; web-share\" referrerpolicy=\"strict-origin-when-cross-origin\" allowfullscreen><\/iframe><\/p>\n<p><iframe title=\"K\u00f6\u00f6gim\u00f6\u00f6bel - rahuloleva kliendi tagasiside\" width=\"500\" height=\"281\" src=\"https:\/\/www.youtube.com\/embed\/oJsmfP0jBP4?feature=oembed\" frameborder=\"0\" allow=\"accelerometer; autoplay; clipboard-write; encrypted-media; gyroscope; picture-in-picture; web-share\" referrerpolicy=\"strict-origin-when-cross-origin\" allowfullscreen><\/iframe><\/p>\n","protected":false},"excerpt":{"rendered":"","protected":false},"author":3,"featured_media":0,"parent":0,"menu_order":0,"comment_status":"closed","ping_status":"closed","template":"page-kasulik.php","meta":{"ngg_post_thumbnail":0,"footnotes":""},"class_list":["post-7235","page","type-page","status-publish","hentry"],"acf":[],"_links":{"self":[{"href":"https:\/\/www.mooblimasin.ee\/ru\/wp-json\/wp\/v2\/pages\/7235","targetHints":{"allow":["GET"]}}],"collection":[{"href":"https:\/\/www.mooblimasin.ee\/ru\/wp-json\/wp\/v2\/pages"}],"about":[{"href":"https:\/\/www.mooblimasin.ee\/ru\/wp-json\/wp\/v2\/types\/page"}],"author":[{"embeddable":true,"href":"https:\/\/www.mooblimasin.ee\/ru\/wp-json\/wp\/v2\/users\/3"}],"replies":[{"embeddable":true,"href":"https:\/\/www.mooblimasin.ee\/ru\/wp-json\/wp\/v2\/comments?post=7235"}],"version-history":[{"count":3,"href":"https:\/\/www.mooblimasin.ee\/ru\/wp-json\/wp\/v2\/pages\/7235\/revisions"}],"predecessor-version":[{"id":20029,"href":"https:\/\/www.mooblimasin.ee\/ru\/wp-json\/wp\/v2\/pages\/7235\/revisions\/20029"}],"wp:attachment":[{"href":"https:\/\/www.mooblimasin.ee\/ru\/wp-json\/wp\/v2\/media?parent=7235"}],"curies":[{"name":"wp","href":"https:\/\/api.w.org\/{rel}","templated":true}]}}