{"id":5656,"date":"2014-05-29T22:21:35","date_gmt":"2014-05-29T19:21:35","guid":{"rendered":"http:\/\/www.mooblimasin.ee\/materjalide-valik-2\/"},"modified":"2016-01-27T17:10:02","modified_gmt":"2016-01-27T15:10:02","slug":"materialy","status":"publish","type":"page","link":"https:\/\/www.mooblimasin.ee\/ru\/materialy\/","title":{"rendered":"\u041c\u0410\u0422\u0415\u0420\u0418\u0410\u041b\u042b"},"content":{"rendered":"<p>Vali allpool olevast men\u00fc\u00fcst sind huvitav teema, et nende materjalide kohta t\u00e4psemalt lugeda.<\/p>\n","protected":false},"excerpt":{"rendered":"<p>Vali allpool olevast men\u00fc\u00fcst sind huvitav teema, et nende materjalide kohta t\u00e4psemalt lugeda.<\/p>\n","protected":false},"author":1,"featured_media":0,"parent":0,"menu_order":0,"comment_status":"open","ping_status":"open","template":"","meta":{"ngg_post_thumbnail":0,"footnotes":""},"class_list":["post-5656","page","type-page","status-publish","hentry"],"acf":[],"_links":{"self":[{"href":"https:\/\/www.mooblimasin.ee\/ru\/wp-json\/wp\/v2\/pages\/5656","targetHints":{"allow":["GET"]}}],"collection":[{"href":"https:\/\/www.mooblimasin.ee\/ru\/wp-json\/wp\/v2\/pages"}],"about":[{"href":"https:\/\/www.mooblimasin.ee\/ru\/wp-json\/wp\/v2\/types\/page"}],"author":[{"embeddable":true,"href":"https:\/\/www.mooblimasin.ee\/ru\/wp-json\/wp\/v2\/users\/1"}],"replies":[{"embeddable":true,"href":"https:\/\/www.mooblimasin.ee\/ru\/wp-json\/wp\/v2\/comments?post=5656"}],"version-history":[{"count":1,"href":"https:\/\/www.mooblimasin.ee\/ru\/wp-json\/wp\/v2\/pages\/5656\/revisions"}],"predecessor-version":[{"id":5657,"href":"https:\/\/www.mooblimasin.ee\/ru\/wp-json\/wp\/v2\/pages\/5656\/revisions\/5657"}],"wp:attachment":[{"href":"https:\/\/www.mooblimasin.ee\/ru\/wp-json\/wp\/v2\/media?parent=5656"}],"curies":[{"name":"wp","href":"https:\/\/api.w.org\/{rel}","templated":true}]}}