{"id":5231,"date":"2015-08-21T18:10:07","date_gmt":"2015-08-21T15:10:07","guid":{"rendered":"http:\/\/www.mooblimasin.ee\/elekter-2\/"},"modified":"2021-12-02T12:16:22","modified_gmt":"2021-12-02T10:16:22","slug":"elekter","status":"publish","type":"page","link":"https:\/\/www.mooblimasin.ee\/ru\/elekter\/","title":{"rendered":"Elekter"},"content":{"rendered":"<p><strong>Meilt on v\u00f5imalik tellida ainult eritellimusel k\u00f6\u00f6gim\u00f6\u00f6bli terviklahendusi.&nbsp;<\/strong><br \/>\n<strong>Eraldi t\u00f6\u00f6tasapindu, kapiuksi, furnituuri ja k\u00f6\u00f6gitehnikat M\u00f6\u00f6blimasin ei paku.<\/strong><\/p>\n<h2>ELEKTRILINE PR\u00dcGISAHTLI AVAJA HAILO LIBERO 3.0<\/h2>\n<ul>\n<li>H\u00e4\u00e4lk\u00e4skluse abil juhitav<\/li>\n<li>Karkassile laiusega 300-1200 mm<\/li>\n<li>Avaneb, kui puudutada kapip\u00f5hja sokli \u00fclaosas<\/li>\n<li>Dimmerdatava ja v\u00e4ljal\u00fclitusv\u00f5imalusega LED-m\u00e4rgutuli<\/li>\n<\/ul>\n<figure><p>Invalid Displayed Gallery<\/p><\/noscript><\/figure>\n<p><iframe title=\"Hailo Abfalltrennsystem Cargo Synchro mit elektr. \u00d6ffnungsunterst\u00fctzung Libero\" width=\"500\" height=\"281\" src=\"https:\/\/www.youtube.com\/embed\/tuJG1m9dzy0?feature=oembed\" frameborder=\"0\" allow=\"accelerometer; autoplay; clipboard-write; encrypted-media; gyroscope; picture-in-picture; web-share\" referrerpolicy=\"strict-origin-when-cross-origin\" allowfullscreen><\/iframe><\/p>\n<p>&nbsp;<\/p>\n<h2>PISTIKUPESA EVOLINE SQUARE80<\/h2>\n<ul>\n<li>220V + USB laadija<\/li>\n<li>Viimistlus must, valge RAL9010, harjatud hall<\/li>\n<\/ul>\n<figure><p>Invalid Displayed Gallery<\/p><\/noscript><\/figure>\n<p><iframe title=\"EVOline Square80 English\" width=\"500\" height=\"281\" src=\"https:\/\/www.youtube.com\/embed\/FmZGjux1R90?feature=oembed\" frameborder=\"0\" allow=\"accelerometer; autoplay; clipboard-write; encrypted-media; gyroscope; picture-in-picture; web-share\" referrerpolicy=\"strict-origin-when-cross-origin\" allowfullscreen><\/iframe><\/p>\n<p>&nbsp;<\/p>\n<h2>PISTIKUPESA EVOLINE FLIPTOP PUSH<\/h2>\n<ul>\n<li>3x220V v\u00f5i 4x220V<\/li>\n<li>V\u00f5imalik sulgeda koos pistikutega<\/li>\n<li>Viimistlus roostevaba teras<\/li>\n<\/ul>\n<figure><p>Invalid Displayed Gallery<\/p><\/noscript><\/figure>\n<p><iframe title=\"EVOlineStore   FlipTopPush   German\" width=\"500\" height=\"281\" src=\"https:\/\/www.youtube.com\/embed\/U_fq7nVw5Yc?feature=oembed\" frameborder=\"0\" allow=\"accelerometer; autoplay; clipboard-write; encrypted-media; gyroscope; picture-in-picture; web-share\" referrerpolicy=\"strict-origin-when-cross-origin\" allowfullscreen><\/iframe><\/p>\n<p>&nbsp;<\/p>\n<h2>PISTIKUPESA EVOLINE BACKFLIP<\/h2>\n<ul>\n<li>2x220V + USB laadija<\/li>\n<li>Sulgemisel p\u00f6\u00f6rab t\u00f6\u00f6pinna alla<\/li>\n<li>Viimistlus harjatud hall<\/li>\n<\/ul>\n<figure><p>Invalid Displayed Gallery<\/p><\/noscript><\/figure>\n<p><iframe title=\"EVOline BackFlip  English\" width=\"500\" height=\"281\" src=\"https:\/\/www.youtube.com\/embed\/bl41XJMxt20?feature=oembed\" frameborder=\"0\" allow=\"accelerometer; autoplay; clipboard-write; encrypted-media; gyroscope; picture-in-picture; web-share\" referrerpolicy=\"strict-origin-when-cross-origin\" allowfullscreen><\/iframe><\/p>\n<p>&nbsp;<\/p>\n<h2>PISTIKUPESA EVOLINE POWERPORT<\/h2>\n<ul>\n<li>V\u00f5imalik paigaldada t\u00f6\u00f6pinnale paksusega kuni 50 mm<\/li>\n<li>T\u00f6\u00f6pinna sisse l\u00fckatav koos pistikutega<\/li>\n<li>Viimistlus h\u00f5be v\u00f5i roostevaba teras<\/li>\n<\/ul>\n<figure><p>Invalid Displayed Gallery<\/p><\/noscript><\/figure>\n<p><iframe title=\"EVOline Port functie uitleg klein\" width=\"500\" height=\"281\" src=\"https:\/\/www.youtube.com\/embed\/rthOGntMGls?feature=oembed\" frameborder=\"0\" allow=\"accelerometer; autoplay; clipboard-write; encrypted-media; gyroscope; picture-in-picture; web-share\" referrerpolicy=\"strict-origin-when-cross-origin\" allowfullscreen><\/iframe><\/p>\n<p>&nbsp;<\/p>\n<h2>PISTIKUPESA BACHMANN TWIST<\/h2>\n<ul>\n<li>Kompaktne ja ilus disain<\/li>\n<li>V\u00f5imalik paigaldada sahtlite kohale<\/li>\n<li>Viimistlus must, valge, roostevaba teras<\/li>\n<\/ul>\n<figure>\n<div class=\"oi ngg-galleryoverview ngg-ajax-pagination-none\" id=\"ngg-gallery-16827-5231\">\n\n\t\n\t<!-- Thumbnails -->\n\t<ul class=\"small-block-grid-1 medium-block-grid-3 large-block-grid-3 xlarge-block-grid-3 xxlarge-block-grid-4\">\n\t\t\t\t\n\t\t<li>\n\t\t      <div class=\"nextthumb aeglane bac3\" data-original=\"https:\/\/www.mooblimasin.ee\/wp-content\/gallery\/pistikupesa-twist\/TWIST-must.jpg\" style=\"background-image: url(&quot;https:\/\/www.mooblimasin.ee\/wp-content\/gallery\/pistikupesa-twist\/TWIST-must.jpg&quot;); display: block;\">\n\t\t            <a href=\"https:\/\/www.mooblimasin.ee\/wp-content\/gallery\/pistikupesa-twist\/TWIST-must.jpg\" alt=\"<p class=v2ikealt>TWIST-must<\/p>\" title=\"\" data-src=\"https:\/\/www.mooblimasin.ee\/wp-content\/gallery\/pistikupesa-twist\/TWIST-must.jpg\" rel=\"gr1\" data-thumbnail=\"https:\/\/www.mooblimasin.ee\/wp-content\/gallery\/pistikupesa-twist\/TWIST-must.jpg\" data-title=\"TWIST-must\" data-description=\"\" class=\"ngg-fancybox s\">\n\t\t            <\/a>\n\t\t      <\/div>\n\t\t<\/li>\n\t\t\n\t\t\t\t\n\t \t\t\t\n\t\t<li>\n\t\t      <div class=\"nextthumb aeglane bac3\" data-original=\"https:\/\/www.mooblimasin.ee\/wp-content\/gallery\/pistikupesa-twist\/TWIST-valge.jpg\" style=\"background-image: url(&quot;https:\/\/www.mooblimasin.ee\/wp-content\/gallery\/pistikupesa-twist\/TWIST-valge.jpg&quot;); display: block;\">\n\t\t            <a href=\"https:\/\/www.mooblimasin.ee\/wp-content\/gallery\/pistikupesa-twist\/TWIST-valge.jpg\" alt=\"<p class=v2ikealt>TWIST-valge<\/p>\" title=\"\" data-src=\"https:\/\/www.mooblimasin.ee\/wp-content\/gallery\/pistikupesa-twist\/TWIST-valge.jpg\" rel=\"gr1\" data-thumbnail=\"https:\/\/www.mooblimasin.ee\/wp-content\/gallery\/pistikupesa-twist\/TWIST-valge.jpg\" data-title=\"TWIST-valge\" data-description=\"\" class=\"ngg-fancybox s\">\n\t\t            <\/a>\n\t\t      <\/div>\n\t\t<\/li>\n\t\t\n\t\t\t\t\n\t \t\t\t\n\t\t<li>\n\t\t      <div class=\"nextthumb aeglane bac3\" data-original=\"https:\/\/www.mooblimasin.ee\/wp-content\/gallery\/pistikupesa-twist\/twist.jpg\" style=\"background-image: url(&quot;https:\/\/www.mooblimasin.ee\/wp-content\/gallery\/pistikupesa-twist\/twist.jpg&quot;); display: block;\">\n\t\t            <a href=\"https:\/\/www.mooblimasin.ee\/wp-content\/gallery\/pistikupesa-twist\/twist.jpg\" alt=\"<p class=v2ikealt>twist<\/p>\" title=\"\" data-src=\"https:\/\/www.mooblimasin.ee\/wp-content\/gallery\/pistikupesa-twist\/twist.jpg\" rel=\"gr1\" data-thumbnail=\"https:\/\/www.mooblimasin.ee\/wp-content\/gallery\/pistikupesa-twist\/twist.jpg\" data-title=\"twist\" data-description=\"\" class=\"ngg-fancybox s\">\n\t\t            <\/a>\n\t\t      <\/div>\n\t\t<\/li>\n\t\t\n\t\t\t\t\n\t \t\t\t\n\t\t<li>\n\t\t      <div class=\"nextthumb aeglane bac3\" data-original=\"https:\/\/www.mooblimasin.ee\/wp-content\/gallery\/pistikupesa-twist\/TWIST-rst.jpg\" style=\"background-image: url(&quot;https:\/\/www.mooblimasin.ee\/wp-content\/gallery\/pistikupesa-twist\/TWIST-rst.jpg&quot;); display: block;\">\n\t\t            <a href=\"https:\/\/www.mooblimasin.ee\/wp-content\/gallery\/pistikupesa-twist\/TWIST-rst.jpg\" alt=\"<p class=v2ikealt>TWIST-rst<\/p>\" title=\"\" data-src=\"https:\/\/www.mooblimasin.ee\/wp-content\/gallery\/pistikupesa-twist\/TWIST-rst.jpg\" rel=\"gr1\" data-thumbnail=\"https:\/\/www.mooblimasin.ee\/wp-content\/gallery\/pistikupesa-twist\/TWIST-rst.jpg\" data-title=\"TWIST-rst\" data-description=\"\" class=\"ngg-fancybox s\">\n\t\t            <\/a>\n\t\t      <\/div>\n\t\t<\/li>\n\t\t\n\t\t\t\t\n\t \t\t\t\n\t\t<li>\n\t\t      <div class=\"nextthumb aeglane bac3\" data-original=\"https:\/\/www.mooblimasin.ee\/wp-content\/gallery\/pistikupesa-twist\/twist1.jpg\" style=\"background-image: url(&quot;https:\/\/www.mooblimasin.ee\/wp-content\/gallery\/pistikupesa-twist\/twist1.jpg&quot;); display: block;\">\n\t\t            <a href=\"https:\/\/www.mooblimasin.ee\/wp-content\/gallery\/pistikupesa-twist\/twist1.jpg\" alt=\"<p class=v2ikealt>twist1<\/p>\" title=\"\" data-src=\"https:\/\/www.mooblimasin.ee\/wp-content\/gallery\/pistikupesa-twist\/twist1.jpg\" rel=\"gr1\" data-thumbnail=\"https:\/\/www.mooblimasin.ee\/wp-content\/gallery\/pistikupesa-twist\/twist1.jpg\" data-title=\"twist1\" data-description=\"\" class=\"ngg-fancybox s\">\n\t\t            <\/a>\n\t\t      <\/div>\n\t\t<\/li>\n\t\t\n\t\t\t\t\n\t \t \t<\/ul>\n \t\n\t<!-- Pagination -->\n \t \t\n<\/div>\n\n<\/noscript><\/figure>\n<p><iframe title=\"BACHMANN TWIST (English)\" width=\"500\" height=\"281\" src=\"https:\/\/www.youtube.com\/embed\/Wf4rRtSdGJk?feature=oembed\" frameborder=\"0\" allow=\"accelerometer; autoplay; clipboard-write; encrypted-media; gyroscope; picture-in-picture; web-share\" referrerpolicy=\"strict-origin-when-cross-origin\" allowfullscreen><\/iframe><\/p>\n","protected":false},"excerpt":{"rendered":"<p>Meilt on v\u00f5imalik tellida ainult eritellimusel k\u00f6\u00f6gim\u00f6\u00f6bli terviklahendusi.&nbsp;<br \/>\nEraldi t\u00f6\u00f6tasapindu, kapiuksi, furnituuri ja k\u00f6\u00f6gitehnikat M\u00f6\u00f6blimasin ei paku.<br \/>\nELEKTRILINE PR\u00dcGISAHTLI AVAJA HAILO LIBERO 3.0<\/p>\n<p>H\u00e4\u00e4lk\u00e4skluse abil juhitav<br \/>\nKarkassile laiusega 300-1200 mm<br \/>\nAvaneb, kui puudutada kapip\u00f5hja sokli \u00fclaosas<br \/>\nDimmerdatava ja v\u00e4ljal\u00fclitusv\u00f5imalusega LED-m\u00e4rgutuli<\/p>\n<p>Invalid Displayed Gallery<\/p>\n<p>&nbsp;<br \/>\nPISTIKUPESA EVOLINE SQUARE80<\/p>\n<p>220V + USB<\/p>\n","protected":false},"author":3,"featured_media":0,"parent":0,"menu_order":0,"comment_status":"closed","ping_status":"open","template":"","meta":{"ngg_post_thumbnail":0,"footnotes":""},"class_list":["post-5231","page","type-page","status-publish","hentry"],"acf":[],"_links":{"self":[{"href":"https:\/\/www.mooblimasin.ee\/ru\/wp-json\/wp\/v2\/pages\/5231","targetHints":{"allow":["GET"]}}],"collection":[{"href":"https:\/\/www.mooblimasin.ee\/ru\/wp-json\/wp\/v2\/pages"}],"about":[{"href":"https:\/\/www.mooblimasin.ee\/ru\/wp-json\/wp\/v2\/types\/page"}],"author":[{"embeddable":true,"href":"https:\/\/www.mooblimasin.ee\/ru\/wp-json\/wp\/v2\/users\/3"}],"replies":[{"embeddable":true,"href":"https:\/\/www.mooblimasin.ee\/ru\/wp-json\/wp\/v2\/comments?post=5231"}],"version-history":[{"count":11,"href":"https:\/\/www.mooblimasin.ee\/ru\/wp-json\/wp\/v2\/pages\/5231\/revisions"}],"predecessor-version":[{"id":17027,"href":"https:\/\/www.mooblimasin.ee\/ru\/wp-json\/wp\/v2\/pages\/5231\/revisions\/17027"}],"wp:attachment":[{"href":"https:\/\/www.mooblimasin.ee\/ru\/wp-json\/wp\/v2\/media?parent=5231"}],"curies":[{"name":"wp","href":"https:\/\/api.w.org\/{rel}","templated":true}]}}