{"id":5050,"date":"2014-06-13T10:33:25","date_gmt":"2014-06-13T07:33:25","guid":{"rendered":"http:\/\/www.mooblimasin.ee\/presskivist-tootasapinnad-2\/"},"modified":"2020-10-26T11:07:44","modified_gmt":"2020-10-26T09:07:44","slug":"kvartsist-technistone-tootasapinnad","status":"publish","type":"page","link":"https:\/\/www.mooblimasin.ee\/ru\/kvartsist-technistone-tootasapinnad\/","title":{"rendered":"KVARTSIST TECHNISTONE T\u00d6\u00d6TASAPINNAD"},"content":{"rendered":"<figure><img decoding=\"async\" class=\"lazy alignnone\" src=\"https:\/\/www.mooblimasin.ee\/wp-content\/plugins\/jquery-image-lazy-loading\/images\/grey.gif\" data-original=\"https:\/\/www.mooblimasin.ee\/wp-content\/uploads\/2014\/06\/Technistone-Harmonia-Velasco2.jpg\" alt=\"Technistone Harmonia Velasco2\" \/><noscript><img decoding=\"async\" class=\"alignnone\" src=\"https:\/\/www.mooblimasin.ee\/wp-content\/uploads\/2014\/06\/Technistone-Harmonia-Velasco2.jpg\" alt=\"Technistone Harmonia Velasco2\" \/><\/noscript><\/figure>\n<p>Technistone tootevalikus on suur valik presskivimeid, mis koosnevad 93% ulatuses hoolikalt valitud looduslikest materjalidest, milles peamised on kvarts ja graniit.<\/p>\n<p>Technistone presskivis on \u00fchendatud elegantsus ning \u00fclim funktsionaalsus. Technistone\u00ae presskivi pinnaviimistlus on v\u00e4ga erinev \u2013 lihvitud, kiltkiviviimistlusega, matt, antiikse v\u00e4limusega ja harjatud. T\u00e4nu sellele on see \u00fcks parimaid materjale interj\u00f6\u00f6ri kujundamiseks, sest toode t\u00e4idab ka k\u00f5ige n\u00f5udlikumad soovid.<\/p>\n<p>Technistone presskivi, looduslikud materjalid graniit ja marmor on hetkel k\u00f5ige levinumad t\u00f6\u00f6tasapindadeks kasutatavad materjalid nii Eestis kui ka Euroopas. K\u00e4sit\u00f6\u00f6na valminud valamu on unikaalne ja lisab k\u00f6\u00f6ki lisav\u00e4\u00e4rtust.<\/p>\n<h2>KVARTSIST TECHNISTONE T\u00d6\u00d6TASAPINNAD<\/h2>\n<p>Technistone on erakordselt tugev, k\u00f5va ja vastupidav. T\u00e4nu mittepoorsele pinnale on materjal h\u00fcgieeniline ning sobib v\u00e4ga h\u00e4sti toidu k\u00e4itlemiseks. Sellel pinnal v\u00f5ib hakkida v\u00f5i t\u00f6\u00f6delda \u00fcksk\u00f5ik mida. Selle peal v\u00f5ib isegi liha haamerdada v\u00f5i tainast s\u00f5tkuda. Selle peal v\u00f5ib k\u00f5ndida. See on ideaalne t\u00f6\u00f6tasapind k\u00f6\u00f6gi- ja vannitoa m\u00f6\u00f6blile. Tootel on peaaegu samasugused ja kohati isegi paremad omadused kui looduskivil. Tootesarjad Translucent ja Fresh on valgust l\u00e4bilaskvad.<\/p>\n<p>T\u00f6\u00f6tasapindade max pikkus \u00fches t\u00fckis: 3000 mm, esiserv T-Profiil.<\/p>\n<p><strong>T\u00f6\u00f6pinnad on saadaval ainult koos k\u00f6\u00f6gim\u00f6\u00f6bli tellimusega.<\/strong><\/p>\n<p><span style=\"color: #474747;\">NB! Pildid on illustratiivse t\u00e4hendusega, t\u00e4pseimat tooni n\u00e4eb reaalsetelt n\u00e4idistelt.<\/span><\/p>\n<figure><p>Invalid Displayed Gallery<\/p><\/noscript><\/figure>\n","protected":false},"excerpt":{"rendered":"<p>Technistone tootevalikus on suur valik presskivimeid, mis koosnevad 93% ulatuses hoolikalt valitud looduslikest materjalidest, milles peamised on kvarts ja graniit.<br \/>\nTechnistone presskivis on \u00fchendatud elegantsus ning \u00fclim funktsionaalsus. Technistone\u00ae presskivi pinnaviimistlus on v\u00e4ga erinev \u2013 lihvitud, kiltkiviviimistlusega, matt, antiikse v\u00e4limusega ja<\/p>\n","protected":false},"author":1,"featured_media":0,"parent":0,"menu_order":0,"comment_status":"open","ping_status":"open","template":"","meta":{"ngg_post_thumbnail":0,"footnotes":""},"class_list":["post-5050","page","type-page","status-publish","hentry"],"acf":[],"_links":{"self":[{"href":"https:\/\/www.mooblimasin.ee\/ru\/wp-json\/wp\/v2\/pages\/5050","targetHints":{"allow":["GET"]}}],"collection":[{"href":"https:\/\/www.mooblimasin.ee\/ru\/wp-json\/wp\/v2\/pages"}],"about":[{"href":"https:\/\/www.mooblimasin.ee\/ru\/wp-json\/wp\/v2\/types\/page"}],"author":[{"embeddable":true,"href":"https:\/\/www.mooblimasin.ee\/ru\/wp-json\/wp\/v2\/users\/1"}],"replies":[{"embeddable":true,"href":"https:\/\/www.mooblimasin.ee\/ru\/wp-json\/wp\/v2\/comments?post=5050"}],"version-history":[{"count":15,"href":"https:\/\/www.mooblimasin.ee\/ru\/wp-json\/wp\/v2\/pages\/5050\/revisions"}],"predecessor-version":[{"id":11023,"href":"https:\/\/www.mooblimasin.ee\/ru\/wp-json\/wp\/v2\/pages\/5050\/revisions\/11023"}],"wp:attachment":[{"href":"https:\/\/www.mooblimasin.ee\/ru\/wp-json\/wp\/v2\/media?parent=5050"}],"curies":[{"name":"wp","href":"https:\/\/api.w.org\/{rel}","templated":true}]}}