{"id":7508,"date":"2016-05-27T19:14:53","date_gmt":"2016-05-27T16:14:53","guid":{"rendered":"http:\/\/www.mooblimasin.ee\/fi\/?page_id=7508"},"modified":"2024-02-01T15:02:55","modified_gmt":"2024-02-01T13:02:55","slug":"pintaviilu","status":"publish","type":"page","link":"https:\/\/www.mooblimasin.ee\/fi\/pintaviilu\/","title":{"rendered":"Pintaviilu"},"content":{"rendered":"<p><strong>Ovia ja laatikoiden etulevyj\u00e4 voi tilata vain koko keitti\u00f6t\u00e4 tilattaessa.<\/strong><\/p>\n<p>Huomaa!&nbsp;Kuvat ovat suuntaa-antavia ja tarkka v\u00e4ris\u00e4vy n\u00e4kyy mallikappaleista.<\/p>\n<h2>OAK NATURAL<\/h2>\n<p>Avainsana: aitous<\/p>\n<p>Oak Natural (luonnontammi) -viilun valmistuksessa on k\u00e4ytetty huolellisesti valittua tammea, joka on per\u00e4isin Kroatian sertifioiduista metsist\u00e4. Materiaalilla on FSC-sertifikaatti (Forest Stewardship Council eli Hyv\u00e4n mets\u00e4nhoidon neuvosto). Pintaviimeistelyksi suositellaan lakkausta tai \u00f6ljy\u00e4mist\u00e4. Puu\u00f6ljy on paras viimeistelytapa, sill\u00e4 sen antaman hyv\u00e4n suojan lis\u00e4ksi s\u00e4ilyy pintaviilun luonnollinen kauneus ja l\u00e4mp\u00f6.<\/p>\n\n<div class=\"oi ngg-galleryoverview ngg-ajax-pagination-none\" id=\"ngg-gallery-f47cdd1102030d80c93ea1ba8709343d-7508\">\n\n\t\n\t<!-- Thumbnails -->\n\t<ul class=\"small-block-grid-1 medium-block-grid-3 large-block-grid-3 xlarge-block-grid-3 xxlarge-block-grid-4\">\n\t\t\t\t\n\t\t<li>\n\t\t      <div class=\"nextthumb aeglane bac3\" data-original=\"https:\/\/www.mooblimasin.ee\/wp-content\/gallery\/oak-natural-vivace\/Oak-Natural-Vivace.jpg\" style=\"background-image: url(&quot;https:\/\/www.mooblimasin.ee\/wp-content\/gallery\/oak-natural-vivace\/Oak-Natural-Vivace.jpg&quot;); display: block;\">\n\t\t            <a href=\"https:\/\/www.mooblimasin.ee\/wp-content\/gallery\/oak-natural-vivace\/Oak-Natural-Vivace.jpg\" alt=\"<p class=v2ikealt>Oak Natural Vivace<\/p>\" title=\"\" data-src=\"https:\/\/www.mooblimasin.ee\/wp-content\/gallery\/oak-natural-vivace\/Oak-Natural-Vivace.jpg\" rel=\"gr1\" data-thumbnail=\"https:\/\/www.mooblimasin.ee\/wp-content\/gallery\/oak-natural-vivace\/Oak-Natural-Vivace.jpg\" data-title=\"Oak Natural Vivace\" data-description=\"\" class=\"ngg-fancybox s\">\n\t\t            <\/a>\n\t\t      <\/div>\n\t\t<\/li>\n\t\t\n\t\t\t\t\n\t \t \t<\/ul>\n \t\n\t<!-- Pagination -->\n \t \t\n<\/div>\n\n\n<h2>OAK VINTAGE<\/h2>\n<p>Avainsana: aitous<\/p>\n<p>Kyseisell\u00e4 pintaviilulla palautetaan pala menneisyytt\u00e4 ja annetaan kyseisille vanhoille materiaaleille uusi k\u00e4ytt\u00f6 eli uusi el\u00e4m\u00e4. Alkuper\u00e4inen materiaali on per\u00e4isin junavaunuista. Decospan kierr\u00e4tt\u00e4\u00e4 kyseisi\u00e4 materiaaleja antaen niille uuden el\u00e4m\u00e4n sisustuksessasi. Pintaviimeistelyksi suositellaan lakkausta tai \u00f6ljy\u00e4mist\u00e4. Puu\u00f6ljy on paras viimeistelytapa, sill\u00e4 sen antaman hyv\u00e4n suojan lis\u00e4ksi s\u00e4ilyy pintaviilun luonnollinen kauneus ja l\u00e4mp\u00f6.<\/p>\n\n<div class=\"oi ngg-galleryoverview ngg-ajax-pagination-none\" id=\"ngg-gallery-1678b197dd67a20440e064c583008476-7508\">\n\n\t\n\t<!-- Thumbnails -->\n\t<ul class=\"small-block-grid-1 medium-block-grid-3 large-block-grid-3 xlarge-block-grid-3 xxlarge-block-grid-4\">\n\t\t\t\t\n\t\t<li>\n\t\t      <div class=\"nextthumb aeglane bac3\" data-original=\"https:\/\/www.mooblimasin.ee\/wp-content\/gallery\/dekoratiivspoon\/Oak-Vintage-Baltimore.jpg\" style=\"background-image: url(&quot;https:\/\/www.mooblimasin.ee\/wp-content\/gallery\/dekoratiivspoon\/Oak-Vintage-Baltimore.jpg&quot;); display: block;\">\n\t\t            <a href=\"https:\/\/www.mooblimasin.ee\/wp-content\/gallery\/dekoratiivspoon\/Oak-Vintage-Baltimore.jpg\" alt=\"<p class=v2ikealt>Oak Vintage Baltimore<\/p>\" title=\"\" data-src=\"https:\/\/www.mooblimasin.ee\/wp-content\/gallery\/dekoratiivspoon\/Oak-Vintage-Baltimore.jpg\" rel=\"gr1\" data-thumbnail=\"https:\/\/www.mooblimasin.ee\/wp-content\/gallery\/dekoratiivspoon\/Oak-Vintage-Baltimore.jpg\" data-title=\"Oak Vintage Baltimore\" data-description=\"\" class=\"ngg-fancybox s\">\n\t\t            <\/a>\n\t\t      <\/div>\n\t\t<\/li>\n\t\t\n\t\t\t\t\n\t \t\t\t\n\t\t<li>\n\t\t      <div class=\"nextthumb aeglane bac3\" data-original=\"https:\/\/www.mooblimasin.ee\/wp-content\/gallery\/dekoratiivspoon\/Oak-Vintage-Harlem.jpg\" style=\"background-image: url(&quot;https:\/\/www.mooblimasin.ee\/wp-content\/gallery\/dekoratiivspoon\/Oak-Vintage-Harlem.jpg&quot;); display: block;\">\n\t\t            <a href=\"https:\/\/www.mooblimasin.ee\/wp-content\/gallery\/dekoratiivspoon\/Oak-Vintage-Harlem.jpg\" alt=\"<p class=v2ikealt>Oak Vintage Harlem<\/p>\" title=\"\" data-src=\"https:\/\/www.mooblimasin.ee\/wp-content\/gallery\/dekoratiivspoon\/Oak-Vintage-Harlem.jpg\" rel=\"gr1\" data-thumbnail=\"https:\/\/www.mooblimasin.ee\/wp-content\/gallery\/dekoratiivspoon\/Oak-Vintage-Harlem.jpg\" data-title=\"Oak Vintage Harlem\" data-description=\"\" class=\"ngg-fancybox s\">\n\t\t            <\/a>\n\t\t      <\/div>\n\t\t<\/li>\n\t\t\n\t\t\t\t\n\t \t\t\t\n\t\t<li>\n\t\t      <div class=\"nextthumb aeglane bac3\" data-original=\"https:\/\/www.mooblimasin.ee\/wp-content\/gallery\/dekoratiivspoon\/Oak-Vintage-Hoboken.jpg\" style=\"background-image: url(&quot;https:\/\/www.mooblimasin.ee\/wp-content\/gallery\/dekoratiivspoon\/Oak-Vintage-Hoboken.jpg&quot;); display: block;\">\n\t\t            <a href=\"https:\/\/www.mooblimasin.ee\/wp-content\/gallery\/dekoratiivspoon\/Oak-Vintage-Hoboken.jpg\" alt=\"<p class=v2ikealt>Oak Vintage Hoboken<\/p>\" title=\"\" data-src=\"https:\/\/www.mooblimasin.ee\/wp-content\/gallery\/dekoratiivspoon\/Oak-Vintage-Hoboken.jpg\" rel=\"gr1\" data-thumbnail=\"https:\/\/www.mooblimasin.ee\/wp-content\/gallery\/dekoratiivspoon\/Oak-Vintage-Hoboken.jpg\" data-title=\"Oak Vintage Hoboken\" data-description=\"\" class=\"ngg-fancybox s\">\n\t\t            <\/a>\n\t\t      <\/div>\n\t\t<\/li>\n\t\t\n\t\t\t\t\n\t \t \t<\/ul>\n \t\n\t<!-- Pagination -->\n \t \t\n<\/div>\n\n\n<h2>OAK SMOKED<\/h2>\n<p>Avainsana: miehisyys<\/p>\n<p>Oak Smoked Havana on massiivinen pintaviilu. Savustamalla kroatialaista tammea puun ytimeen saakka saamme \u201dmiehiselt\u00e4\u201d eli massiiviselta vaikuttavan ulkon\u00e4\u00f6n. Perinteinen savustusprosessi ja tammen ominaisuudet antavat sille kauniin ulkon\u00e4\u00f6n. Pintaviimeistelyksi suositellaan lakkausta tai \u00f6ljy\u00e4mist\u00e4. Puu\u00f6ljy on paras viimeistelytapa, sill\u00e4 sen antaman hyv\u00e4n suojan lis\u00e4ksi s\u00e4ilyy pintaviilun luonnollinen kauneus ja l\u00e4mp\u00f6.<\/p>\n\n<div class=\"oi ngg-galleryoverview ngg-ajax-pagination-none\" id=\"ngg-gallery-bda241948d48f7bc5c080313c25c3ec5-7508\">\n\n\t\n\t<!-- Thumbnails -->\n\t<ul class=\"small-block-grid-1 medium-block-grid-3 large-block-grid-3 xlarge-block-grid-3 xxlarge-block-grid-4\">\n\t\t\t\t\n\t\t<li>\n\t\t      <div class=\"nextthumb aeglane bac3\" data-original=\"https:\/\/www.mooblimasin.ee\/wp-content\/gallery\/smoked-oak-robusta\/Smoked-Oak-Robusta.jpg\" style=\"background-image: url(&quot;https:\/\/www.mooblimasin.ee\/wp-content\/gallery\/smoked-oak-robusta\/Smoked-Oak-Robusta.jpg&quot;); display: block;\">\n\t\t            <a href=\"https:\/\/www.mooblimasin.ee\/wp-content\/gallery\/smoked-oak-robusta\/Smoked-Oak-Robusta.jpg\" alt=\"<p class=v2ikealt>Smoked Oak Robusta<\/p>\" title=\"\" data-src=\"https:\/\/www.mooblimasin.ee\/wp-content\/gallery\/smoked-oak-robusta\/Smoked-Oak-Robusta.jpg\" rel=\"gr1\" data-thumbnail=\"https:\/\/www.mooblimasin.ee\/wp-content\/gallery\/smoked-oak-robusta\/Smoked-Oak-Robusta.jpg\" data-title=\"Smoked Oak Robusta\" data-description=\"\" class=\"ngg-fancybox s\">\n\t\t            <\/a>\n\t\t      <\/div>\n\t\t<\/li>\n\t\t\n\t\t\t\t\n\t \t \t<\/ul>\n \t\n\t<!-- Pagination -->\n \t \t\n<\/div>\n\n\n<p>Esimerrki<\/p>\n\n<div class=\"oi ngg-galleryoverview ngg-ajax-pagination-none\" id=\"ngg-gallery-2e8693e51cb378a7cea9787471b61b1c-7508\">\n\n\t\n\t<!-- Thumbnails -->\n\t<ul class=\"small-block-grid-1 medium-block-grid-3 large-block-grid-3 xlarge-block-grid-3 xxlarge-block-grid-4\">\n\t\t\t\t\n\t\t<li>\n\t\t      <div class=\"nextthumb aeglane bac3\" data-original=\"https:\/\/www.mooblimasin.ee\/wp-content\/gallery\/dekoratiivspoon-2\/koogimoobel-oak_vintage_hoboken.jpg\" style=\"background-image: url(&quot;https:\/\/www.mooblimasin.ee\/wp-content\/gallery\/dekoratiivspoon-2\/koogimoobel-oak_vintage_hoboken.jpg&quot;); display: block;\">\n\t\t            <a href=\"https:\/\/www.mooblimasin.ee\/wp-content\/gallery\/dekoratiivspoon-2\/koogimoobel-oak_vintage_hoboken.jpg\" alt=\"<p class=v2ikealt>K\u00f6\u00f6gim\u00f6\u00f6bel Oak Vintage Hoboken<\/p>\" title=\"\" data-src=\"https:\/\/www.mooblimasin.ee\/wp-content\/gallery\/dekoratiivspoon-2\/koogimoobel-oak_vintage_hoboken.jpg\" rel=\"gr1\" data-thumbnail=\"https:\/\/www.mooblimasin.ee\/wp-content\/gallery\/dekoratiivspoon-2\/koogimoobel-oak_vintage_hoboken.jpg\" data-title=\"K\u00f6\u00f6gim\u00f6\u00f6bel Oak Vintage Hoboken\" data-description=\"\" class=\"ngg-fancybox s\">\n\t\t            <\/a>\n\t\t      <\/div>\n\t\t<\/li>\n\t\t\n\t\t\t\t\n\t \t\t\t\n\t\t<li>\n\t\t      <div class=\"nextthumb aeglane bac3\" data-original=\"https:\/\/www.mooblimasin.ee\/wp-content\/gallery\/dekoratiivspoon-2\/koogimoobel-oak-vintage-harlem.jpg\" style=\"background-image: url(&quot;https:\/\/www.mooblimasin.ee\/wp-content\/gallery\/dekoratiivspoon-2\/koogimoobel-oak-vintage-harlem.jpg&quot;); display: block;\">\n\t\t            <a href=\"https:\/\/www.mooblimasin.ee\/wp-content\/gallery\/dekoratiivspoon-2\/koogimoobel-oak-vintage-harlem.jpg\" alt=\"<p class=v2ikealt>K\u00f6\u00f6gim\u00f6\u00f6bel Oak Vintage Harlem<\/p>\" title=\"\" data-src=\"https:\/\/www.mooblimasin.ee\/wp-content\/gallery\/dekoratiivspoon-2\/koogimoobel-oak-vintage-harlem.jpg\" rel=\"gr1\" data-thumbnail=\"https:\/\/www.mooblimasin.ee\/wp-content\/gallery\/dekoratiivspoon-2\/koogimoobel-oak-vintage-harlem.jpg\" data-title=\"K\u00f6\u00f6gim\u00f6\u00f6bel Oak Vintage Harlem\" data-description=\"\" class=\"ngg-fancybox s\">\n\t\t            <\/a>\n\t\t      <\/div>\n\t\t<\/li>\n\t\t\n\t\t\t\t\n\t \t \t<\/ul>\n \t\n\t<!-- Pagination -->\n \t \t\n<\/div>\n\n\n","protected":false},"excerpt":{"rendered":"<p>Ovia ja laatikoiden etulevyj\u00e4 voi tilata vain koko keitti\u00f6t\u00e4 tilattaessa.<br \/>\nHuomaa!&nbsp;Kuvat ovat suuntaa-antavia ja tarkka v\u00e4ris\u00e4vy n\u00e4kyy mallikappaleista.<br \/>\nOAK NATURAL<br \/>\nAvainsana: aitous<br \/>\nOak Natural (luonnontammi) -viilun valmistuksessa on k\u00e4ytetty huolellisesti valittua tammea, joka on per\u00e4isin Kroatian sertifioiduista metsist\u00e4. Materiaalilla on FSC-sertifikaatti (Forest Stewardship Council<\/p>\n","protected":false},"author":3,"featured_media":0,"parent":0,"menu_order":0,"comment_status":"closed","ping_status":"closed","template":"","meta":{"ngg_post_thumbnail":0,"footnotes":""},"class_list":["post-7508","page","type-page","status-publish","hentry"],"acf":[],"_links":{"self":[{"href":"https:\/\/www.mooblimasin.ee\/fi\/wp-json\/wp\/v2\/pages\/7508","targetHints":{"allow":["GET"]}}],"collection":[{"href":"https:\/\/www.mooblimasin.ee\/fi\/wp-json\/wp\/v2\/pages"}],"about":[{"href":"https:\/\/www.mooblimasin.ee\/fi\/wp-json\/wp\/v2\/types\/page"}],"author":[{"embeddable":true,"href":"https:\/\/www.mooblimasin.ee\/fi\/wp-json\/wp\/v2\/users\/3"}],"replies":[{"embeddable":true,"href":"https:\/\/www.mooblimasin.ee\/fi\/wp-json\/wp\/v2\/comments?post=7508"}],"version-history":[{"count":4,"href":"https:\/\/www.mooblimasin.ee\/fi\/wp-json\/wp\/v2\/pages\/7508\/revisions"}],"predecessor-version":[{"id":19710,"href":"https:\/\/www.mooblimasin.ee\/fi\/wp-json\/wp\/v2\/pages\/7508\/revisions\/19710"}],"wp:attachment":[{"href":"https:\/\/www.mooblimasin.ee\/fi\/wp-json\/wp\/v2\/media?parent=7508"}],"curies":[{"name":"wp","href":"https:\/\/api.w.org\/{rel}","templated":true}]}}