{"id":5395,"date":"2014-05-29T22:21:34","date_gmt":"2014-05-29T19:21:34","guid":{"rendered":"http:\/\/www.mooblimasin.ee\/kontakt-2\/"},"modified":"2024-09-17T20:23:32","modified_gmt":"2024-09-17T17:23:32","slug":"yhteystiedot","status":"publish","type":"page","link":"https:\/\/www.mooblimasin.ee\/fi\/yhteystiedot\/","title":{"rendered":"YHTEYSTIEDOT"},"content":{"rendered":"<p>Mallikeitti\u00f6ihin ja materiaaleihin voi tutustua Tallinnassa osoitteessa Rukki tee 2, Rae vald, Harjumaa (B08).<\/p>\n<div class=\"large-12 columns klarge\">\n                        <div class=\"vahendus\">\n                            <div class=\"kohtumine\">\n                                <span>Pyyd\u00e4mme varaamaan esittelyn edelt\u00e4v\u00e4sti<\/span>\n                            <\/div>\n                        <\/div>\n                    <\/div>\n<p>Ajan varaamiseksi ota yhteytt\u00e4 designerin kanssa.<\/p>\n<p>Teemme tarjouksen ainoastaan henkil\u00f6kohtaisen tapaamisen j\u00e4lkeen.<br \/>\nMeid\u00e4n myym\u00e4l\u00e4ss\u00e4 voitte valita sopivat materiaalit ja voimme ottaa teilt\u00e4 tarkat mitat.<iframe src=\"https:\/\/www.youtube.com\/embed\/4FSKheK10UU\" width=\"100%\" height=\"500\" frameborder=\"0\" allowfullscreen=\"allowfullscreen\"><\/iframe><\/p>\n","protected":false},"excerpt":{"rendered":"<p>Mallikeitti\u00f6ihin ja materiaaleihin voi tutustua Tallinnassa osoitteessa Rukki tee 2, Rae vald, Harjumaa (B08).<\/p>\n","protected":false},"author":1,"featured_media":0,"parent":0,"menu_order":0,"comment_status":"open","ping_status":"closed","template":"page-kontakt.php","meta":{"ngg_post_thumbnail":0,"footnotes":""},"class_list":["post-5395","page","type-page","status-publish","hentry"],"acf":[],"_links":{"self":[{"href":"https:\/\/www.mooblimasin.ee\/fi\/wp-json\/wp\/v2\/pages\/5395","targetHints":{"allow":["GET"]}}],"collection":[{"href":"https:\/\/www.mooblimasin.ee\/fi\/wp-json\/wp\/v2\/pages"}],"about":[{"href":"https:\/\/www.mooblimasin.ee\/fi\/wp-json\/wp\/v2\/types\/page"}],"author":[{"embeddable":true,"href":"https:\/\/www.mooblimasin.ee\/fi\/wp-json\/wp\/v2\/users\/1"}],"replies":[{"embeddable":true,"href":"https:\/\/www.mooblimasin.ee\/fi\/wp-json\/wp\/v2\/comments?post=5395"}],"version-history":[{"count":37,"href":"https:\/\/www.mooblimasin.ee\/fi\/wp-json\/wp\/v2\/pages\/5395\/revisions"}],"predecessor-version":[{"id":19919,"href":"https:\/\/www.mooblimasin.ee\/fi\/wp-json\/wp\/v2\/pages\/5395\/revisions\/19919"}],"wp:attachment":[{"href":"https:\/\/www.mooblimasin.ee\/fi\/wp-json\/wp\/v2\/media?parent=5395"}],"curies":[{"name":"wp","href":"https:\/\/api.w.org\/{rel}","templated":true}]}}