{"id":5389,"date":"2014-06-13T10:42:22","date_gmt":"2014-06-13T07:42:22","guid":{"rendered":"http:\/\/www.mooblimasin.ee\/taispuit-raam-esipaneelid-2\/"},"modified":"2016-01-25T09:41:50","modified_gmt":"2016-01-25T07:41:50","slug":"massiivipuukehyksiset-ovet","status":"publish","type":"page","link":"https:\/\/www.mooblimasin.ee\/fi\/massiivipuukehyksiset-ovet\/","title":{"rendered":"MASSIIVIPUUKEHYKSISET OVET"},"content":{"rendered":"<p>Massiivipuiset ovien ja laatikoiden etulevyjen kehykset valmistetaan samaan tapaan kuin massiivipuiset ovetkin, mutta sis\u00e4osissa k\u00e4ytet\u00e4\u00e4n viilutettua levy\u00e4. T\u00e4llaiset ovet ovat miltei samassa hintaluokassa massiivipuisten ovien kanssa.<\/p>\n<p>Massiivipuiset ovet tehd\u00e4\u00e4n liimaamalla korkeintaan noin 50 mm leve\u00e4st\u00e4 h\u00f6yl\u00e4tyst\u00e4 puulistasta.\u00a0Liimaaminen v\u00e4hent\u00e4\u00e4 merkitt\u00e4v\u00e4sti levyyn muodostuvaa j\u00e4nnitett\u00e4 ja siten my\u00f6s oven mahdollista v\u00e4\u00e4ntymist\u00e4.<\/p>\n<p>Kaikki massiivipuukehyksill\u00e4 varustetut laatikoiden etulevyt valmistetaan kehyksill\u00e4 varustetusta ovilevyst\u00e4.<\/p>\n<p>Suosituimmat puulajit ovat tammi ja saarni. Lis\u00e4ksi saatavissa ovat my\u00f6s p\u00e4hkin\u00e4puu, koivu ja py\u00f6kki.<\/p>\n<p>Pinta voidaan viimeistell\u00e4 peitsaamalla, lakkaamalla tai maalamalla puolimatalla maalilla.<\/p>\n<p><strong style=\"color: #474747;\">Ovia ja laatikoiden etulevyj\u00e4 voi tilata vain koko keitti\u00f6t\u00e4 tilattaessa.<\/strong><\/p>\n<p><span style=\"color: #222222;\">Huomaa!\u00a0Kuvat ovat suuntaa-antavia ja tarkka v\u00e4ris\u00e4vy n\u00e4kyy mallikappaleista<\/span><span style=\"color: #222222; line-height: 1.5;\">.<\/span><\/p>\n<figure><p>Invalid Displayed Gallery<\/p><\/noscript><\/figure>\n<p>&nbsp;<\/p>\n<p>Sopivan peitsin voi valita seuraavien s\u00e4vyjen joukosta. S\u00e4vyn\u00e4ytteet on tehty tammiviiluun.<\/p>\n<p><strong>Huomaa! S\u00e4vyt ovat suuntaa antava, tarjoaa tarkimman s\u00e4vy oikeilta n\u00e4ytteist\u00e4.<\/strong><\/p>\n<figure><p>Invalid Displayed Gallery<\/p><\/noscript><\/figure>\n","protected":false},"excerpt":{"rendered":"<p>Massiivipuiset ovien ja laatikoiden etulevyjen kehykset valmistetaan samaan tapaan kuin massiivipuiset ovetkin, mutta sis\u00e4osissa k\u00e4ytet\u00e4\u00e4n viilutettua levy\u00e4. T\u00e4llaiset ovet ovat miltei samassa hintaluokassa massiivipuisten ovien kanssa.<br \/>\nMassiivipuiset ovet tehd\u00e4\u00e4n liimaamalla korkeintaan noin 50 mm leve\u00e4st\u00e4 h\u00f6yl\u00e4tyst\u00e4 puulistasta.\u00a0Liimaaminen v\u00e4hent\u00e4\u00e4 merkitt\u00e4v\u00e4sti levyyn muodostuvaa<\/p>\n","protected":false},"author":1,"featured_media":0,"parent":0,"menu_order":0,"comment_status":"open","ping_status":"open","template":"","meta":{"ngg_post_thumbnail":0,"footnotes":""},"class_list":["post-5389","page","type-page","status-publish","hentry"],"acf":[],"_links":{"self":[{"href":"https:\/\/www.mooblimasin.ee\/fi\/wp-json\/wp\/v2\/pages\/5389","targetHints":{"allow":["GET"]}}],"collection":[{"href":"https:\/\/www.mooblimasin.ee\/fi\/wp-json\/wp\/v2\/pages"}],"about":[{"href":"https:\/\/www.mooblimasin.ee\/fi\/wp-json\/wp\/v2\/types\/page"}],"author":[{"embeddable":true,"href":"https:\/\/www.mooblimasin.ee\/fi\/wp-json\/wp\/v2\/users\/1"}],"replies":[{"embeddable":true,"href":"https:\/\/www.mooblimasin.ee\/fi\/wp-json\/wp\/v2\/comments?post=5389"}],"version-history":[{"count":2,"href":"https:\/\/www.mooblimasin.ee\/fi\/wp-json\/wp\/v2\/pages\/5389\/revisions"}],"predecessor-version":[{"id":5392,"href":"https:\/\/www.mooblimasin.ee\/fi\/wp-json\/wp\/v2\/pages\/5389\/revisions\/5392"}],"wp:attachment":[{"href":"https:\/\/www.mooblimasin.ee\/fi\/wp-json\/wp\/v2\/media?parent=5389"}],"curies":[{"name":"wp","href":"https:\/\/api.w.org\/{rel}","templated":true}]}}