{"id":5382,"date":"2015-06-02T16:20:03","date_gmt":"2015-06-02T13:20:03","guid":{"rendered":"http:\/\/www.mooblimasin.ee\/tarvikud-2\/"},"modified":"2022-02-08T10:19:41","modified_gmt":"2022-02-08T08:19:41","slug":"tarvikud","status":"publish","type":"page","link":"https:\/\/www.mooblimasin.ee\/fi\/tarvikud\/","title":{"rendered":"Tarvikud"},"content":{"rendered":"<p><strong>Meilt on v\u00f5imalik tellida ainult eritellimusel k\u00f6\u00f6gim\u00f6\u00f6bli terviklahendusi.&nbsp;<\/strong><br \/>\n<strong>Eraldi t\u00f6\u00f6tasapindu, kapiuksi, furnituuri ja k\u00f6\u00f6gitehnikat M\u00f6\u00f6blimasin ei paku.<\/strong><\/p>\n<p>NB! Pildid on illustratiivse t\u00e4hendusega, tegelikkuses v\u00f5ivad toodete v\u00e4ljan\u00e4gemine ja v\u00e4rvitoonid m\u00f5nev\u00f5rra erineda.<\/p>\n<p>Standardina pakume k\u00f6\u00f6gim\u00f6\u00f6blile hallist plastikust kahvlite-nugade jaotusresti.<\/p>\n<h2>Kahvlite-nugade jaotusrest plast<\/h2>\n<ul>\n<li>Laiuste vahemik 300-900 mm<\/li>\n<li>Materjal hall plast<\/li>\n<\/ul>\n<figure><p>Invalid Displayed Gallery<\/p><\/noscript><\/figure>\n<h2>Kahvlite-nugade jaotusrest puit<\/h2>\n<ul>\n<li>Laiuste vahemik 400-1000 mm<\/li>\n<li>Materjal t\u00e4ispuit p\u00f6\u00f6k v\u00f5i tamm<\/li>\n<\/ul>\n<figure><p>Invalid Displayed Gallery<\/p><\/noscript><\/figure>\n<h2>Maitseainete riiul-alus puit<\/h2>\n<ul>\n<li>Karkassile laiusega 400 mm, 500 mm ja 600 mm<\/li>\n<li>Materjal t\u00e4ispuit tamm, lakitud<\/li>\n<\/ul>\n<figure><p>Invalid Displayed Gallery<\/p><\/noscript><\/figure>\n<h2>Perforeeritud sahtlip\u00f5hi taldrikutele<\/h2>\n<ul>\n<li>Laiused 600 mm ja 900 mm<\/li>\n<li>Materjal t\u00e4ispuit p\u00f6\u00f6k v\u00f5i tamm<\/li>\n<li>Jaotuspulgad puidust (ei sisaldu kmpl)<\/li>\n<\/ul>\n<figure><p>Invalid Displayed Gallery<\/p><\/noscript><\/figure>\n<h2>Sahtlip\u00f5hja matt<\/h2>\n<ul>\n<li>Laius vastavalt sahtli laiusele<\/li>\n<li>Materjal kumm<\/li>\n<li>V\u00e4rvus hall v\u00f5i valge<\/li>\n<\/ul>\n<figure><p>Invalid Displayed Gallery<\/p><\/noscript><\/figure>\n<h2>V\u00c4LJAT\u00d5MMATAV MEHHANISM TOP FLEX<\/h2>\n<ul>\n<li>Karkassile laiusega 450-900 mm<\/li>\n<li>Kandev\u00f5ime 30 kg<\/li>\n<li>Sobilik lisat\u00f6\u00f6pinna v\u00f5i l\u00f5ikelaua tekitamiseks<\/li>\n<\/ul>\n<figure><p>Invalid Displayed Gallery<\/p><\/noscript><\/figure>\n<h2>V\u00c4LJAT\u00d5MMATAV SAHTEL-MEHHANISM PULL-OUT<\/h2>\n<ul>\n<li>2-osaline<\/li>\n<li>Karkassile laiusega 600 mm<\/li>\n<li>Kandev\u00f5ime 20 kg<\/li>\n<li>Sobilik lisat\u00f6\u00f6pinna v\u00f5i l\u00f5ikelaua tekitamiseks<\/li>\n<\/ul>\n<figure><p>Invalid Displayed Gallery<\/p><\/noscript><\/figure>\n<h2>TOLMUIMEJA SWEEPOVAC SLIMLINE<\/h2>\n<ul>\n<li>Sobilik soklile k\u00f5rgusega min 100 mm<\/li>\n<li>1x korduvkasutatav tolmukott<\/li>\n<li>3x paberist tolmukott<\/li>\n<li>1x HEPA filter<\/li>\n<li>V\u00f5imalus tellida lisaks voolik<\/li>\n<\/ul>\n<figure><p>Invalid Displayed Gallery<\/p><\/noscript><\/figure>\n<p>https:\/\/www.youtube.com\/watch?v=ApS2OQpyt_8<\/p>\n<p>&nbsp;<\/p>\n<h2>N\u00d5UDERESTI KOMPLEKT INOXMATIC<\/h2>\n<ul>\n<li>Komplektis 1 klaasirest, 1 taldrikurest, 1 alusvann<\/li>\n<li>Materjal: roostevaba teras<\/li>\n<li>Karkassile laiusega 400-1000 mm<\/li>\n<\/ul>\n<figure><p>Invalid Displayed Gallery<\/p><\/noscript><\/figure>\n<h2>RIIULIMOODUL SMARTFRAME<\/h2>\n<ul>\n<li>K\u00f5rgused: 580 mm ja 780 mm<\/li>\n<li>Raamide s\u00fcgavus: 250 mm<\/li>\n<li>Max raamide vahekaugus: 700 mm<\/li>\n<li>Materjal: 18&#215;18 mm alumiiniumraam, v\u00e4rvitud must<\/li>\n<li>Riiuliplaadid eraldi lisaks<\/li>\n<\/ul>\n<figure><p>Invalid Displayed Gallery<\/p><\/noscript><\/figure>\n<h2>SUUR LEIVAKAST<\/h2>\n<ul>\n<li>M\u00f5\u00f5dud: 390x290x180 mm<\/li>\n<li>Materjal: p\u00f6\u00f6k, viimistlus lakk<\/li>\n<li>HIND 21.90 \u20ac<\/li>\n<\/ul>\n<figure><p>Invalid Displayed Gallery<\/p><\/noscript><\/figure>\n<h2>L\u00d5IKELAUDADE KOMPLEKT<\/h2>\n<ul>\n<li class=\"\">V\u00e4ike 280x300x20 mm<\/li>\n<li class=\"\">Keskmine 340x300x20 mm<\/li>\n<li class=\"\">Suur 450x300x20 mm<\/li>\n<li class=\"\">Materjal: p\u00f6\u00f6k, viimistlus \u00f5li<\/li>\n<li class=\"\">HIND 24.90 \u20ac (3 tk)<\/li>\n<\/ul>\n<figure>\n<div class=\"oi ngg-galleryoverview ngg-ajax-pagination-none\" id=\"ngg-gallery-17514-5382\">\n\n\t\n\t<!-- Thumbnails -->\n\t<ul class=\"small-block-grid-1 medium-block-grid-3 large-block-grid-3 xlarge-block-grid-3 xxlarge-block-grid-4\">\n\t\t\t\t\n\t\t<li>\n\t\t      <div class=\"nextthumb aeglane bac3\" data-original=\"https:\/\/www.mooblimasin.ee\/wp-content\/gallery\/loikelaudade-komplekt\/Loikelauad-pook.jpg\" style=\"background-image: url(&quot;https:\/\/www.mooblimasin.ee\/wp-content\/gallery\/loikelaudade-komplekt\/Loikelauad-pook.jpg&quot;); display: block;\">\n\t\t            <a href=\"https:\/\/www.mooblimasin.ee\/wp-content\/gallery\/loikelaudade-komplekt\/Loikelauad-pook.jpg\" alt=\"<p class=v2ikealt>L\u00f5ikelauad p\u00f6\u00f6k<\/p>\" title=\"\" data-src=\"https:\/\/www.mooblimasin.ee\/wp-content\/gallery\/loikelaudade-komplekt\/Loikelauad-pook.jpg\" rel=\"gr1\" data-thumbnail=\"https:\/\/www.mooblimasin.ee\/wp-content\/gallery\/loikelaudade-komplekt\/Loikelauad-pook.jpg\" data-title=\"L\u00f5ikelauad p\u00f6\u00f6k\" data-description=\"\" class=\"ngg-fancybox s\">\n\t\t            <\/a>\n\t\t      <\/div>\n\t\t<\/li>\n\t\t\n\t\t\t\t\n\t \t\t\t\n\t\t<li>\n\t\t      <div class=\"nextthumb aeglane bac3\" data-original=\"https:\/\/www.mooblimasin.ee\/wp-content\/gallery\/loikelaudade-komplekt\/Loikelauad-pook1.jpg\" style=\"background-image: url(&quot;https:\/\/www.mooblimasin.ee\/wp-content\/gallery\/loikelaudade-komplekt\/Loikelauad-pook1.jpg&quot;); display: block;\">\n\t\t            <a href=\"https:\/\/www.mooblimasin.ee\/wp-content\/gallery\/loikelaudade-komplekt\/Loikelauad-pook1.jpg\" alt=\"<p class=v2ikealt>L\u00f5ikelauad p\u00f6\u00f6k1<\/p>\" title=\"\" data-src=\"https:\/\/www.mooblimasin.ee\/wp-content\/gallery\/loikelaudade-komplekt\/Loikelauad-pook1.jpg\" rel=\"gr1\" data-thumbnail=\"https:\/\/www.mooblimasin.ee\/wp-content\/gallery\/loikelaudade-komplekt\/Loikelauad-pook1.jpg\" data-title=\"L\u00f5ikelauad p\u00f6\u00f6k1\" data-description=\"\" class=\"ngg-fancybox s\">\n\t\t            <\/a>\n\t\t      <\/div>\n\t\t<\/li>\n\t\t\n\t\t\t\t\n\t \t\t\t\n\t\t<li>\n\t\t      <div class=\"nextthumb aeglane bac3\" data-original=\"https:\/\/www.mooblimasin.ee\/wp-content\/gallery\/loikelaudade-komplekt\/Loikelauad_pook2.jpg\" style=\"background-image: url(&quot;https:\/\/www.mooblimasin.ee\/wp-content\/gallery\/loikelaudade-komplekt\/Loikelauad_pook2.jpg&quot;); display: block;\">\n\t\t            <a href=\"https:\/\/www.mooblimasin.ee\/wp-content\/gallery\/loikelaudade-komplekt\/Loikelauad_pook2.jpg\" alt=\"<p class=v2ikealt>L\u00f5ikelauad p\u00f6\u00f6k2<\/p>\" title=\"\" data-src=\"https:\/\/www.mooblimasin.ee\/wp-content\/gallery\/loikelaudade-komplekt\/Loikelauad_pook2.jpg\" rel=\"gr1\" data-thumbnail=\"https:\/\/www.mooblimasin.ee\/wp-content\/gallery\/loikelaudade-komplekt\/Loikelauad_pook2.jpg\" data-title=\"L\u00f5ikelauad p\u00f6\u00f6k2\" data-description=\"\" class=\"ngg-fancybox s\">\n\t\t            <\/a>\n\t\t      <\/div>\n\t\t<\/li>\n\t\t\n\t\t\t\t\n\t \t \t<\/ul>\n \t\n\t<!-- Pagination -->\n \t \t\n<\/div>\n\n<\/noscript><\/figure>\n","protected":false},"excerpt":{"rendered":"<p>Meilt on v\u00f5imalik tellida ainult eritellimusel k\u00f6\u00f6gim\u00f6\u00f6bli terviklahendusi.&nbsp;<br \/>\nEraldi t\u00f6\u00f6tasapindu, kapiuksi, furnituuri ja k\u00f6\u00f6gitehnikat M\u00f6\u00f6blimasin ei paku.<br \/>\nNB! Pildid on illustratiivse t\u00e4hendusega, tegelikkuses v\u00f5ivad toodete v\u00e4ljan\u00e4gemine ja v\u00e4rvitoonid m\u00f5nev\u00f5rra erineda.<br \/>\nStandardina pakume k\u00f6\u00f6gim\u00f6\u00f6blile hallist plastikust kahvlite-nugade jaotusresti.<br \/>\nKahvlite-nugade jaotusrest plast<\/p>\n<p>Laiuste vahemik 300-900 mm<br \/>\nMaterjal hall<\/p>\n","protected":false},"author":3,"featured_media":0,"parent":0,"menu_order":0,"comment_status":"closed","ping_status":"open","template":"","meta":{"ngg_post_thumbnail":0,"footnotes":""},"class_list":["post-5382","page","type-page","status-publish","hentry"],"acf":[],"_links":{"self":[{"href":"https:\/\/www.mooblimasin.ee\/fi\/wp-json\/wp\/v2\/pages\/5382","targetHints":{"allow":["GET"]}}],"collection":[{"href":"https:\/\/www.mooblimasin.ee\/fi\/wp-json\/wp\/v2\/pages"}],"about":[{"href":"https:\/\/www.mooblimasin.ee\/fi\/wp-json\/wp\/v2\/types\/page"}],"author":[{"embeddable":true,"href":"https:\/\/www.mooblimasin.ee\/fi\/wp-json\/wp\/v2\/users\/3"}],"replies":[{"embeddable":true,"href":"https:\/\/www.mooblimasin.ee\/fi\/wp-json\/wp\/v2\/comments?post=5382"}],"version-history":[{"count":25,"href":"https:\/\/www.mooblimasin.ee\/fi\/wp-json\/wp\/v2\/pages\/5382\/revisions"}],"predecessor-version":[{"id":18204,"href":"https:\/\/www.mooblimasin.ee\/fi\/wp-json\/wp\/v2\/pages\/5382\/revisions\/18204"}],"wp:attachment":[{"href":"https:\/\/www.mooblimasin.ee\/fi\/wp-json\/wp\/v2\/media?parent=5382"}],"curies":[{"name":"wp","href":"https:\/\/api.w.org\/{rel}","templated":true}]}}