{"id":5376,"date":"2014-06-13T12:01:51","date_gmt":"2014-06-13T09:01:51","guid":{"rendered":"http:\/\/www.mooblimasin.ee\/segistid-2\/"},"modified":"2022-06-29T10:41:28","modified_gmt":"2022-06-29T07:41:28","slug":"segistid","status":"publish","type":"page","link":"https:\/\/www.mooblimasin.ee\/fi\/segistid\/","title":{"rendered":"Segistid"},"content":{"rendered":"<figure><img decoding=\"async\" class=\"lazy alignleft\" src=\"https:\/\/www.mooblimasin.ee\/wp-content\/plugins\/jquery-image-lazy-loading\/images\/grey.gif\" data-original=\"https:\/\/www.mooblimasin.ee\/wp-content\/uploads\/2014\/06\/kvaliteetsed-segistid.jpg\" alt=\"kvaliteetsed segistid\" width=\"100%\"><noscript><img decoding=\"async\" class=\"alignleft\" src=\"https:\/\/www.mooblimasin.ee\/wp-content\/uploads\/2014\/06\/kvaliteetsed-segistid.jpg\" alt=\"kvaliteetsed segistid\" width=\"100%\"><\/noscript><\/figure>\n<p>Kuna hindame k\u00f5rgelt kvaliteeti, oleme teinud otsuse pakkuda meie toodetavate k\u00f6\u00f6kide juurde maailma juhtivate tootjate Franke, Blanco ja Schock valamuid ning segisteid.<\/p>\n<p>Sobiva valiku Franke toodete hulgast saate teha <a href=\"www.elux.ee\" target=\"_blank\" rel=\"noopener\">www.elux.ee<\/a><br \/>\nBlanco valamud ja segistid <a href=\"www.eero.ee%20\" target=\"_blank\" rel=\"noopener\">www.eero.ee <\/a><br \/>\nSchock valamud ja segistid <a href=\"http:\/\/www.mooblifurnituur.ee\/et\/products\/42\/138\" target=\"_blank\" rel=\"noopener\">http:\/\/www.mooblifurnituur.ee\/et\/products\/42\/138<\/a><\/p>\n<p>Vali sobiv <strong>Franke segisti<\/strong>: <a href=\"https:\/\/www.mooblimasin.ee\/wp-content\/uploads\/2022\/06\/Elux_June_22.pdf\" target=\"_blank\" rel=\"noopener\">Franke tootekataloog 2022<\/a><\/p>\n<figure><img decoding=\"async\" class=\"lazy alignnone\" src=\"https:\/\/www.mooblimasin.ee\/wp-content\/plugins\/jquery-image-lazy-loading\/images\/grey.gif\" data-original=\"https:\/\/www.mooblimasin.ee\/wp-content\/uploads\/2014\/06\/blanco-logo.jpg\" alt=\"\"><noscript><img decoding=\"async\" class=\"alignnone\" src=\"https:\/\/www.mooblimasin.ee\/wp-content\/uploads\/2014\/06\/blanco-logo.jpg\" alt=\"\"><\/noscript>&nbsp;<img decoding=\"async\" class=\"lazy alignnone\" src=\"https:\/\/www.mooblimasin.ee\/wp-content\/plugins\/jquery-image-lazy-loading\/images\/grey.gif\" data-original=\"https:\/\/www.mooblimasin.ee\/wp-content\/uploads\/2014\/06\/schock-logo.jpg\" alt=\"\"><noscript><img decoding=\"async\" class=\"alignnone\" src=\"https:\/\/www.mooblimasin.ee\/wp-content\/uploads\/2014\/06\/schock-logo.jpg\" alt=\"\"><\/noscript><\/figure>\n<hr>\n<figure><img decoding=\"async\" class=\"lazy alignright\" src=\"https:\/\/www.mooblimasin.ee\/wp-content\/plugins\/jquery-image-lazy-loading\/images\/grey.gif\" data-original=\"https:\/\/www.mooblimasin.ee\/wp-content\/uploads\/2015\/10\/deante.jpg\" alt=\"\"><noscript><img decoding=\"async\" class=\"alignright\" src=\"https:\/\/www.mooblimasin.ee\/wp-content\/uploads\/2015\/10\/deante.jpg\" alt=\"\"><\/noscript>Pakume lisaks Deante Milin oman\u00e4olisi v\u00e4rvilisi k\u00f6\u00f6gisegisteid, millega saad lisada oma k\u00f6\u00f6ki v\u00e4rve.<\/p>\n<ul>\n<li>Pulberv\u00e4rvitud<\/li>\n<li>K\u00f5rgus 355 mm<\/li>\n<li>Tila k\u00f5rgus t\u00f6\u00f6pinnast 254 mm<\/li>\n<li>Tila ulatus 173 mm segisti tsentrist<\/li>\n<li>Vee l\u00e4bijooks alla 9 L \/ min<\/li>\n<li>M\u00fcratase &lt;20 dB<\/li>\n<li>Varustatud Neoperl aeraatoriga ja 35 mm keraamilise seguventiiliga<\/li>\n<\/ul>\n<p><p>Invalid Displayed Gallery<\/p><\/noscript><\/figure>\n<figure><img decoding=\"async\" class=\"lazy alignnone\" src=\"https:\/\/www.mooblimasin.ee\/wp-content\/plugins\/jquery-image-lazy-loading\/images\/grey.gif\" data-original=\"https:\/\/www.mooblimasin.ee\/wp-content\/uploads\/2015\/10\/MilinOhd.jpg\" alt=\"\"><noscript><img decoding=\"async\" class=\"alignnone\" src=\"https:\/\/www.mooblimasin.ee\/wp-content\/uploads\/2015\/10\/MilinOhd.jpg\" alt=\"\"><\/noscript><\/figure>\n<figure><img decoding=\"async\" class=\"lazy alignnone\" src=\"https:\/\/www.mooblimasin.ee\/wp-content\/plugins\/jquery-image-lazy-loading\/images\/grey.gif\" data-original=\"https:\/\/www.mooblimasin.ee\/wp-content\/uploads\/2015\/10\/MilinWhd.jpg\" alt=\"\"><noscript><img decoding=\"async\" class=\"alignnone\" src=\"https:\/\/www.mooblimasin.ee\/wp-content\/uploads\/2015\/10\/MilinWhd.jpg\" alt=\"\"><\/noscript><\/figure>\n","protected":false},"excerpt":{"rendered":"<p>Kuna hindame k\u00f5rgelt kvaliteeti, oleme teinud otsuse pakkuda meie toodetavate k\u00f6\u00f6kide juurde maailma juhtivate tootjate Franke, Blanco ja Schock valamuid ning segisteid.<br \/>\nSobiva valiku Franke toodete hulgast saate teha www.elux.ee<br \/>\nBlanco valamud ja segistid www.eero.ee<br \/>\nSchock valamud ja segistid http:\/\/www.mooblifurnituur.ee\/et\/products\/42\/138<br \/>\nVali sobiv Franke<\/p>\n","protected":false},"author":1,"featured_media":0,"parent":0,"menu_order":0,"comment_status":"open","ping_status":"open","template":"","meta":{"ngg_post_thumbnail":0,"footnotes":""},"class_list":["post-5376","page","type-page","status-publish","hentry"],"acf":[],"_links":{"self":[{"href":"https:\/\/www.mooblimasin.ee\/fi\/wp-json\/wp\/v2\/pages\/5376","targetHints":{"allow":["GET"]}}],"collection":[{"href":"https:\/\/www.mooblimasin.ee\/fi\/wp-json\/wp\/v2\/pages"}],"about":[{"href":"https:\/\/www.mooblimasin.ee\/fi\/wp-json\/wp\/v2\/types\/page"}],"author":[{"embeddable":true,"href":"https:\/\/www.mooblimasin.ee\/fi\/wp-json\/wp\/v2\/users\/1"}],"replies":[{"embeddable":true,"href":"https:\/\/www.mooblimasin.ee\/fi\/wp-json\/wp\/v2\/comments?post=5376"}],"version-history":[{"count":17,"href":"https:\/\/www.mooblimasin.ee\/fi\/wp-json\/wp\/v2\/pages\/5376\/revisions"}],"predecessor-version":[{"id":19008,"href":"https:\/\/www.mooblimasin.ee\/fi\/wp-json\/wp\/v2\/pages\/5376\/revisions\/19008"}],"wp:attachment":[{"href":"https:\/\/www.mooblimasin.ee\/fi\/wp-json\/wp\/v2\/media?parent=5376"}],"curies":[{"name":"wp","href":"https:\/\/api.w.org\/{rel}","templated":true}]}}