{"id":5373,"date":"2015-05-15T00:00:10","date_gmt":"2015-05-14T21:00:10","guid":{"rendered":"http:\/\/www.mooblimasin.ee\/keraamilised-tootasapinnad-2\/"},"modified":"2021-12-02T12:21:56","modified_gmt":"2021-12-02T10:21:56","slug":"keraamilised-tootasapinnad","status":"publish","type":"page","link":"https:\/\/www.mooblimasin.ee\/fi\/keraamilised-tootasapinnad\/","title":{"rendered":"Keraamilised t\u00f6\u00f6tasapinnad"},"content":{"rendered":"<figure><img decoding=\"async\" class=\"lazy alignnone\" src=\"https:\/\/www.mooblimasin.ee\/wp-content\/plugins\/jquery-image-lazy-loading\/images\/grey.gif\" data-original=\"https:\/\/www.mooblimasin.ee\/wp-content\/uploads\/2015\/05\/Dekton-Trilium2.jpg\" alt=\"Dekton Trilium2\"><noscript><img decoding=\"async\" class=\"alignnone\" src=\"https:\/\/www.mooblimasin.ee\/wp-content\/uploads\/2015\/05\/Dekton-Trilium2.jpg\" alt=\"Dekton Trilium2\"><\/noscript><\/figure>\n<p>Dektoni valikus on ligikaudu \u00fcle 50 erineva v\u00e4rvitooni. Materjal on saadaval viie erineva paksusega: 4 mm, 8 mm, 12 mm, 20 mm ja 30 mm.<\/p>\n<p>Keraamika on k\u00f6\u00f6gi kivit\u00f6\u00f6pindadest k\u00f5ige vastupidavam.<\/p>\n<p>Dektoni tootmisel on kasutatud umbes 20 erinevat looduslikku mineraali. Materjali erilised omadused saavutatakse pressides kivipuru kokku 25 000 tonnise pressi all.<br \/>\nKeraamiline kivit\u00f6\u00f6tasapind on t\u00e4ielikult kuuma ja vedelikukindel, talub h\u00e4sti kriimustusi ja ei ole poorne. T\u00f6\u00f6pinnale on lubatud asetada otse ahjust v\u00f5i pliidilt kuum pott v\u00f5i pann, see ei kahjusta materjali pinda. Samuti on lubatud t\u00f6\u00f6pinnal l\u00f5ikelauda kasutamata hakkida v\u00f5i l\u00f5igata, materjalile ei j\u00e4\u00e4 \u00fchtegi kriimustust.<\/p>\n<p>Dekton on t\u00e4ielikult UV- ja ilmastikukindel materjal, mist\u00f5ttu sobib see oma omadustelt ideaalselt kasutamiseks v\u00e4lik\u00f6\u00f6gis.<\/p>\n<p>Dekton tooni muster ei ole l\u00e4biv ja katab teatud ulatuses ainult pealispinda, mist\u00f5ttu on loomulik ja tavap\u00e4rane, kui p\u00e4rast aastak\u00fcmneid kasutamist tekib m\u00f5nda kohta kulumisj\u00e4lg. Kivit\u00f6\u00f6tasapinna muster ei kandu edasi ka servadele, need on ilma mustrita.<\/p>\n<p><strong>Meilt on v\u00f5imalik tellida ainult eritellimusel k\u00f6\u00f6gim\u00f6\u00f6bli terviklahendusi.&nbsp;<\/strong><br \/>\n<strong>Eraldi t\u00f6\u00f6tasapindu, kapiuksi, furnituuri ja k\u00f6\u00f6gitehnikat M\u00f6\u00f6blimasin ei paku.<\/strong><\/p>\n<h2>KERAAMIKAST T\u00d6\u00d6TASAPINNAD DEKTON<\/h2>\n<p><span style=\"color: #474747;\">NB! Pildid on illustratiivse t\u00e4hendusega, t\u00e4pseimat tooni n\u00e4eb reaalsetelt n\u00e4idistelt.<\/span><\/p>\n<figure><p>Invalid Displayed Gallery<\/p><\/noscript><\/figure>\n","protected":false},"excerpt":{"rendered":"<p>Dektoni valikus on ligikaudu \u00fcle 50 erineva v\u00e4rvitooni. Materjal on saadaval viie erineva paksusega: 4 mm, 8 mm, 12 mm, 20 mm ja 30 mm.<br \/>\nKeraamika on k\u00f6\u00f6gi kivit\u00f6\u00f6pindadest k\u00f5ige vastupidavam.<br \/>\nDektoni tootmisel on kasutatud umbes 20 erinevat looduslikku mineraali. Materjali erilised<\/p>\n","protected":false},"author":3,"featured_media":0,"parent":0,"menu_order":0,"comment_status":"closed","ping_status":"open","template":"","meta":{"ngg_post_thumbnail":0,"footnotes":""},"class_list":["post-5373","page","type-page","status-publish","hentry"],"acf":[],"_links":{"self":[{"href":"https:\/\/www.mooblimasin.ee\/fi\/wp-json\/wp\/v2\/pages\/5373","targetHints":{"allow":["GET"]}}],"collection":[{"href":"https:\/\/www.mooblimasin.ee\/fi\/wp-json\/wp\/v2\/pages"}],"about":[{"href":"https:\/\/www.mooblimasin.ee\/fi\/wp-json\/wp\/v2\/types\/page"}],"author":[{"embeddable":true,"href":"https:\/\/www.mooblimasin.ee\/fi\/wp-json\/wp\/v2\/users\/3"}],"replies":[{"embeddable":true,"href":"https:\/\/www.mooblimasin.ee\/fi\/wp-json\/wp\/v2\/comments?post=5373"}],"version-history":[{"count":14,"href":"https:\/\/www.mooblimasin.ee\/fi\/wp-json\/wp\/v2\/pages\/5373\/revisions"}],"predecessor-version":[{"id":17119,"href":"https:\/\/www.mooblimasin.ee\/fi\/wp-json\/wp\/v2\/pages\/5373\/revisions\/17119"}],"wp:attachment":[{"href":"https:\/\/www.mooblimasin.ee\/fi\/wp-json\/wp\/v2\/media?parent=5373"}],"curies":[{"name":"wp","href":"https:\/\/api.w.org\/{rel}","templated":true}]}}