{"id":5356,"date":"2014-06-13T12:00:38","date_gmt":"2014-06-13T09:00:38","guid":{"rendered":"http:\/\/www.mooblimasin.ee\/valamud-2\/"},"modified":"2022-06-29T10:39:07","modified_gmt":"2022-06-29T07:39:07","slug":"valamud","status":"publish","type":"page","link":"https:\/\/www.mooblimasin.ee\/fi\/valamud\/","title":{"rendered":"Valamud"},"content":{"rendered":"<h3>Kvaliteetsed valamud k\u00f6\u00f6gisisustuse asjatundjalt<\/h3>\n<figure><img decoding=\"async\" class=\"lazy alignnone\" src=\"https:\/\/www.mooblimasin.ee\/wp-content\/plugins\/jquery-image-lazy-loading\/images\/grey.gif\" data-original=\"https:\/\/www.mooblimasin.ee\/wp-content\/uploads\/2014\/06\/BLANCOSUBLINE-700-U-LEVEL_ESI.jpg\" alt=\"BLANCOSUBLINE 700-U LEVEL_ESI\"><noscript><img decoding=\"async\" class=\"alignnone\" src=\"https:\/\/www.mooblimasin.ee\/wp-content\/uploads\/2014\/06\/BLANCOSUBLINE-700-U-LEVEL_ESI.jpg\" alt=\"BLANCOSUBLINE 700-U LEVEL_ESI\"><\/noscript><\/figure>\n<h3>BLANCO valamud &#8211; rohkem mugavust Sinu k\u00f6\u00f6ki<\/h3>\n<p>BLANCO valamud ja segistid on esmaklassilise viimistlusega, mille tootmisel kasutatakse ainult esimese klassi materjale ning tooted on v\u00f5itnud mitmeid disainiauhindu.<br \/>\nBLANCO toodab kvaliteetseid k\u00f6\u00f6givalamuid ja segisteid aastast 1950 ning on esindatud enam kui 100 riigis \u00fcle maailma. Tootevalikusse kuuluvad roostevabast terasest, graniidist ning keraamikast valamud.<\/p>\n<p>Allj\u00e4rgnevalt toome v\u00e4lja valiku meile k\u00f5ige rohkem meeldivatest valamutest.<\/p>\n<div class=\"su-row\">\n<div class=\"su-column su-column-size-1-2\"><div class=\"su-column-inner su-u-clearfix su-u-trim\">\n<p><a class=\"ngg-fancybox\" href=\"https:\/\/www.mooblimasin.ee\/wp-content\/uploads\/2016\/01\/BLANCOADON-XL-6-S.jpg\"<\/a><img decoding=\"async\" class=\"lazy alignnone\" src=\"https:\/\/www.mooblimasin.ee\/wp-content\/plugins\/jquery-image-lazy-loading\/images\/grey.gif\" data-original=\"https:\/\/www.mooblimasin.ee\/wp-content\/uploads\/2016\/01\/BLANCOADON-XL-6-S.jpg\" alt=\"BLANCOADON XL 6 S\"><noscript><img decoding=\"async\" class=\"alignnone\" src=\"https:\/\/www.mooblimasin.ee\/wp-content\/uploads\/2016\/01\/BLANCOADON-XL-6-S.jpg\" alt=\"BLANCOADON XL 6 S\"><\/noscript><\/a><br \/>\n<a href=\"https:\/\/www.mooblimasin.ee\/blancoadon-xl-6-s\/\">BLANCOADON XL 6 S<\/a><\/p>\n<\/div><\/div>\n<div class=\"su-column su-column-size-1-2\"><div class=\"su-column-inner su-u-clearfix su-u-trim\">\n<p><a class=\"ngg-fancybox\" href=\"https:\/\/www.mooblimasin.ee\/wp-content\/uploads\/2016\/01\/BLANCOYOVA-XL-6-S.jpg\"<\/a><img decoding=\"async\" class=\"lazy alignnone\" src=\"https:\/\/www.mooblimasin.ee\/wp-content\/plugins\/jquery-image-lazy-loading\/images\/grey.gif\" data-original=\"https:\/\/www.mooblimasin.ee\/wp-content\/uploads\/2016\/01\/BLANCOYOVA-XL-6-S.jpg\" alt=\"BLANCOYOVA XL 6 S\"><noscript><img decoding=\"async\" class=\"alignnone\" src=\"https:\/\/www.mooblimasin.ee\/wp-content\/uploads\/2016\/01\/BLANCOYOVA-XL-6-S.jpg\" alt=\"BLANCOYOVA XL 6 S\"><\/noscript><\/a><br \/>\n<a href=\"https:\/\/www.mooblimasin.ee\/blancoyova-xl-6-s\/\">BLANCOYOVA XL 6 S<\/a><\/p>\n<\/div><\/div>\n<\/div>\n<div class=\"su-row\">\n<div class=\"su-column su-column-size-1-2\"><div class=\"su-column-inner su-u-clearfix su-u-trim\">\n<p><a class=\"ngg-fancybox\" href=\"https:\/\/www.mooblimasin.ee\/wp-content\/uploads\/2016\/01\/BLANCOPLEON-81.jpg\"<\/a><img decoding=\"async\" class=\"lazy alignnone\" src=\"https:\/\/www.mooblimasin.ee\/wp-content\/plugins\/jquery-image-lazy-loading\/images\/grey.gif\" data-original=\"https:\/\/www.mooblimasin.ee\/wp-content\/uploads\/2016\/01\/BLANCOPLEON-81.jpg\" alt=\"BLANCOPLEON 8\"><noscript><img decoding=\"async\" class=\"alignnone\" src=\"https:\/\/www.mooblimasin.ee\/wp-content\/uploads\/2016\/01\/BLANCOPLEON-81.jpg\" alt=\"BLANCOPLEON 8\"><\/noscript><\/a><br \/>\n<a href=\"https:\/\/www.mooblimasin.ee\/blancopleon-8\/\">BLANCOPLEON 8<\/a><\/p>\n<\/div><\/div>\n<div class=\"su-column su-column-size-1-2\"><div class=\"su-column-inner su-u-clearfix su-u-trim\">\n<p><a class=\"ngg-fancybox\" href=\"https:\/\/www.mooblimasin.ee\/wp-content\/uploads\/2016\/01\/BLANCOELON-XL-6-S1.jpg\"<\/a><img decoding=\"async\" class=\"lazy alignnone\" src=\"https:\/\/www.mooblimasin.ee\/wp-content\/plugins\/jquery-image-lazy-loading\/images\/grey.gif\" data-original=\"https:\/\/www.mooblimasin.ee\/wp-content\/uploads\/2016\/01\/BLANCOELON-XL-6-S1.jpg\" alt=\"BLANCOELON XL 6 S\"><noscript><img decoding=\"async\" class=\"alignnone\" src=\"https:\/\/www.mooblimasin.ee\/wp-content\/uploads\/2016\/01\/BLANCOELON-XL-6-S1.jpg\" alt=\"BLANCOELON XL 6 S\"><\/noscript><\/a><br \/>\n<a href=\"https:\/\/www.mooblimasin.ee\/blancoelon-xl-6-s\/\">BLANCOELON XL 6 S<\/a><\/p>\n<\/div><\/div>\n<\/div>\n<div class=\"su-row\">\n<div class=\"su-column su-column-size-1-2\"><div class=\"su-column-inner su-u-clearfix su-u-trim\">\n<p><a class=\"ngg-fancybox\" href=\"https:\/\/www.mooblimasin.ee\/wp-content\/uploads\/2016\/01\/BLANCOSUBLINE-500-F1.jpg\"<\/a><img decoding=\"async\" class=\"lazy alignnone\" src=\"https:\/\/www.mooblimasin.ee\/wp-content\/plugins\/jquery-image-lazy-loading\/images\/grey.gif\" data-original=\"https:\/\/www.mooblimasin.ee\/wp-content\/uploads\/2016\/01\/BLANCOSUBLINE-500-F1.jpg\" alt=\"BLANCOSUBLINE 500-F\"><noscript><img decoding=\"async\" class=\"alignnone\" src=\"https:\/\/www.mooblimasin.ee\/wp-content\/uploads\/2016\/01\/BLANCOSUBLINE-500-F1.jpg\" alt=\"BLANCOSUBLINE 500-F\"><\/noscript><\/a><br \/>\n<a href=\"https:\/\/www.mooblimasin.ee\/blancosubline-500-f\/\">BLANCOSUBLINE 500-F<\/a><\/p>\n<\/div><\/div>\n<div class=\"su-column su-column-size-1-2\"><div class=\"su-column-inner su-u-clearfix su-u-trim\">\n<p><a class=\"ngg-fancybox\" href=\"https:\/\/www.mooblimasin.ee\/wp-content\/uploads\/2016\/01\/BLANCOSUBLINE-340-160-F1.jpg\"<\/a><img decoding=\"async\" class=\"lazy alignnone\" src=\"https:\/\/www.mooblimasin.ee\/wp-content\/plugins\/jquery-image-lazy-loading\/images\/grey.gif\" data-original=\"https:\/\/www.mooblimasin.ee\/wp-content\/uploads\/2016\/01\/BLANCOSUBLINE-340-160-F1.jpg\" alt=\"BLANCOSUBLINE 340 160-F\"><noscript><img decoding=\"async\" class=\"alignnone\" src=\"https:\/\/www.mooblimasin.ee\/wp-content\/uploads\/2016\/01\/BLANCOSUBLINE-340-160-F1.jpg\" alt=\"BLANCOSUBLINE 340 160-F\"><\/noscript><\/a><br \/>\n<a href=\"https:\/\/www.mooblimasin.ee\/blancosubline-340160-f\/\">BLANCOSUBLINE 340\/160-F<\/a><\/p>\n<\/div><\/div>\n<\/div>\n<div class=\"su-row\">\n<div class=\"su-column su-column-size-1-2\"><div class=\"su-column-inner su-u-clearfix su-u-trim\">\n<p><a class=\"ngg-fancybox\" href=\"https:\/\/www.mooblimasin.ee\/wp-content\/uploads\/2016\/01\/BLANCOSUBLINE-500-IF-SteelFrame1.jpg\"<\/a><img decoding=\"async\" class=\"lazy alignnone\" src=\"https:\/\/www.mooblimasin.ee\/wp-content\/plugins\/jquery-image-lazy-loading\/images\/grey.gif\" data-original=\"https:\/\/www.mooblimasin.ee\/wp-content\/uploads\/2016\/01\/BLANCOSUBLINE-500-IF-SteelFrame1.jpg\" alt=\"BLANCOSUBLINE 500-IF SteelFrame\"><noscript><img decoding=\"async\" class=\"alignnone\" src=\"https:\/\/www.mooblimasin.ee\/wp-content\/uploads\/2016\/01\/BLANCOSUBLINE-500-IF-SteelFrame1.jpg\" alt=\"BLANCOSUBLINE 500-IF SteelFrame\"><\/noscript><\/a><br \/>\n<a href=\"https:\/\/www.mooblimasin.ee\/blancosubline-500-if-steelframe\/\">BLANCOSUBLINE 500-IF SteelFrame<\/a><\/p>\n<\/div><\/div>\n<div class=\"su-column su-column-size-1-2\"><div class=\"su-column-inner su-u-clearfix su-u-trim\">\n<p><a class=\"ngg-fancybox\" href=\"https:\/\/www.mooblimasin.ee\/wp-content\/uploads\/2016\/01\/BLANCOSUBLINE-700-U-LEVEL1.jpg\"<\/a><img decoding=\"async\" class=\"lazy alignnone\" src=\"https:\/\/www.mooblimasin.ee\/wp-content\/plugins\/jquery-image-lazy-loading\/images\/grey.gif\" data-original=\"https:\/\/www.mooblimasin.ee\/wp-content\/uploads\/2016\/01\/BLANCOSUBLINE-700-U-LEVEL1.jpg\" alt=\"BLANCOSUBLINE 700-U LEVEL\"><noscript><img decoding=\"async\" class=\"alignnone\" src=\"https:\/\/www.mooblimasin.ee\/wp-content\/uploads\/2016\/01\/BLANCOSUBLINE-700-U-LEVEL1.jpg\" alt=\"BLANCOSUBLINE 700-U LEVEL\"><\/noscript><\/a><br \/>\n<a href=\"https:\/\/www.mooblimasin.ee\/blancosubline-700-u-level\/\">BLANCOSUBLINE 700-U LEVEL<\/a><\/p>\n<\/div><\/div>\n<\/div>\n<div class=\"su-row\">\n<div class=\"su-column su-column-size-1-2\"><div class=\"su-column-inner su-u-clearfix su-u-trim\">\n<p><a class=\"ngg-fancybox\" href=\"https:\/\/www.mooblimasin.ee\/wp-content\/uploads\/2016\/01\/BLANCOATTIKA-60-A1.jpg\"<\/a><img decoding=\"async\" class=\"lazy alignnone\" src=\"https:\/\/www.mooblimasin.ee\/wp-content\/plugins\/jquery-image-lazy-loading\/images\/grey.gif\" data-original=\"https:\/\/www.mooblimasin.ee\/wp-content\/uploads\/2016\/01\/BLANCOATTIKA-60-A1.jpg\" alt=\"BLANCOATTIKA 60 A\"><noscript><img decoding=\"async\" class=\"alignnone\" src=\"https:\/\/www.mooblimasin.ee\/wp-content\/uploads\/2016\/01\/BLANCOATTIKA-60-A1.jpg\" alt=\"BLANCOATTIKA 60 A\"><\/noscript><\/a><br \/>\n<a href=\"https:\/\/www.mooblimasin.ee\/blancoattika-60a\/\">BLANCOATTIKA 60\/A<\/a><\/p>\n<\/div><\/div>\n<div class=\"su-column su-column-size-1-2\"><div class=\"su-column-inner su-u-clearfix su-u-trim\">\n<p><a class=\"ngg-fancybox\" href=\"https:\/\/www.mooblimasin.ee\/wp-content\/uploads\/2016\/01\/BLANCOANDANO-400-U1.jpg\"<\/a><img decoding=\"async\" class=\"lazy alignnone\" src=\"https:\/\/www.mooblimasin.ee\/wp-content\/plugins\/jquery-image-lazy-loading\/images\/grey.gif\" data-original=\"https:\/\/www.mooblimasin.ee\/wp-content\/uploads\/2016\/01\/BLANCOANDANO-400-U1.jpg\" alt=\"BLANCOANDANO 400-U\"><noscript><img decoding=\"async\" class=\"alignnone\" src=\"https:\/\/www.mooblimasin.ee\/wp-content\/uploads\/2016\/01\/BLANCOANDANO-400-U1.jpg\" alt=\"BLANCOANDANO 400-U\"><\/noscript><\/a><br \/>\n<a href=\"https:\/\/www.mooblimasin.ee\/blancoandano-400-u\/\">BLANCOANDANO 400-U<\/a><\/p>\n<\/div><\/div>\n<\/div>\n<div class=\"su-row\">\n<div class=\"su-column su-column-size-1-2\"><div class=\"su-column-inner su-u-clearfix su-u-trim\">\n<p><a class=\"ngg-fancybox\" href=\"https:\/\/www.mooblimasin.ee\/wp-content\/uploads\/2016\/01\/BLANCOANDANO-450-U1.jpg\"<\/a><img decoding=\"async\" class=\"lazy alignnone\" src=\"https:\/\/www.mooblimasin.ee\/wp-content\/plugins\/jquery-image-lazy-loading\/images\/grey.gif\" data-original=\"https:\/\/www.mooblimasin.ee\/wp-content\/uploads\/2016\/01\/BLANCOANDANO-450-U1.jpg\" alt=\"BLANCOANDANO 450-U\"><noscript><img decoding=\"async\" class=\"alignnone\" src=\"https:\/\/www.mooblimasin.ee\/wp-content\/uploads\/2016\/01\/BLANCOANDANO-450-U1.jpg\" alt=\"BLANCOANDANO 450-U\"><\/noscript><\/a><br \/>\n<a href=\"https:\/\/www.mooblimasin.ee\/blancoandano-450-u\/\">BLANCOANDANO 450-U<\/a><\/p>\n<\/div><\/div>\n<div class=\"su-column su-column-size-1-2\"><div class=\"su-column-inner su-u-clearfix su-u-trim\">\n<p><a class=\"ngg-fancybox\" href=\"https:\/\/www.mooblimasin.ee\/wp-content\/uploads\/2016\/01\/BLANCOANDANO-500-U1.jpg\"<\/a><img decoding=\"async\" class=\"lazy alignnone\" src=\"https:\/\/www.mooblimasin.ee\/wp-content\/plugins\/jquery-image-lazy-loading\/images\/grey.gif\" data-original=\"https:\/\/www.mooblimasin.ee\/wp-content\/uploads\/2016\/01\/BLANCOANDANO-500-U1.jpg\" alt=\"BLANCOANDANO 500-U\"><noscript><img decoding=\"async\" class=\"alignnone\" src=\"https:\/\/www.mooblimasin.ee\/wp-content\/uploads\/2016\/01\/BLANCOANDANO-500-U1.jpg\" alt=\"BLANCOANDANO 500-U\"><\/noscript><\/a><br \/>\n<a href=\"https:\/\/www.mooblimasin.ee\/blancoandano-500-u\/\">BLANCOANDANO 500-U<\/a><\/p>\n<\/div><\/div>\n<\/div>\n<hr>\n<h3>Franke roostevabad valamud<\/h3>\n<figure><img decoding=\"async\" class=\"lazy alignnone\" src=\"https:\/\/www.mooblimasin.ee\/wp-content\/plugins\/jquery-image-lazy-loading\/images\/grey.gif\" data-original=\"https:\/\/www.mooblimasin.ee\/wp-content\/uploads\/2014\/06\/Franke-roostevabad-valamud.jpg\" alt=\"Franke roostevabad valamud\" width=\"100%\" height=\"194\"><noscript><img decoding=\"async\" class=\"alignnone\" src=\"https:\/\/www.mooblimasin.ee\/wp-content\/uploads\/2014\/06\/Franke-roostevabad-valamud.jpg\" alt=\"Franke roostevabad valamud\" width=\"100%\" height=\"194\"><\/noscript><\/figure>\n<p>Roostevabad valamud on parim valik parktilise vajadustega k\u00f6\u00f6kidesse.<\/p>\n<p>Vali sobiv Franke roostevaba valamu:&nbsp;<a href=\"https:\/\/www.mooblimasin.ee\/wp-content\/uploads\/2022\/06\/Elux_June_22.pdf\" target=\"_blank\" rel=\"noopener\">Franke tootekataloog 2022<\/a><\/p>\n<h3>Franke graniidist valamud<\/h3>\n<figure><img decoding=\"async\" class=\"lazy alignnone\" src=\"https:\/\/www.mooblimasin.ee\/wp-content\/plugins\/jquery-image-lazy-loading\/images\/grey.gif\" data-original=\"https:\/\/www.mooblimasin.ee\/wp-content\/uploads\/2014\/06\/Frange-graniidist-valamud.jpg\" alt=\"Frange graniidist valamud\" width=\"100%\" height=\"194\"><noscript><img decoding=\"async\" class=\"alignnone\" src=\"https:\/\/www.mooblimasin.ee\/wp-content\/uploads\/2014\/06\/Frange-graniidist-valamud.jpg\" alt=\"Frange graniidist valamud\" width=\"100%\" height=\"194\"><\/noscript><\/figure>\n<p>Graniidist valamud sobivad k\u00f6\u00f6kidesse, kus peale praktilisuse soovitakse r\u00f5hutada ka disainielemente.<\/p>\n<h3>Fragranit DuraKleen\u00ae Plus<\/h3>\n<ul>\n<li>Edasiarendatud komposiitmaterjal 80% ehtsast graniidist ja 20% parendatud sideainest valamud pakuvad siledat ja h\u00fcgieenilist pinda<\/li>\n<li>Fragranit DuraKleen\u00ae Plus valamud on teemanti, rubiini ja topaasi j\u00e4rel k\u00f5vaduselt neljas materjal \u2013 see on purunemiskindel, kulumiskindel, kraapimiskindel ning k\u00fclma- ja kuumakindel kuni 280\u00b0\u0421<\/li>\n<li>Graniidipuru kuumutatakse koos v\u00e4rvipigmentidega ahjus 600\u00b0\u0421 juures. See muudab need valamud majapidamises kasutatavate hapete ja teiste keemiliste vahendite suhtes v\u00e4rvikindlaks<\/li>\n<li>Edasiarendatud materjal Fragranit DuraKleen\u00ae Plus on n\u00fc\u00fcd t\u00e4nu v\u00e4iksematele graniidiosakestele ja parendatud sideainele veelgi h\u00fcgieenilisem<\/li>\n<\/ul>\n<p>&nbsp;<\/p>\n<p><strong>FRANKE Fragranit valamu PEBEL tunnustus!<\/strong><\/p>\n<p>iF m\u00e4rk on \u00fclemaailmselt tuntud tunnustus kvaliteetse disaini eest. Franke uus valamuseeria PEBEL on&nbsp;p\u00e4rjatud iF 2013.a auhinnaga innovaatilise disaini eest.<br \/>\nSee on suurus tunnustus Frankele silmapaistva toote disainimise eest, kes on k\u00f6\u00f6givalamute juhtiv tootja maailmas.<\/p>\n<p>PEBEL disain on loodud, et edastada&nbsp; \u201cLiving Kitchen\u201d disaini suundumusi, kus k\u00f6\u00f6ki, kui eluruumi t\u00e4htsaimat osa, vaadeldakse loomulikes ja oman\u00e4olistes joontes.<\/p>\n<p>Vali sobiv Franke Fragraniidist valamu:&nbsp;<a href=\"https:\/\/www.mooblimasin.ee\/wp-content\/uploads\/2022\/06\/Elux_June_22.pdf\" target=\"_blank\" rel=\"noopener\">Franke tootekataloog 2022<\/a><\/p>\n<figure><img decoding=\"async\" class=\"lazy alignnone\" src=\"https:\/\/www.mooblimasin.ee\/wp-content\/plugins\/jquery-image-lazy-loading\/images\/grey.gif\" data-original=\"https:\/\/www.mooblimasin.ee\/wp-content\/uploads\/2014\/06\/blanco-logo.jpg\" alt=\"\"><noscript><img decoding=\"async\" class=\"alignnone\" src=\"https:\/\/www.mooblimasin.ee\/wp-content\/uploads\/2014\/06\/blanco-logo.jpg\" alt=\"\"><\/noscript> <img decoding=\"async\" class=\"lazy alignnone\" src=\"https:\/\/www.mooblimasin.ee\/wp-content\/plugins\/jquery-image-lazy-loading\/images\/grey.gif\" data-original=\"https:\/\/www.mooblimasin.ee\/wp-content\/uploads\/2014\/06\/schock-logo.jpg\" alt=\"\"><noscript><img decoding=\"async\" class=\"alignnone\" src=\"https:\/\/www.mooblimasin.ee\/wp-content\/uploads\/2014\/06\/schock-logo.jpg\" alt=\"\"><\/noscript><\/figure>\n<hr>\n<p>Deante k\u00f6\u00f6givalamute sari Capella on kombineeritud dekoratiivse karastatud klaaspinna ja kunstkivist kausiga. Valamu klaaspinna osa on saadaval 3 mustris ja kausid 3 v\u00e4rvitoonis. Pealmise klaaspinna nurgad on saadaval trapetsikujulisena (paigalduseks t\u00f6\u00f6tasapinna peale) v\u00f5i \u00fcmarad (paigalduseks nii t\u00f6\u00f6tasapinna peale, s\u00fcvistatuna v\u00f5i tasapaigaldatuna). <img decoding=\"async\" class=\"lazy alignright\" src=\"https:\/\/www.mooblimasin.ee\/wp-content\/plugins\/jquery-image-lazy-loading\/images\/grey.gif\" data-original=\"https:\/\/www.mooblimasin.ee\/wp-content\/uploads\/2015\/10\/deante.jpg\" alt=\"\"><noscript><img decoding=\"async\" class=\"alignright\" src=\"https:\/\/www.mooblimasin.ee\/wp-content\/uploads\/2015\/10\/deante.jpg\" alt=\"\"><\/noscript><\/p>\n<ul>\n<li>Valamu v\u00e4lism\u00f5\u00f5dud koos klaasiga 860 x 500 mm<\/li>\n<li>Valamu m\u00f5\u00f5dud: L490 x S400 mm. Valamu s\u00fcgavus 200 mm<\/li>\n<li>Kausi v\u00e4rvitoonid: Alabaster (valge), Grey metallic (hall) ja Graphite metallic (must)<\/li>\n<li>Klaasi mustrid: Alveole, City ja Block<\/li>\n<li>Komplektis \u00e4ravoolukomplekt ja paigaldustarvikud<\/li>\n<\/ul>\n<figure><img decoding=\"async\" class=\"lazy alignnone\" src=\"https:\/\/www.mooblimasin.ee\/wp-content\/plugins\/jquery-image-lazy-loading\/images\/grey.gif\" data-original=\"https:\/\/www.mooblimasin.ee\/wp-content\/uploads\/2017\/02\/antiseptiline.jpg\" alt=\"antiseptiline\"><noscript><img decoding=\"async\" class=\"alignnone\" src=\"https:\/\/www.mooblimasin.ee\/wp-content\/uploads\/2017\/02\/antiseptiline.jpg\" alt=\"antiseptiline\"><\/noscript> <img decoding=\"async\" class=\"lazy alignnone\" src=\"https:\/\/www.mooblimasin.ee\/wp-content\/plugins\/jquery-image-lazy-loading\/images\/grey.gif\" data-original=\"https:\/\/www.mooblimasin.ee\/wp-content\/uploads\/2014\/06\/kriimustuskindel.jpg\" alt=\"kriimustuskindel\"><noscript><img decoding=\"async\" class=\"alignnone\" src=\"https:\/\/www.mooblimasin.ee\/wp-content\/uploads\/2014\/06\/kriimustuskindel.jpg\" alt=\"kriimustuskindel\"><\/noscript> <img decoding=\"async\" class=\"lazy alignnone\" src=\"https:\/\/www.mooblimasin.ee\/wp-content\/plugins\/jquery-image-lazy-loading\/images\/grey.gif\" data-original=\"https:\/\/www.mooblimasin.ee\/wp-content\/uploads\/2017\/02\/kuumakindel.jpg\" alt=\"kuumakindel\"><noscript><img decoding=\"async\" class=\"alignnone\" src=\"https:\/\/www.mooblimasin.ee\/wp-content\/uploads\/2017\/02\/kuumakindel.jpg\" alt=\"kuumakindel\"><\/noscript><\/figure>\n<p>&nbsp;<\/p>\n<p>&nbsp;<\/p>\n<figure><p>Invalid Displayed Gallery<\/p><\/noscript><\/figure>\n<p><strong>N\u00e4idislahendused<\/strong><\/p>\n<figure><img decoding=\"async\" class=\"lazy alignnone\" src=\"https:\/\/www.mooblimasin.ee\/wp-content\/plugins\/jquery-image-lazy-loading\/images\/grey.gif\" data-original=\"https:\/\/www.mooblimasin.ee\/wp-content\/uploads\/2014\/06\/Deante-Capella_Alveola-1024x640.jpg\" alt=\"Deante Capella_Alveola\"><noscript><img decoding=\"async\" class=\"alignnone\" src=\"https:\/\/www.mooblimasin.ee\/wp-content\/uploads\/2014\/06\/Deante-Capella_Alveola-1024x640.jpg\" alt=\"Deante Capella_Alveola\"><\/noscript><\/figure>\n<figure><img decoding=\"async\" class=\"lazy alignnone\" src=\"https:\/\/www.mooblimasin.ee\/wp-content\/plugins\/jquery-image-lazy-loading\/images\/grey.gif\" data-original=\"https:\/\/www.mooblimasin.ee\/wp-content\/uploads\/2014\/06\/Deante-Capella_Block-1024x640.jpg\" alt=\"Deante Capella_Block\"><noscript><img decoding=\"async\" class=\"alignnone\" src=\"https:\/\/www.mooblimasin.ee\/wp-content\/uploads\/2014\/06\/Deante-Capella_Block-1024x640.jpg\" alt=\"Deante Capella_Block\"><\/noscript><\/figure>\n<figure><img decoding=\"async\" class=\"lazy alignnone\" src=\"https:\/\/www.mooblimasin.ee\/wp-content\/plugins\/jquery-image-lazy-loading\/images\/grey.gif\" data-original=\"https:\/\/www.mooblimasin.ee\/wp-content\/uploads\/2014\/06\/Deante-Capella_City-1024x640.jpg\" alt=\"Deante Capella_City\"><noscript><img decoding=\"async\" class=\"alignnone\" src=\"https:\/\/www.mooblimasin.ee\/wp-content\/uploads\/2014\/06\/Deante-Capella_City-1024x640.jpg\" alt=\"Deante Capella_City\"><\/noscript><\/figure>\n","protected":false},"excerpt":{"rendered":"<p>Kvaliteetsed valamud k\u00f6\u00f6gisisustuse asjatundjalt<\/p>\n<p>BLANCO valamud &#8211; rohkem mugavust Sinu k\u00f6\u00f6ki<br \/>\nBLANCO valamud ja segistid on esmaklassilise viimistlusega, mille tootmisel kasutatakse ainult esimese klassi materjale ning tooted on v\u00f5itnud mitmeid disainiauhindu.<br \/>\nBLANCO toodab kvaliteetseid k\u00f6\u00f6givalamuid ja segisteid aastast 1950 ning on esindatud enam<\/p>\n","protected":false},"author":1,"featured_media":0,"parent":0,"menu_order":0,"comment_status":"open","ping_status":"open","template":"","meta":{"ngg_post_thumbnail":0,"footnotes":""},"class_list":["post-5356","page","type-page","status-publish","hentry"],"acf":[],"_links":{"self":[{"href":"https:\/\/www.mooblimasin.ee\/fi\/wp-json\/wp\/v2\/pages\/5356","targetHints":{"allow":["GET"]}}],"collection":[{"href":"https:\/\/www.mooblimasin.ee\/fi\/wp-json\/wp\/v2\/pages"}],"about":[{"href":"https:\/\/www.mooblimasin.ee\/fi\/wp-json\/wp\/v2\/types\/page"}],"author":[{"embeddable":true,"href":"https:\/\/www.mooblimasin.ee\/fi\/wp-json\/wp\/v2\/users\/1"}],"replies":[{"embeddable":true,"href":"https:\/\/www.mooblimasin.ee\/fi\/wp-json\/wp\/v2\/comments?post=5356"}],"version-history":[{"count":10,"href":"https:\/\/www.mooblimasin.ee\/fi\/wp-json\/wp\/v2\/pages\/5356\/revisions"}],"predecessor-version":[{"id":18995,"href":"https:\/\/www.mooblimasin.ee\/fi\/wp-json\/wp\/v2\/pages\/5356\/revisions\/18995"}],"wp:attachment":[{"href":"https:\/\/www.mooblimasin.ee\/fi\/wp-json\/wp\/v2\/media?parent=5356"}],"curies":[{"name":"wp","href":"https:\/\/api.w.org\/{rel}","templated":true}]}}