{"id":5352,"date":"2014-06-13T11:58:29","date_gmt":"2014-06-13T08:58:29","guid":{"rendered":"http:\/\/www.mooblimasin.ee\/koogitehnika-2\/"},"modified":"2018-02-17T17:35:35","modified_gmt":"2018-02-17T15:35:35","slug":"koogitehnika","status":"publish","type":"page","link":"https:\/\/www.mooblimasin.ee\/fi\/koogitehnika\/","title":{"rendered":"K\u00f6\u00f6gitehnika"},"content":{"rendered":"<figure><img decoding=\"async\" class=\"lazy alignleft\" src=\"https:\/\/www.mooblimasin.ee\/wp-content\/plugins\/jquery-image-lazy-loading\/images\/grey.gif\" data-original=\"https:\/\/www.mooblimasin.ee\/wp-content\/uploads\/2014\/06\/k\u00f6\u00f6gitehnika.jpg\" alt=\"k\u00f6\u00f6gitehnika\" width=\"100%\" height=\"207\" \/><noscript><img decoding=\"async\" class=\"alignleft\" src=\"https:\/\/www.mooblimasin.ee\/wp-content\/uploads\/2014\/06\/k\u00f6\u00f6gitehnika.jpg\" alt=\"k\u00f6\u00f6gitehnika\" width=\"100%\" height=\"207\" \/><\/noscript><\/figure>\n<p>Meie suurimaks k\u00f6\u00f6gitehnika tarnijaks on pikaajaline koost\u00f6\u00f6partner E-Lux Kodutehnika O\u00dc <a href=\"http:\/\/elux.ee\/\" target=\"_blank\">http:\/\/elux.ee\/<\/a><br \/>\nE-Lux on meie esimene partner alates M\u00f6\u00f6blimasina loomise ajast, mist\u00f5ttu on tekkinud usaldus ja suurep\u00e4rane koost\u00f6\u00f6.<\/p>\n<p>Lisaks E-Lux Kodutehnikale\u00a0 teeme koost\u00f6\u00f6d ka teiste tuntud maaletoojatega nagu Decoland O\u00dc <a href=\"http:\/\/www.decoland.ee\/\" target=\"_blank\">www.decoland.ee<\/a> ja Greentek Hulgikaubandus O\u00dc\u00a0<a href=\"http:\/\/greentek.ee\/\" target=\"_blank\">www.greentek.ee<\/a><\/p>\n<p>Arendame pidevalt oma teadmisi k\u00f6\u00f6gitehnika vallas, osaledes erinevatel koolitusel ja k\u00fclastades valmistajatehaseid Eestist v\u00e4ljaspool.<\/p>\n<p><strong>M\u00f6\u00f6blimasin O\u00dc pakub allj\u00e4rgnevaid k\u00f6\u00f6gitehnika kaubam\u00e4rke:<\/strong><\/p>\n<figure><a title=\"www.elux.ee\" href=\"http:\/\/www.elux.ee\/\" target=\"_blank\">E-Lux Kodutehnika O\u00dc<\/a><\/p>\n<p><img decoding=\"async\" class=\"lazy alignleft\" src=\"https:\/\/www.mooblimasin.ee\/wp-content\/plugins\/jquery-image-lazy-loading\/images\/grey.gif\" data-original=\"https:\/\/www.mooblimasin.ee\/wp-content\/uploads\/2014\/06\/aeg.png\" alt=\"aeg\" width=\"100\" height=\"30\" \/><noscript><img decoding=\"async\" class=\"alignleft\" src=\"https:\/\/www.mooblimasin.ee\/wp-content\/uploads\/2014\/06\/aeg.png\" alt=\"aeg\" width=\"100\" height=\"30\" \/><\/noscript> <img decoding=\"async\" class=\"lazy alignleft\" src=\"https:\/\/www.mooblimasin.ee\/wp-content\/plugins\/jquery-image-lazy-loading\/images\/grey.gif\" data-original=\"https:\/\/www.mooblimasin.ee\/wp-content\/uploads\/2014\/06\/bosch.png\" alt=\"bosch\" width=\"100\" height=\"30\" \/><noscript><img loading=\"lazy\" decoding=\"async\" class=\"alignleft\" src=\"https:\/\/www.mooblimasin.ee\/wp-content\/uploads\/2014\/06\/bosch.png\" alt=\"bosch\" width=\"100\" height=\"30\" \/><\/noscript> <img loading=\"lazy\" decoding=\"async\" class=\"lazy alignleft\" src=\"https:\/\/www.mooblimasin.ee\/wp-content\/plugins\/jquery-image-lazy-loading\/images\/grey.gif\" data-original=\"https:\/\/www.mooblimasin.ee\/wp-content\/uploads\/2014\/06\/dedietrich.png\" alt=\"dedietrich\" width=\"100\" height=\"30\" \/><noscript><img loading=\"lazy\" decoding=\"async\" class=\"alignleft\" src=\"https:\/\/www.mooblimasin.ee\/wp-content\/uploads\/2014\/06\/dedietrich.png\" alt=\"dedietrich\" width=\"100\" height=\"30\" \/><\/noscript> <img loading=\"lazy\" decoding=\"async\" class=\"lazy alignleft\" src=\"https:\/\/www.mooblimasin.ee\/wp-content\/plugins\/jquery-image-lazy-loading\/images\/grey.gif\" data-original=\"https:\/\/www.mooblimasin.ee\/wp-content\/uploads\/2014\/06\/electrolux.png\" alt=\"electrolux\" width=\"100\" height=\"30\" \/><noscript><img loading=\"lazy\" decoding=\"async\" class=\"alignleft\" src=\"https:\/\/www.mooblimasin.ee\/wp-content\/uploads\/2014\/06\/electrolux.png\" alt=\"electrolux\" width=\"100\" height=\"30\" \/><\/noscript> <img loading=\"lazy\" decoding=\"async\" class=\"lazy alignleft\" src=\"https:\/\/www.mooblimasin.ee\/wp-content\/plugins\/jquery-image-lazy-loading\/images\/grey.gif\" data-original=\"https:\/\/www.mooblimasin.ee\/wp-content\/uploads\/2014\/06\/falmec.png\" alt=\"falmec\" width=\"100\" height=\"30\" \/><noscript><img loading=\"lazy\" decoding=\"async\" class=\"alignleft\" src=\"https:\/\/www.mooblimasin.ee\/wp-content\/uploads\/2014\/06\/falmec.png\" alt=\"falmec\" width=\"100\" height=\"30\" \/><\/noscript> <img loading=\"lazy\" decoding=\"async\" class=\"lazy alignleft\" src=\"https:\/\/www.mooblimasin.ee\/wp-content\/plugins\/jquery-image-lazy-loading\/images\/grey.gif\" data-original=\"https:\/\/www.mooblimasin.ee\/wp-content\/uploads\/2014\/06\/scanberg.png\" alt=\"scanberg\" width=\"100\" height=\"30\" \/><noscript><img loading=\"lazy\" decoding=\"async\" class=\"alignleft\" src=\"https:\/\/www.mooblimasin.ee\/wp-content\/uploads\/2014\/06\/scanberg.png\" alt=\"scanberg\" width=\"100\" height=\"30\" \/><\/noscript> <img loading=\"lazy\" decoding=\"async\" class=\"lazy alignleft\" src=\"https:\/\/www.mooblimasin.ee\/wp-content\/plugins\/jquery-image-lazy-loading\/images\/grey.gif\" data-original=\"https:\/\/www.mooblimasin.ee\/wp-content\/uploads\/2014\/06\/smeg.png\" alt=\"smeg\" width=\"100\" height=\"30\" \/><noscript><img loading=\"lazy\" decoding=\"async\" class=\"alignleft\" src=\"https:\/\/www.mooblimasin.ee\/wp-content\/uploads\/2014\/06\/smeg.png\" alt=\"smeg\" width=\"100\" height=\"30\" \/><\/noscript> <img loading=\"lazy\" decoding=\"async\" class=\"lazy alignleft\" src=\"https:\/\/www.mooblimasin.ee\/wp-content\/plugins\/jquery-image-lazy-loading\/images\/grey.gif\" data-original=\"https:\/\/www.mooblimasin.ee\/wp-content\/uploads\/2014\/06\/zanussi.png\" alt=\"zanussi\" width=\"100\" height=\"30\" \/><noscript><img loading=\"lazy\" decoding=\"async\" class=\"alignleft\" src=\"https:\/\/www.mooblimasin.ee\/wp-content\/uploads\/2014\/06\/zanussi.png\" alt=\"zanussi\" width=\"100\" height=\"30\" \/><\/noscript><\/p>\n<p>&nbsp;<\/p>\n<p>&nbsp;<\/p>\n<p><a href=\"http:\/\/greentek.ee\" target=\"_blank\">Greentek Hulgikaubandus O\u00dc<\/a><\/p>\n<p><img decoding=\"async\" class=\"lazy alignnone\" src=\"https:\/\/www.mooblimasin.ee\/wp-content\/plugins\/jquery-image-lazy-loading\/images\/grey.gif\" data-original=\"https:\/\/www.mooblimasin.ee\/wp-content\/uploads\/2014\/06\/Brandt.png\" alt=\"\" \/><noscript><img decoding=\"async\" class=\"alignnone\" src=\"https:\/\/www.mooblimasin.ee\/wp-content\/uploads\/2014\/06\/Brandt.png\" alt=\"\" \/><\/noscript> <img decoding=\"async\" class=\"lazy alignnone\" src=\"https:\/\/www.mooblimasin.ee\/wp-content\/plugins\/jquery-image-lazy-loading\/images\/grey.gif\" data-original=\"https:\/\/www.mooblimasin.ee\/wp-content\/uploads\/2014\/06\/fabita.png\" alt=\"fabita\" \/><noscript><img decoding=\"async\" class=\"alignnone\" src=\"https:\/\/www.mooblimasin.ee\/wp-content\/uploads\/2014\/06\/fabita.png\" alt=\"fabita\" \/><\/noscript> <img decoding=\"async\" class=\"lazy alignnone\" src=\"https:\/\/www.mooblimasin.ee\/wp-content\/plugins\/jquery-image-lazy-loading\/images\/grey.gif\" data-original=\"https:\/\/www.mooblimasin.ee\/wp-content\/uploads\/2014\/06\/teka.png\" alt=\"teka\" \/><noscript><img decoding=\"async\" class=\"alignnone\" src=\"https:\/\/www.mooblimasin.ee\/wp-content\/uploads\/2014\/06\/teka.png\" alt=\"teka\" \/><\/noscript> <img decoding=\"async\" class=\"lazy alignnone\" src=\"https:\/\/www.mooblimasin.ee\/wp-content\/plugins\/jquery-image-lazy-loading\/images\/grey.gif\" data-original=\"https:\/\/www.mooblimasin.ee\/wp-content\/uploads\/2014\/06\/dedietrich.png\" alt=\"dedietrich\" \/><noscript><img decoding=\"async\" class=\"alignnone\" src=\"https:\/\/www.mooblimasin.ee\/wp-content\/uploads\/2014\/06\/dedietrich.png\" alt=\"dedietrich\" \/><\/noscript> <img decoding=\"async\" class=\"lazy alignnone\" src=\"https:\/\/www.mooblimasin.ee\/wp-content\/plugins\/jquery-image-lazy-loading\/images\/grey.gif\" data-original=\"https:\/\/www.mooblimasin.ee\/wp-content\/uploads\/2014\/06\/hotpoint-ariston-logo.png\" alt=\"\" \/><noscript><img decoding=\"async\" class=\"alignnone\" src=\"https:\/\/www.mooblimasin.ee\/wp-content\/uploads\/2014\/06\/hotpoint-ariston-logo.png\" alt=\"\" \/><\/noscript>\u00a0<img decoding=\"async\" class=\"lazy alignnone\" src=\"https:\/\/www.mooblimasin.ee\/wp-content\/plugins\/jquery-image-lazy-loading\/images\/grey.gif\" data-original=\"https:\/\/www.mooblimasin.ee\/wp-content\/uploads\/2014\/06\/Faber.png\" alt=\"\" \/><noscript><img decoding=\"async\" class=\"alignnone\" src=\"https:\/\/www.mooblimasin.ee\/wp-content\/uploads\/2014\/06\/Faber.png\" alt=\"\" \/><\/noscript>\u00a0<img decoding=\"async\" class=\"lazy alignnone\" src=\"https:\/\/www.mooblimasin.ee\/wp-content\/plugins\/jquery-image-lazy-loading\/images\/grey.gif\" data-original=\"https:\/\/www.mooblimasin.ee\/wp-content\/uploads\/2014\/06\/dunavox_logo.png\" alt=\"\" \/><noscript><img decoding=\"async\" class=\"alignnone\" src=\"https:\/\/www.mooblimasin.ee\/wp-content\/uploads\/2014\/06\/dunavox_logo.png\" alt=\"\" \/><\/noscript><\/p>\n<p><a href=\"http:\/\/www.decoland.ee\/\" target=\"_blank\">Decoland O\u00dc<\/a><\/p>\n<p><img decoding=\"async\" class=\"lazy alignnone\" src=\"https:\/\/www.mooblimasin.ee\/wp-content\/plugins\/jquery-image-lazy-loading\/images\/grey.gif\" data-original=\"https:\/\/www.mooblimasin.ee\/wp-content\/uploads\/2014\/06\/KueppersbuschMITstil.png\" alt=\"\" \/><noscript><img decoding=\"async\" class=\"alignnone\" src=\"https:\/\/www.mooblimasin.ee\/wp-content\/uploads\/2014\/06\/KueppersbuschMITstil.png\" alt=\"\" \/><\/noscript>\u00a0<img decoding=\"async\" class=\"lazy alignnone\" src=\"https:\/\/www.mooblimasin.ee\/wp-content\/plugins\/jquery-image-lazy-loading\/images\/grey.gif\" data-original=\"https:\/\/www.mooblimasin.ee\/wp-content\/uploads\/2014\/06\/LOGO.png\" alt=\"\" \/><noscript><img decoding=\"async\" class=\"alignnone\" src=\"https:\/\/www.mooblimasin.ee\/wp-content\/uploads\/2014\/06\/LOGO.png\" alt=\"\" \/><\/noscript>\u00a0<img decoding=\"async\" class=\"lazy alignnone\" src=\"https:\/\/www.mooblimasin.ee\/wp-content\/plugins\/jquery-image-lazy-loading\/images\/grey.gif\" data-original=\"https:\/\/www.mooblimasin.ee\/wp-content\/uploads\/2014\/06\/FisherPaykel_Brand_Logo-2.png\" alt=\"\" \/><noscript><img decoding=\"async\" class=\"alignnone\" src=\"https:\/\/www.mooblimasin.ee\/wp-content\/uploads\/2014\/06\/FisherPaykel_Brand_Logo-2.png\" alt=\"\" \/><\/noscript> <img decoding=\"async\" class=\"lazy alignnone\" src=\"https:\/\/www.mooblimasin.ee\/wp-content\/plugins\/jquery-image-lazy-loading\/images\/grey.gif\" data-original=\"https:\/\/www.mooblimasin.ee\/wp-content\/uploads\/2014\/06\/temptech.png\" alt=\"\" \/><noscript><img decoding=\"async\" class=\"alignnone\" src=\"https:\/\/www.mooblimasin.ee\/wp-content\/uploads\/2014\/06\/temptech.png\" alt=\"\" \/><\/noscript>\u00a0<img decoding=\"async\" class=\"lazy alignnone\" src=\"https:\/\/www.mooblimasin.ee\/wp-content\/plugins\/jquery-image-lazy-loading\/images\/grey.gif\" data-original=\"https:\/\/www.mooblimasin.ee\/wp-content\/uploads\/2014\/06\/ABK-LOGO.png\" alt=\"\" \/><noscript><img decoding=\"async\" class=\"alignnone\" src=\"https:\/\/www.mooblimasin.ee\/wp-content\/uploads\/2014\/06\/ABK-LOGO.png\" alt=\"\" \/><\/noscript>\u00a0<img decoding=\"async\" class=\"lazy alignnone\" src=\"https:\/\/www.mooblimasin.ee\/wp-content\/plugins\/jquery-image-lazy-loading\/images\/grey.gif\" data-original=\"https:\/\/www.mooblimasin.ee\/wp-content\/uploads\/2014\/06\/Nivito-logo-black.png\" alt=\"\" \/><noscript><img decoding=\"async\" class=\"alignnone\" src=\"https:\/\/www.mooblimasin.ee\/wp-content\/uploads\/2014\/06\/Nivito-logo-black.png\" alt=\"\" \/><\/noscript>\u00a0<img decoding=\"async\" class=\"lazy alignnone\" src=\"https:\/\/www.mooblimasin.ee\/wp-content\/plugins\/jquery-image-lazy-loading\/images\/grey.gif\" data-original=\"https:\/\/www.mooblimasin.ee\/wp-content\/uploads\/2014\/06\/uusDECOLAND-logod_MUST.png\" alt=\"\" \/><noscript><img decoding=\"async\" class=\"alignnone\" src=\"https:\/\/www.mooblimasin.ee\/wp-content\/uploads\/2014\/06\/uusDECOLAND-logod_MUST.png\" alt=\"\" \/><\/noscript><\/p>\n<p>Pakkumise saamiseks t\u00e4ida \u00e4ra meie\u00a0<a title=\"Tellimine\" href=\"https:\/\/www.mooblimasin.ee\/koogimoobli-tellimine\/\">tellimisvorm<\/a> v\u00f5i saada p\u00e4ring\u00a0aadressile info(at)mooblimasin.ee.<\/p>\n<p>Teeme Sinu poolt valitud k\u00f6\u00f6gitehnikale parima pakkumise.<\/p>\n<p>Tellides <strong>k\u00f6\u00f6gitehnika<\/strong> meilt, v\u00f5id olla kindel, et see on parima kvaliteediga ning teenib Sind kaua.<\/p>\n<p>K\u00f6\u00f6gitehnika paigaldus toimub meie paigaldusmeistri poolt.<\/p>\n<p>Siin on l\u00fchikene valem, kuidas valida oma k\u00f6\u00f6ki \u00f5ige \u00f5hupuhastaja:<br \/>\n<a class=\"ngg-fancybox\" href=\"https:\/\/www.mooblimasin.ee\/wp-content\/uploads\/2014\/06\/\u00d5hupuhastaja-valimine.png\"<\/a><img decoding=\"async\" class=\"lazy aligncenter\" src=\"https:\/\/www.mooblimasin.ee\/wp-content\/plugins\/jquery-image-lazy-loading\/images\/grey.gif\" data-original=\"https:\/\/www.mooblimasin.ee\/wp-content\/uploads\/2014\/06\/\u00d5hupuhastaja-valimine-1024x767.png\" alt=\"\u00d5hupuhastaja valimine\" \/><noscript><img decoding=\"async\" class=\"aligncenter\" src=\"https:\/\/www.mooblimasin.ee\/wp-content\/uploads\/2014\/06\/\u00d5hupuhastaja-valimine-1024x767.png\" alt=\"\u00d5hupuhastaja valimine\" \/><\/noscript><\/a><\/figure>\n","protected":false},"excerpt":{"rendered":"<p>Meie suurimaks k\u00f6\u00f6gitehnika tarnijaks on pikaajaline koost\u00f6\u00f6partner E-Lux Kodutehnika O\u00dc http:\/\/elux.ee\/<br \/>\nE-Lux on meie esimene partner alates M\u00f6\u00f6blimasina loomise ajast, mist\u00f5ttu on tekkinud usaldus ja suurep\u00e4rane koost\u00f6\u00f6.<br \/>\nLisaks E-Lux Kodutehnikale\u00a0 teeme koost\u00f6\u00f6d ka teiste tuntud maaletoojatega nagu Decoland O\u00dc www.decoland.ee ja Greentek<\/p>\n","protected":false},"author":1,"featured_media":0,"parent":0,"menu_order":0,"comment_status":"open","ping_status":"open","template":"","meta":{"ngg_post_thumbnail":0,"footnotes":""},"class_list":["post-5352","page","type-page","status-publish","hentry"],"acf":[],"_links":{"self":[{"href":"https:\/\/www.mooblimasin.ee\/fi\/wp-json\/wp\/v2\/pages\/5352","targetHints":{"allow":["GET"]}}],"collection":[{"href":"https:\/\/www.mooblimasin.ee\/fi\/wp-json\/wp\/v2\/pages"}],"about":[{"href":"https:\/\/www.mooblimasin.ee\/fi\/wp-json\/wp\/v2\/types\/page"}],"author":[{"embeddable":true,"href":"https:\/\/www.mooblimasin.ee\/fi\/wp-json\/wp\/v2\/users\/1"}],"replies":[{"embeddable":true,"href":"https:\/\/www.mooblimasin.ee\/fi\/wp-json\/wp\/v2\/comments?post=5352"}],"version-history":[{"count":12,"href":"https:\/\/www.mooblimasin.ee\/fi\/wp-json\/wp\/v2\/pages\/5352\/revisions"}],"predecessor-version":[{"id":9112,"href":"https:\/\/www.mooblimasin.ee\/fi\/wp-json\/wp\/v2\/pages\/5352\/revisions\/9112"}],"wp:attachment":[{"href":"https:\/\/www.mooblimasin.ee\/fi\/wp-json\/wp\/v2\/media?parent=5352"}],"curies":[{"name":"wp","href":"https:\/\/api.w.org\/{rel}","templated":true}]}}