{"id":5344,"date":"2014-06-13T11:33:53","date_gmt":"2014-06-13T08:33:53","guid":{"rendered":"http:\/\/www.mooblimasin.ee\/valgustus-2\/"},"modified":"2022-04-07T17:26:51","modified_gmt":"2022-04-07T14:26:51","slug":"valgustus","status":"publish","type":"page","link":"https:\/\/www.mooblimasin.ee\/fi\/valgustus\/","title":{"rendered":"Valgustus"},"content":{"rendered":"<p><strong>Meilt on v\u00f5imalik tellida ainult eritellimusel k\u00f6\u00f6gim\u00f6\u00f6bli terviklahendusi.&nbsp;<\/strong><br \/>\n<strong>Eraldi t\u00f6\u00f6tasapindu, kapiuksi, furnituuri ja k\u00f6\u00f6gitehnikat M\u00f6\u00f6blimasin ei paku.<\/strong><\/p>\n<p>Valgustuse valik on v\u00e4ga oluline planeeritava k\u00f6\u00f6gim\u00f6\u00f6bli juures. Kui Sul on k\u00f6\u00f6gis v\u00e4he loomulikku v\u00f5i \u00fcldvalgust, siis vali kindlasti pigem LED valgusriba, mille t\u00f6\u00f6valgus on oluliselt suurem&nbsp;v\u00f5rreldes LED-kohtvalgustiga.<br \/>\n<img decoding=\"async\" class=\"lazy alignright\" src=\"https:\/\/www.mooblimasin.ee\/wp-content\/plugins\/jquery-image-lazy-loading\/images\/grey.gif\" data-original=\"https:\/\/www.mooblimasin.ee\/wp-content\/uploads\/2014\/06\/halemeier-logo-1.png\" alt=\"halemeier-logo-1\"><noscript><img decoding=\"async\" class=\"alignright\" src=\"https:\/\/www.mooblimasin.ee\/wp-content\/uploads\/2014\/06\/halemeier-logo-1.png\" alt=\"halemeier-logo-1\"><\/noscript><\/p>\n<p>LED valgusribasid kasutatakse laialdasemalt modernse k\u00f6\u00f6gim\u00f6\u00f6bli juures,&nbsp;LED-kohtvalgustid sobivad aga oma hubase punktvalguse t\u00f5ttu&nbsp;paremini klassikalisele k\u00f6\u00f6gim\u00f6\u00f6blile. LED valgusribasid on v\u00f5imalik paigaldada ka t\u00f6\u00f6tasapinna alla v\u00f5i sokliliistu kohale. Siin tuleks aga valida kindlasti n\u00f5rgema valgustugevusega LED valgusriba, kuna sellise lahenduse eesm\u00e4rk on eelk\u00f5ige&nbsp;luua meeleolu valgust.<\/p>\n<p>Pakume kvaliteetsete tootjate Domus Line ja Halemeier LED-kohtvalgusteid ning Halemeier LED-valgusribasid.<\/p>\n<h3>LED-kohtvalgusti MultiLite Flood<\/h3>\n<ul>\n<li>Valgustugevus 4W<\/li>\n<li>12V, IP44<\/li>\n<li>Diameeter 68 mm<\/li>\n<li>Soe ja neutraalne valgus<\/li>\n<li>Viimistlus 5 erinevat tooni<\/li>\n<li>S\u00fcvispaigaldus<\/li>\n<\/ul>\n<p>N\u00e4idislahendus<\/p>\n<figure><p>Invalid Displayed Gallery<\/p><\/noscript><\/figure>\n<hr>\n<h3>LED-kohtvalgusti Atom<\/h3>\n<ul>\n<li>Valgustugevus 3W<\/li>\n<li>24V, IP44<\/li>\n<li>Soe valgus<\/li>\n<li>Viimistlus valge<\/li>\n<li>S\u00fcvispaigaldus<\/li>\n<\/ul>\n<p>N\u00e4idislahendus<\/p>\n<figure><p>Invalid Displayed Gallery<\/p><\/noscript><\/figure>\n<h3>LED-valgusriba H\u00e4fele LOOX 5<\/h3>\n<ul>\n<li>Valgustugevus 14,4W\/meetri kohta<\/li>\n<li>24V, IP20<\/li>\n<li>Soe valgus ja k\u00fclm valgus<\/li>\n<li>S\u00fcvistatav profiil, toon alumiinium ja must<\/li>\n<li>Kleebitav<\/li>\n<\/ul>\n<hr>\n<h3>LED-valgusriba viipesensor H\u00e4fele LOOX 5<\/h3>\n<ul>\n<li>L\u00fclituseks LED-valgusribale<\/li>\n<li>12V\/24V<\/li>\n<li>Kaabli pikkus 2000 mm<\/li>\n<li>Tegevusraadius 0-75 mm<\/li>\n<li>Puutevaba<\/li>\n<li>Viimistlus h\u00f5be\/hall<\/li>\n<li>S\u00fcvis paigaldus<\/li>\n<\/ul>\n<p>N\u00e4idislahendus<\/p>\n\n<div class=\"oi ngg-galleryoverview ngg-ajax-pagination-none\" id=\"ngg-gallery-cbfecab1a9902d0cdcba0a6553447a9f-5344\">\n\n\t\n\t<!-- Thumbnails -->\n\t<ul class=\"small-block-grid-1 medium-block-grid-3 large-block-grid-3 xlarge-block-grid-3 xxlarge-block-grid-4\">\n\t\t\t\t\n\t\t<li>\n\t\t      <div class=\"nextthumb aeglane bac3\" data-original=\"https:\/\/www.mooblimasin.ee\/wp-content\/gallery\/led-valgusriba-viipesensor-hafele-loox-5\/Viipesensor-Ha%CC%88fele-833.89.127.jpeg\" style=\"background-image: url(&quot;https:\/\/www.mooblimasin.ee\/wp-content\/gallery\/led-valgusriba-viipesensor-hafele-loox-5\/Viipesensor-Ha%CC%88fele-833.89.127.jpeg&quot;); display: block;\">\n\t\t            <a href=\"https:\/\/www.mooblimasin.ee\/wp-content\/gallery\/led-valgusriba-viipesensor-hafele-loox-5\/Viipesensor-Ha%CC%88fele-833.89.127.jpeg\" alt=\"<p class=v2ikealt>Viipesensor-Ha\u0308fele-833.89.127<\/p>\" title=\"\" data-src=\"https:\/\/www.mooblimasin.ee\/wp-content\/gallery\/led-valgusriba-viipesensor-hafele-loox-5\/Viipesensor-Ha%CC%88fele-833.89.127.jpeg\" rel=\"gr1\" data-thumbnail=\"https:\/\/www.mooblimasin.ee\/wp-content\/gallery\/led-valgusriba-viipesensor-hafele-loox-5\/Viipesensor-Ha%CC%88fele-833.89.127.jpeg\" data-title=\"Viipesensor-Ha\u0308fele-833.89.127\" data-description=\"\" class=\"ngg-fancybox s\">\n\t\t            <\/a>\n\t\t      <\/div>\n\t\t<\/li>\n\t\t\n\t\t\t\t\n\t \t\t\t\n\t\t<li>\n\t\t      <div class=\"nextthumb aeglane bac3\" data-original=\"https:\/\/www.mooblimasin.ee\/wp-content\/gallery\/led-valgusriba-viipesensor-hafele-loox-5\/Viipesensor-Ha%CC%88fele-833.89.127_1.jpg\" style=\"background-image: url(&quot;https:\/\/www.mooblimasin.ee\/wp-content\/gallery\/led-valgusriba-viipesensor-hafele-loox-5\/Viipesensor-Ha%CC%88fele-833.89.127_1.jpg&quot;); display: block;\">\n\t\t            <a href=\"https:\/\/www.mooblimasin.ee\/wp-content\/gallery\/led-valgusriba-viipesensor-hafele-loox-5\/Viipesensor-Ha%CC%88fele-833.89.127_1.jpg\" alt=\"<p class=v2ikealt>Viipesensor-Ha\u0308fele-833.89.127_1<\/p>\" title=\"\" data-src=\"https:\/\/www.mooblimasin.ee\/wp-content\/gallery\/led-valgusriba-viipesensor-hafele-loox-5\/Viipesensor-Ha%CC%88fele-833.89.127_1.jpg\" rel=\"gr1\" data-thumbnail=\"https:\/\/www.mooblimasin.ee\/wp-content\/gallery\/led-valgusriba-viipesensor-hafele-loox-5\/Viipesensor-Ha%CC%88fele-833.89.127_1.jpg\" data-title=\"Viipesensor-Ha\u0308fele-833.89.127_1\" data-description=\"\" class=\"ngg-fancybox s\">\n\t\t            <\/a>\n\t\t      <\/div>\n\t\t<\/li>\n\t\t\n\t\t\t\t\n\t \t \t<\/ul>\n \t\n\t<!-- Pagination -->\n \t \t\n<\/div>\n\n\n<hr>\n<h3>LED-valgusriba dimmerl\u00fcliti H\u00e4fele LOOX 5<\/h3>\n<ul>\n<li>L\u00fclituseks LED-valgusribale<\/li>\n<li>12V\/24V<\/li>\n<li>Kaabli pikkus 2000 mm<\/li>\n<li>Sisse-v\u00e4lja l\u00fclitus<\/li>\n<li>Valgustugevuse dimmerdamine<\/li>\n<li>Viimistlus h\u00f5be\/hall<\/li>\n<li>S\u00fcvis paigaldus<\/li>\n<\/ul>\n<p>N\u00e4idislahendus<\/p>\n\n<div class=\"oi ngg-galleryoverview ngg-ajax-pagination-none\" id=\"ngg-gallery-25c0dab0716dfdb45976b1c1fa13ecb2-5344\">\n\n\t\n\t<!-- Thumbnails -->\n\t<ul class=\"small-block-grid-1 medium-block-grid-3 large-block-grid-3 xlarge-block-grid-3 xxlarge-block-grid-4\">\n\t\t\t\t\n\t\t<li>\n\t\t      <div class=\"nextthumb aeglane bac3\" data-original=\"https:\/\/www.mooblimasin.ee\/wp-content\/gallery\/led-valgusriba-dimmerluliti-hafele-loox-5\/Dimmerlu%CC%88liti-Ha%CC%88fele-833.89.058.jpg\" style=\"background-image: url(&quot;https:\/\/www.mooblimasin.ee\/wp-content\/gallery\/led-valgusriba-dimmerluliti-hafele-loox-5\/Dimmerlu%CC%88liti-Ha%CC%88fele-833.89.058.jpg&quot;); display: block;\">\n\t\t            <a href=\"https:\/\/www.mooblimasin.ee\/wp-content\/gallery\/led-valgusriba-dimmerluliti-hafele-loox-5\/Dimmerlu%CC%88liti-Ha%CC%88fele-833.89.058.jpg\" alt=\"<p class=v2ikealt>Dimmerlu\u0308liti-Ha\u0308fele-833.89.058<\/p>\" title=\"\" data-src=\"https:\/\/www.mooblimasin.ee\/wp-content\/gallery\/led-valgusriba-dimmerluliti-hafele-loox-5\/Dimmerlu%CC%88liti-Ha%CC%88fele-833.89.058.jpg\" rel=\"gr1\" data-thumbnail=\"https:\/\/www.mooblimasin.ee\/wp-content\/gallery\/led-valgusriba-dimmerluliti-hafele-loox-5\/Dimmerlu%CC%88liti-Ha%CC%88fele-833.89.058.jpg\" data-title=\"Dimmerlu\u0308liti-Ha\u0308fele-833.89.058\" data-description=\"\" class=\"ngg-fancybox s\">\n\t\t            <\/a>\n\t\t      <\/div>\n\t\t<\/li>\n\t\t\n\t\t\t\t\n\t \t\t\t\n\t\t<li>\n\t\t      <div class=\"nextthumb aeglane bac3\" data-original=\"https:\/\/www.mooblimasin.ee\/wp-content\/gallery\/led-valgusriba-dimmerluliti-hafele-loox-5\/Dimmerlu%CC%88liti-Ha%CC%88fele-833.89.058_1.jpeg\" style=\"background-image: url(&quot;https:\/\/www.mooblimasin.ee\/wp-content\/gallery\/led-valgusriba-dimmerluliti-hafele-loox-5\/Dimmerlu%CC%88liti-Ha%CC%88fele-833.89.058_1.jpeg&quot;); display: block;\">\n\t\t            <a href=\"https:\/\/www.mooblimasin.ee\/wp-content\/gallery\/led-valgusriba-dimmerluliti-hafele-loox-5\/Dimmerlu%CC%88liti-Ha%CC%88fele-833.89.058_1.jpeg\" alt=\"<p class=v2ikealt>Dimmerlu\u0308liti-Ha\u0308fele-833.89.058_1<\/p>\" title=\"\" data-src=\"https:\/\/www.mooblimasin.ee\/wp-content\/gallery\/led-valgusriba-dimmerluliti-hafele-loox-5\/Dimmerlu%CC%88liti-Ha%CC%88fele-833.89.058_1.jpeg\" rel=\"gr1\" data-thumbnail=\"https:\/\/www.mooblimasin.ee\/wp-content\/gallery\/led-valgusriba-dimmerluliti-hafele-loox-5\/Dimmerlu%CC%88liti-Ha%CC%88fele-833.89.058_1.jpeg\" data-title=\"Dimmerlu\u0308liti-Ha\u0308fele-833.89.058_1\" data-description=\"\" class=\"ngg-fancybox s\">\n\t\t            <\/a>\n\t\t      <\/div>\n\t\t<\/li>\n\t\t\n\t\t\t\t\n\t \t \t<\/ul>\n \t\n\t<!-- Pagination -->\n \t \t\n<\/div>\n\n\n<hr>\n<h3>LED-valgusriba uksesensor H\u00e4fele LOOX 5<\/h3>\n<ul>\n<li>L\u00fclituseks LED-valgusribale<\/li>\n<li>12V\/24V<\/li>\n<li>Kaabli pikkus 2000 mm<\/li>\n<li>Ukse avades valgus s\u00f5ttib, sulgedes kustub<\/li>\n<li>Viimistlus h\u00f5be\/hall<\/li>\n<li>S\u00fcvis paigaldus<\/li>\n<\/ul>\n<p>N\u00e4idislahendus<\/p>\n\n<div class=\"oi ngg-galleryoverview ngg-ajax-pagination-none\" id=\"ngg-gallery-e112fd0b4f1effaee3ba040f6caf803d-5344\">\n\n\t\n\t<!-- Thumbnails -->\n\t<ul class=\"small-block-grid-1 medium-block-grid-3 large-block-grid-3 xlarge-block-grid-3 xxlarge-block-grid-4\">\n\t\t\t\t\n\t\t<li>\n\t\t      <div class=\"nextthumb aeglane bac3\" data-original=\"https:\/\/www.mooblimasin.ee\/wp-content\/gallery\/led-valgusriba-uksesensor-hafele-loox-5\/Uksesensor-Ha%CC%88fele_833.89.128.jpg\" style=\"background-image: url(&quot;https:\/\/www.mooblimasin.ee\/wp-content\/gallery\/led-valgusriba-uksesensor-hafele-loox-5\/Uksesensor-Ha%CC%88fele_833.89.128.jpg&quot;); display: block;\">\n\t\t            <a href=\"https:\/\/www.mooblimasin.ee\/wp-content\/gallery\/led-valgusriba-uksesensor-hafele-loox-5\/Uksesensor-Ha%CC%88fele_833.89.128.jpg\" alt=\"<p class=v2ikealt>Uksesensor-Ha\u0308fele_833.89.128<\/p>\" title=\"\" data-src=\"https:\/\/www.mooblimasin.ee\/wp-content\/gallery\/led-valgusriba-uksesensor-hafele-loox-5\/Uksesensor-Ha%CC%88fele_833.89.128.jpg\" rel=\"gr1\" data-thumbnail=\"https:\/\/www.mooblimasin.ee\/wp-content\/gallery\/led-valgusriba-uksesensor-hafele-loox-5\/Uksesensor-Ha%CC%88fele_833.89.128.jpg\" data-title=\"Uksesensor-Ha\u0308fele_833.89.128\" data-description=\"\" class=\"ngg-fancybox s\">\n\t\t            <\/a>\n\t\t      <\/div>\n\t\t<\/li>\n\t\t\n\t\t\t\t\n\t \t\t\t\n\t\t<li>\n\t\t      <div class=\"nextthumb aeglane bac3\" data-original=\"https:\/\/www.mooblimasin.ee\/wp-content\/gallery\/led-valgusriba-uksesensor-hafele-loox-5\/Uksesensor-Ha%CC%88fele_833.89.128_1.jpg\" style=\"background-image: url(&quot;https:\/\/www.mooblimasin.ee\/wp-content\/gallery\/led-valgusriba-uksesensor-hafele-loox-5\/Uksesensor-Ha%CC%88fele_833.89.128_1.jpg&quot;); display: block;\">\n\t\t            <a href=\"https:\/\/www.mooblimasin.ee\/wp-content\/gallery\/led-valgusriba-uksesensor-hafele-loox-5\/Uksesensor-Ha%CC%88fele_833.89.128_1.jpg\" alt=\"<p class=v2ikealt>Uksesensor-Ha\u0308fele_833.89.128_1<\/p>\" title=\"\" data-src=\"https:\/\/www.mooblimasin.ee\/wp-content\/gallery\/led-valgusriba-uksesensor-hafele-loox-5\/Uksesensor-Ha%CC%88fele_833.89.128_1.jpg\" rel=\"gr1\" data-thumbnail=\"https:\/\/www.mooblimasin.ee\/wp-content\/gallery\/led-valgusriba-uksesensor-hafele-loox-5\/Uksesensor-Ha%CC%88fele_833.89.128_1.jpg\" data-title=\"Uksesensor-Ha\u0308fele_833.89.128_1\" data-description=\"\" class=\"ngg-fancybox s\">\n\t\t            <\/a>\n\t\t      <\/div>\n\t\t<\/li>\n\t\t\n\t\t\t\t\n\t \t \t<\/ul>\n \t\n\t<!-- Pagination -->\n \t \t\n<\/div>\n\n\n<hr>\n<h3>LED-valgusriba Versa Inside<\/h3>\n<ul>\n<li>Valgustugevus 14,4W\/meetri kohta<\/li>\n<li>24V, IP20<\/li>\n<li>Soe ja neutraalne valgus<\/li>\n<li>S\u00fcvistatav alumiiniumprofiil<\/li>\n<li>Kleebitav<\/li>\n<\/ul>\n<p>N\u00e4idislahendus<\/p>\n<figure><p>Invalid Displayed Gallery<\/p><\/noscript><\/figure>\n<hr>\n<h3>LED-valgusriba puutel\u00fcliti\/dimmer ChannelLine<\/h3>\n<ul>\n<li>L\u00fclituseks LED-valgusribale<\/li>\n<li>24V, max 72W<\/li>\n<li>Kaabli pikkus 1800 mm<\/li>\n<li>LED m\u00e4rgutuli<\/li>\n<li>Paigaldus alumiiniumprofiilis<\/li>\n<\/ul>\n<p>N\u00e4idislahendus<\/p>\n<figure><p>Invalid Displayed Gallery<\/p><\/noscript><\/figure>\n<hr>\n<h3>LED-valguse l\u00fcliti MultiSwitch Touch<\/h3>\n<ul>\n<li>L\u00fclituseks LED-kohtvalgustile v\u00f5i LED-valgusribale<\/li>\n<li>12V\/24V, 36W\/72W<\/li>\n<li>Kaabli pikkus 2000 mm<\/li>\n<li>Viimistlus: alumiinium<\/li>\n<li>LED m\u00e4rgutuli<\/li>\n<li>S\u00fcvis v\u00f5i pinnapealne paigaldus<\/li>\n<\/ul>\n<p>N\u00e4idislahendus<\/p>\n<figure><p>Invalid Displayed Gallery<\/p><\/noscript><\/figure>\n<hr>\n<h3>LED-valguse dimmer-l\u00fcliti MultiSwitch Push<\/h3>\n<ul>\n<li>L\u00fclituseks LED-kohtvalgustile v\u00f5i LED-valgusribale<\/li>\n<li>12V\/24V, 36W\/72W<\/li>\n<li>Kaabli pikkus 1800 mm<\/li>\n<li>Viimistlus: alumiinium<\/li>\n<li>S\u00fcvispaigaldus<\/li>\n<\/ul>\n<p>N\u00e4idislahendus<\/p>\n<figure><p>Invalid Displayed Gallery<\/p><\/noscript><\/figure>\n<hr>\n<h3>LED-valguse infrapunasensor MultiSwitch contact<\/h3>\n<ul>\n<li>L\u00fclituseks LED-kohtvalgustile v\u00f5i LED-valgusribale<\/li>\n<li>12V\/24V, 36W\/72W<\/li>\n<li>Kaabli pikkus 2000 mm<\/li>\n<li>Viimistlus: alumiinium<\/li>\n<li>S\u00fcvis- v\u00f5i pinnapealne paigaldus<\/li>\n<\/ul>\n<figure><p>Invalid Displayed Gallery<\/p><\/noscript><\/figure>\n<hr>\n<h3>LED-valguse puutetundlik sensor MagicSwitch<\/h3>\n<ul>\n<li>L\u00fclituseks LED-kohtvalgustile v\u00f5i LED-valgusribale<\/li>\n<li>Max 250W<\/li>\n<li>Materjali max paksus 19 mm<\/li>\n<li>Kaabli pikkus 1900 mm<\/li>\n<li>S\u00fcvistatud peidetult<\/li>\n<\/ul>\n<p>N\u00e4idislahendus<\/p>\n<figure><p>Invalid Displayed Gallery<\/p><\/noscript><\/figure>\n<hr>\n<h3>LED-valgusti ACANTUS<\/h3>\n<ul>\n<li>3,4W 12V IP20 3000K<\/li>\n<li>Soe valgus<\/li>\n<li>Klaas piimjasvalge<\/li>\n<li>S\u00fcvispaigaldus<\/li>\n<li>Viimistlused antiik h\u00f5be, antiik pronks ja oriental silver<\/li>\n<li>Sobilik klassikalisele k\u00f6\u00f6gim\u00f6\u00f6blile<\/li>\n<\/ul>\n<figure><p>Invalid Displayed Gallery<\/p><\/noscript><\/figure>\n<hr>\n<h3>LED-valgusti ACOYA<\/h3>\n<ul>\n<li>3,4W 12V IP20 3000K<\/li>\n<li>Soe valgus<\/li>\n<li>Klaas piimjasvalge<\/li>\n<li>S\u00fcvispaigaldus<\/li>\n<li>Viimistlused antiik pronks ja antiik tina<\/li>\n<li>Sobilik klassikalisele k\u00f6\u00f6gim\u00f6\u00f6blile<\/li>\n<\/ul>\n<figure><p>Invalid Displayed Gallery<\/p><\/noscript><\/figure>\n<hr>\n<h3>LED-valgusti PASSEPARTOUT<\/h3>\n<ul>\n<li>3,4W 12V IP20 3000K<\/li>\n<li>Soe valgus<\/li>\n<li>Klaas piimjasvalge<\/li>\n<li>S\u00fcvispaigaldus<\/li>\n<li>Viimistlused antiik pronks ja antiik tina<\/li>\n<li>Sobilik klassikalisele k\u00f6\u00f6gim\u00f6\u00f6blile<\/li>\n<\/ul>\n<figure><p>Invalid Displayed Gallery<\/p><\/noscript><\/figure>\n<hr>\n<h3>LED-sensor TOUCH ME<\/h3>\n<ul>\n<li>30W 12V<\/li>\n<li>V\u00f5imaldab dimmerdada valgustugevust<\/li>\n<li>Viimistlus alumiinium<\/li>\n<li>S\u00fcvispaigaldus<\/li>\n<li>Viimistlus alumiinium<\/li>\n<\/ul>\n<figure><p>Invalid Displayed Gallery<\/p><\/noscript><\/figure>\n<hr>\n<h3>Disain LED-valgusti X-SIGN<\/h3>\n<ul>\n<li>10W 24V<\/li>\n<li>M\u00f5\u00f5dud: 103x103x179 mm<\/li>\n<li>Soe valgus<\/li>\n<li>Korpus valge plast<\/li>\n<li>Pinnapealne paigaldus<\/li>\n<li>Saadaval ka dimmerl\u00fclitiga<\/li>\n<\/ul>\n<p>N\u00e4idislahendus<\/p>\n<figure><p>Invalid Displayed Gallery<\/p><\/noscript><\/figure>\n<hr>\n<h3>LED valgusti InnoLine Plus<\/h3>\n<ul>\n<li>Valgustugevused 2-3,5W<\/li>\n<li>Sobilik nii sahtlisse kui kappi<\/li>\n<li>Karkassi laiuste vahemik 400-700 mm (v\u00f5imalik l\u00f5igata)<\/li>\n<li>Neutraalne valgus<\/li>\n<li>Korpus alumiinium<\/li>\n<li>Pinnapealne paigaldus<\/li>\n<\/ul>\n<figure><img decoding=\"async\" class=\"lazy alignnone\" src=\"https:\/\/www.mooblimasin.ee\/wp-content\/plugins\/jquery-image-lazy-loading\/images\/grey.gif\" data-original=\"https:\/\/www.mooblimasin.ee\/wp-content\/uploads\/2014\/06\/innolineplus.jpg\" alt=\"\"><noscript><img decoding=\"async\" class=\"alignnone\" src=\"https:\/\/www.mooblimasin.ee\/wp-content\/uploads\/2014\/06\/innolineplus.jpg\" alt=\"\"><\/noscript><\/figure>\n<p>N\u00e4idislahendus<\/p>\n<figure>\n<div class=\"oi ngg-galleryoverview ngg-ajax-pagination-none\" id=\"ngg-gallery-17718-5344\">\n\n\t\n\t<!-- Thumbnails -->\n\t<ul class=\"small-block-grid-1 medium-block-grid-3 large-block-grid-3 xlarge-block-grid-3 xxlarge-block-grid-4\">\n\t\t\t\t\n\t\t<li>\n\t\t      <div class=\"nextthumb aeglane bac3\" data-original=\"https:\/\/www.mooblimasin.ee\/wp-content\/gallery\/led-valgusti-innoline-plus\/innolineplus_naide.jpg\" style=\"background-image: url(&quot;https:\/\/www.mooblimasin.ee\/wp-content\/gallery\/led-valgusti-innoline-plus\/innolineplus_naide.jpg&quot;); display: block;\">\n\t\t            <a href=\"https:\/\/www.mooblimasin.ee\/wp-content\/gallery\/led-valgusti-innoline-plus\/innolineplus_naide.jpg\" alt=\"<p class=v2ikealt>LED valgusti InnoLine Plus n\u00e4ide<\/p>\" title=\"\" data-src=\"https:\/\/www.mooblimasin.ee\/wp-content\/gallery\/led-valgusti-innoline-plus\/innolineplus_naide.jpg\" rel=\"gr1\" data-thumbnail=\"https:\/\/www.mooblimasin.ee\/wp-content\/gallery\/led-valgusti-innoline-plus\/innolineplus_naide.jpg\" data-title=\"LED valgusti InnoLine Plus n\u00e4ide\" data-description=\"\" class=\"ngg-fancybox s\">\n\t\t            <\/a>\n\t\t      <\/div>\n\t\t<\/li>\n\t\t\n\t\t\t\t\n\t \t \t<\/ul>\n \t\n\t<!-- Pagination -->\n \t \t\n<\/div>\n\n<\/noscript><\/figure>\n","protected":false},"excerpt":{"rendered":"<p>Meilt on v\u00f5imalik tellida ainult eritellimusel k\u00f6\u00f6gim\u00f6\u00f6bli terviklahendusi.&nbsp;<br \/>\nEraldi t\u00f6\u00f6tasapindu, kapiuksi, furnituuri ja k\u00f6\u00f6gitehnikat M\u00f6\u00f6blimasin ei paku.<br \/>\nValgustuse valik on v\u00e4ga oluline planeeritava k\u00f6\u00f6gim\u00f6\u00f6bli juures. Kui Sul on k\u00f6\u00f6gis v\u00e4he loomulikku v\u00f5i \u00fcldvalgust, siis vali kindlasti pigem LED valgusriba, mille t\u00f6\u00f6valgus on<\/p>\n","protected":false},"author":1,"featured_media":0,"parent":0,"menu_order":0,"comment_status":"open","ping_status":"open","template":"","meta":{"ngg_post_thumbnail":0,"footnotes":""},"class_list":["post-5344","page","type-page","status-publish","hentry"],"acf":[],"_links":{"self":[{"href":"https:\/\/www.mooblimasin.ee\/fi\/wp-json\/wp\/v2\/pages\/5344","targetHints":{"allow":["GET"]}}],"collection":[{"href":"https:\/\/www.mooblimasin.ee\/fi\/wp-json\/wp\/v2\/pages"}],"about":[{"href":"https:\/\/www.mooblimasin.ee\/fi\/wp-json\/wp\/v2\/types\/page"}],"author":[{"embeddable":true,"href":"https:\/\/www.mooblimasin.ee\/fi\/wp-json\/wp\/v2\/users\/1"}],"replies":[{"embeddable":true,"href":"https:\/\/www.mooblimasin.ee\/fi\/wp-json\/wp\/v2\/comments?post=5344"}],"version-history":[{"count":18,"href":"https:\/\/www.mooblimasin.ee\/fi\/wp-json\/wp\/v2\/pages\/5344\/revisions"}],"predecessor-version":[{"id":18915,"href":"https:\/\/www.mooblimasin.ee\/fi\/wp-json\/wp\/v2\/pages\/5344\/revisions\/18915"}],"wp:attachment":[{"href":"https:\/\/www.mooblimasin.ee\/fi\/wp-json\/wp\/v2\/media?parent=5344"}],"curies":[{"name":"wp","href":"https:\/\/api.w.org\/{rel}","templated":true}]}}