{"id":5340,"date":"2014-06-13T11:29:56","date_gmt":"2014-06-13T08:29:56","guid":{"rendered":"http:\/\/www.mooblimasin.ee\/tostesusteemid-furnituur-2\/"},"modified":"2021-12-02T12:31:47","modified_gmt":"2021-12-02T10:31:47","slug":"tostesusteemid-furnituur","status":"publish","type":"page","link":"https:\/\/www.mooblimasin.ee\/fi\/tostesusteemid-furnituur\/","title":{"rendered":"T\u00f5stes\u00fcsteemid"},"content":{"rendered":"<p><strong>Meilt on v\u00f5imalik tellida ainult eritellimusel k\u00f6\u00f6gim\u00f6\u00f6bli terviklahendusi.&nbsp;<\/strong><br \/>\n<strong>Eraldi t\u00f6\u00f6tasapindu, kapiuksi, furnituuri ja k\u00f6\u00f6gitehnikat M\u00f6\u00f6blimasin ei paku.<\/strong><\/p>\n<p>T\u00f5stes\u00fcsteemid Blum Aventos HF, HK, HL ja HS&nbsp;avanevad \u00fclesse ja liiguvad mugavamaks kasutamiseks eest \u00e4ra. See tagab ergonoomilise ligip\u00e4\u00e4su kappide sisemusse.<\/p>\n<p>T\u00f5stes\u00fcsteemidele on v\u00f5imalik lisana planeerida elektriline avamise s\u00fcsteem Servo-Drive. S\u00fcsteem v\u00f5imaldab esipaneele avada kerge puudutusega, mis muudab lihtsalt avatavaks ka suurem\u00f5\u00f5dulised uksepaneelid.&nbsp;Lihtsa ja mugava sulgemise tagab kapi k\u00fcljele integreeritud l\u00fcliti. Tooted on varustatud BLUMOTION s\u00fcsteemiga, mis tagab vaikse sulgumise.<\/p>\n<h3>T\u00f5stes\u00fcsteem Blum Aventos HF<\/h3>\n<ul>\n<li>Esipaneel avaneb \u00fclesse<\/li>\n<li>Seinakapi k\u00f5rguste vahemik 480-1040 mm<\/li>\n<li>Seinakapi maksimaalne laius 1800 mm<\/li>\n<li>Mehhanismikatte viimistlus valge, hall v\u00f5i tumehall<\/li>\n<li>Kasutatav koos seinakappide karniiside ja liistudega<\/li>\n<li>Suurep\u00e4rane ligip\u00e4\u00e4s kapi sisemusele<\/li>\n<li>Vaikselt sulguv BLUMOTION tagab pehme sulgumise<\/li>\n<li>Valikus k\u00e4epidemevaba mehhaaniline s\u00fcsteem TIP-ON<\/li>\n<li>V\u00f5imalus lisada elektriline liikumiss\u00fcsteem Servo-Drive<\/li>\n<li>Sobib k\u00f5ikidele MDF,- puit- ja alumiiniumraamiga esipaneelidele<\/li>\n<\/ul>\n<figure><p>Invalid Displayed Gallery<\/p><\/noscript><br \/>\n<iframe src=\"\/\/www.youtube.com\/embed\/8KkU2kC1qWo\" width=\"425\" height=\"344\" frameborder=\"0\" allowfullscreen=\"allowfullscreen\"><\/iframe><\/figure>\n<hr>\n<h3>T\u00f5ste\u00fcsteem Blum Aventos HK top<\/h3>\n<ul>\n<li>Esipaneel avaneb \u00fclesse<\/li>\n<li>Seinakapi k\u00f5rguste vahemik 205-600 mm<\/li>\n<li>Seinakapi maksimaalne laius 1800 mm<\/li>\n<li>Mehhanismikatte viimistlus valge, hall v\u00f5i tumehall<\/li>\n<li>Kasutatav koos seinakappide karniiside ja liistudega<\/li>\n<li>Suurep\u00e4rane ligip\u00e4\u00e4s kapi sisemusele<\/li>\n<li>Vaikselt sulguv BLUMOTION tagab pehme sulgumise<\/li>\n<li>Valikus k\u00e4epidemevaba mehhaaniline s\u00fcsteem TIP-ON<\/li>\n<li>V\u00f5imalus lisada elektriline liikumiss\u00fcsteem Servo-Drive<\/li>\n<li>Sobib k\u00f5ikidele MDF,- puit- ja alumiiniumraamiga esipaneelidele<\/li>\n<\/ul>\n<figure><p>Invalid Displayed Gallery<\/p><\/noscript><br \/>\n<iframe src=\"\/\/www.youtube.com\/embed\/M-nyXhZoLhg\" width=\"425\" height=\"344\" frameborder=\"0\" allowfullscreen=\"allowfullscreen\"><\/iframe><\/figure>\n<hr>\n<h3>T\u00f5stes\u00fcsteem Blum Aventos HK-S<\/h3>\n<ul>\n<li>Esipaneel avaneb \u00fclesse<\/li>\n<li>Seinakapi k\u00f5rgus kuni 600 mm<\/li>\n<li>Seinakapi maksimaalne laius 1800 mm<\/li>\n<li>Mehhanismikatte viimistlus valge, hall v\u00f5i tumehall<\/li>\n<li>Kasutatav koos seinakappide karniiside ja liistudega<\/li>\n<li>Suurep\u00e4rane ligip\u00e4\u00e4s kapi sisemusele<\/li>\n<li>Vaikselt sulguv BLUMOTION tagab pehme sulgumise<\/li>\n<li>Valikus k\u00e4epidemevaba mehhaaniline s\u00fcsteem TIP-ON<\/li>\n<li>Sobib k\u00f5ikidele MDF,- puit- ja alumiiniumraamiga esipaneelidele<\/li>\n<\/ul>\n<figure><p>Invalid Displayed Gallery<\/p><\/noscript><\/figure>\n<hr>\n<h3>T\u00f5stes\u00fcsteem Blum Aventos HK-XS<\/h3>\n<ul>\n<li>Seinakapi k\u00f5rgus 240-600 mm<\/li>\n<li>Kasutatav koos seinakappide karniiside ja liistudega<\/li>\n<li>V\u00f5imaldab paigaldust v\u00e4ikese s\u00fcgavusega karkassidele (min 125 mm)<\/li>\n<li>Vaikselt sulguv BLUMOTION mehhanism<\/li>\n<li>Saadaval ka TIP-ON mehhanismina<\/li>\n<li>Sobib k\u00f5ikidele MDF,- puit- ja alumiiniumraamiga esipaneelidele<\/li>\n<\/ul>\n<figure><p>Invalid Displayed Gallery<\/p><\/noscript><\/figure>\n<hr>\n<h3>T\u00f5stes\u00fcsteem Blum Aventos HS<\/h3>\n<ul>\n<li>Esipaneel avaneb p\u00f6\u00f6ratuna kapi kohale<\/li>\n<li>Seinakapi k\u00f5rguste vahemik 350-800 mm<\/li>\n<li>Seinakapi maksimaalne laius 1800 mm<\/li>\n<li>Mehhanismikatte viimistlus valge, hall v\u00f5i tumehall<\/li>\n<li>Kasutatav koos seinakappide karniiside ja liistudega<\/li>\n<li>Suurep\u00e4rane ligip\u00e4\u00e4s kapi sisemusele<\/li>\n<li>Vaikselt sulguv BLUMOTION mehhanism<\/li>\n<li>Sobib k\u00f5ikidele MDF,- puit- ja alumiiniumraamiga esipaneelidele<\/li>\n<\/ul>\n<figure><p>Invalid Displayed Gallery<\/p><\/noscript><\/figure>\n<p><iframe src=\"\/\/www.youtube.com\/embed\/GSBF2nfFH9I\" width=\"425\" height=\"344\" frameborder=\"0\" allowfullscreen=\"allowfullscreen\"><\/iframe><\/p>\n<hr>\n<h3>T\u00f5stes\u00fcsteem Blum Aventos HL<\/h3>\n<ul>\n<li>Esipanel avaneb \u00fclesse kapiga paralleelselt<\/li>\n<li>Seinakapi k\u00f5rguste vahemik 300\u2013580 mm<\/li>\n<li>Seinakapi maksimaalne laius 1800 mm<\/li>\n<li>Mehhanismikatte viimistlus valge, hall v\u00f5i tumehall<\/li>\n<li>Kasutatav koos seinakappide karniiside ja liistudega<\/li>\n<li>Suurep\u00e4rane ligip\u00e4\u00e4s kapi sisemusele<\/li>\n<li>Vaikselt sulguv BLUMOTION mehhanism<\/li>\n<li>V\u00f5imalus lisada elektriline liikumiss\u00fcsteem Servo-Drive<\/li>\n<li>Sobib k\u00f5ikidele MDF,- puit- ja alumiiniumraamiga esipaneelidele<\/li>\n<\/ul>\n<figure><p>Invalid Displayed Gallery<\/p><\/noscript><br \/>\n<iframe src=\"\/\/www.youtube.com\/embed\/D7uuEDud-lY\" width=\"425\" height=\"344\" frameborder=\"0\" allowfullscreen=\"allowfullscreen\"><\/iframe><\/figure>\n<hr>\n<h3>Klappukse mehhanism Grass Kinvaro T-Slim<\/h3>\n<ul>\n<li>Seinakapi maksimaalne k\u00f5rgus 550 mm<\/li>\n<li>Mehhanismi katte viimistlus&nbsp;hall, tumehall v\u00f5i valge<\/li>\n<li>Vaikselt sulguv v\u00f5i Tipmatic avanemisega<\/li>\n<li>Sobib k\u00f5ikidele MDF,- puit- ja alumiiniumraamiga esipaneelidele<\/li>\n<\/ul>\n<figure><p>Invalid Displayed Gallery<\/p><\/noscript><\/figure>\n<hr>\n<h3>Mootoriga mehhanism LegaMove<\/h3>\n<ul>\n<li>Teleskoopiline, varustatud mootoriga<\/li>\n<li>K\u00e4igumaa 489 mm<\/li>\n<li>Viimistlus: anodeeritud alumiinium<\/li>\n<li>Kandev\u00f5ime 40 kg<\/li>\n<li>Komplektis elektrooniline WiFi moodul LegaMove<\/li>\n<\/ul>\n<figure><p>Invalid Displayed Gallery<\/p><\/noscript><br \/>\n<iframe src=\"https:\/\/www.youtube.com\/embed\/rqPmVpDzRMk\" width=\"560\" height=\"315\" frameborder=\"0\" allowfullscreen=\"allowfullscreen\"><\/iframe><\/figure>\n","protected":false},"excerpt":{"rendered":"<p>Meilt on v\u00f5imalik tellida ainult eritellimusel k\u00f6\u00f6gim\u00f6\u00f6bli terviklahendusi.&nbsp;<br \/>\nEraldi t\u00f6\u00f6tasapindu, kapiuksi, furnituuri ja k\u00f6\u00f6gitehnikat M\u00f6\u00f6blimasin ei paku.<br \/>\nT\u00f5stes\u00fcsteemid Blum Aventos HF, HK, HL ja HS&nbsp;avanevad \u00fclesse ja liiguvad mugavamaks kasutamiseks eest \u00e4ra. See tagab ergonoomilise ligip\u00e4\u00e4su kappide sisemusse.<br \/>\nT\u00f5stes\u00fcsteemidele on v\u00f5imalik lisana planeerida<\/p>\n","protected":false},"author":1,"featured_media":0,"parent":0,"menu_order":0,"comment_status":"open","ping_status":"open","template":"","meta":{"ngg_post_thumbnail":0,"footnotes":""},"class_list":["post-5340","page","type-page","status-publish","hentry"],"acf":[],"_links":{"self":[{"href":"https:\/\/www.mooblimasin.ee\/fi\/wp-json\/wp\/v2\/pages\/5340","targetHints":{"allow":["GET"]}}],"collection":[{"href":"https:\/\/www.mooblimasin.ee\/fi\/wp-json\/wp\/v2\/pages"}],"about":[{"href":"https:\/\/www.mooblimasin.ee\/fi\/wp-json\/wp\/v2\/types\/page"}],"author":[{"embeddable":true,"href":"https:\/\/www.mooblimasin.ee\/fi\/wp-json\/wp\/v2\/users\/1"}],"replies":[{"embeddable":true,"href":"https:\/\/www.mooblimasin.ee\/fi\/wp-json\/wp\/v2\/comments?post=5340"}],"version-history":[{"count":19,"href":"https:\/\/www.mooblimasin.ee\/fi\/wp-json\/wp\/v2\/pages\/5340\/revisions"}],"predecessor-version":[{"id":17542,"href":"https:\/\/www.mooblimasin.ee\/fi\/wp-json\/wp\/v2\/pages\/5340\/revisions\/17542"}],"wp:attachment":[{"href":"https:\/\/www.mooblimasin.ee\/fi\/wp-json\/wp\/v2\/media?parent=5340"}],"curies":[{"name":"wp","href":"https:\/\/api.w.org\/{rel}","templated":true}]}}