{"id":5336,"date":"2014-06-13T11:27:54","date_gmt":"2014-06-13T08:27:54","guid":{"rendered":"http:\/\/www.mooblimasin.ee\/nurgakapi-karussellid-furnituur-2\/"},"modified":"2021-12-02T12:27:45","modified_gmt":"2021-12-02T10:27:45","slug":"nurgakapi-karussellid-furnituur","status":"publish","type":"page","link":"https:\/\/www.mooblimasin.ee\/fi\/nurgakapi-karussellid-furnituur\/","title":{"rendered":"Nurgakapi karussellid"},"content":{"rendered":"<p><strong>Meilt on v\u00f5imalik tellida ainult eritellimusel k\u00f6\u00f6gim\u00f6\u00f6bli terviklahendusi.&nbsp;<\/strong><br \/>\n<strong>Eraldi t\u00f6\u00f6tasapindu, kapiuksi, furnituuri ja k\u00f6\u00f6gitehnikat M\u00f6\u00f6blimasin ei paku.<\/strong><\/p>\n<p>Maailma juhtivad furnituuritootjad on nurgakappide karussellid v\u00e4lja m\u00f5eldud pimenurkade mugavamaks kasutamiseks.&nbsp;S\u00f5ltuvalt kavandatavast k\u00f6\u00f6gim\u00f6\u00f6bli planeeringust on Sul v\u00f5imalus valida erinevate mehhanismide vahel: ovaalse kujuga ehk neerukujuliste riiulitega (Kesseb\u00f6hmer LeMans, Quaturis S), ristk\u00fcliku kujuliste korvidega (Kesseb\u00f6hmer Magic Corner, Kesseb\u00f6hmer Magic Corner II) v\u00f5i t\u00e4isp\u00f6\u00f6rlevate riiulitega (Quaturis T75).<\/p>\n<h2>Nurgakapi mehhanism Kesseb\u00f6hmer LeMans<\/h2>\n<ul>\n<li>Suurep\u00e4rane ligip\u00e4\u00e4s kapi sisemusele<\/li>\n<li>Riiulid p\u00f6\u00f6ravad peaaegu t\u00e4ielikult kapist v\u00e4lja<\/li>\n<li>Kandev\u00f5ime kuni 25 kg riiuli kohta<\/li>\n<li>Materjal: metall, riiuli p\u00f5hi libisemist takistava p\u00f5hjamaterjaliga<\/li>\n<li>Riiulid: valge\/kroom ja antratsiit<\/li>\n<\/ul>\n<figure><p>Invalid Displayed Gallery<\/p><\/noscript><\/figure>\n<p><iframe src=\"\/\/www.youtube.com\/embed\/pv_IM7t5ZB8\" width=\"425\" height=\"344\" frameborder=\"0\" allowfullscreen=\"allowfullscreen\"><\/iframe><\/p>\n<hr>\n<h2>Nurgakapi mehhanism Kesseb\u00f6hmer Magic Corner<\/h2>\n<ul>\n<li>Suurep\u00e4rane ligip\u00e4\u00e4s kapi sisemusele<\/li>\n<li>Kandev\u00f5ime: sisekorvid 2 x 9 kg, v\u00e4ljat\u00f5mmatavad korvid 2 x 7 kg<\/li>\n<li>Materjal: metall; raam hall (RAL9004), korvid kroom<\/li>\n<\/ul>\n<figure><p>Invalid Displayed Gallery<\/p><\/noscript><\/figure>\n<p><iframe src=\"\/\/www.youtube.com\/embed\/hpK84dPAPY4\" width=\"425\" height=\"344\" frameborder=\"0\" allowfullscreen=\"allowfullscreen\"><\/iframe><\/p>\n<hr>\n<h2>Nurgakapi mehhanism Kesseb\u00f6hmer Magic Corner II<\/h2>\n<ul>\n<li>Suurep\u00e4rane ligip\u00e4\u00e4s kapi sisemusele<\/li>\n<li>Kandev\u00f5ime: sisekorvid 2 x 9 kg, v\u00e4ljat\u00f5mmatavad korvid 2 x 7 kg<\/li>\n<li>Materjal: metall; raam hall (RAL9004), korvid kroom<\/li>\n<\/ul>\n<figure><p>Invalid Displayed Gallery<\/p><\/noscript><\/figure>\n<p><iframe src=\"\/\/www.youtube.com\/embed\/Euv3-VPyJQw\" width=\"425\" height=\"344\" frameborder=\"0\" allowfullscreen=\"allowfullscreen\"><\/iframe><\/p>\n<hr>\n<h2>Nurgakapi mehhanism Quaturis L<\/h2>\n<ul>\n<li>Suurep\u00e4rane ligip\u00e4\u00e4s kapi sisemusele<\/li>\n<li>Riiulid p\u00f6\u00f6ravad peaaegu t\u00e4ielikult kapist v\u00e4lja<\/li>\n<li>\u201eAnti-Slip\u201c pinnaga riiulid, kroomitud \u00e4\u00e4rise ja reelinguga<\/li>\n<li>Kandev\u00f5ime kuni 20 kg riiuli kohta<\/li>\n<li>K\u00f5rguse reguleerimine riiulitel astmeteta<\/li>\n<\/ul>\n<figure><p>Invalid Displayed Gallery<\/p><\/noscript><\/figure>\n<hr>\n<h2>Nurgakapi karussell Quaturis T-75<\/h2>\n<ul>\n<li>T\u00e4isp\u00f6\u00f6rlev<\/li>\n<li>Atraktiivne disain<\/li>\n<li>Suurep\u00e4rane stabiilsus<\/li>\n<li>Lihtne riiulite k\u00f5rguse reguleerimine<\/li>\n<li>Riiulid: plastik, hall RAL7004<\/li>\n<li>800-900 mm nurgakapile<\/li>\n<\/ul>\n<figure><p>Invalid Displayed Gallery<\/p><\/noscript><br \/>\n<iframe src=\"\/\/www.youtube.com\/embed\/iyrcz5GzoHk\" width=\"425\" height=\"344\" frameborder=\"0\" allowfullscreen=\"allowfullscreen\"><\/iframe><\/figure>\n<p>&nbsp;<\/p>\n<hr>\n<h2>Nurgakapi karussell Kesseb\u00f6hmer Revo 90<\/h2>\n<ul>\n<li>T\u00e4isp\u00f6\u00f6rlev, uksed vaikselt sulguvad<\/li>\n<li>Riiulid: valge\/kroom ja antratsiit<\/li>\n<li>Suurep\u00e4rane stabiilsus<\/li>\n<li>Lihtne riiulite k\u00f5rguse reguleerimine<\/li>\n<li>Riiulid: 2 melamiinp\u00f5hjaga riiulit<\/li>\n<li>800\u00d7800 mm ja 900\u00d7900 mm nurgakapile<\/li>\n<\/ul>\n<figure><p>Invalid Displayed Gallery<\/p><\/noscript><\/figure>\n<p><iframe src=\"https:\/\/www.youtube.com\/embed\/rSWMFue8ijU\" width=\"425\" height=\"344\" frameborder=\"0\" allowfullscreen=\"allowfullscreen\"><\/iframe><\/p>\n<hr>\n<h2>Nurgakapi karussell Kesseb\u00f6hmer Revo 45<\/h2>\n<ul>\n<li>T\u00e4isp\u00f6\u00f6rlev<\/li>\n<li>Suurep\u00e4rane stabiilsus<\/li>\n<li>Suure mahutuvusega<\/li>\n<li>Kroomitud reelingutega<\/li>\n<li>Lihtne riiulite k\u00f5rguse reguleerimine<\/li>\n<li>Riiulid: valge melamiinp\u00f5hjaga 2 riiulit<\/li>\n<li>45\u00b0nurgakapile<\/li>\n<\/ul>\n<figure><p>Invalid Displayed Gallery<\/p><\/noscript><\/figure>\n<hr>\n<h2>Nurgakapi Mehhanism Kesseb\u00f6hmer Arena 3\/4<\/h2>\n<ul>\n<li>T\u00e4isp\u00f6\u00f6rlev<\/li>\n<li>Suurep\u00e4rane stabiilsus<\/li>\n<li>Suure mahutuvusega<\/li>\n<li>Kroomitud reelingutega<\/li>\n<li>Riiulid: valge melamiinp\u00f5hjaga 2 riiulit<\/li>\n<li>45\u00b0nurgakapile<\/li>\n<li>Uksed avanevad kokkuvoldituna k\u00fcljele<\/li>\n<li>Sobiv profiilk\u00e4epideme lahenduse puhul (L ja C profiil)<\/li>\n<\/ul>\n<figure><p>Invalid Displayed Gallery<\/p><\/noscript><\/figure>\n<p><iframe src=\"https:\/\/www.youtube.com\/embed\/cVvFaaGqgSU\" width=\"560\" height=\"315\" frameborder=\"0\" allowfullscreen=\"allowfullscreen\"><\/iframe><\/p>\n","protected":false},"excerpt":{"rendered":"<p>Meilt on v\u00f5imalik tellida ainult eritellimusel k\u00f6\u00f6gim\u00f6\u00f6bli terviklahendusi.&nbsp;<br \/>\nEraldi t\u00f6\u00f6tasapindu, kapiuksi, furnituuri ja k\u00f6\u00f6gitehnikat M\u00f6\u00f6blimasin ei paku.<br \/>\nMaailma juhtivad furnituuritootjad on nurgakappide karussellid v\u00e4lja m\u00f5eldud pimenurkade mugavamaks kasutamiseks.&nbsp;S\u00f5ltuvalt kavandatavast k\u00f6\u00f6gim\u00f6\u00f6bli planeeringust on Sul v\u00f5imalus valida erinevate mehhanismide vahel: ovaalse kujuga ehk neerukujuliste<\/p>\n","protected":false},"author":1,"featured_media":0,"parent":0,"menu_order":0,"comment_status":"open","ping_status":"open","template":"","meta":{"ngg_post_thumbnail":0,"footnotes":""},"class_list":["post-5336","page","type-page","status-publish","hentry"],"acf":[],"_links":{"self":[{"href":"https:\/\/www.mooblimasin.ee\/fi\/wp-json\/wp\/v2\/pages\/5336","targetHints":{"allow":["GET"]}}],"collection":[{"href":"https:\/\/www.mooblimasin.ee\/fi\/wp-json\/wp\/v2\/pages"}],"about":[{"href":"https:\/\/www.mooblimasin.ee\/fi\/wp-json\/wp\/v2\/types\/page"}],"author":[{"embeddable":true,"href":"https:\/\/www.mooblimasin.ee\/fi\/wp-json\/wp\/v2\/users\/1"}],"replies":[{"embeddable":true,"href":"https:\/\/www.mooblimasin.ee\/fi\/wp-json\/wp\/v2\/comments?post=5336"}],"version-history":[{"count":10,"href":"https:\/\/www.mooblimasin.ee\/fi\/wp-json\/wp\/v2\/pages\/5336\/revisions"}],"predecessor-version":[{"id":17245,"href":"https:\/\/www.mooblimasin.ee\/fi\/wp-json\/wp\/v2\/pages\/5336\/revisions\/17245"}],"wp:attachment":[{"href":"https:\/\/www.mooblimasin.ee\/fi\/wp-json\/wp\/v2\/media?parent=5336"}],"curies":[{"name":"wp","href":"https:\/\/api.w.org\/{rel}","templated":true}]}}