{"id":5333,"date":"2014-06-13T11:25:13","date_gmt":"2014-06-13T08:25:13","guid":{"rendered":"http:\/\/www.mooblimasin.ee\/cargosusteemid-furnituur-2\/"},"modified":"2021-12-02T12:15:29","modified_gmt":"2021-12-02T10:15:29","slug":"cargosusteemid-furnituur","status":"publish","type":"page","link":"https:\/\/www.mooblimasin.ee\/fi\/cargosusteemid-furnituur\/","title":{"rendered":"Cargos\u00fcsteemid"},"content":{"rendered":"<p><strong>Meilt on v\u00f5imalik tellida ainult eritellimusel k\u00f6\u00f6gim\u00f6\u00f6bli terviklahendusi.&nbsp;<\/strong><br \/>\n<strong>Eraldi t\u00f6\u00f6tasapindu, kapiuksi, furnituuri ja k\u00f6\u00f6gitehnikat M\u00f6\u00f6blimasin ei paku.<\/strong><\/p>\n<p>Uue k\u00f6\u00f6gi kavandamisel on vaba ruumi olemasolul&nbsp;meie soovitus kindlasti planeerida m\u00f6\u00f6blisse sahtlitele ka kappidele lisaks ka&nbsp;erinevaid cargos\u00fcsteeme. K\u00f5rgkapi cargos\u00fcsteemid (Tandem, Dispensa) on v\u00e4ga mugavad nt kuivainete hoidmise jaoks. T\u00f6\u00f6pinna alla m\u00f5eldud cargos\u00fcsteemides on v\u00f5imalik hoida majapidamises vajalike puhastusvahendeid v\u00f5i k\u00e4ter\u00e4tikut.<\/p>\n<p><strong style=\"color: #474747;\">Cargos\u00fcsteemid&nbsp;on saadaval ainult koos k\u00f6\u00f6gim\u00f6\u00f6bli tellimusega.<\/strong><\/p>\n<h2>K\u00f5rgkapi cargos\u00fcsteem Kesseb\u00f6hmer Tandem<\/h2>\n<ul>\n<li>Uks k\u00fcljele avatav<\/li>\n<li>Riiulid: Teraskorv, kroom<\/li>\n<li>Viimistlus\/v\u00e4rv: raam teras, RAL9006<\/li>\n<li>Kandev\u00f5ime: 70 kg<\/li>\n<li>K\u00f5rgus: 1700 mm<\/li>\n<li>Laius: 600 mm karkassile<\/li>\n<\/ul>\n<figure><p>Invalid Displayed Gallery<\/p><\/noscript><\/figure>\n<h2>K\u00f5rgkapi cargos\u00fcsteem Dispensa<\/h2>\n<ul>\n<li>Ette v\u00e4ljat\u00f5mmatav<\/li>\n<li>Riiulid: Teraskorv, kroom<\/li>\n<li>Viimistlus\/v\u00e4rv: raam teras, RAL9006<\/li>\n<li>Kandev\u00f5ime: 70 kg<\/li>\n<li>K\u00f5rguste vahemik: 1600-2200 mm<\/li>\n<li>Laius: 300 mm ja 400 mm karkassile<\/li>\n<li>Vaikne sulgumine<\/li>\n<\/ul>\n<figure><p>Invalid Displayed Gallery<\/p><\/noscript><\/figure>\n<h2>K\u00f5rgkapi cargos\u00fcsteem Dispensa Swing<\/h2>\n<ul>\n<li>Ette ja k\u00fcljele v\u00e4ljat\u00f5mmatav<\/li>\n<li>Riiulid: Teraskorv, kroom<\/li>\n<li>Viimistlus\/v\u00e4rv: raam teras, RAL9006<\/li>\n<li>Kandev\u00f5ime: 70 kg<\/li>\n<li>K\u00f5rguste vahemik: 1600-2200 mm<\/li>\n<li>Laius: 300 mm ja 400 mm karkassile<\/li>\n<li>Vaikne sulgumine<\/li>\n<\/ul>\n<figure><p>Invalid Displayed Gallery<\/p><\/noscript><\/figure>\n<h2>CARGOS\u00dcSTEEM DISPENSA JUNIOR III<\/h2>\n<ul>\n<li>Ette v\u00e4ljat\u00f5mmatav<\/li>\n<li>Riiulid: valge ja antratsiit<\/li>\n<li>Laius: 300 mm ja 400 mm karkassile<\/li>\n<li>Vaikne sulgumine<\/li>\n<\/ul>\n<figure><p>Invalid Displayed Gallery<\/p><\/noscript><\/figure>\n<h2>CARGOS\u00dcSTEEM JUNIOR YOUBOX 300<\/h2>\n<ul>\n<li>Ette v\u00e4ljat\u00f5mmatav<\/li>\n<li>Sisud\/jaotused: antratsiit<\/li>\n<li>Laius: 300 mm karkassile<\/li>\n<li>Vaikne sulgumine<\/li>\n<\/ul>\n<figure><p>Invalid Displayed Gallery<\/p><\/noscript><\/figure>\n<h2>CARGOS\u00dcSTEEM LEGRABOX<\/h2>\n<table>\n<tbody>\n<tr>\n<td><a class=\"ngg-fancybox\" href=\"https:\/\/www.mooblimasin.ee\/wp-content\/uploads\/2014\/06\/200mm-cargo-Blum-Legrabox-KLS20HA.jpg\"<\/a><img decoding=\"async\" class=\"lazy alignnone\" src=\"https:\/\/www.mooblimasin.ee\/wp-content\/plugins\/jquery-image-lazy-loading\/images\/grey.gif\" data-original=\"https:\/\/www.mooblimasin.ee\/wp-content\/uploads\/2014\/06\/200mm-cargo-Blum-Legrabox-KLS20HA-300x300.jpg\" alt=\"200mm-cargo-Blum-Legrabox-KLS20HA\"><noscript><img decoding=\"async\" class=\"alignnone\" src=\"https:\/\/www.mooblimasin.ee\/wp-content\/uploads\/2014\/06\/200mm-cargo-Blum-Legrabox-KLS20HA-300x300.jpg\" alt=\"200mm-cargo-Blum-Legrabox-KLS20HA\"><\/noscript><\/a><\/td>\n<td>\n<ul>\n<li>Ette v\u00e4ljat\u00f5mmatav<\/li>\n<li>Vaikne sulgumine<\/li>\n<li>Riiulid: melamiin\/metallk\u00fcljed<\/li>\n<li>Kandev\u00f5ime: 40 kg<\/li>\n<li>\u00dclemine korv: k\u00f5rgus 90 mm<\/li>\n<li>Alumine korv: k\u00f5rgus 177 mm<\/li>\n<li>Viimistlus\/v\u00e4rv: tumehall, must ja valge<\/li>\n<li>Laius: 200 mm karkassile<\/li>\n<\/ul>\n<\/td>\n<\/tr>\n<\/tbody>\n<\/table>\n<figure><p>Invalid Displayed Gallery<\/p><\/noscript><\/figure>\n<h2>CARGO Iq Plus<\/h2>\n<table>\n<tbody>\n<tr>\n<td><a class=\"ngg-fancybox\" href=\"https:\/\/www.mooblimasin.ee\/wp-content\/uploads\/2014\/06\/Cargo_IQ-Plus.jpg\"<\/a><img decoding=\"async\" class=\"lazy alignnone\" src=\"https:\/\/www.mooblimasin.ee\/wp-content\/plugins\/jquery-image-lazy-loading\/images\/grey.gif\" data-original=\"https:\/\/www.mooblimasin.ee\/wp-content\/uploads\/2014\/06\/Cargo_IQ-Plus.jpg\" alt=\"Cargo_IQ-Plus\"><noscript><img decoding=\"async\" class=\"alignnone\" src=\"https:\/\/www.mooblimasin.ee\/wp-content\/uploads\/2014\/06\/Cargo_IQ-Plus.jpg\" alt=\"Cargo_IQ-Plus\"><\/noscript><\/a><\/td>\n<td>\n<ul>\n<li>Ette v\u00e4ljat\u00f5mmatav<\/li>\n<li>Vaikne sulgumine<\/li>\n<li>Riiulid: plastik<\/li>\n<li>Riiuli kandev\u00f5ime: 10 kg<\/li>\n<li>Viimistlus\/v\u00e4rv: kroom v\u00f5i h\u00f5be<\/li>\n<li>Laius: 150 mm, 200 mm ja 300 mm karkassile<\/li>\n<li>Kapi min m\u00f5\u00f5dud: s\u00fcgavus 290 mm, k\u00f5rgus 548 mm<\/li>\n<\/ul>\n<\/td>\n<\/tr>\n<\/tbody>\n<\/table>\n<h2>CARGOS\u00dcSTEEM Trinity Plus<\/h2>\n<table>\n<tbody>\n<tr>\n<td><a class=\"ngg-fancybox\" href=\"https:\/\/www.mooblimasin.ee\/wp-content\/uploads\/2014\/06\/Infinity-Plus.jpg\"<\/a><img fetchpriority=\"high\" decoding=\"async\" class=\"lazy alignnone\" src=\"https:\/\/www.mooblimasin.ee\/wp-content\/plugins\/jquery-image-lazy-loading\/images\/grey.gif\" data-original=\"https:\/\/www.mooblimasin.ee\/wp-content\/uploads\/2014\/06\/Infinity-Plus.jpg\" alt=\"Infinity Plus\" width=\"300\" height=\"422\"><noscript><img decoding=\"async\" class=\"alignnone\" src=\"https:\/\/www.mooblimasin.ee\/wp-content\/uploads\/2014\/06\/Infinity-Plus.jpg\" alt=\"Infinity Plus\" width=\"300\" height=\"422\"><\/noscript><\/a><\/td>\n<td>\n<ul>\n<li>Ette v\u00e4ljat\u00f5mmatav<\/li>\n<li>Korvid: T\u00e4isp\u00f5hjaga, reelingud kroomitud<\/li>\n<li>Korvide arv: 5<\/li>\n<li>Kandev\u00f5ime: 80 kg<\/li>\n<li>K\u00f5rguste vahemik: 1880-2180 mm<\/li>\n<li>Laius: 150 mm ja 200 mm karkassile<\/li>\n<li>Vaikne sulgumine<\/li>\n<\/ul>\n<\/td>\n<\/tr>\n<\/tbody>\n<\/table>\n<h2>Seinakapi riiulis\u00fcsteem iMove<\/h2>\n<ul>\n<li style=\"list-style-type: none;\">\n<ul>\n<li style=\"list-style-type: none;\">\n<ul>\n<li>2 riiulit<\/li>\n<li>Kandev\u00f5ime 8 kg<\/li>\n<li>T\u00f6\u00f6pinna kohale allt\u00f5mmatav<\/li>\n<li>Viimistlus: h\u00f5hedane, brilliant valge, antrasiit, shampus<\/li>\n<li>Karkassile laiusega 500 mm ja 600 mm<\/li>\n<\/ul>\n<\/li>\n<\/ul>\n<\/li>\n<\/ul>\n<figure><p>Invalid Displayed Gallery<\/p><\/noscript><\/figure>\n<p><iframe src=\"https:\/\/www.youtube.com\/embed\/S6QYwElh5Ao\" width=\"560\" height=\"315\" frameborder=\"0\" allowfullscreen=\"allowfullscreen\"><\/iframe><\/p>\n","protected":false},"excerpt":{"rendered":"<p>Meilt on v\u00f5imalik tellida ainult eritellimusel k\u00f6\u00f6gim\u00f6\u00f6bli terviklahendusi.&nbsp;<br \/>\nEraldi t\u00f6\u00f6tasapindu, kapiuksi, furnituuri ja k\u00f6\u00f6gitehnikat M\u00f6\u00f6blimasin ei paku.<br \/>\nUue k\u00f6\u00f6gi kavandamisel on vaba ruumi olemasolul&nbsp;meie soovitus kindlasti planeerida m\u00f6\u00f6blisse sahtlitele ka kappidele lisaks ka&nbsp;erinevaid cargos\u00fcsteeme. K\u00f5rgkapi cargos\u00fcsteemid (Tandem, Dispensa) on v\u00e4ga mugavad nt<\/p>\n","protected":false},"author":1,"featured_media":0,"parent":0,"menu_order":0,"comment_status":"open","ping_status":"open","template":"","meta":{"ngg_post_thumbnail":0,"footnotes":""},"class_list":["post-5333","page","type-page","status-publish","hentry"],"acf":[],"_links":{"self":[{"href":"https:\/\/www.mooblimasin.ee\/fi\/wp-json\/wp\/v2\/pages\/5333","targetHints":{"allow":["GET"]}}],"collection":[{"href":"https:\/\/www.mooblimasin.ee\/fi\/wp-json\/wp\/v2\/pages"}],"about":[{"href":"https:\/\/www.mooblimasin.ee\/fi\/wp-json\/wp\/v2\/types\/page"}],"author":[{"embeddable":true,"href":"https:\/\/www.mooblimasin.ee\/fi\/wp-json\/wp\/v2\/users\/1"}],"replies":[{"embeddable":true,"href":"https:\/\/www.mooblimasin.ee\/fi\/wp-json\/wp\/v2\/comments?post=5333"}],"version-history":[{"count":18,"href":"https:\/\/www.mooblimasin.ee\/fi\/wp-json\/wp\/v2\/pages\/5333\/revisions"}],"predecessor-version":[{"id":16966,"href":"https:\/\/www.mooblimasin.ee\/fi\/wp-json\/wp\/v2\/pages\/5333\/revisions\/16966"}],"wp:attachment":[{"href":"https:\/\/www.mooblimasin.ee\/fi\/wp-json\/wp\/v2\/media?parent=5333"}],"curies":[{"name":"wp","href":"https:\/\/api.w.org\/{rel}","templated":true}]}}