{"id":5330,"date":"2014-06-13T11:09:08","date_gmt":"2014-06-13T08:09:08","guid":{"rendered":"http:\/\/www.mooblimasin.ee\/prugisusteemid-furnituur-2\/"},"modified":"2022-09-12T14:42:56","modified_gmt":"2022-09-12T11:42:56","slug":"prugisusteemid-furnituur","status":"publish","type":"page","link":"https:\/\/www.mooblimasin.ee\/fi\/prugisusteemid-furnituur\/","title":{"rendered":"Pr\u00fcgis\u00fcsteemid"},"content":{"rendered":"<p><strong>Meilt on v\u00f5imalik tellida ainult eritellimusel k\u00f6\u00f6gim\u00f6\u00f6bli terviklahendusi.&nbsp;<\/strong><br \/>\n<strong>Eraldi t\u00f6\u00f6tasapindu, kapiuksi, furnituuri ja k\u00f6\u00f6gitehnikat M\u00f6\u00f6blimasin ei paku.<\/strong><\/p>\n<p><span style=\"color: #474747;\"><span style=\"color: #222222;\">Pakume toodetavale k\u00f6\u00f6gim\u00f6\u00f6blile peamiselt maailma juhtivate furnituuritootjate GRASSi ja BLUMi&nbsp;pr\u00fcgis\u00fcsteeme.<\/span><\/span><\/p>\n<p><span style=\"color: #474747;\"><span style=\"color: #222222;\">Erinevate pr\u00fcgis\u00fcsteemide planeerimine k\u00f6\u00f6gim\u00f6\u00f6bli juurde muudab igap\u00e4evase pr\u00fcgisorteerimise lihtsamaks. Soovitame valida ette v\u00e4ljat\u00f5mmatav pr\u00fcgikastimehhanism, kuna peame sellist s\u00fcsteemi k\u00f5ige kasutajamugavamaks.<br \/>\n<\/span><\/span><\/p>\n<p><span style=\"color: #474747;\"><span style=\"color: #222222;\">Ette v\u00e4ljat\u00f5mmatavatele pr\u00fcgis\u00fcsteemidele on v\u00f5imalik lisana paigaldada elekriline avaja v\u00f5i pedaal.&nbsp;<\/span><\/span><\/p>\n<h2>Pr\u00fcgikastimehhanism Blum Servo-Drive Uno<\/h2>\n<p>K\u00e4ed on kinni ja pr\u00fcgisahtel on suletud \u2013 see on ilmselt tuttav tunne? SERVO-DRIVE Unoga sellist probleemi ei esine. Pr\u00fcgisahtel avaneb automaatselt puudutusele. Avamiseks v\u00f5ib kasutada p\u00f5lve v\u00f5i puusa. Esipaneel p\u00fcsib nii puhtana. Lihtne ja kasutajamugav.<\/p>\n<table border=\"0\" width=\"auto\">\n<tbody>\n<tr>\n<td><a class=\"ngg-fancybox\" href=\"https:\/\/www.mooblimasin.ee\/wp-content\/uploads\/2014\/06\/blum-servo-drive-uno.jpg\"<\/a><img decoding=\"async\" class=\"lazy alignnone\" src=\"https:\/\/www.mooblimasin.ee\/wp-content\/plugins\/jquery-image-lazy-loading\/images\/grey.gif\" data-original=\"https:\/\/www.mooblimasin.ee\/wp-content\/uploads\/2014\/06\/blum-servo-drive-uno-300x187.jpg\" alt=\"\"><noscript><img decoding=\"async\" class=\"alignnone\" src=\"https:\/\/www.mooblimasin.ee\/wp-content\/uploads\/2014\/06\/blum-servo-drive-uno-300x187.jpg\" alt=\"\"><\/noscript><\/a><\/td>\n<td>\n<ul>\n<li>Elektriliselt avanev ja sulguv<\/li>\n<li>Avaneb puutele<\/li>\n<li>Lihtne paigaldus (v\u00f5imalik hilisem paigaldus)<\/li>\n<\/ul>\n<\/td>\n<\/tr>\n<\/tbody>\n<\/table>\n<p><iframe title=\"SERVO-DRIVE uno: Easy opening of your waste bin pull-out - full hands \u2026 no problem | Blum\" width=\"500\" height=\"281\" src=\"https:\/\/www.youtube.com\/embed\/IjCLKFVfa0M?feature=oembed\" frameborder=\"0\" allow=\"accelerometer; autoplay; clipboard-write; encrypted-media; gyroscope; picture-in-picture; web-share\" referrerpolicy=\"strict-origin-when-cross-origin\" allowfullscreen><\/iframe><\/p>\n<p><iframe title=\"Pru\u0308gisu\u0308steem Blum SERVO DRIVE uno\" width=\"500\" height=\"281\" src=\"https:\/\/www.youtube.com\/embed\/kdtJO4stvLE?feature=oembed\" frameborder=\"0\" allow=\"accelerometer; autoplay; clipboard-write; encrypted-media; gyroscope; picture-in-picture; web-share\" referrerpolicy=\"strict-origin-when-cross-origin\" allowfullscreen><\/iframe><\/p>\n<h2>Pr\u00fcgikastimehhanism COX-1 \/400-2<\/h2>\n<table border=\"0\" width=\"auto\">\n<tbody>\n<tr>\n<td><a class=\"ngg-fancybox\" href=\"https:\/\/www.mooblimasin.ee\/wp-content\/uploads\/2014\/06\/pr\u00fcgikastimehhanism-cox-1.jpg\"<\/a><img fetchpriority=\"high\" decoding=\"async\" class=\"lazy \" src=\"https:\/\/www.mooblimasin.ee\/wp-content\/plugins\/jquery-image-lazy-loading\/images\/grey.gif\" data-original=\"https:\/\/www.mooblimasin.ee\/wp-content\/uploads\/2014\/06\/pr\u00fcgikastimehhanism-cox-1-300x300.jpg\" alt=\"Pr\u00fcgikastimehhanism COX-1 \/400-2\" width=\"300\" height=\"300\"><noscript><img decoding=\"async\" src=\"https:\/\/www.mooblimasin.ee\/wp-content\/uploads\/2014\/06\/pr\u00fcgikastimehhanism-cox-1-300x300.jpg\" alt=\"Pr\u00fcgikastimehhanism COX-1 \/400-2\" width=\"300\" height=\"300\"><\/noscript><\/a><\/td>\n<td>\n<ul>\n<li>Pr\u00fcgianumad: 2x10L, hall plast<\/li>\n<li>Laius: 400 mm karkassile<\/li>\n<li>Uks ette v\u00e4ljat\u00f5mmatav<\/li>\n<li>Vaikne sulgumine<\/li>\n<\/ul>\n<\/td>\n<\/tr>\n<\/tbody>\n<\/table>\n<h2>Pr\u00fcgikastimehhanism COX-1 \/450-2<\/h2>\n<table border=\"0\" width=\"auto\">\n<tbody>\n<tr>\n<td><a class=\"ngg-fancybox\" href=\"https:\/\/www.mooblimasin.ee\/wp-content\/uploads\/2014\/06\/Pr\u00fcgikastimehhanism-COX-1-450-2.jpg\"<\/a><img decoding=\"async\" class=\"lazy alignleft\" src=\"https:\/\/www.mooblimasin.ee\/wp-content\/plugins\/jquery-image-lazy-loading\/images\/grey.gif\" data-original=\"https:\/\/www.mooblimasin.ee\/wp-content\/uploads\/2014\/06\/Pr\u00fcgikastimehhanism-COX-1-450-2-300x300.jpg\" alt=\"Pr\u00fcgikastimehhanism COX-1 450-2\"><noscript><img decoding=\"async\" class=\"alignleft\" src=\"https:\/\/www.mooblimasin.ee\/wp-content\/uploads\/2014\/06\/Pr\u00fcgikastimehhanism-COX-1-450-2-300x300.jpg\" alt=\"Pr\u00fcgikastimehhanism COX-1 450-2\"><\/noscript><\/a><\/td>\n<td>\n<ul>\n<li>Pr\u00fcgianumad: 2x16L, hall plast<\/li>\n<li>Laius: 450 mm karkassile<\/li>\n<li>Uks ette v\u00e4ljat\u00f5mmatav<\/li>\n<li>Vaikne sulgumine<\/li>\n<\/ul>\n<\/td>\n<\/tr>\n<\/tbody>\n<\/table>\n<h2>Pr\u00fcgikastimehhanism COX-1 \/500-2<\/h2>\n<table>\n<tbody>\n<tr>\n<td><a class=\"ngg-fancybox\" href=\"https:\/\/www.mooblimasin.ee\/wp-content\/uploads\/2014\/06\/pr\u00fcgikastimehhanism-cox-1-500-2.jpg\"<\/a><img decoding=\"async\" class=\"lazy alignleft\" src=\"https:\/\/www.mooblimasin.ee\/wp-content\/plugins\/jquery-image-lazy-loading\/images\/grey.gif\" data-original=\"https:\/\/www.mooblimasin.ee\/wp-content\/uploads\/2014\/06\/pr\u00fcgikastimehhanism-cox-1-500-2-300x300.jpg\" alt=\"pr\u00fcgikastimehhanism cox-1 500-2\"><noscript><img decoding=\"async\" class=\"alignleft\" src=\"https:\/\/www.mooblimasin.ee\/wp-content\/uploads\/2014\/06\/pr\u00fcgikastimehhanism-cox-1-500-2-300x300.jpg\" alt=\"pr\u00fcgikastimehhanism cox-1 500-2\"><\/noscript><\/a><\/td>\n<td>\n<ul>\n<li>Pr\u00fcgianumad: 1x16L+1x22L, hall plast<\/li>\n<li>Laius: 500 mm karkassile<\/li>\n<li>Uks ette v\u00e4ljat\u00f5mmatav<\/li>\n<li>Vaikne sulgumine<\/li>\n<\/ul>\n<\/td>\n<\/tr>\n<\/tbody>\n<\/table>\n<h2>Pr\u00fcgikastimehhanism COX-1 \/500-3<\/h2>\n<table>\n<tbody>\n<tr>\n<td><a class=\"ngg-fancybox\" href=\"https:\/\/www.mooblimasin.ee\/wp-content\/uploads\/2014\/06\/Pr\u00fcgikastimehhanism-COX-1-500-3.jpg\"<\/a><img decoding=\"async\" class=\"lazy alignleft\" src=\"https:\/\/www.mooblimasin.ee\/wp-content\/plugins\/jquery-image-lazy-loading\/images\/grey.gif\" data-original=\"https:\/\/www.mooblimasin.ee\/wp-content\/uploads\/2014\/06\/Pr\u00fcgikastimehhanism-COX-1-500-3-300x300.jpg\" alt=\"Pr\u00fcgikastimehhanism COX-1 500-3\"><noscript><img decoding=\"async\" class=\"alignleft\" src=\"https:\/\/www.mooblimasin.ee\/wp-content\/uploads\/2014\/06\/Pr\u00fcgikastimehhanism-COX-1-500-3-300x300.jpg\" alt=\"Pr\u00fcgikastimehhanism COX-1 500-3\"><\/noscript><\/a><\/td>\n<td>\n<ul>\n<li>Pr\u00fcgianumad: 2x10L+1x16L, hall plast<\/li>\n<li>Laius: 500 mm karkassile<\/li>\n<li>Uks ette v\u00e4ljat\u00f5mmatav<\/li>\n<li>Vaikne sulgumine<\/li>\n<\/ul>\n<\/td>\n<\/tr>\n<\/tbody>\n<\/table>\n<h2>Pr\u00fcgikastimehhanism COX-1 \/600-2<\/h2>\n<table>\n<tbody>\n<tr>\n<td><a class=\"ngg-fancybox\" href=\"https:\/\/www.mooblimasin.ee\/wp-content\/uploads\/2014\/06\/Pr\u00fcgikastimehhanism-COX-1-600-2.jpg\"<\/a><img decoding=\"async\" class=\"lazy alignleft\" src=\"https:\/\/www.mooblimasin.ee\/wp-content\/plugins\/jquery-image-lazy-loading\/images\/grey.gif\" data-original=\"https:\/\/www.mooblimasin.ee\/wp-content\/uploads\/2014\/06\/Pr\u00fcgikastimehhanism-COX-1-600-2-300x300.jpg\" alt=\"Pr\u00fcgikastimehhanism COX-1 600-2\"><noscript><img decoding=\"async\" class=\"alignleft\" src=\"https:\/\/www.mooblimasin.ee\/wp-content\/uploads\/2014\/06\/Pr\u00fcgikastimehhanism-COX-1-600-2-300x300.jpg\" alt=\"Pr\u00fcgikastimehhanism COX-1 600-2\"><\/noscript><\/a><\/td>\n<td>\n<ul>\n<li>Pr\u00fcgianumad: 2x22L, hall plast<\/li>\n<li>Laius: 600 mm karkassile<\/li>\n<li>Uks ette v\u00e4ljat\u00f5mmatav<\/li>\n<li>Vaikne sulgumine<\/li>\n<\/ul>\n<\/td>\n<\/tr>\n<\/tbody>\n<\/table>\n<h2>Pr\u00fcgikastimehhanism COX-1 \/600-2<\/h2>\n<table>\n<tbody>\n<tr>\n<td><a class=\"ngg-fancybox\" href=\"https:\/\/www.mooblimasin.ee\/wp-content\/uploads\/2014\/06\/COX-1-600-2_antrasiit.jpg\"<\/a><img decoding=\"async\" class=\"lazy alignnone\" src=\"https:\/\/www.mooblimasin.ee\/wp-content\/plugins\/jquery-image-lazy-loading\/images\/grey.gif\" data-original=\"https:\/\/www.mooblimasin.ee\/wp-content\/uploads\/2014\/06\/COX-1-600-2_antrasiit-300x300.jpg\" alt=\"COX-1 600-2 Antrasiit\"><noscript><img decoding=\"async\" class=\"alignnone\" src=\"https:\/\/www.mooblimasin.ee\/wp-content\/uploads\/2014\/06\/COX-1-600-2_antrasiit-300x300.jpg\" alt=\"COX-1 600-2 Antrasiit\"><\/noscript><\/a><\/td>\n<td>\n<ul>\n<li>Pr\u00fcgianumad: 2x22L, hall plast<\/li>\n<li>Laius: 600 mm karkassile<\/li>\n<li>V\u00e4rvus antrasiit<\/li>\n<li>Uks ette v\u00e4ljat\u00f5mmatav<\/li>\n<li>Vaikne sulgumine<\/li>\n<\/ul>\n<\/td>\n<\/tr>\n<\/tbody>\n<\/table>\n<h2>Pr\u00fcgikastimehhanism COX-1 \/600-3<\/h2>\n<table>\n<tbody>\n<tr>\n<td><a class=\"ngg-fancybox\" href=\"https:\/\/www.mooblimasin.ee\/wp-content\/uploads\/2014\/06\/Pr\u00fcgikastimehhanism-COX-1-600-3.jpg\"<\/a><img decoding=\"async\" class=\"lazy alignleft\" src=\"https:\/\/www.mooblimasin.ee\/wp-content\/plugins\/jquery-image-lazy-loading\/images\/grey.gif\" data-original=\"https:\/\/www.mooblimasin.ee\/wp-content\/uploads\/2014\/06\/Pr\u00fcgikastimehhanism-COX-1-600-3-300x300.jpg\" alt=\"Pr\u00fcgikastimehhanism COX-1 600-3\"><noscript><img decoding=\"async\" class=\"alignleft\" src=\"https:\/\/www.mooblimasin.ee\/wp-content\/uploads\/2014\/06\/Pr\u00fcgikastimehhanism-COX-1-600-3-300x300.jpg\" alt=\"Pr\u00fcgikastimehhanism COX-1 600-3\"><\/noscript><\/a><\/td>\n<td>\n<ul>\n<li>Pr\u00fcgianumad: 2x10L+1x22L, hall plast<\/li>\n<li>Laius: 600 mm karkassile<\/li>\n<li>Uks ette v\u00e4ljat\u00f5mmatav<\/li>\n<li>Vaikne sulgumine<\/li>\n<\/ul>\n<\/td>\n<\/tr>\n<\/tbody>\n<\/table>\n<h2>PR\u00dcGIKASTIMEHHANISM COX BASE 360 S\/900-4<\/h2>\n<table>\n<tbody>\n<tr>\n<td><a class=\"ngg-fancybox\" href=\"https:\/\/www.mooblimasin.ee\/wp-content\/uploads\/2022\/02\/Cox_360S-900-4.jpeg\"<\/a><img decoding=\"async\" class=\"lazy alignnone\" src=\"https:\/\/www.mooblimasin.ee\/wp-content\/plugins\/jquery-image-lazy-loading\/images\/grey.gif\" data-original=\"https:\/\/www.mooblimasin.ee\/wp-content\/uploads\/2022\/02\/Cox_360S-900-4-300x300.jpeg\" alt=\"Cox_360S 900-4\"><noscript><img decoding=\"async\" class=\"alignnone\" src=\"https:\/\/www.mooblimasin.ee\/wp-content\/uploads\/2022\/02\/Cox_360S-900-4-300x300.jpeg\" alt=\"Cox_360S 900-4\"><\/noscript><\/a><\/td>\n<td>\n<ul>\n<li>Pr\u00fcgianumad: 2x10L + 2x22L, tumehall plast<\/li>\n<li>Laius: 900 mm karkassile<\/li>\n<li>V\u00e4rvus antrasiit<\/li>\n<li>Uks ette v\u00e4ljat\u00f5mmatav<\/li>\n<li>Vaikne sulgumine<\/li>\n<\/ul>\n<\/td>\n<\/tr>\n<\/tbody>\n<\/table>\n<h2>PR\u00dcGIKASTIS\u00dcSTEEM PEKA Oeko Universal<\/h2>\n<ul>\n<li>Pr\u00fcgianumad: antrasiit, erineva suurusega anumad<\/li>\n<li>Laius: 450 mm ja 600 mm karkassile<\/li>\n<li>Komplektis metallist riiul koristustarvikutele<\/li>\n<li>Sahtlisse paigaldatav<\/li>\n<\/ul>\n<figure><p>Invalid Displayed Gallery<\/p><\/noscript><\/figure>\n<h2>Pr\u00fcgikastimehhanism Stala Ekoc8<\/h2>\n<table>\n<tbody>\n<tr>\n<td><a class=\"ngg-fancybox\" href=\"https:\/\/www.mooblimasin.ee\/wp-content\/uploads\/2014\/06\/STALAEKOC8_4SK.jpg\"<\/a><img decoding=\"async\" class=\"lazy alignnone\" src=\"https:\/\/www.mooblimasin.ee\/wp-content\/plugins\/jquery-image-lazy-loading\/images\/grey.gif\" data-original=\"https:\/\/www.mooblimasin.ee\/wp-content\/uploads\/2014\/06\/STALAEKOC8_4SK-300x209.jpg\" alt=\"Pr\u00fcgikastimehhanism Stala Ekoc8\"><noscript><img decoding=\"async\" class=\"alignnone\" src=\"https:\/\/www.mooblimasin.ee\/wp-content\/uploads\/2014\/06\/STALAEKOC8_4SK-300x209.jpg\" alt=\"Pr\u00fcgikastimehhanism Stala Ekoc8\"><\/noscript><\/a><\/td>\n<td>\n<ul>\n<li>Pr\u00fcgianumad: 2x10L+2x16L, hall plast<\/li>\n<li>Laius: 800 mm karkassile<\/li>\n<li>Viimistlus: RV teras<\/li>\n<li>Uks ette v\u00e4ljat\u00f5mmatav<\/li>\n<li>Vaikne sulgumine<\/li>\n<\/ul>\n<\/td>\n<\/tr>\n<\/tbody>\n<\/table>\n<figure><p>Invalid Displayed Gallery<\/p><\/noscript><\/figure>\n<h2>PR\u00dcGISORTER TREND SCALA 600<\/h2>\n<table>\n<tbody>\n<tr>\n<td><a class=\"ngg-fancybox\" href=\"https:\/\/www.mooblimasin.ee\/wp-content\/uploads\/2014\/06\/Prugisorter-TREND-SCALA-600.jpg\"<\/a><img decoding=\"async\" class=\"lazy alignnone\" src=\"https:\/\/www.mooblimasin.ee\/wp-content\/plugins\/jquery-image-lazy-loading\/images\/grey.gif\" data-original=\"https:\/\/www.mooblimasin.ee\/wp-content\/uploads\/2014\/06\/Prugisorter-TREND-SCALA-600.jpg\" alt=\"Prugisorter TREND SCALA 600\" width=\"428\" height=\"461\"><noscript><img loading=\"lazy\" decoding=\"async\" class=\"alignnone\" src=\"https:\/\/www.mooblimasin.ee\/wp-content\/uploads\/2014\/06\/Prugisorter-TREND-SCALA-600.jpg\" alt=\"Prugisorter TREND SCALA 600\" width=\"428\" height=\"461\"><\/noscript><\/a><\/td>\n<td>\n<ul>\n<li>Pr\u00fcgianumad: 3x16L+1x6L<\/li>\n<li>Laius: 600 mm karkassile<\/li>\n<li>Sahtiliugurid Grass Nova PRO Scala, s\u00fcgavus 450 mm<\/li>\n<\/ul>\n<\/td>\n<\/tr>\n<\/tbody>\n<\/table>\n<h2>Pr\u00fcgikastimehhanism Tandembox<\/h2>\n<table>\n<tbody>\n<tr>\n<td><a class=\"ngg-fancybox\" href=\"https:\/\/www.mooblimasin.ee\/wp-content\/uploads\/2014\/06\/Pu\u0308rgisu\u0308steem-Tandembox.jpg\"<\/a><img loading=\"lazy\" decoding=\"async\" class=\"lazy alignnone\" src=\"https:\/\/www.mooblimasin.ee\/wp-content\/plugins\/jquery-image-lazy-loading\/images\/grey.gif\" data-original=\"https:\/\/www.mooblimasin.ee\/wp-content\/uploads\/2014\/06\/Pu\u0308rgisu\u0308steem-Tandembox.jpg\" alt=\"Pr\u00fcgis\u00fcsteem Tandembox\" width=\"517\" height=\"553\"><noscript><img loading=\"lazy\" decoding=\"async\" class=\"alignnone\" src=\"https:\/\/www.mooblimasin.ee\/wp-content\/uploads\/2014\/06\/Pu\u0308rgisu\u0308steem-Tandembox.jpg\" alt=\"Pr\u00fcgis\u00fcsteem Tandembox\" width=\"517\" height=\"553\"><\/noscript><\/a><\/td>\n<td>\n<ul>\n<li>Pr\u00fcgianumad: 8L, 12L v\u00f5i 18L, hall plast (arv s\u00f5ltub karkassi laiusest ja soovist)<\/li>\n<li>Laius: 400-600 mm karkassile (v\u00f5imaldab erim\u00f5\u00f5dulist karkassi)<\/li>\n<li>Kandev\u00f5ime: 30 kg<\/li>\n<li>Uks ette v\u00e4ljat\u00f5mmatav<\/li>\n<li>Vaikne sulgumine<\/li>\n<li>Sahtlip\u00f5hjas kummimatt<\/li>\n<\/ul>\n<\/td>\n<\/tr>\n<\/tbody>\n<\/table>\n<h2>Pr\u00fcgis\u00fcsteem Wesco Profiline Double Master 40 DT<\/h2>\n<table>\n<tbody>\n<tr>\n<td><a class=\"ngg-fancybox\" href=\"https:\/\/www.mooblimasin.ee\/wp-content\/uploads\/2014\/06\/Wesco-Profiline-Double-Master-40-DT.jpg\"<\/a><img decoding=\"async\" class=\"lazy alignnone\" src=\"https:\/\/www.mooblimasin.ee\/wp-content\/plugins\/jquery-image-lazy-loading\/images\/grey.gif\" data-original=\"https:\/\/www.mooblimasin.ee\/wp-content\/uploads\/2014\/06\/Wesco-Profiline-Double-Master-40-DT-300x194.jpg\" alt=\"Pr\u00fcgis\u00fcsteem Wesco Profiline Double Master 40 DT\"><noscript><img decoding=\"async\" class=\"alignnone\" src=\"https:\/\/www.mooblimasin.ee\/wp-content\/uploads\/2014\/06\/Wesco-Profiline-Double-Master-40-DT-300x194.jpg\" alt=\"Pr\u00fcgis\u00fcsteem Wesco Profiline Double Master 40 DT\"><\/noscript><\/a><\/td>\n<td>\n<ul>\n<li>Pr\u00fcgianumad: 2x16L, plast<\/li>\n<li>Laius: Alates 450 mm karkassile<\/li>\n<li>K\u00e4sitsi ette v\u00e4ljat\u00f5mmatav<\/li>\n<li>Teleskoopsiinidel<\/li>\n<li>Uks k\u00fcljele avatav<\/li>\n<\/ul>\n<\/td>\n<\/tr>\n<\/tbody>\n<\/table>\n<h2>VALAMUKAPI SISESAHTEL ORGA-BOARD<\/h2>\n<ul>\n<li>Karkassile laiusega 500 mm ja 600 mm<\/li>\n<li>V\u00e4rvus hall<\/li>\n<li>Koplektis 1.2L ja 2.7L hoidik, hall<\/li>\n<li>V\u00f5imalus lisada eraldi lisahoidkuid<\/li>\n<\/ul>\n<figure><p>Invalid Displayed Gallery<\/p><\/noscript><\/figure>\n<h2>VALAMUKAPI SISESAHTEL BASE-BOARD<\/h2>\n<ul>\n<li>Karkassile laiusega 600 ja 900 mm<\/li>\n<li>V\u00e4rvus antrasiit<\/li>\n<li>600 mm laiusega komplektis 1.2L ja 2.7L hoidik&nbsp;<\/li>\n<li>900 mm laiusega komplektis 2&#215;1.2L + 2&#215;2.7L hoidik&nbsp;<\/li>\n<li>Vaikne sulgumine<\/li>\n<\/ul>\n<figure><p>Invalid Displayed Gallery<\/p><\/noscript><\/figure>\n<h2>Pr\u00fcgikasti mehhanismi COX pedaal Pullboy<\/h2>\n<figure>\n<div class=\"oi ngg-galleryoverview ngg-ajax-pagination-none\" id=\"ngg-gallery-17348-5330\">\n\n\t\n\t<!-- Thumbnails -->\n\t<ul class=\"small-block-grid-1 medium-block-grid-3 large-block-grid-3 xlarge-block-grid-3 xxlarge-block-grid-4\">\n\t\t\t\t\n\t\t<li>\n\t\t      <div class=\"nextthumb aeglane bac3\" data-original=\"https:\/\/www.mooblimasin.ee\/wp-content\/gallery\/prugikasti-mehhanismi-cox-pedaal-pullboy\/Pullboy-pedaal1.jpg\" style=\"background-image: url(&quot;https:\/\/www.mooblimasin.ee\/wp-content\/gallery\/prugikasti-mehhanismi-cox-pedaal-pullboy\/Pullboy-pedaal1.jpg&quot;); display: block;\">\n\t\t            <a href=\"https:\/\/www.mooblimasin.ee\/wp-content\/gallery\/prugikasti-mehhanismi-cox-pedaal-pullboy\/Pullboy-pedaal1.jpg\" alt=\"<p class=v2ikealt>Pullboy pedaal1<\/p>\" title=\"\" data-src=\"https:\/\/www.mooblimasin.ee\/wp-content\/gallery\/prugikasti-mehhanismi-cox-pedaal-pullboy\/Pullboy-pedaal1.jpg\" rel=\"gr1\" data-thumbnail=\"https:\/\/www.mooblimasin.ee\/wp-content\/gallery\/prugikasti-mehhanismi-cox-pedaal-pullboy\/Pullboy-pedaal1.jpg\" data-title=\"Pullboy pedaal1\" data-description=\"\" class=\"ngg-fancybox s\">\n\t\t            <\/a>\n\t\t      <\/div>\n\t\t<\/li>\n\t\t\n\t\t\t\t\n\t \t\t\t\n\t\t<li>\n\t\t      <div class=\"nextthumb aeglane bac3\" data-original=\"https:\/\/www.mooblimasin.ee\/wp-content\/gallery\/prugikasti-mehhanismi-cox-pedaal-pullboy\/Pedaal-COX-Pullboy.jpg\" style=\"background-image: url(&quot;https:\/\/www.mooblimasin.ee\/wp-content\/gallery\/prugikasti-mehhanismi-cox-pedaal-pullboy\/Pedaal-COX-Pullboy.jpg&quot;); display: block;\">\n\t\t            <a href=\"https:\/\/www.mooblimasin.ee\/wp-content\/gallery\/prugikasti-mehhanismi-cox-pedaal-pullboy\/Pedaal-COX-Pullboy.jpg\" alt=\"<p class=v2ikealt>Pedaal COX Pullboy<\/p>\" title=\"\" data-src=\"https:\/\/www.mooblimasin.ee\/wp-content\/gallery\/prugikasti-mehhanismi-cox-pedaal-pullboy\/Pedaal-COX-Pullboy.jpg\" rel=\"gr1\" data-thumbnail=\"https:\/\/www.mooblimasin.ee\/wp-content\/gallery\/prugikasti-mehhanismi-cox-pedaal-pullboy\/Pedaal-COX-Pullboy.jpg\" data-title=\"Pedaal COX Pullboy\" data-description=\"\" class=\"ngg-fancybox s\">\n\t\t            <\/a>\n\t\t      <\/div>\n\t\t<\/li>\n\t\t\n\t\t\t\t\n\t \t \t<\/ul>\n \t\n\t<!-- Pagination -->\n \t \t\n<\/div>\n\n<\/noscript><\/figure>\n","protected":false},"excerpt":{"rendered":"<p>Meilt on v\u00f5imalik tellida ainult eritellimusel k\u00f6\u00f6gim\u00f6\u00f6bli terviklahendusi.&nbsp;<br \/>\nEraldi t\u00f6\u00f6tasapindu, kapiuksi, furnituuri ja k\u00f6\u00f6gitehnikat M\u00f6\u00f6blimasin ei paku.<br \/>\nPakume toodetavale k\u00f6\u00f6gim\u00f6\u00f6blile peamiselt maailma juhtivate furnituuritootjate GRASSi ja BLUMi&nbsp;pr\u00fcgis\u00fcsteeme.<br \/>\nErinevate pr\u00fcgis\u00fcsteemide planeerimine k\u00f6\u00f6gim\u00f6\u00f6bli juurde muudab igap\u00e4evase pr\u00fcgisorteerimise lihtsamaks. Soovitame valida ette v\u00e4ljat\u00f5mmatav pr\u00fcgikastimehhanism, kuna peame<\/p>\n","protected":false},"author":1,"featured_media":0,"parent":0,"menu_order":0,"comment_status":"open","ping_status":"open","template":"","meta":{"ngg_post_thumbnail":0,"footnotes":""},"class_list":["post-5330","page","type-page","status-publish","hentry"],"acf":[],"_links":{"self":[{"href":"https:\/\/www.mooblimasin.ee\/fi\/wp-json\/wp\/v2\/pages\/5330","targetHints":{"allow":["GET"]}}],"collection":[{"href":"https:\/\/www.mooblimasin.ee\/fi\/wp-json\/wp\/v2\/pages"}],"about":[{"href":"https:\/\/www.mooblimasin.ee\/fi\/wp-json\/wp\/v2\/types\/page"}],"author":[{"embeddable":true,"href":"https:\/\/www.mooblimasin.ee\/fi\/wp-json\/wp\/v2\/users\/1"}],"replies":[{"embeddable":true,"href":"https:\/\/www.mooblimasin.ee\/fi\/wp-json\/wp\/v2\/comments?post=5330"}],"version-history":[{"count":36,"href":"https:\/\/www.mooblimasin.ee\/fi\/wp-json\/wp\/v2\/pages\/5330\/revisions"}],"predecessor-version":[{"id":19073,"href":"https:\/\/www.mooblimasin.ee\/fi\/wp-json\/wp\/v2\/pages\/5330\/revisions\/19073"}],"wp:attachment":[{"href":"https:\/\/www.mooblimasin.ee\/fi\/wp-json\/wp\/v2\/media?parent=5330"}],"curies":[{"name":"wp","href":"https:\/\/api.w.org\/{rel}","templated":true}]}}