{"id":5318,"date":"2014-06-13T10:57:55","date_gmt":"2014-06-13T07:57:55","guid":{"rendered":"http:\/\/www.mooblimasin.ee\/detail-fotoklaas-2\/"},"modified":"2016-01-25T09:22:28","modified_gmt":"2016-01-25T07:22:28","slug":"kuvalasi","status":"publish","type":"page","link":"https:\/\/www.mooblimasin.ee\/fi\/kuvalasi\/","title":{"rendered":"KUVALASI"},"content":{"rendered":"<p style=\"color: #474747;\">Yhteisty\u00f6ss\u00e4 tunnetun virolaisen valokuvaajan Alari Kivisaaren kanssa tarjoamme asiakkaillemme mahdollisuuden tilata keitti\u00f6kalusteisiin panoraamavalokuvia, jotka sopivat hyvin esimerkiksi taustakuvaksi lasilevyn taakse!<\/p>\n<p style=\"color: #474747;\"><strong>Kuvalaseja ja sein\u00e4levyj\u00e4 voidaan tilata vain\u00a0<a title=\"k\u00f6\u00f6gim\u00f6\u00f6bli tellimisega\" href=\"https:\/\/www.mooblimasin.ee\/koogimoobli-tellimine\/\">keitti\u00f6t\u00e4 tilattaessa.<\/a><\/strong><\/p>\n<p style=\"color: #474747;\">Huomaa! Sivustolla olevien kuvien toisinnus, kopiointi, myynti tai mill\u00e4 tahansa muulla tavalla tapahtuva k\u00e4ytt\u00f6 on kielletty ilman tekij\u00e4noikeuksien haltijan kirjallista suostumusta.<\/p>\n<p style=\"color: #474747;\">Valokuvat: Alari Kivisaar<\/p>\n<p style=\"color: #474747;\"><p>Invalid Displayed Gallery<\/p><\/noscript><\/p>\n","protected":false},"excerpt":{"rendered":"<p>Yhteisty\u00f6ss\u00e4 tunnetun virolaisen valokuvaajan Alari Kivisaaren kanssa tarjoamme asiakkaillemme mahdollisuuden tilata keitti\u00f6kalusteisiin panoraamavalokuvia, jotka sopivat hyvin esimerkiksi taustakuvaksi lasilevyn taakse!<br \/>\nKuvalaseja ja sein\u00e4levyj\u00e4 voidaan tilata vain\u00a0keitti\u00f6t\u00e4 tilattaessa.<br \/>\nHuomaa! Sivustolla olevien kuvien toisinnus, kopiointi, myynti tai mill\u00e4 tahansa muulla tavalla tapahtuva k\u00e4ytt\u00f6 on<\/p>\n","protected":false},"author":1,"featured_media":0,"parent":0,"menu_order":0,"comment_status":"open","ping_status":"open","template":"","meta":{"ngg_post_thumbnail":0,"footnotes":""},"class_list":["post-5318","page","type-page","status-publish","hentry"],"acf":[],"_links":{"self":[{"href":"https:\/\/www.mooblimasin.ee\/fi\/wp-json\/wp\/v2\/pages\/5318","targetHints":{"allow":["GET"]}}],"collection":[{"href":"https:\/\/www.mooblimasin.ee\/fi\/wp-json\/wp\/v2\/pages"}],"about":[{"href":"https:\/\/www.mooblimasin.ee\/fi\/wp-json\/wp\/v2\/types\/page"}],"author":[{"embeddable":true,"href":"https:\/\/www.mooblimasin.ee\/fi\/wp-json\/wp\/v2\/users\/1"}],"replies":[{"embeddable":true,"href":"https:\/\/www.mooblimasin.ee\/fi\/wp-json\/wp\/v2\/comments?post=5318"}],"version-history":[{"count":2,"href":"https:\/\/www.mooblimasin.ee\/fi\/wp-json\/wp\/v2\/pages\/5318\/revisions"}],"predecessor-version":[{"id":5320,"href":"https:\/\/www.mooblimasin.ee\/fi\/wp-json\/wp\/v2\/pages\/5318\/revisions\/5320"}],"wp:attachment":[{"href":"https:\/\/www.mooblimasin.ee\/fi\/wp-json\/wp\/v2\/media?parent=5318"}],"curies":[{"name":"wp","href":"https:\/\/api.w.org\/{rel}","templated":true}]}}