{"id":5315,"date":"2014-06-13T10:54:49","date_gmt":"2014-06-13T07:54:49","guid":{"rendered":"http:\/\/www.mooblimasin.ee\/varvitud-klaasist-tagaseinad-2\/"},"modified":"2016-01-25T10:01:17","modified_gmt":"2016-01-25T08:01:17","slug":"savytetty-seinalasi","status":"publish","type":"page","link":"https:\/\/www.mooblimasin.ee\/fi\/savytetty-seinalasi\/","title":{"rendered":"S\u00c4VYTETTY SEIN\u00c4LASI"},"content":{"rendered":"<p style=\"color: #474747;\">L\u00e4mp\u00f6karkaistun lasin paksuus on 6 mm ja kaikki reunat on hiottu kiilt\u00e4viksi.<\/p>\n<p style=\"color: #474747;\">L\u00e4mp\u00f6karkaisun avulla lasin murtumisrakennetta muutetaan. Karkaistu lasi muodostaa rikkoontuessaan pieni\u00e4 ja vaarattomia sirpaleita. L\u00e4mp\u00f6karkaisu tekee lasista huomattavasti paremmin l\u00e4mp\u00f6tilanvaihteluja kest\u00e4v\u00e4mp\u00e4\u00e4 ja k\u00e4sittelyn tuloksena lasi kest\u00e4\u00e4 150\u2013200 <sup>0<\/sup>C l\u00e4mp\u00f6tiloja.\u00a0K\u00e4ytt\u00e4m\u00e4mme karkaistu lasi vastaa standardia EVS-EN 12150.<\/p>\n<p style=\"color: #474747;\">Lasit s\u00e4vytet\u00e4\u00e4n RAL-v\u00e4reill\u00e4.<\/p>\n<p style=\"color: #474747;\"><strong>Sein\u00e4levyj\u00e4 voi tilata vain koko keitti\u00f6n tilauksen yhteydess\u00e4.<\/strong><\/p>\n<p>Esimerkkej\u00e4:<\/p>\n<p style=\"color: #474747;\"><p>Invalid Displayed Gallery<\/p><\/noscript><\/p>\n","protected":false},"excerpt":{"rendered":"<p>L\u00e4mp\u00f6karkaistun lasin paksuus on 6 mm ja kaikki reunat on hiottu kiilt\u00e4viksi.<br \/>\nL\u00e4mp\u00f6karkaisun avulla lasin murtumisrakennetta muutetaan. Karkaistu lasi muodostaa rikkoontuessaan pieni\u00e4 ja vaarattomia sirpaleita. L\u00e4mp\u00f6karkaisu tekee lasista huomattavasti paremmin l\u00e4mp\u00f6tilanvaihteluja kest\u00e4v\u00e4mp\u00e4\u00e4 ja k\u00e4sittelyn tuloksena lasi kest\u00e4\u00e4 150\u2013200 0C l\u00e4mp\u00f6tiloja.\u00a0K\u00e4ytt\u00e4m\u00e4mme karkaistu<\/p>\n","protected":false},"author":1,"featured_media":0,"parent":0,"menu_order":0,"comment_status":"open","ping_status":"open","template":"","meta":{"ngg_post_thumbnail":0,"footnotes":""},"class_list":["post-5315","page","type-page","status-publish","hentry"],"acf":[],"_links":{"self":[{"href":"https:\/\/www.mooblimasin.ee\/fi\/wp-json\/wp\/v2\/pages\/5315","targetHints":{"allow":["GET"]}}],"collection":[{"href":"https:\/\/www.mooblimasin.ee\/fi\/wp-json\/wp\/v2\/pages"}],"about":[{"href":"https:\/\/www.mooblimasin.ee\/fi\/wp-json\/wp\/v2\/types\/page"}],"author":[{"embeddable":true,"href":"https:\/\/www.mooblimasin.ee\/fi\/wp-json\/wp\/v2\/users\/1"}],"replies":[{"embeddable":true,"href":"https:\/\/www.mooblimasin.ee\/fi\/wp-json\/wp\/v2\/comments?post=5315"}],"version-history":[{"count":2,"href":"https:\/\/www.mooblimasin.ee\/fi\/wp-json\/wp\/v2\/pages\/5315\/revisions"}],"predecessor-version":[{"id":5317,"href":"https:\/\/www.mooblimasin.ee\/fi\/wp-json\/wp\/v2\/pages\/5315\/revisions\/5317"}],"wp:attachment":[{"href":"https:\/\/www.mooblimasin.ee\/fi\/wp-json\/wp\/v2\/media?parent=5315"}],"curies":[{"name":"wp","href":"https:\/\/api.w.org\/{rel}","templated":true}]}}