{"id":5312,"date":"2014-06-13T10:53:59","date_gmt":"2014-06-13T07:53:59","guid":{"rendered":"http:\/\/www.mooblimasin.ee\/korgsurvelaminaadist-tagaseinad-2\/"},"modified":"2021-12-02T12:24:46","modified_gmt":"2021-12-02T10:24:46","slug":"korgsurvelaminaadist-tagaseinad","status":"publish","type":"page","link":"https:\/\/www.mooblimasin.ee\/fi\/korgsurvelaminaadist-tagaseinad\/","title":{"rendered":"K\u00f5rgsurvelaminaadist tagaseinad"},"content":{"rendered":"<p><strong>Meilt on v\u00f5imalik tellida ainult eritellimusel k\u00f6\u00f6gim\u00f6\u00f6bli terviklahendusi.&nbsp;<\/strong><br \/>\n<strong>Eraldi t\u00f6\u00f6tasapindu, kapiuksi, furnituuri ja k\u00f6\u00f6gitehnikat M\u00f6\u00f6blimasin ei paku.<\/strong><\/p>\n<p style=\"color: #474747;\">K\u00f5rgsurvelaminaadist tagaseinade m\u00f5\u00f5tmed:&nbsp; 4100 x 600 x 8-10 mm (pikkus x s\u00fcgavus x paksus).<br \/>\nTagaseinade maksimaalne pikkus \u00fches t\u00fckis: ca 4050 mm (s\u00f5ltuvalt dekoorist v\u00f5ib olla&nbsp;maksimaalne pikkus ka 2750 mm).<\/p>\n<p style=\"color: #474747;\">K\u00f5rgsurvelaminaadist tagasein&nbsp;on soodsaim v\u00f5imalus katta k\u00f6\u00f6gim\u00f6\u00f6bli t\u00f6\u00f6pinna ja seinakappide vaheline seinaosa vastupidava ja kauni dekoorplaadiga. Kui klaasist tagaseinad m\u00f5\u00f5detakse alles peale k\u00f6\u00f6gim\u00f6\u00f6bli paigaldust, siis k\u00f5rgsurvelaminaadist tgaseinad on v\u00f5imalik&nbsp;saada k\u00e4tte m\u00f6\u00f6bliga samaaegselt.<\/p>\n<p style=\"color: #474747;\">NB! Pildid on illustratiivse t\u00e4hendusega, t\u00e4pseimat tooni n\u00e4eb reaalsetelt n\u00e4idistelt.<\/p>\n<p style=\"color: #474747;\"><p>Invalid Displayed Gallery<\/p><\/noscript><\/p>\n","protected":false},"excerpt":{"rendered":"<p>Meilt on v\u00f5imalik tellida ainult eritellimusel k\u00f6\u00f6gim\u00f6\u00f6bli terviklahendusi.&nbsp;<br \/>\nEraldi t\u00f6\u00f6tasapindu, kapiuksi, furnituuri ja k\u00f6\u00f6gitehnikat M\u00f6\u00f6blimasin ei paku.<br \/>\nK\u00f5rgsurvelaminaadist tagaseinade m\u00f5\u00f5tmed:&nbsp; 4100 x 600 x 8-10 mm (pikkus x s\u00fcgavus x paksus).<br \/>\nTagaseinade maksimaalne pikkus \u00fches t\u00fckis: ca 4050 mm (s\u00f5ltuvalt dekoorist v\u00f5ib olla&nbsp;maksimaalne<\/p>\n","protected":false},"author":1,"featured_media":0,"parent":0,"menu_order":0,"comment_status":"open","ping_status":"open","template":"","meta":{"ngg_post_thumbnail":0,"footnotes":""},"class_list":["post-5312","page","type-page","status-publish","hentry"],"acf":[],"_links":{"self":[{"href":"https:\/\/www.mooblimasin.ee\/fi\/wp-json\/wp\/v2\/pages\/5312","targetHints":{"allow":["GET"]}}],"collection":[{"href":"https:\/\/www.mooblimasin.ee\/fi\/wp-json\/wp\/v2\/pages"}],"about":[{"href":"https:\/\/www.mooblimasin.ee\/fi\/wp-json\/wp\/v2\/types\/page"}],"author":[{"embeddable":true,"href":"https:\/\/www.mooblimasin.ee\/fi\/wp-json\/wp\/v2\/users\/1"}],"replies":[{"embeddable":true,"href":"https:\/\/www.mooblimasin.ee\/fi\/wp-json\/wp\/v2\/comments?post=5312"}],"version-history":[{"count":5,"href":"https:\/\/www.mooblimasin.ee\/fi\/wp-json\/wp\/v2\/pages\/5312\/revisions"}],"predecessor-version":[{"id":17151,"href":"https:\/\/www.mooblimasin.ee\/fi\/wp-json\/wp\/v2\/pages\/5312\/revisions\/17151"}],"wp:attachment":[{"href":"https:\/\/www.mooblimasin.ee\/fi\/wp-json\/wp\/v2\/media?parent=5312"}],"curies":[{"name":"wp","href":"https:\/\/api.w.org\/{rel}","templated":true}]}}