{"id":5309,"date":"2014-06-13T10:52:51","date_gmt":"2014-06-13T07:52:51","guid":{"rendered":"http:\/\/www.mooblimasin.ee\/karkassid-2\/"},"modified":"2021-12-02T12:19:12","modified_gmt":"2021-12-02T10:19:12","slug":"karkassid","status":"publish","type":"page","link":"https:\/\/www.mooblimasin.ee\/fi\/karkassid\/","title":{"rendered":"Karkassid"},"content":{"rendered":"<p><strong>Meilt on v\u00f5imalik tellida ainult eritellimusel k\u00f6\u00f6gim\u00f6\u00f6bli terviklahendusi.&nbsp;<\/strong><br \/>\n<strong>Eraldi t\u00f6\u00f6tasapindu, kapiuksi, furnituuri ja k\u00f6\u00f6gitehnikat M\u00f6\u00f6blimasin ei paku.<\/strong><\/p>\n<p style=\"color: #474747;\">Karkasside valmistamisel kasutame melamiinist m\u00f6\u00f6bliplaate.<br \/>\nMelamineeritud plaat saadakse, kui puitlaastplaadile kleebitakse \u00f5hukese vaiguga immutatud \u00f5huke paber. L\u00f5pptulemusena muutub v\u00e4lispind niiskuskindlamaks ja vastupidavaks. Melamiinide dekoorivalik on v\u00e4ga lai.<\/p>\n<p>M\u00f6\u00f6bli mitten\u00e4htavad karkassid ehk kappide sisemised osad toodame peamiselt valgest melamiinplaadist. N\u00e4htavatele karkassidele on soovitav valida \u00fchtlasema v\u00e4ljan\u00e4gemise saamiseks esipaneelidega sama dekooriga melamiin.<\/p>\n<p style=\"color: #474747;\">NB! Pildid on illustratiivse t\u00e4hendusega, t\u00e4pseimat tooni n\u00e4eb reaalsetelt n\u00e4idistelt.<\/p>\n<h2 style=\"color: #474747;\"><strong>Melamiinid \u2022 Egger<\/strong><\/h2>\n<p style=\"color: #474747;\"><p>Invalid Displayed Gallery<\/p><\/noscript><\/p>\n","protected":false},"excerpt":{"rendered":"<p>Meilt on v\u00f5imalik tellida ainult eritellimusel k\u00f6\u00f6gim\u00f6\u00f6bli terviklahendusi.&nbsp;<br \/>\nEraldi t\u00f6\u00f6tasapindu, kapiuksi, furnituuri ja k\u00f6\u00f6gitehnikat M\u00f6\u00f6blimasin ei paku.<br \/>\nKarkasside valmistamisel kasutame melamiinist m\u00f6\u00f6bliplaate.<br \/>\nMelamineeritud plaat saadakse, kui puitlaastplaadile kleebitakse \u00f5hukese vaiguga immutatud \u00f5huke paber. L\u00f5pptulemusena muutub v\u00e4lispind niiskuskindlamaks ja vastupidavaks. Melamiinide dekoorivalik on v\u00e4ga<\/p>\n","protected":false},"author":1,"featured_media":0,"parent":0,"menu_order":0,"comment_status":"open","ping_status":"open","template":"","meta":{"ngg_post_thumbnail":0,"footnotes":""},"class_list":["post-5309","page","type-page","status-publish","hentry"],"acf":[],"_links":{"self":[{"href":"https:\/\/www.mooblimasin.ee\/fi\/wp-json\/wp\/v2\/pages\/5309","targetHints":{"allow":["GET"]}}],"collection":[{"href":"https:\/\/www.mooblimasin.ee\/fi\/wp-json\/wp\/v2\/pages"}],"about":[{"href":"https:\/\/www.mooblimasin.ee\/fi\/wp-json\/wp\/v2\/types\/page"}],"author":[{"embeddable":true,"href":"https:\/\/www.mooblimasin.ee\/fi\/wp-json\/wp\/v2\/users\/1"}],"replies":[{"embeddable":true,"href":"https:\/\/www.mooblimasin.ee\/fi\/wp-json\/wp\/v2\/comments?post=5309"}],"version-history":[{"count":4,"href":"https:\/\/www.mooblimasin.ee\/fi\/wp-json\/wp\/v2\/pages\/5309\/revisions"}],"predecessor-version":[{"id":17110,"href":"https:\/\/www.mooblimasin.ee\/fi\/wp-json\/wp\/v2\/pages\/5309\/revisions\/17110"}],"wp:attachment":[{"href":"https:\/\/www.mooblimasin.ee\/fi\/wp-json\/wp\/v2\/media?parent=5309"}],"curies":[{"name":"wp","href":"https:\/\/api.w.org\/{rel}","templated":true}]}}