{"id":5305,"date":"2014-06-13T10:45:54","date_gmt":"2014-06-13T07:45:54","guid":{"rendered":"http:\/\/www.mooblimasin.ee\/alumiiniumraam-esipaneelid-2\/"},"modified":"2021-12-02T12:15:02","modified_gmt":"2021-12-02T10:15:02","slug":"alumiiniumraam-esipaneelid","status":"publish","type":"page","link":"https:\/\/www.mooblimasin.ee\/fi\/alumiiniumraam-esipaneelid\/","title":{"rendered":"Alumiiniumraamiga esipaneelid"},"content":{"rendered":"<p><strong>Meilt on v\u00f5imalik tellida ainult eritellimusel k\u00f6\u00f6gim\u00f6\u00f6bli terviklahendusi.&nbsp;<\/strong><br \/>\n<strong>Eraldi t\u00f6\u00f6tasapindu, kapiuksi, furnituuri ja k\u00f6\u00f6gitehnikat M\u00f6\u00f6blimasin ei paku.<\/strong><\/p>\n<p>Alumiiniumraamiga esipaneelide raamide materjaliks on erinevate v\u00e4ispinnakattega alumiinium (anodeeritud hall, anodeeritud must, anodeeritud l\u00e4ikiv, anodeeritud roostevaba imitatsioon, anodeeritud kuldne). Pakume v\u00f5imalust alumminumraamiga esipaneelide v\u00e4rvimist pulberv\u00e4rviga RAL kataloogi alusel.<\/p>\n<p>Sisumaterjaliks 4 mm matistatud-, toonitud- v\u00f5i v\u00e4rvitud klaas. Uksed v\u00f5ivad olla nii k\u00fcljele avanevad kui ka \u00fclesse t\u00f5stetavad. Oma vastupidavuse ja elegantse disaini t\u00f5ttu on alumiiniumraamiga kapiuksed leidnud t\u00e4nap\u00e4evastes modernsetes k\u00f6\u00f6kides rohkesti kasutust.<\/p>\n<p><strong style=\"color: #474747;\">Esipaneelid&nbsp;on saadaval ainult koos k\u00f6\u00f6gim\u00f6\u00f6bli tellimusega.<\/strong><\/p>\n<p><span style=\"color: #222222;\">NB! Pildid on illustratiivse t\u00e4hendusega, t\u00e4pseimat tooni n\u00e4eb reaalsetelt n\u00e4idistelt.<\/span><\/p>\n<figure><p>Invalid Displayed Gallery<\/p><\/noscript><\/figure>\n","protected":false},"excerpt":{"rendered":"<p>Meilt on v\u00f5imalik tellida ainult eritellimusel k\u00f6\u00f6gim\u00f6\u00f6bli terviklahendusi.&nbsp;<br \/>\nEraldi t\u00f6\u00f6tasapindu, kapiuksi, furnituuri ja k\u00f6\u00f6gitehnikat M\u00f6\u00f6blimasin ei paku.<br \/>\nAlumiiniumraamiga esipaneelide raamide materjaliks on erinevate v\u00e4ispinnakattega alumiinium (anodeeritud hall, anodeeritud must, anodeeritud l\u00e4ikiv, anodeeritud roostevaba imitatsioon, anodeeritud kuldne). Pakume v\u00f5imalust alumminumraamiga esipaneelide v\u00e4rvimist pulberv\u00e4rviga<\/p>\n","protected":false},"author":1,"featured_media":0,"parent":0,"menu_order":0,"comment_status":"open","ping_status":"open","template":"","meta":{"ngg_post_thumbnail":0,"footnotes":""},"class_list":["post-5305","page","type-page","status-publish","hentry"],"acf":[],"_links":{"self":[{"href":"https:\/\/www.mooblimasin.ee\/fi\/wp-json\/wp\/v2\/pages\/5305","targetHints":{"allow":["GET"]}}],"collection":[{"href":"https:\/\/www.mooblimasin.ee\/fi\/wp-json\/wp\/v2\/pages"}],"about":[{"href":"https:\/\/www.mooblimasin.ee\/fi\/wp-json\/wp\/v2\/types\/page"}],"author":[{"embeddable":true,"href":"https:\/\/www.mooblimasin.ee\/fi\/wp-json\/wp\/v2\/users\/1"}],"replies":[{"embeddable":true,"href":"https:\/\/www.mooblimasin.ee\/fi\/wp-json\/wp\/v2\/comments?post=5305"}],"version-history":[{"count":2,"href":"https:\/\/www.mooblimasin.ee\/fi\/wp-json\/wp\/v2\/pages\/5305\/revisions"}],"predecessor-version":[{"id":16936,"href":"https:\/\/www.mooblimasin.ee\/fi\/wp-json\/wp\/v2\/pages\/5305\/revisions\/16936"}],"wp:attachment":[{"href":"https:\/\/www.mooblimasin.ee\/fi\/wp-json\/wp\/v2\/media?parent=5305"}],"curies":[{"name":"wp","href":"https:\/\/api.w.org\/{rel}","templated":true}]}}