{"id":5284,"date":"2014-05-30T16:15:05","date_gmt":"2014-05-30T13:15:05","guid":{"rendered":"http:\/\/www.mooblimasin.ee\/taispuidust-tootasapinnad-2\/"},"modified":"2021-12-02T12:30:46","modified_gmt":"2021-12-02T10:30:46","slug":"taispuidust-tootasapinnad","status":"publish","type":"page","link":"https:\/\/www.mooblimasin.ee\/fi\/taispuidust-tootasapinnad\/","title":{"rendered":"T\u00e4ispuidust t\u00f6\u00f6tasapind"},"content":{"rendered":"<figure><img decoding=\"async\" class=\"lazy alignleft\" src=\"https:\/\/www.mooblimasin.ee\/wp-content\/plugins\/jquery-image-lazy-loading\/images\/grey.gif\" data-original=\"https:\/\/www.mooblimasin.ee\/wp-content\/uploads\/2014\/05\/T\u00e4ispuidust-t\u00f6\u00f6tasapinnad-k\u00f6\u00f6ki.jpg\" alt=\"T\u00e4ispuidust t\u00f6\u00f6tasapinnad k\u00f6\u00f6ki\" width=\"100%\"><noscript><img decoding=\"async\" class=\"alignleft\" src=\"https:\/\/www.mooblimasin.ee\/wp-content\/uploads\/2014\/05\/T\u00e4ispuidust-t\u00f6\u00f6tasapinnad-k\u00f6\u00f6ki.jpg\" alt=\"T\u00e4ispuidust t\u00f6\u00f6tasapinnad k\u00f6\u00f6ki\" width=\"100%\"><\/noscript><\/figure>\n<p>T\u00e4ispuidu valimine t\u00f6\u00f6pinnaks <a href=\"https:\/\/www.mooblimasin.ee\/koogimoobli-planeerimine\/\">k\u00f6\u00f6gim\u00f6\u00f6bli kujundamisel<\/a> toob k\u00f6\u00f6giruumi sooja maakodu tunnet. T\u00e4ispuidust t\u00f6\u00f6pinnad sobivad&nbsp; k\u00f5ige paremini valge poolmati- ja k\u00f5rgl\u00e4ikeliste esipaneelidega. Lisaks haakuvad naturaalsest tammest t\u00f6\u00f6pinnad suurep\u00e4raselt ka kreemikate, hallide ja oliviiviroheliste toonidega.<\/p>\n<p>T\u00f6\u00f6pinnad viimistleme parima kaitse saavutamiseks \u00f5livahaga. \u00d5livahaga t\u00f6\u00f6tlemine v\u00e4hendam t\u00e4ispuidust t\u00f6\u00f6pindade tundlikkust veeplekkide suhtes. Lisaks kasutatakse viimistlusviisina ka lakkimist.<br \/>\nEnimlevinumad puiduliigid on tamm ja saar, v\u00e4hem kasutatakse teisi puiduliike. Tammepuidust t\u00f6\u00f6pinna eeliseks on suur tugevus. Sarnase vastupidavusega on ka saarepuu.<\/p>\n<p>T\u00e4ispuidust t\u00f6\u00f6pindade miinuseks on vajadus hoolduse j\u00e4rele. Hooldusvajaduse s\u00f5ltub kasutamisest. Enamasti tuleks t\u00f6\u00f6pinnad \u00f5li v\u00f5i Osmo \u00f5livahaga t\u00f6\u00f6delda ca 2 korda aastas.<\/p>\n<p><strong>Meilt on v\u00f5imalik tellida ainult eritellimusel k\u00f6\u00f6gim\u00f6\u00f6bli terviklahendusi.&nbsp;<\/strong><br \/>\n<strong>Eraldi t\u00f6\u00f6tasapindu, kapiuksi, furnituuri ja k\u00f6\u00f6gitehnikat M\u00f6\u00f6blimasin ei paku.<\/strong><\/p>\n<p><span style=\"color: #222222;\">NB! Pildid on illustratiivse t\u00e4hendusega, t\u00e4pseimat tooni n\u00e4eb reaalsetelt n\u00e4idistelt.<\/span><\/p>\n<figure><p>Invalid Displayed Gallery<\/p><\/noscript><\/figure>\n","protected":false},"excerpt":{"rendered":"<p>T\u00e4ispuidu valimine t\u00f6\u00f6pinnaks k\u00f6\u00f6gim\u00f6\u00f6bli kujundamisel toob k\u00f6\u00f6giruumi sooja maakodu tunnet. T\u00e4ispuidust t\u00f6\u00f6pinnad sobivad&nbsp; k\u00f5ige paremini valge poolmati- ja k\u00f5rgl\u00e4ikeliste esipaneelidega. Lisaks haakuvad naturaalsest tammest t\u00f6\u00f6pinnad suurep\u00e4raselt ka kreemikate, hallide ja oliviiviroheliste toonidega.<br \/>\nT\u00f6\u00f6pinnad viimistleme parima kaitse saavutamiseks \u00f5livahaga. \u00d5livahaga t\u00f6\u00f6tlemine v\u00e4hendam<\/p>\n","protected":false},"author":1,"featured_media":0,"parent":0,"menu_order":0,"comment_status":"open","ping_status":"open","template":"","meta":{"ngg_post_thumbnail":0,"footnotes":""},"class_list":["post-5284","page","type-page","status-publish","hentry"],"acf":[],"_links":{"self":[{"href":"https:\/\/www.mooblimasin.ee\/fi\/wp-json\/wp\/v2\/pages\/5284","targetHints":{"allow":["GET"]}}],"collection":[{"href":"https:\/\/www.mooblimasin.ee\/fi\/wp-json\/wp\/v2\/pages"}],"about":[{"href":"https:\/\/www.mooblimasin.ee\/fi\/wp-json\/wp\/v2\/types\/page"}],"author":[{"embeddable":true,"href":"https:\/\/www.mooblimasin.ee\/fi\/wp-json\/wp\/v2\/users\/1"}],"replies":[{"embeddable":true,"href":"https:\/\/www.mooblimasin.ee\/fi\/wp-json\/wp\/v2\/comments?post=5284"}],"version-history":[{"count":5,"href":"https:\/\/www.mooblimasin.ee\/fi\/wp-json\/wp\/v2\/pages\/5284\/revisions"}],"predecessor-version":[{"id":17398,"href":"https:\/\/www.mooblimasin.ee\/fi\/wp-json\/wp\/v2\/pages\/5284\/revisions\/17398"}],"wp:attachment":[{"href":"https:\/\/www.mooblimasin.ee\/fi\/wp-json\/wp\/v2\/media?parent=5284"}],"curies":[{"name":"wp","href":"https:\/\/api.w.org\/{rel}","templated":true}]}}