{"id":5282,"date":"2014-05-30T16:14:53","date_gmt":"2014-05-30T13:14:53","guid":{"rendered":"http:\/\/www.mooblimasin.ee\/korgsurvelaminaat-tootasapinnad-2\/"},"modified":"2021-12-02T12:25:22","modified_gmt":"2021-12-02T10:25:22","slug":"korgsurvelaminaat-tootasapinnad","status":"publish","type":"page","link":"https:\/\/www.mooblimasin.ee\/fi\/korgsurvelaminaat-tootasapinnad\/","title":{"rendered":"K\u00f5rgsurvelaminaadist t\u00f6\u00f6tasapinnad"},"content":{"rendered":"<p style=\"color: #474747;\"><img decoding=\"async\" class=\"lazy alignright\" src=\"https:\/\/www.mooblimasin.ee\/wp-content\/plugins\/jquery-image-lazy-loading\/images\/grey.gif\" data-original=\"https:\/\/www.mooblimasin.ee\/wp-content\/uploads\/2014\/05\/egger.jpg\" alt=\"Egger k\u00f5rgsurvelaminaadist t\u00f6\u00f6tasapinnad\" width=\"314\" height=\"74\"><noscript><img decoding=\"async\" class=\"alignright\" src=\"https:\/\/www.mooblimasin.ee\/wp-content\/uploads\/2014\/05\/egger.jpg\" alt=\"Egger k\u00f5rgsurvelaminaadist t\u00f6\u00f6tasapinnad\" width=\"314\" height=\"74\"><\/noscript>Egger EUROSPAN\u00ae t\u00f6\u00f6tasapinnad on FIRA sertifikaadiga tunnustatud \u201ckantnurk\u201d servaga, mis pakub kaasaegset ja moodsat v\u00e4ljan\u00e4gemist.<\/p>\n<p style=\"color: #474747;\">EGGERi t\u00f6\u00f6tasapindade pealispind on kaetud dekoratiivse laminaadiga, mis vastab EN438 n\u00f5uetele. See garanteerib t\u00f6\u00f6pindade suure kulumiskindluse, vastupidavuse kriimustustele ja majapidamises tekkivate plekkide tekkele.<\/p>\n<p style=\"color: #474747;\">T\u00f6\u00f6tasapindade tagumine serv on t\u00f6\u00f6deldud kuumsulava pol\u00fcuretaanliimiga. Esiserva alumine pool on t\u00f6\u00f6deldud UV lakiga, mis muudab toote t\u00e4ielikult niiskuskindlaks.<\/p>\n<p style=\"color: #474747;\">K\u00f5ikide EGGERi t\u00f6\u00f6tasapindade tunnusjooneks on eriline pealiskatte materjal, mis kindlustab k\u00f5rge kaitse v\u00f5imalike kriimustuste eest.<\/p>\n<p style=\"color: #474747;\">T\u00f6\u00f6tasapindade m\u00f5\u00f5tmed: 4100 x 600 x 38 mm (pikkus x s\u00fcgavus x paksus), esiserva raadius R3.<br \/>\nT\u00f6\u00f6tasapindade maksimaalne pikkus \u00fches t\u00fckis: ca 4050 mm.<\/p>\n<p style=\"color: #474747;\"><strong>Meilt on v\u00f5imalik tellida ainult eritellimusel k\u00f6\u00f6gim\u00f6\u00f6bli terviklahendusi.&nbsp;<\/strong><br \/>\n<strong>Eraldi t\u00f6\u00f6tasapindu, kapiuksi, furnituuri ja k\u00f6\u00f6gitehnikat M\u00f6\u00f6blimasin ei paku.<\/strong><\/p>\n<p><iframe src=\"https:\/\/www.youtube.com\/embed\/oxLZ_xuHFgg\" width=\"100%\" height=\"315\" frameborder=\"0\" allowfullscreen=\"allowfullscreen\"><\/iframe><\/p>\n<p style=\"color: #474747;\">NB! Pildid on illustratiivse t\u00e4hendusega, t\u00e4pseimat tooni n\u00e4eb reaalsetelt n\u00e4idistelt.<\/p>\n<p style=\"color: #474747;\"><p>Invalid Displayed Gallery<\/p><\/noscript><\/p>\n","protected":false},"excerpt":{"rendered":"<p>Egger EUROSPAN\u00ae t\u00f6\u00f6tasapinnad on FIRA sertifikaadiga tunnustatud \u201ckantnurk\u201d servaga, mis pakub kaasaegset ja moodsat v\u00e4ljan\u00e4gemist.<br \/>\nEGGERi t\u00f6\u00f6tasapindade pealispind on kaetud dekoratiivse laminaadiga, mis vastab EN438 n\u00f5uetele. See garanteerib t\u00f6\u00f6pindade suure kulumiskindluse, vastupidavuse kriimustustele ja majapidamises tekkivate plekkide tekkele.<br \/>\nT\u00f6\u00f6tasapindade tagumine serv on<\/p>\n","protected":false},"author":1,"featured_media":0,"parent":0,"menu_order":0,"comment_status":"open","ping_status":"open","template":"","meta":{"ngg_post_thumbnail":0,"footnotes":""},"class_list":["post-5282","page","type-page","status-publish","hentry"],"acf":[],"_links":{"self":[{"href":"https:\/\/www.mooblimasin.ee\/fi\/wp-json\/wp\/v2\/pages\/5282","targetHints":{"allow":["GET"]}}],"collection":[{"href":"https:\/\/www.mooblimasin.ee\/fi\/wp-json\/wp\/v2\/pages"}],"about":[{"href":"https:\/\/www.mooblimasin.ee\/fi\/wp-json\/wp\/v2\/types\/page"}],"author":[{"embeddable":true,"href":"https:\/\/www.mooblimasin.ee\/fi\/wp-json\/wp\/v2\/users\/1"}],"replies":[{"embeddable":true,"href":"https:\/\/www.mooblimasin.ee\/fi\/wp-json\/wp\/v2\/comments?post=5282"}],"version-history":[{"count":3,"href":"https:\/\/www.mooblimasin.ee\/fi\/wp-json\/wp\/v2\/pages\/5282\/revisions"}],"predecessor-version":[{"id":17163,"href":"https:\/\/www.mooblimasin.ee\/fi\/wp-json\/wp\/v2\/pages\/5282\/revisions\/17163"}],"wp:attachment":[{"href":"https:\/\/www.mooblimasin.ee\/fi\/wp-json\/wp\/v2\/media?parent=5282"}],"curies":[{"name":"wp","href":"https:\/\/api.w.org\/{rel}","templated":true}]}}