{"id":5279,"date":"2014-05-29T22:21:36","date_gmt":"2014-05-29T19:21:36","guid":{"rendered":"http:\/\/www.mooblimasin.ee\/tehtud-tood-2\/"},"modified":"2021-02-01T20:44:16","modified_gmt":"2021-02-01T18:44:16","slug":"valmiit-keittiot","status":"publish","type":"page","link":"https:\/\/www.mooblimasin.ee\/fi\/valmiit-keittiot\/","title":{"rendered":"Valmiit keittiot"},"content":{"rendered":"<p>Olemme valmistaneet yhteens\u00e4 yli 2000 keitti\u00f6t\u00e4. Kuvagalleriassa voit katsella kuvia joistakin valmistamistamme keitti\u00f6ist\u00e4.<\/p>\n<p><strong>Jos kuvien joukosta l\u00f6ytyy sopiva keitti\u00f6, sen voi lis\u00e4t\u00e4 tilaukseen malliksi sopivasta keitti\u00f6st\u00e4 napsauttamalla kuvan oikeassa alareunassa n\u00e4kyv\u00e4\u00e4 painiketta (voit lis\u00e4t\u00e4 korkeintaan kolme keitti\u00f6t\u00e4).<\/strong> Esimerkkien avulla pystymme perehtym\u00e4\u00e4n toiveisiisi paremmin.<\/p>\n<p>Jokaisen kuvan vierest\u00e4 l\u00f6ytyy my\u00f6s pieni tietopaketti, josta l\u00f6ytyy tietoa keitti\u00f6n materiaaleista.<\/p>\n<p><span lang=\"FI\">Perehdy my\u00f6s <\/span><span lang=\"FI\"><a title=\"K\u00f6\u00f6gim\u00f6\u00f6bli soovitused vastavalt eesm\u00e4rgile\" href=\"https:\/\/www.mooblimasin.ee\/fi\/vinkkeja-tarkoituksenmukaisen-keittion-suunnitteluun\/\">keitti\u00f6n suunnitteluvinkkeihimme<\/a><\/span><span class=\"apple-converted-space\"><span lang=\"FI\">\u00a0<\/span><\/span><span lang=\"FI\">ja <\/span><span lang=\"FI\"><a title=\"K\u00f6\u00f6gim\u00f6\u00f6bli hinnan\u00e4idised\" href=\"https:\/\/www.mooblimasin.ee\/fi\/hintaesimerkkeja\/\">keitti\u00f6iden hintaesimerkkeihin<\/a><\/span><span lang=\"FI\">.<\/span><\/p>\n<h3>Keitti\u00f6mme<\/h3>\n","protected":false},"excerpt":{"rendered":"<p>Olemme valmistaneet yhteens\u00e4 yli 2000 keitti\u00f6t\u00e4. Kuvagalleriassa voit katsella kuvia joistakin valmistamistamme keitti\u00f6ist\u00e4.<br \/>\nJos kuvien joukosta l\u00f6ytyy sopiva keitti\u00f6, sen voi lis\u00e4t\u00e4 tilaukseen malliksi sopivasta keitti\u00f6st\u00e4 napsauttamalla kuvan oikeassa alareunassa n\u00e4kyv\u00e4\u00e4 painiketta (voit lis\u00e4t\u00e4 korkeintaan kolme keitti\u00f6t\u00e4). Esimerkkien avulla pystymme perehtym\u00e4\u00e4n<\/p>\n","protected":false},"author":1,"featured_media":0,"parent":0,"menu_order":0,"comment_status":"open","ping_status":"open","template":"page-tehtudtood.php","meta":{"ngg_post_thumbnail":0,"footnotes":""},"class_list":["post-5279","page","type-page","status-publish","hentry"],"acf":[],"_links":{"self":[{"href":"https:\/\/www.mooblimasin.ee\/fi\/wp-json\/wp\/v2\/pages\/5279","targetHints":{"allow":["GET"]}}],"collection":[{"href":"https:\/\/www.mooblimasin.ee\/fi\/wp-json\/wp\/v2\/pages"}],"about":[{"href":"https:\/\/www.mooblimasin.ee\/fi\/wp-json\/wp\/v2\/types\/page"}],"author":[{"embeddable":true,"href":"https:\/\/www.mooblimasin.ee\/fi\/wp-json\/wp\/v2\/users\/1"}],"replies":[{"embeddable":true,"href":"https:\/\/www.mooblimasin.ee\/fi\/wp-json\/wp\/v2\/comments?post=5279"}],"version-history":[{"count":13,"href":"https:\/\/www.mooblimasin.ee\/fi\/wp-json\/wp\/v2\/pages\/5279\/revisions"}],"predecessor-version":[{"id":11156,"href":"https:\/\/www.mooblimasin.ee\/fi\/wp-json\/wp\/v2\/pages\/5279\/revisions\/11156"}],"wp:attachment":[{"href":"https:\/\/www.mooblimasin.ee\/fi\/wp-json\/wp\/v2\/media?parent=5279"}],"curies":[{"name":"wp","href":"https:\/\/api.w.org\/{rel}","templated":true}]}}