{"id":5270,"date":"2014-06-04T10:39:04","date_gmt":"2014-06-04T07:39:04","guid":{"rendered":"http:\/\/www.mooblimasin.ee\/koogimoobli-valmistamiseks-kasutatavad-seadmed-2\/"},"modified":"2023-08-17T18:13:45","modified_gmt":"2023-08-17T15:13:45","slug":"koogimoobli-valmistamiseks-kasutatavad-seadmed","status":"publish","type":"page","link":"https:\/\/www.mooblimasin.ee\/fi\/koogimoobli-valmistamiseks-kasutatavad-seadmed\/","title":{"rendered":"K\u00f6\u00f6gim\u00f6\u00f6bli valmistamiseks kasutatavad seadmed"},"content":{"rendered":"<p>Uuri alati <a href=\"https:\/\/www.mooblimasin.ee\/koogimoobli-tellimine\/\">k\u00f6\u00f6gim\u00f6\u00f6blit tellides<\/a>, kes ja kuidas sinu k\u00f6\u00f6gi materjali valmistab. Meie valmistame oma k\u00f6\u00f6gim\u00f6\u00f6bli peamised detailid ise, mis v\u00f5imaldab meil ka v\u00f5tta t\u00e4ielikku vastutust l\u00f5pptulemuse eest.<\/p>\n<h2>M\u00d6\u00d6BLIMASIN<\/h2>\n<p>Meie tootmine asub Tallinna \u00e4\u00e4relinnas ning eelneval kokkuleppel v\u00f5ib sealt alati l\u00e4bi astuda. V\u00f5tame Sind r\u00f5\u00f5muga vastu ja tutvustame t\u00f6\u00f6ruume. Nii saad veenduda, et meie materjal ja t\u00f6\u00f6viisid on t\u00f5esti tipptasemel ning nende abil on v\u00f5imalik valmistada k\u00f5ige ilusamaid ja praktilisemaid k\u00f6\u00f6ke.<\/p>\n<p>Tunnistame ausalt, et nagu elus ikka, ei \u00f5nnestu m\u00f5ni asi esimesel katsel, kuid me ei aja oma viga Sinu kaela ning k\u00f5ik paigalduse k\u00e4igus ilmnenud ebak\u00f5lad saavad k\u00f5rvaldatud. Parima tulemuse saavutamiseks kasutame tipptehnikat, mis v\u00f5imaldab meil pakkuda oodatust k\u00f5rgemat kvaliteeti.<\/p>\n<p><span style=\"line-height: 1.5;\">Lisaks v\u00e4ga kvaliteetsetele masinatele kasutame oma k\u00f6\u00f6gim\u00f6\u00f6bli tootmises ka&nbsp;<\/span><a style=\"line-height: 1.5;\" href=\"http:\/\/en.wikipedia.org\/wiki\/Frameless_construction\" target=\"_blank\" rel=\"noopener\">Euro 32 mm s\u00fcsteemi<\/a><span style=\"line-height: 1.5;\"> (Euro 32 system), mis v\u00f5imaldab n\u00e4iteks kappide detaile demonteerida ja taas monteerida. Seda kasutavad t\u00e4na vaid suuremad m\u00f6\u00f6blitootjad, v\u00e4ikesed ei tee selliseid investeeringuid, kuna see n\u00f5uab vastavaid seadmeid.<\/span><\/p>\n<hr>\n<h3>Formaatsaag Altendorf F45<\/h3>\n<figure><img decoding=\"async\" class=\"lazy alignnone\" src=\"https:\/\/www.mooblimasin.ee\/wp-content\/plugins\/jquery-image-lazy-loading\/images\/grey.gif\" data-original=\"https:\/\/www.mooblimasin.ee\/wp-content\/uploads\/2014\/06\/Formaatsaag-Altendorf-F45.jpg\" alt=\"\"><noscript><img decoding=\"async\" class=\"alignnone\" src=\"https:\/\/www.mooblimasin.ee\/wp-content\/uploads\/2014\/06\/Formaatsaag-Altendorf-F45.jpg\" alt=\"\"><\/noscript><\/figure>\n<p><iframe title=\"Altendorf F45 Sliding Table Saw\" width=\"500\" height=\"281\" src=\"https:\/\/www.youtube.com\/embed\/MT8Yo4GGv2E?feature=oembed\" frameborder=\"0\" allow=\"accelerometer; autoplay; clipboard-write; encrypted-media; gyroscope; picture-in-picture; web-share\" referrerpolicy=\"strict-origin-when-cross-origin\" allowfullscreen><\/iframe><\/p>\n<hr>\n<h3>Servapealistusmasin HOLZ-HER Sprint 1329 Premium<\/h3>\n<p>&nbsp;<\/p>\n<figure><img fetchpriority=\"high\" decoding=\"async\" class=\"lazy alignnone\" src=\"https:\/\/www.mooblimasin.ee\/wp-content\/plugins\/jquery-image-lazy-loading\/images\/grey.gif\" data-original=\"https:\/\/www.mooblimasin.ee\/wp-content\/uploads\/2014\/06\/Holz-Her-Sprint-1329-Premium.jpg\" alt=\"Holz-Her Sprint 1329 Premium\" width=\"1120\" height=\"630\"><noscript><img decoding=\"async\" class=\"alignnone\" src=\"https:\/\/www.mooblimasin.ee\/wp-content\/uploads\/2014\/06\/Holz-Her-Sprint-1329-Premium.jpg\" alt=\"Holz-Her Sprint 1329 Premium\" width=\"1120\" height=\"630\"><\/noscript><\/figure>\n<hr>\n<h3>CNC-pink HOLZ-HER Evolution 7405<\/h3>\n<p>&nbsp;<\/p>\n<figure><img decoding=\"async\" class=\"lazy alignnone\" src=\"https:\/\/www.mooblimasin.ee\/wp-content\/plugins\/jquery-image-lazy-loading\/images\/grey.gif\" data-original=\"https:\/\/www.mooblimasin.ee\/wp-content\/uploads\/2014\/06\/Evolution-7405.jpg\" alt=\"Evolution 7405\" width=\"952\" height=\"800\"><noscript><img loading=\"lazy\" decoding=\"async\" class=\"alignnone\" src=\"https:\/\/www.mooblimasin.ee\/wp-content\/uploads\/2014\/06\/Evolution-7405.jpg\" alt=\"Evolution 7405\" width=\"952\" height=\"800\"><\/noscript><\/figure>\n<p><iframe title=\"The HOLZ HER EVOLUTION 7405 4mat - Vertical CNC Machining Center\" width=\"500\" height=\"281\" src=\"https:\/\/www.youtube.com\/embed\/nU4sDgKsUgo?feature=oembed\" frameborder=\"0\" allow=\"accelerometer; autoplay; clipboard-write; encrypted-media; gyroscope; picture-in-picture; web-share\" referrerpolicy=\"strict-origin-when-cross-origin\" allowfullscreen><\/iframe><\/p>\n<hr>\n<h3>Puurpink Blum Minipress P<\/h3>\n<figure><img decoding=\"async\" class=\"lazy alignnone\" src=\"https:\/\/www.mooblimasin.ee\/wp-content\/plugins\/jquery-image-lazy-loading\/images\/grey.gif\" data-original=\"https:\/\/www.mooblimasin.ee\/wp-content\/uploads\/2014\/06\/Blum-Minipress-P.jpg\" alt=\"\"><noscript><img decoding=\"async\" class=\"alignnone\" src=\"https:\/\/www.mooblimasin.ee\/wp-content\/uploads\/2014\/06\/Blum-Minipress-P.jpg\" alt=\"\"><\/noscript><\/figure>\n<p><iframe title=\"MINIPRESS P | Blum\" width=\"500\" height=\"281\" src=\"https:\/\/www.youtube.com\/embed\/1KWXlX_Q2kQ?feature=oembed\" frameborder=\"0\" allow=\"accelerometer; autoplay; clipboard-write; encrypted-media; gyroscope; picture-in-picture; web-share\" referrerpolicy=\"strict-origin-when-cross-origin\" allowfullscreen><\/iframe><\/p>\n<p>Loe kindlasti ka <a title=\"Paigalduse kvaliteet\" href=\"\/mooblimasin\/?page_id=153\">paigaldamise olulisusest<\/a>.<\/p>\n","protected":false},"excerpt":{"rendered":"<p>Uuri alati k\u00f6\u00f6gim\u00f6\u00f6blit tellides, kes ja kuidas sinu k\u00f6\u00f6gi materjali valmistab. Meie valmistame oma k\u00f6\u00f6gim\u00f6\u00f6bli peamised detailid ise, mis v\u00f5imaldab meil ka v\u00f5tta t\u00e4ielikku vastutust l\u00f5pptulemuse eest.<br \/>\nM\u00d6\u00d6BLIMASIN<br \/>\nMeie tootmine asub Tallinna \u00e4\u00e4relinnas ning eelneval kokkuleppel v\u00f5ib sealt alati l\u00e4bi astuda. V\u00f5tame<\/p>\n","protected":false},"author":1,"featured_media":0,"parent":0,"menu_order":0,"comment_status":"open","ping_status":"open","template":"page-kasulik.php","meta":{"ngg_post_thumbnail":0,"footnotes":""},"class_list":["post-5270","page","type-page","status-publish","hentry"],"acf":[],"_links":{"self":[{"href":"https:\/\/www.mooblimasin.ee\/fi\/wp-json\/wp\/v2\/pages\/5270","targetHints":{"allow":["GET"]}}],"collection":[{"href":"https:\/\/www.mooblimasin.ee\/fi\/wp-json\/wp\/v2\/pages"}],"about":[{"href":"https:\/\/www.mooblimasin.ee\/fi\/wp-json\/wp\/v2\/types\/page"}],"author":[{"embeddable":true,"href":"https:\/\/www.mooblimasin.ee\/fi\/wp-json\/wp\/v2\/users\/1"}],"replies":[{"embeddable":true,"href":"https:\/\/www.mooblimasin.ee\/fi\/wp-json\/wp\/v2\/comments?post=5270"}],"version-history":[{"count":16,"href":"https:\/\/www.mooblimasin.ee\/fi\/wp-json\/wp\/v2\/pages\/5270\/revisions"}],"predecessor-version":[{"id":19472,"href":"https:\/\/www.mooblimasin.ee\/fi\/wp-json\/wp\/v2\/pages\/5270\/revisions\/19472"}],"wp:attachment":[{"href":"https:\/\/www.mooblimasin.ee\/fi\/wp-json\/wp\/v2\/media?parent=5270"}],"curies":[{"name":"wp","href":"https:\/\/api.w.org\/{rel}","templated":true}]}}