{"id":5263,"date":"2014-06-04T10:12:12","date_gmt":"2014-06-04T07:12:12","guid":{"rendered":"http:\/\/www.mooblimasin.ee\/koogiprojektis-olevad-standardmaterjalid-2\/"},"modified":"2016-05-12T13:59:39","modified_gmt":"2016-05-12T10:59:39","slug":"keittion-suunnittelu","status":"publish","type":"page","link":"https:\/\/www.mooblimasin.ee\/fi\/keittion-suunnittelu\/","title":{"rendered":"KEITTI\u00d6N SUUNNITTELU"},"content":{"rendered":"<p><span style=\"color: #222222;\">Keitti\u00f6kalusteiden valmistuksessa jokainen yksityiskohta on t\u00e4rke\u00e4, ja pienikin asia voi pilata lopputuloksen. Tied\u00e4mme hyvin sen, miten t\u00e4rke\u00e4t\u00e4 on, ett\u00e4 ovet ja <a href=\"https:\/\/www.mooblimasin.ee\/sahtlisusteemid-furnituur\/\">laatikot<\/a>, sulkeutuvat esteett\u00e4 ja \u00e4\u00e4nett\u00f6m\u00e4sti viel\u00e4 vuosienkin k\u00e4yt\u00f6n j\u00e4lkeen. Esittelemme sinulle my\u00f6s erilaisia uusia ratkaisuja, jotka auttavat s\u00e4\u00e4st\u00e4m\u00e4\u00e4n tilaa ja helpottavat ruoanlaittoa. T\u00e4llaisia ovat esimerkiksi eritt\u00e4in k\u00e4yt\u00e4nn\u00f6lliset nurkkalaatikot ja ty\u00f6tasosta yl\u00f6s nousevat teleskooppipistorasiat.<\/span><br style=\"color: #222222;\" \/><br style=\"color: #222222;\" \/><span style=\"color: #222222;\">Seuraamme alan uusinta kehityst\u00e4 jatkuvasti ja teemme yhteisty\u00f6t\u00e4 parhaiden mekanismeja, kiskoja ja listoja valmistavien yritysten kanssa, jotta pystymme valmistamaan\u00a0<a title=\"parimad k\u00f6\u00f6gid\" href=\"https:\/\/www.mooblimasin.ee\/\">parhaita mahdollisia keitti\u00f6it\u00e4.<\/a><\/span><\/p>\n<h3><strong>Keitti\u00f6idemme perusvarustukseen kuuluu aina<\/strong>:<\/h3>\n<ul>\n<li>\u00c4\u00e4nett\u00f6m\u00e4sti sulkeutuvat mekanismit (laatikot, kaapinovet)<\/li>\n<li>Ilmanvaihtoaukot ja ritil\u00e4t siell\u00e4, miss\u00e4 on varmistettava kodinkoneiden ilmanvaihto<\/li>\n<li>Veloituksettomat mittaukset tilauksen yhteydess\u00e4 Harjunmaan alueella<\/li>\n<li><span style=\"color: #222222;\">Tilauksista laaditaan aina sopimus (turvallinen asiakkaalle)<\/span><\/li>\n<li>Korjaamme mahdolliset valmistus- ja materiaalivirheet veloituksetta<\/li>\n<li>Yst\u00e4v\u00e4llinen palvelu<\/li>\n<li><span style=\"color: #222222;\">J\u00e4rjest\u00e4mme tarvittaessa my\u00f6s kodinkoneiden kytkenn\u00e4t (yhteisty\u00f6kumppanimme hoitavat kytkenn\u00e4t, joten vesi- ja viem\u00e4riliit\u00e4nt\u00f6jen ja <a href=\"https:\/\/www.mooblimasin.ee\/faber-disainohupuhastajad\/\">liesituulettimen<\/a> asennusta ei tarvitse j\u00e4rjest\u00e4\u00e4 itse)<\/span><\/li>\n<\/ul>\n<div style=\"color: #222222;\"><img decoding=\"async\" class=\"lazy alignleft\" src=\"https:\/\/www.mooblimasin.ee\/wp-content\/plugins\/jquery-image-lazy-loading\/images\/grey.gif\" data-original=\"https:\/\/www.mooblimasin.ee\/wp-content\/uploads\/2014\/06\/Standadmaterjalid.jpg\" alt=\"Standadmaterjalid\" \/><noscript><img decoding=\"async\" class=\"alignleft\" src=\"https:\/\/www.mooblimasin.ee\/wp-content\/uploads\/2014\/06\/Standadmaterjalid.jpg\" alt=\"Standadmaterjalid\" \/><\/noscript><\/div>\n","protected":false},"excerpt":{"rendered":"<p>Keitti\u00f6kalusteiden valmistuksessa jokainen yksityiskohta on t\u00e4rke\u00e4, ja pienikin asia voi pilata lopputuloksen. Tied\u00e4mme hyvin sen, miten t\u00e4rke\u00e4t\u00e4 on, ett\u00e4 ovet ja laatikot, sulkeutuvat esteett\u00e4 ja \u00e4\u00e4nett\u00f6m\u00e4sti viel\u00e4 vuosienkin k\u00e4yt\u00f6n j\u00e4lkeen. Esittelemme sinulle my\u00f6s erilaisia uusia ratkaisuja, jotka auttavat s\u00e4\u00e4st\u00e4m\u00e4\u00e4n tilaa<\/p>\n","protected":false},"author":1,"featured_media":0,"parent":0,"menu_order":0,"comment_status":"open","ping_status":"open","template":"page-kasulik.php","meta":{"ngg_post_thumbnail":0,"footnotes":""},"class_list":["post-5263","page","type-page","status-publish","hentry"],"acf":[],"_links":{"self":[{"href":"https:\/\/www.mooblimasin.ee\/fi\/wp-json\/wp\/v2\/pages\/5263","targetHints":{"allow":["GET"]}}],"collection":[{"href":"https:\/\/www.mooblimasin.ee\/fi\/wp-json\/wp\/v2\/pages"}],"about":[{"href":"https:\/\/www.mooblimasin.ee\/fi\/wp-json\/wp\/v2\/types\/page"}],"author":[{"embeddable":true,"href":"https:\/\/www.mooblimasin.ee\/fi\/wp-json\/wp\/v2\/users\/1"}],"replies":[{"embeddable":true,"href":"https:\/\/www.mooblimasin.ee\/fi\/wp-json\/wp\/v2\/comments?post=5263"}],"version-history":[{"count":3,"href":"https:\/\/www.mooblimasin.ee\/fi\/wp-json\/wp\/v2\/pages\/5263\/revisions"}],"predecessor-version":[{"id":6297,"href":"https:\/\/www.mooblimasin.ee\/fi\/wp-json\/wp\/v2\/pages\/5263\/revisions\/6297"}],"wp:attachment":[{"href":"https:\/\/www.mooblimasin.ee\/fi\/wp-json\/wp\/v2\/media?parent=5263"}],"curies":[{"name":"wp","href":"https:\/\/api.w.org\/{rel}","templated":true}]}}