{"id":5257,"date":"2014-07-14T12:24:14","date_gmt":"2014-07-14T09:24:14","guid":{"rendered":"http:\/\/www.mooblimasin.ee\/koogimoobli-hinnanaidised-2\/"},"modified":"2019-02-24T15:58:55","modified_gmt":"2019-02-24T13:58:55","slug":"hintaesimerkkeja","status":"publish","type":"page","link":"https:\/\/www.mooblimasin.ee\/fi\/hintaesimerkkeja\/","title":{"rendered":"HINTAESIMERKKEJ\u00c4"},"content":{"rendered":"<p>L\u00f5plik k\u00f6\u00f6gim\u00f6\u00f6bli hind kujuneb alati valitud materjalidest ja <a title=\"Kuidas hinnata k\u00f6\u00f6gim\u00f6\u00f6bli furnituuri kvaliteeti?\" class=\"ngg-fancybox\" href=\"https:\/\/www.mooblimasin.ee\/kuidas-hinnata-koogimoobli-furnituuri-kvaliteeti\/\">furnituuri<\/a> mahust. Pealtn\u00e4ha sarnase v\u00e4limusega k\u00f6\u00f6kide hinnad v\u00f5ivad varieeruda, kuid usume, et siin toodud hinnan\u00e4idised aitavad paremat \u00fclevaadet saada.<img fetchpriority=\"high\" decoding=\"async\" class=\"lazy alignright\" src=\"https:\/\/www.mooblimasin.ee\/wp-content\/plugins\/jquery-image-lazy-loading\/images\/grey.gif\" data-original=\"https:\/\/www.mooblimasin.ee\/wp-content\/uploads\/2014\/07\/Ko\u0308o\u0308gimo\u0308o\u0308bli-na\u0308idis-300x200.jpg\" alt=\"Ko\u0308o\u0308gimo\u0308o\u0308bli na\u0308idis\" width=\"300\" height=\"200\" \/<\/a><noscript><img decoding=\"async\" class=\"alignright\" src=\"https:\/\/www.mooblimasin.ee\/wp-content\/uploads\/2014\/07\/Ko\u0308o\u0308gimo\u0308o\u0308bli-na\u0308idis-300x200.jpg\" alt=\"Ko\u0308o\u0308gimo\u0308o\u0308bli na\u0308idis\" width=\"300\" height=\"200\" \/><\/noscript><\/p>\n<p>Toome allpool v\u00e4lja k\u00f6\u00f6gim\u00f6\u00f6bli erinevad hinnan\u00e4ited, et saaksid paremini aru, kuidas materjalide valik v\u00f5ib hinda m\u00f5jutada (materjalide valik tuleks teha <a title=\"K\u00f6\u00f6gim\u00f6\u00f6bli soovitused vastavalt eesm\u00e4rgile\" href=\"https:\/\/www.mooblimasin.ee\/koogimoobli-soovitused-vastavalt-eesmargile\/\">k\u00f6\u00f6gi eesm\u00e4rgist<\/a>). T\u00e4pse projekti maksumuse saame \u00f6elda, kui oleme t\u00e4psustanud Sinu soovid.<\/p>\n<h1>Sirge k\u00f6\u00f6gim\u00f6\u00f6bel<\/h1>\n<p>(M\u00f6\u00f6bli m\u00f5\u00f5dud: laius 2920 mm, k\u00f5rgus 2340 mm)<\/p>\n<figure><img decoding=\"async\" class=\"lazy alignnone\" src=\"https:\/\/www.mooblimasin.ee\/wp-content\/plugins\/jquery-image-lazy-loading\/images\/grey.gif\" data-original=\"https:\/\/www.mooblimasin.ee\/wp-content\/uploads\/2014\/07\/Sirge-ko\u0308o\u0308gimo\u0308o\u0308bel.jpg\" alt=\"Sirge ko\u0308o\u0308gimo\u0308o\u0308bel\" \/><noscript><img decoding=\"async\" class=\"alignnone\" src=\"https:\/\/www.mooblimasin.ee\/wp-content\/uploads\/2014\/07\/Sirge-ko\u0308o\u0308gimo\u0308o\u0308bel.jpg\" alt=\"Sirge ko\u0308o\u0308gimo\u0308o\u0308bel\" \/><\/noscript><\/figure>\n<p><strong>T\u00f6\u00f6pind:<\/strong> 20 mm kivi Technistone Noble Areti Bianco.<br \/>\n<strong>Tagasein:<\/strong> 20 mm kivi Technistone Noble Areti Bianco.<br \/>\n<strong>Esipaneelid:<\/strong> MDF, poolmatt v\u00e4rv (toon valge).<br \/>\n<strong>Karkass:<\/strong> valge melamiin.<br \/>\n<strong>Valgustus:<\/strong> LED-valgusriba, soe valgus.<br \/>\n<strong>Ahi:<\/strong> Smeg, Linea SFP140BE, valge.<br \/>\n<strong>Pliidiplaat:<\/strong> 45 cm IN45W, valge.<br \/>\n<strong>K\u00fclmik:<\/strong> Smeg SD7185CSD2P, integreeritav 122 cm.<br \/>\n<strong>\u00d5hupuhastaja:<\/strong> Falmec Incasso 50 cm, t\u00e4isintegreeritav, RV teras AISI304.<br \/>\n<strong>Valamu:<\/strong> Franke KBK 110-40, keraamiline, alt monteeritav, polaarvalge 126.0335.711.<br \/>\n<strong>Segisti:<\/strong> Franke ACTIVE-PLUS, kangsegisti, polaarvalge 115.0373.817.<\/p>\n<p>K\u00f6\u00f6gi maksumus koos paigaldusega ~5900 eurot.<\/p>\n<p>Hinnale lisandub k\u00f6\u00f6gitehnika maksumus vastavalt valitud toodetele. \u00dchendust\u00f6\u00f6d ei sisaldu hinnas.<br \/>\nL\u00f5plik hind s\u00f5ltub kujuneb vastavalt valitud materjalidele ja furnituurile ning v\u00f5ib erined pakutud vahemikust.<\/p>\n<p>Harjumaalt v\u00e4ljaspool lisandub m\u00f5\u00f5tmise ja transpordi maksumus.<\/p>\n<p>N\u00e4idisk\u00f6\u00f6gi pildigalerii<\/p>\n<figure><p>Invalid Displayed Gallery<\/p><\/noscript><\/figure>\n<h1>Sirge k\u00f6\u00f6gim\u00f6\u00f6bel v2<\/h1>\n<p>(M\u00f6\u00f6bli m\u00f5\u00f5dud: laius 3700 mm, k\u00f5rgus 2300 mm)<\/p>\n<figure><img decoding=\"async\" class=\"lazy alignnone\" src=\"https:\/\/www.mooblimasin.ee\/wp-content\/plugins\/jquery-image-lazy-loading\/images\/grey.gif\" data-original=\"https:\/\/www.mooblimasin.ee\/wp-content\/uploads\/2014\/07\/Sirge-ko\u0308o\u0308gimo\u0308o\u0308bel_v1.jpg\" alt=\"Sirge ko\u0308o\u0308gimo\u0308o\u0308bel_v1\" \/><noscript><img decoding=\"async\" class=\"alignnone\" src=\"https:\/\/www.mooblimasin.ee\/wp-content\/uploads\/2014\/07\/Sirge-ko\u0308o\u0308gimo\u0308o\u0308bel_v1.jpg\" alt=\"Sirge ko\u0308o\u0308gimo\u0308o\u0308bel_v1\" \/><\/noscript><\/figure>\n<p><strong>T\u00f6\u00f6pind:<\/strong> 30 mm presskivi Starlight White.<br \/>\n<strong>Esipaneelid all:<\/strong> tammespoonitud, viimistlus peits (toon MCL10092), poolmatt lakk.<br \/>\n<strong>Esipaneelid \u00fcleval:<\/strong> Acrylux Premium 1982MX Ice White MAT, t\u00e4ismatt.<br \/>\n<strong>Karkass all:<\/strong> tamm tume 1903 melamiin.<br \/>\n<strong>Karkass \u00fcleval:<\/strong> valge melamiin.<br \/>\n<strong>Ahi:<\/strong> Smeg, Linea SFP121NE, must.<br \/>\n<strong>Pliidiplaat:<\/strong> 45 cm IN45W, valge.<br \/>\n<strong>\u00d5hupuhastaja:<\/strong> Falmec MOVE valge 60 cm, integreeritav, 800m3\/h.<br \/>\n<strong>Valamu:<\/strong> Franke KBK 110-50, keraamiline, alt monteeritav, polaarvalge.<br \/>\n<strong>Segisti:<\/strong> Franke ACTIVE-PLUS, kangsegisti, polaarvalge.<\/p>\n<p>K\u00f6\u00f6gi maksumus koos paigaldusega ~5900 eurot.<\/p>\n<p>Hinnale lisandub k\u00f6\u00f6gitehnika maksumus vastavalt valitud toodetele. \u00dchendust\u00f6\u00f6d ei sisaldu hinnas.<br \/>\nL\u00f5plik hind s\u00f5ltub kujuneb vastavalt valitud materjalidele ja furnituurile ning v\u00f5ib erined pakutud vahemikust.<\/p>\n<p>Harjumaalt v\u00e4ljaspool lisandub m\u00f5\u00f5tmise ja transpordi maksumus.<\/p>\n<p>N\u00e4idisk\u00f6\u00f6gi pildigalerii<\/p>\n<figure><p>Invalid Displayed Gallery<\/p><\/noscript><\/figure>\n<h1>Sirge k\u00f6\u00f6gim\u00f6\u00f6bel v3<\/h1>\n<p>(M\u00f6\u00f6bli m\u00f5\u00f5dud: laius 3570 mm, k\u00f5rgus 2200 mm)<\/p>\n<figure><img decoding=\"async\" class=\"lazy alignnone\" src=\"https:\/\/www.mooblimasin.ee\/wp-content\/plugins\/jquery-image-lazy-loading\/images\/grey.gif\" data-original=\"https:\/\/www.mooblimasin.ee\/wp-content\/uploads\/2014\/07\/Sirge-ko\u0308o\u0308gimo\u0308o\u0308bel_v2.jpg\" alt=\"Sirge ko\u0308o\u0308gimo\u0308o\u0308bel_v2\" \/><noscript><img decoding=\"async\" class=\"alignnone\" src=\"https:\/\/www.mooblimasin.ee\/wp-content\/uploads\/2014\/07\/Sirge-ko\u0308o\u0308gimo\u0308o\u0308bel_v2.jpg\" alt=\"Sirge ko\u0308o\u0308gimo\u0308o\u0308bel_v2\" \/><\/noscript><\/figure>\n<p><strong>T\u00f6\u00f6pind:<\/strong> k\u00f5rgsurvelaminaat Egger H1137.<br \/>\n<strong>Seinariiulid:<\/strong> k\u00f5rgsurvelaminaat Egger H1137.<br \/>\n<strong>Esipaneelid:<\/strong> MDF, valge poleeritud k\u00f5rgl\u00e4ikiv v\u00e4rv.<br \/>\n<strong>Karkass:<\/strong> valge melamiin.<br \/>\n<strong>\u00d5hupuhastaja:<\/strong> Falmec Tab, seina, 60 cm, valge.<\/p>\n<p>K\u00f6\u00f6gi maksumus koos paigaldusega ~3600 eurot.<\/p>\n<p>Hinnale lisandub k\u00f6\u00f6gitehnika maksumus vastavalt valitud toodetele. \u00dchendust\u00f6\u00f6d ei sisaldu hinnas.<br \/>\nL\u00f5plik hind s\u00f5ltub kujuneb vastavalt valitud materjalidele ja furnituurile ning v\u00f5ib erined pakutud vahemikust.<\/p>\n<p>Harjumaalt v\u00e4ljaspool lisandub m\u00f5\u00f5tmise ja transpordi maksumus.<\/p>\n<p>N\u00e4idisk\u00f6\u00f6gi pildigalerii<\/p>\n<figure><p>Invalid Displayed Gallery<\/p><\/noscript><\/figure>\n<h1>L-kujuline k\u00f6\u00f6gim\u00f6\u00f6bel<\/h1>\n<p>(M\u00f6\u00f6bli m\u00f5\u00f5dud: vasak sein 2360 mm, parem sein 3190 mm, k\u00f5rgus 2270 mm)<\/p>\n<figure><img decoding=\"async\" class=\"lazy alignnone\" src=\"https:\/\/www.mooblimasin.ee\/wp-content\/plugins\/jquery-image-lazy-loading\/images\/grey.gif\" data-original=\"https:\/\/www.mooblimasin.ee\/wp-content\/uploads\/2014\/07\/L-kujuline-ko\u0308o\u0308gimo\u0308o\u0308bel.jpg\" alt=\"L-kujuline ko\u0308o\u0308gimo\u0308o\u0308bel\" \/><noscript><img decoding=\"async\" class=\"alignnone\" src=\"https:\/\/www.mooblimasin.ee\/wp-content\/uploads\/2014\/07\/L-kujuline-ko\u0308o\u0308gimo\u0308o\u0308bel.jpg\" alt=\"L-kujuline ko\u0308o\u0308gimo\u0308o\u0308bel\" \/><\/noscript><\/figure>\n<p><strong>T\u00f6\u00f6pind:<\/strong> k\u00f5rgsurvelaminaat Egger H3303.<br \/>\n<strong>Esipaneelid:<\/strong> MDF (ukset\u00fc\u00fcp FR2MM), poolmatt v\u00e4rv (toon RAL9001).<br \/>\n<strong>Esipaneeelid klaasiga:<\/strong> MDF (ukset\u00fc\u00fcp FR2MM ristraam), sisu kirgas klaas, poolmatt v\u00e4rv (toon RAL9001).<br \/>\n<strong>Karniis:<\/strong> MDF, poolmatt v\u00e4rv (toon RAL9001).<br \/>\n<strong>Karkass:<\/strong> Egger H3303 melamiin.<br \/>\n<strong>Ahi: <\/strong>Electrolux EOC5751FOV, valge.<br \/>\n<strong>Pliidiplaat:<\/strong> Induktsioonplaat IN45W, valge, 45 cm, valge.<br \/>\n<strong>\u00d5hupuhastaja:<\/strong> Falmec MOVE, 60cm, 800m3\/h, RVteras AISI304\/valge klaas<br \/>\n<strong>Valamu:<\/strong> Valamu Marmorin EWIT 1-ne, klassikaline, graniit, toon Alabaster<br \/>\n<strong>Segisti:<\/strong> Smeg Colonial MIR6CR2, retro, kroom<\/p>\n<p>K\u00f6\u00f6gi maksumus koos paigaldusega ~5900 eurot.<\/p>\n<p>Hinnale lisandub k\u00f6\u00f6gitehnika maksumus vastavalt valitud toodetele. \u00dchendust\u00f6\u00f6d ei sisaldu hinnas.<br \/>\nL\u00f5plik hind s\u00f5ltub kujuneb vastavalt valitud materjalidele ja furnituurile ning v\u00f5ib erined pakutud vahemikust.<\/p>\n<p>Harjumaalt v\u00e4ljaspool lisandub m\u00f5\u00f5tmise ja transpordi maksumus.<\/p>\n<p>N\u00e4idisk\u00f6\u00f6gi pildigalerii<\/p>\n<figure><p>Invalid Displayed Gallery<\/p><\/noscript><\/figure>\n<h1>U-kujuline k\u00f6\u00f6gim\u00f6\u00f6bel<\/h1>\n<p>(M\u00f6\u00f6bli m\u00f5\u00f5dud: vasak sein 2750 mm, keskmine sein 2590 mm, parem sein 1980 mm, k\u00f5rgus 2550 mm)<\/p>\n<figure><img decoding=\"async\" class=\"lazy alignnone\" src=\"https:\/\/www.mooblimasin.ee\/wp-content\/plugins\/jquery-image-lazy-loading\/images\/grey.gif\" data-original=\"https:\/\/www.mooblimasin.ee\/wp-content\/uploads\/2014\/07\/C-kujuline-ko\u0308o\u0308gimo\u0308o\u0308bel.jpg\" alt=\"C-kujuline ko\u0308o\u0308gimo\u0308o\u0308bel\" \/><noscript><img decoding=\"async\" class=\"alignnone\" src=\"https:\/\/www.mooblimasin.ee\/wp-content\/uploads\/2014\/07\/C-kujuline-ko\u0308o\u0308gimo\u0308o\u0308bel.jpg\" alt=\"C-kujuline ko\u0308o\u0308gimo\u0308o\u0308bel\" \/><\/noscript><\/figure>\n<p><strong>T\u00f6\u00f6pind:<\/strong> 20 mm keraamiline kivi Dekton Keranium.<br \/>\n<strong>Esipaneelid all:<\/strong> tammespoonitud, peits (toon MCL10124).<br \/>\n<strong>Esipaneel \u00fcleval:<\/strong> MDF, valge poleeritud k\u00f5rgl\u00e4ikiv v\u00e4rv.<br \/>\n<strong>Karkass:<\/strong> valge melamiin.<br \/>\n<strong>\u00d5hupuhastaja:<\/strong> Falmec Incasso, integreeritav, RV teras.<br \/>\n<strong>K\u00f6\u00f6gisegisti:<\/strong> Deante MILIN BEU W62M, valge l\u00e4ikiv.<\/p>\n<p>K\u00f6\u00f6gi maksumus koos paigaldusega ~7300 eurot.<\/p>\n<p>Hinnale lisandub k\u00f6\u00f6gitehnika maksumus vastavalt valitud toodetele. \u00dchendust\u00f6\u00f6d ei sisaldu hinnas.<br \/>\nL\u00f5plik hind s\u00f5ltub kujuneb vastavalt valitud materjalidele ja furnituurile ning v\u00f5ib erined pakutud vahemikust.<\/p>\n<p>Harjumaalt v\u00e4ljaspool lisandub m\u00f5\u00f5tmise ja transpordi maksumus.<\/p>\n<p>N\u00e4idisk\u00f6\u00f6gi pildigalerii<\/p>\n<figure><p>Invalid Displayed Gallery<\/p><\/noscript><\/figure>\n<p>Rohkem t\u00f6id <a href=\"https:\/\/www.mooblimasin.ee\/tehtud-tood\/\">https:\/\/www.mooblimasin.ee\/tehtud-tood\/<\/a><\/p>\n","protected":false},"excerpt":{"rendered":"<p>L\u00f5plik k\u00f6\u00f6gim\u00f6\u00f6bli hind kujuneb alati valitud materjalidest ja furnituuri mahust. Pealtn\u00e4ha sarnase v\u00e4limusega k\u00f6\u00f6kide hinnad v\u00f5ivad varieeruda, kuid usume, et siin toodud hinnan\u00e4idised aitavad paremat \u00fclevaadet saada.<br \/>\nToome allpool v\u00e4lja k\u00f6\u00f6gim\u00f6\u00f6bli erinevad hinnan\u00e4ited, et saaksid paremini aru, kuidas materjalide valik v\u00f5ib<\/p>\n","protected":false},"author":1,"featured_media":0,"parent":0,"menu_order":0,"comment_status":"open","ping_status":"open","template":"page-kasulik.php","meta":{"ngg_post_thumbnail":0,"footnotes":""},"class_list":["post-5257","page","type-page","status-publish","hentry"],"acf":[],"_links":{"self":[{"href":"https:\/\/www.mooblimasin.ee\/fi\/wp-json\/wp\/v2\/pages\/5257","targetHints":{"allow":["GET"]}}],"collection":[{"href":"https:\/\/www.mooblimasin.ee\/fi\/wp-json\/wp\/v2\/pages"}],"about":[{"href":"https:\/\/www.mooblimasin.ee\/fi\/wp-json\/wp\/v2\/types\/page"}],"author":[{"embeddable":true,"href":"https:\/\/www.mooblimasin.ee\/fi\/wp-json\/wp\/v2\/users\/1"}],"replies":[{"embeddable":true,"href":"https:\/\/www.mooblimasin.ee\/fi\/wp-json\/wp\/v2\/comments?post=5257"}],"version-history":[{"count":5,"href":"https:\/\/www.mooblimasin.ee\/fi\/wp-json\/wp\/v2\/pages\/5257\/revisions"}],"predecessor-version":[{"id":9846,"href":"https:\/\/www.mooblimasin.ee\/fi\/wp-json\/wp\/v2\/pages\/5257\/revisions\/9846"}],"wp:attachment":[{"href":"https:\/\/www.mooblimasin.ee\/fi\/wp-json\/wp\/v2\/media?parent=5257"}],"curies":[{"name":"wp","href":"https:\/\/api.w.org\/{rel}","templated":true}]}}