{"id":5254,"date":"2014-05-29T22:21:38","date_gmt":"2014-05-29T19:21:38","guid":{"rendered":"http:\/\/www.mooblimasin.ee\/kasulikud-teadmised-koogimoobli-tellimiseks-2\/"},"modified":"2016-11-02T13:34:07","modified_gmt":"2016-11-02T11:34:07","slug":"hyodyllista-luettavaa","status":"publish","type":"page","link":"https:\/\/www.mooblimasin.ee\/fi\/hyodyllista-luettavaa\/","title":{"rendered":"HY\u00d6DYLLIST\u00c4 LUETTAVAA"},"content":{"rendered":"<p style=\"text-align: justify;\"><a href=\"https:\/\/www.mooblimasin.ee\/ru\/zakaz-kuhonnoj-mebeli\/\">Keitti\u00f6n tilaaminen<\/a> on pitk\u00e4 ja ty\u00f6nt\u00e4yteinen teht\u00e4v\u00e4. Ensimm\u00e4iseksi on valittava sopiva valmistaja ja sitten on laadittava suunnitelmat sek\u00e4 valittava materiaalit. My\u00f6s asiantuntevasta asentamisesta on huolehdittava. Haastavinta on ehk\u00e4 toteuttaa unelmiesi keitti\u00f6 juuri sellaisena, tai jopa parempana, kuin olet kuvitellut. Keitti\u00f6 on er\u00e4s kodin eniten k\u00e4ytettyj\u00e4 tiloja, ja sen soisi sek\u00e4 kest\u00e4v\u00e4n ett\u00e4 toimivan Autamme sinua v\u00e4ltt\u00e4m\u00e4\u00e4n yleisimm\u00e4t virheet sek\u00e4 esittelemme uusimpia mahdollisuuksia, joiden avulla keitti\u00f6ist\u00e4si saadaan mahdollisimman kest\u00e4v\u00e4 ja toimiva. <strong>Toivomme sinun oleva yht\u00e4 ylpe\u00e4 uudesta keitti\u00f6st\u00e4si kuin me olemme ty\u00f6mme j\u00e4ljest\u00e4<\/strong><strong>.<\/strong><\/p>\n<p style=\"text-align: justify;\">M\u00f6\u00f6blimasin ei myy pelk\u00e4st\u00e4\u00e4n keitti\u00f6it\u00e4. Haluamme keitti\u00f6iden olevan kauniita ja my\u00f6s kest\u00e4v\u00e4n pitk\u00e4\u00e4n, joten olemme laatineet perusteelliset keitti\u00f6kalusteiden huolto-ohjeet havainnollistavine kuvineen.<\/p>\n<ul>\n<li style=\"text-align: justify;\">Jotta pysyisit suunnittelemassasi budjetissa, olemme laatineet valmiiksi muutamia <a href=\"https:\/\/www.mooblimasin.ee\/ru\/rekomendacii-po-vyboru-kuhonnoj-mebeli-v-zavisimosti-ot-celi\/\">vinkkej\u00e4 tarkoituksenmukaisen keitti\u00f6n suunnitteluun<\/a>.<\/li>\n<\/ul>\n<ul>\n<li style=\"text-align: justify;\">Tutustu <a href=\"https:\/\/www.mooblimasin.ee\/ru\/ispolzuemye-v-proektah-standartnye-materialy\/\">ty\u00f6- ja keitti\u00f6kalusteille asetettuihin vaatimuksiin<\/a>, jotta osaisit verrata tarjoustamme muihin tarjouksiin. Nyky\u00e4\u00e4n kodinkoneiden ilmanvaihtoaukot sek\u00e4 \u00e4\u00e4nett\u00f6m\u00e4sti sulkeutuvat laatikostot ovat osa keitti\u00f6n perusvarustust.<\/li>\n<\/ul>\n<ul>\n<li style=\"text-align: justify;\">Esittelemme my\u00f6s <a href=\"https:\/\/www.mooblimasin.ee\/ru\/koogimoobli-valmistamiseks-kasutatavad-seadmed\/\">ty\u00f6v\u00e4lineit\u00e4 ja valmistusmenetelmi\u00e4<\/a>. K\u00e4yt\u00e4mme ammattik\u00e4ytt\u00f6\u00f6n tarkoitettuja koneita ja laitteita sek\u00e4 laadukkaiden valmistajien materiaaleja ja mekanismeja, jotta valmistamamme keitti\u00f6t kest\u00e4isiv\u00e4t k\u00e4yt\u00f6ss\u00e4 mahdollisimman pitk\u00e4\u00e4n.<\/li>\n<\/ul>\n<ul>\n<li style=\"text-align: justify;\"><a href=\"https:\/\/www.mooblimasin.ee\/ru\/kacestvo-ustanovki\/\">Keitti\u00f6n asennus<\/a>\u00a0 muodostaa vain noin 10 % keitti\u00f6n hinnasta, mutta sen t\u00e4rkeytt\u00e4 ei kannata aliarvioida. Jos asennus on tehty huonosti, koko edelt\u00e4v\u00e4 ty\u00f6 menett\u00e4\u00e4 merkityksens\u00e4. Teemme yhteisty\u00f6t\u00e4 alan parhaiden asentajien kanssa. Perehdy my\u00f6s yleisimpiin virheisiin, joita keitti\u00f6t\u00e4 tilattaessa voidaan tehd\u00e4.<\/li>\n<\/ul>\n","protected":false},"excerpt":{"rendered":"<p>Keitti\u00f6n tilaaminen on pitk\u00e4 ja ty\u00f6nt\u00e4yteinen teht\u00e4v\u00e4. Ensimm\u00e4iseksi on valittava sopiva valmistaja ja sitten on laadittava suunnitelmat sek\u00e4 valittava materiaalit. My\u00f6s asiantuntevasta asentamisesta on huolehdittava. Haastavinta on ehk\u00e4 toteuttaa unelmiesi keitti\u00f6 juuri sellaisena, tai jopa parempana, kuin olet kuvitellut. Keitti\u00f6<\/p>\n","protected":false},"author":1,"featured_media":0,"parent":0,"menu_order":0,"comment_status":"open","ping_status":"closed","template":"page-kasulik.php","meta":{"ngg_post_thumbnail":0,"footnotes":""},"class_list":["post-5254","page","type-page","status-publish","hentry"],"acf":[],"_links":{"self":[{"href":"https:\/\/www.mooblimasin.ee\/fi\/wp-json\/wp\/v2\/pages\/5254","targetHints":{"allow":["GET"]}}],"collection":[{"href":"https:\/\/www.mooblimasin.ee\/fi\/wp-json\/wp\/v2\/pages"}],"about":[{"href":"https:\/\/www.mooblimasin.ee\/fi\/wp-json\/wp\/v2\/types\/page"}],"author":[{"embeddable":true,"href":"https:\/\/www.mooblimasin.ee\/fi\/wp-json\/wp\/v2\/users\/1"}],"replies":[{"embeddable":true,"href":"https:\/\/www.mooblimasin.ee\/fi\/wp-json\/wp\/v2\/comments?post=5254"}],"version-history":[{"count":5,"href":"https:\/\/www.mooblimasin.ee\/fi\/wp-json\/wp\/v2\/pages\/5254\/revisions"}],"predecessor-version":[{"id":8068,"href":"https:\/\/www.mooblimasin.ee\/fi\/wp-json\/wp\/v2\/pages\/5254\/revisions\/8068"}],"wp:attachment":[{"href":"https:\/\/www.mooblimasin.ee\/fi\/wp-json\/wp\/v2\/media?parent=5254"}],"curies":[{"name":"wp","href":"https:\/\/api.w.org\/{rel}","templated":true}]}}