{"id":7399,"date":"2016-05-18T12:01:31","date_gmt":"2016-05-18T09:01:31","guid":{"rendered":"http:\/\/www.mooblimasin.ee\/?page_id=7399"},"modified":"2017-08-20T16:20:49","modified_gmt":"2017-08-20T13:20:49","slug":"corner-cabinet-carousels","status":"publish","type":"page","link":"https:\/\/www.mooblimasin.ee\/en\/corner-cabinet-carousels\/","title":{"rendered":"CORNER CABINET CAROUSELS"},"content":{"rendered":"<p>World leading manufacturers of fittings have devised corner cabinet carousels to make using blind corners more comfortable. Depending on the planned kitchen furniture, different mechanisms are at your disposal: oval shaped or kidney shaped shelves (Kesseb\u00f6hmer LeMans, Quaturis S), rectangular shaped baskets (Kesseb\u00f6hmer Magic Corner, Kesseb\u00f6hmer Magic Corner II) or fully rotatable shelves (Quaturis T75).<\/p>\n<p><strong style=\"color: #474747;\"><strong>Corner cabinet carousels are only available when ordering kitchen furniture<\/strong>.<\/strong><\/p>\n<h2>CORNER CABINET MECHANISM Kesseb\u00f6hmer LeMans<\/h2>\n<ul>\n<li>Superb access to the cabinet interior<\/li>\n<li>Shelves rotate almost entirely out of the cabinet<\/li>\n<li>Carrying capacity 25 kg per shelf<\/li>\n<li>Material: metal, shelf base skid-resistant base material<\/li>\n<\/ul>\n<figure><p>Invalid Displayed Gallery<\/p><\/noscript><\/figure>\n<p><iframe src=\"\/\/www.youtube.com\/embed\/pv_IM7t5ZB8\" width=\"425\" height=\"344\" frameborder=\"0\" allowfullscreen=\"allowfullscreen\"><\/iframe><\/p>\n<hr \/>\n<h2>CORNER CABINET MECHANISM Kesseb\u00f6hmer Magic Corner<\/h2>\n<ul>\n<li>Superb access to the cabinet interior<\/li>\n<li>Carrying capacity: interior baskets 2 x 9 kg, pull-out baskets 2 x 7 kg<\/li>\n<li>Material: metal, frame grey (RAL9004), baskets chrome<\/li>\n<\/ul>\n<figure><p>Invalid Displayed Gallery<\/p><\/noscript><\/figure>\n<p><iframe src=\"\/\/www.youtube.com\/embed\/hpK84dPAPY4\" width=\"425\" height=\"344\" frameborder=\"0\" allowfullscreen=\"allowfullscreen\"><\/iframe><\/p>\n<hr \/>\n<h2>CORNER CABINET MECHANISM Kesseb\u00f6hmer Magic Corner II<\/h2>\n<ul>\n<li>Superb access to the cabinet interior<\/li>\n<li>Carrying capacity: interior baskets 2 x 9 kg, pull-out baskets 2 x 7 kg<\/li>\n<li>Material: metal, frame grey (RAL9004), baskets chrome<\/li>\n<\/ul>\n<figure><p>Invalid Displayed Gallery<\/p><\/noscript><\/figure>\n<p><iframe src=\"\/\/www.youtube.com\/embed\/Euv3-VPyJQw\" width=\"425\" height=\"344\" frameborder=\"0\" allowfullscreen=\"allowfullscreen\"><\/iframe><\/p>\n<hr \/>\n<h2>CORNER CABINET MECHANISM Quaturis L<\/h2>\n<ul>\n<li>Superb access to the cabinet interior<\/li>\n<li>Shelves rotate almost entirely out of the cabinet<\/li>\n<li>\u201cAnti-Slip\u201d surfaced shelves, chromed edge and rails<\/li>\n<li>Carrying capacity 20 kg per shelf<\/li>\n<li>Stepless height adjustment for shelves<\/li>\n<\/ul>\n<figure><p>Invalid Displayed Gallery<\/p><\/noscript><\/figure>\n<hr \/>\n<h2>CORNER CABINET CAROUSEL Quaturis T-75<\/h2>\n<ul>\n<li>Fully rotatable<\/li>\n<li>Attractive design<\/li>\n<li>Superb stability<\/li>\n<li>Easily adjustable shelf height<\/li>\n<li>Shelves: plastic, grey RAL 9004<\/li>\n<li>800-900 mm corner cabinet<\/li>\n<\/ul>\n<figure><p>Invalid Displayed Gallery<\/p><\/noscript><br \/>\n<iframe src=\"\/\/www.youtube.com\/embed\/iyrcz5GzoHk\" width=\"425\" height=\"344\" frameborder=\"0\" allowfullscreen=\"allowfullscreen\"><\/iframe><\/figure>\n<p>&nbsp;<\/p>\n<hr \/>\n<h2>CORNER CABINET CAROUSEL Kesseb\u00f6hmer Revo 90<\/h2>\n<ul>\n<li>Fully rotatable<\/li>\n<li>Chromed rails<\/li>\n<li>Superb stability<\/li>\n<li>Easily adjustable shelf height<\/li>\n<li>Shelves: white melamine base 2 shelves<\/li>\n<li>800&#215;800 mm and\u00a0900&#215;900 mm corner cabinet.<\/li>\n<\/ul>\n<figure><p>Invalid Displayed Gallery<\/p><\/noscript><\/figure>\n<p><iframe src=\"https:\/\/www.youtube.com\/embed\/rSWMFue8ijU\" width=\"425\" height=\"344\" frameborder=\"0\" allowfullscreen=\"allowfullscreen\"><\/iframe><\/p>\n<hr \/>\n<h2>CORNER CABINET CAROUSEL Kesseb\u00f6hmer Revo 45<\/h2>\n<ul>\n<li>Fully rotatable<\/li>\n<li>Superb stability<\/li>\n<li>Large capacity<\/li>\n<li>Chromed rails<\/li>\n<li>Easily adjustable shelf height<\/li>\n<li>Shelves: white melamine base 2 shelves<\/li>\n<li>45\u00b0 corner cabinet<\/li>\n<\/ul>\n<figure><p>Invalid Displayed Gallery<\/p><\/noscript><\/figure>\n","protected":false},"excerpt":{"rendered":"<p>World leading manufacturers of fittings have devised corner cabinet carousels to make using blind corners more comfortable. Depending on the planned kitchen furniture, different mechanisms are at your disposal: oval shaped or kidney shaped shelves (Kesseb\u00f6hmer LeMans, Quaturis S), rectangular<\/p>\n","protected":false},"author":4,"featured_media":0,"parent":0,"menu_order":0,"comment_status":"open","ping_status":"open","template":"","meta":{"ngg_post_thumbnail":0,"footnotes":""},"class_list":["post-7399","page","type-page","status-publish","hentry"],"acf":[],"_links":{"self":[{"href":"https:\/\/www.mooblimasin.ee\/en\/wp-json\/wp\/v2\/pages\/7399","targetHints":{"allow":["GET"]}}],"collection":[{"href":"https:\/\/www.mooblimasin.ee\/en\/wp-json\/wp\/v2\/pages"}],"about":[{"href":"https:\/\/www.mooblimasin.ee\/en\/wp-json\/wp\/v2\/types\/page"}],"author":[{"embeddable":true,"href":"https:\/\/www.mooblimasin.ee\/en\/wp-json\/wp\/v2\/users\/4"}],"replies":[{"embeddable":true,"href":"https:\/\/www.mooblimasin.ee\/en\/wp-json\/wp\/v2\/comments?post=7399"}],"version-history":[{"count":2,"href":"https:\/\/www.mooblimasin.ee\/en\/wp-json\/wp\/v2\/pages\/7399\/revisions"}],"predecessor-version":[{"id":8910,"href":"https:\/\/www.mooblimasin.ee\/en\/wp-json\/wp\/v2\/pages\/7399\/revisions\/8910"}],"wp:attachment":[{"href":"https:\/\/www.mooblimasin.ee\/en\/wp-json\/wp\/v2\/media?parent=7399"}],"curies":[{"name":"wp","href":"https:\/\/api.w.org\/{rel}","templated":true}]}}