{"id":7363,"date":"2016-05-17T15:20:49","date_gmt":"2016-05-17T12:20:49","guid":{"rendered":"http:\/\/www.mooblimasin.ee\/?page_id=7363"},"modified":"2016-05-17T15:24:28","modified_gmt":"2016-05-17T12:24:28","slug":"perfectsense-gloss","status":"publish","type":"page","link":"https:\/\/www.mooblimasin.ee\/en\/perfectsense-gloss\/","title":{"rendered":"PERFECTSENSE GLOSS"},"content":{"rendered":"<p style=\"color: #474747;\"><img decoding=\"async\" class=\"lazy alignright\" src=\"https:\/\/www.mooblimasin.ee\/wp-content\/plugins\/jquery-image-lazy-loading\/images\/grey.gif\" data-original=\"https:\/\/www.mooblimasin.ee\/wp-content\/uploads\/2014\/05\/egger.jpg\" alt=\"Egger k\u00f5rgsurvelaminaadist t\u00f6\u00f6tasapinnad\" width=\"200\" height=\"46\" \/><noscript><img decoding=\"async\" class=\"alignright\" src=\"https:\/\/www.mooblimasin.ee\/wp-content\/uploads\/2014\/05\/egger.jpg\" alt=\"Egger k\u00f5rgsurvelaminaadist t\u00f6\u00f6tasapinnad\" width=\"200\" height=\"46\" \/><\/noscript>Front panels made from the Egger PerfectSense Gloss material will have a bright gloss and strong surface. They are scratchproof and easy to clean.<\/p>\n<p>The exterior edges are covered with glossy ABS edging.<\/p>\n<p><strong>Material characteristics:<\/strong><\/p>\n<ul>\n<li>Interior material MDF<\/li>\n<li>High load factor<\/li>\n<li>Scratchproof<\/li>\n<li>Patented production technology<\/li>\n<\/ul>\n<p><strong style=\"color: #474747;\"><strong>Front panels are available only when ordering kitchen furniture<\/strong>.<\/strong><\/p>\n<p>NB! Pictures are illustrative only, exact tones can be seen from real samples.<\/p>\n<figure><p>Invalid Displayed Gallery<\/p><\/noscript><\/figure>\n","protected":false},"excerpt":{"rendered":"<p>Front panels made from the Egger PerfectSense Gloss material will have a bright gloss and strong surface. They are scratchproof and easy to clean.<br \/>\nThe exterior edges are covered with glossy ABS edging.<br \/>\nMaterial characteristics:<\/p>\n<p>Interior material MDF<br \/>\nHigh load factor<br \/>\nScratchproof<br \/>\nPatented production technology<\/p>\n<p>Front panels<\/p>\n","protected":false},"author":4,"featured_media":0,"parent":0,"menu_order":0,"comment_status":"closed","ping_status":"open","template":"","meta":{"ngg_post_thumbnail":0,"footnotes":""},"class_list":["post-7363","page","type-page","status-publish","hentry"],"acf":[],"_links":{"self":[{"href":"https:\/\/www.mooblimasin.ee\/en\/wp-json\/wp\/v2\/pages\/7363","targetHints":{"allow":["GET"]}}],"collection":[{"href":"https:\/\/www.mooblimasin.ee\/en\/wp-json\/wp\/v2\/pages"}],"about":[{"href":"https:\/\/www.mooblimasin.ee\/en\/wp-json\/wp\/v2\/types\/page"}],"author":[{"embeddable":true,"href":"https:\/\/www.mooblimasin.ee\/en\/wp-json\/wp\/v2\/users\/4"}],"replies":[{"embeddable":true,"href":"https:\/\/www.mooblimasin.ee\/en\/wp-json\/wp\/v2\/comments?post=7363"}],"version-history":[{"count":3,"href":"https:\/\/www.mooblimasin.ee\/en\/wp-json\/wp\/v2\/pages\/7363\/revisions"}],"predecessor-version":[{"id":7368,"href":"https:\/\/www.mooblimasin.ee\/en\/wp-json\/wp\/v2\/pages\/7363\/revisions\/7368"}],"wp:attachment":[{"href":"https:\/\/www.mooblimasin.ee\/en\/wp-json\/wp\/v2\/media?parent=7363"}],"curies":[{"name":"wp","href":"https:\/\/api.w.org\/{rel}","templated":true}]}}