{"id":7339,"date":"2016-05-17T15:01:11","date_gmt":"2016-05-17T12:01:11","guid":{"rendered":"http:\/\/www.mooblimasin.ee\/?page_id=7339"},"modified":"2016-05-17T15:01:11","modified_gmt":"2016-05-17T12:01:11","slug":"engineered-stone-worktops","status":"publish","type":"page","link":"https:\/\/www.mooblimasin.ee\/en\/engineered-stone-worktops\/","title":{"rendered":"ENGINEERED STONE WORKTOPS"},"content":{"rendered":"<figure><a class=\"ngg-fancybox\" href=\"https:\/\/www.mooblimasin.ee\/wp-content\/uploads\/2014\/06\/presskivist-t66pinnad.jpeg\"<\/a><img decoding=\"async\" class=\"lazy alignleft\" src=\"https:\/\/www.mooblimasin.ee\/wp-content\/plugins\/jquery-image-lazy-loading\/images\/grey.gif\" data-original=\"https:\/\/www.mooblimasin.ee\/wp-content\/uploads\/2014\/06\/presskivist-t66pinnad.jpeg\" alt=\"Presskivist t\u00f6\u00f6pinnad k\u00f6\u00f6ki\" \/><noscript><img decoding=\"async\" class=\"alignleft\" src=\"https:\/\/www.mooblimasin.ee\/wp-content\/uploads\/2014\/06\/presskivist-t66pinnad.jpeg\" alt=\"Presskivist t\u00f6\u00f6pinnad k\u00f6\u00f6ki\" \/><\/noscript><\/a><\/figure>\n<p>The Technistone product range includes a large selection of engineered stones. About 93% of the material used is carefully chosen from natural resources, the main materials being quartz and granite.<\/p>\n<p>Technistone engineered stones combine elegance with utmost functionality. Technistone\u00ae engineered stone surface finishing has many variants \u2013 polished, slate finished, matt, antique look and brushed. For this reason, the material is one of the best for interior design as the product is suitable for fulfilling the most demanding wishes.<\/p>\n<p><span style=\"line-height: 1.5;\">Technistone engineered stone, granite and marble are currently the most popular materials for worktops in Estonia and the rest of Europe. Hand-made sinks are unique and give all kitchens extra value.<\/span><\/p>\n<h2>Technistone engineered stone advantages<\/h2>\n<p>Technistone is extraordinarily strong, hard and durable. Thanks to the non-porous surface, the material is hygienic and highly suitable for handling food. You can chop or process anything on the surface. You can even hammer meat and knead dough on the surface. You can walk on it. It is an ideal worktop for kitchen and bathroom furniture. The product has very similar and in some ways even better characteristics than natural stone. The Translucent and Fresh product series allow light to pass through.<\/p>\n<p><span style=\"line-height: 1.5;\">The maximum length for the worktop in one piece is 3\u00a0000 mm, font edge T-Profile.<\/span><\/p>\n<p>NB! Pictures are illustrative only, exact tones can be seen from real samples.<\/p>\n<figure><p>Invalid Displayed Gallery<\/p><\/noscript><\/figure>\n","protected":false},"excerpt":{"rendered":"<p>The Technistone product range includes a large selection of engineered stones. About 93% of the material used is carefully chosen from natural resources, the main materials being quartz and granite.<br \/>\nTechnistone engineered stones combine elegance with utmost functionality. Technistone\u00ae engineered stone<\/p>\n","protected":false},"author":4,"featured_media":0,"parent":0,"menu_order":0,"comment_status":"open","ping_status":"open","template":"","meta":{"ngg_post_thumbnail":0,"footnotes":""},"class_list":["post-7339","page","type-page","status-publish","hentry"],"acf":[],"_links":{"self":[{"href":"https:\/\/www.mooblimasin.ee\/en\/wp-json\/wp\/v2\/pages\/7339","targetHints":{"allow":["GET"]}}],"collection":[{"href":"https:\/\/www.mooblimasin.ee\/en\/wp-json\/wp\/v2\/pages"}],"about":[{"href":"https:\/\/www.mooblimasin.ee\/en\/wp-json\/wp\/v2\/types\/page"}],"author":[{"embeddable":true,"href":"https:\/\/www.mooblimasin.ee\/en\/wp-json\/wp\/v2\/users\/4"}],"replies":[{"embeddable":true,"href":"https:\/\/www.mooblimasin.ee\/en\/wp-json\/wp\/v2\/comments?post=7339"}],"version-history":[{"count":1,"href":"https:\/\/www.mooblimasin.ee\/en\/wp-json\/wp\/v2\/pages\/7339\/revisions"}],"predecessor-version":[{"id":7340,"href":"https:\/\/www.mooblimasin.ee\/en\/wp-json\/wp\/v2\/pages\/7339\/revisions\/7340"}],"wp:attachment":[{"href":"https:\/\/www.mooblimasin.ee\/en\/wp-json\/wp\/v2\/media?parent=7339"}],"curies":[{"name":"wp","href":"https:\/\/api.w.org\/{rel}","templated":true}]}}