{"id":7325,"date":"2016-05-17T12:18:11","date_gmt":"2016-05-17T09:18:11","guid":{"rendered":"http:\/\/www.mooblimasin.ee\/?page_id=7325"},"modified":"2022-04-23T12:36:29","modified_gmt":"2022-04-23T09:36:29","slug":"kitchen-furniture-price-examples","status":"publish","type":"page","link":"https:\/\/www.mooblimasin.ee\/en\/kitchen-furniture-price-examples\/","title":{"rendered":"Kitchen furniture price examples"},"content":{"rendered":"<p>L\u00f5plik k\u00f6\u00f6gim\u00f6\u00f6bli hind kujuneb alati valitud materjalidest ja <a title=\"Kuidas hinnata k\u00f6\u00f6gim\u00f6\u00f6bli furnituuri kvaliteeti?\" class=\"ngg-fancybox\" href=\"https:\/\/www.mooblimasin.ee\/kuidas-hinnata-koogimoobli-furnituuri-kvaliteeti\/\">furnituuri<\/a> mahust. Pealtn\u00e4ha sarnase v\u00e4limusega k\u00f6\u00f6kide hinnad v\u00f5ivad varieeruda, kuid usume, et siin toodud hinnan\u00e4idised aitavad paremat \u00fclevaadet saada.<img fetchpriority=\"high\" decoding=\"async\" class=\"lazy alignright\" src=\"https:\/\/www.mooblimasin.ee\/wp-content\/plugins\/jquery-image-lazy-loading\/images\/grey.gif\" data-original=\"https:\/\/www.mooblimasin.ee\/wp-content\/uploads\/2014\/07\/K\u00f6\u00f6gim\u00f6\u00f6bli-n\u00e4idis-300x200.jpg\" alt=\"K\u00f6\u00f6gim\u00f6\u00f6bli n\u00e4idis\" width=\"300\" height=\"200\"<\/a><noscript><img decoding=\"async\" class=\"alignright\" src=\"https:\/\/www.mooblimasin.ee\/wp-content\/uploads\/2014\/07\/K\u00f6\u00f6gim\u00f6\u00f6bli-n\u00e4idis-300x200.jpg\" alt=\"K\u00f6\u00f6gim\u00f6\u00f6bli n\u00e4idis\" width=\"300\" height=\"200\"><\/noscript><\/p>\n<p>Toome allpool v\u00e4lja k\u00f6\u00f6gim\u00f6\u00f6bli erinevad hinnan\u00e4ited, et saaksid paremini aru, kuidas materjalide valik v\u00f5ib hinda m\u00f5jutada (materjalide valik tuleks teha <a title=\"K\u00f6\u00f6gim\u00f6\u00f6bli soovitused vastavalt eesm\u00e4rgile\" href=\"https:\/\/www.mooblimasin.ee\/koogimoobli-soovitused-vastavalt-eesmargile\/\">k\u00f6\u00f6gi eesm\u00e4rgist<\/a>). T\u00e4pse projekti maksumuse saame \u00f6elda, kui oleme t\u00e4psustanud Sinu soovid.<\/p>\n<h1>Sirge k\u00f6\u00f6gim\u00f6\u00f6bel<\/h1>\n<p>(M\u00f6\u00f6bli m\u00f5\u00f5dud: laius 2920 mm, k\u00f5rgus 2340 mm)<\/p>\n<figure><img decoding=\"async\" class=\"lazy alignnone\" src=\"https:\/\/www.mooblimasin.ee\/wp-content\/plugins\/jquery-image-lazy-loading\/images\/grey.gif\" data-original=\"https:\/\/www.mooblimasin.ee\/wp-content\/uploads\/2014\/07\/Sirge-k\u00f6\u00f6gim\u00f6\u00f6bel.jpg\" alt=\"Sirge k\u00f6\u00f6gim\u00f6\u00f6bel\"><noscript><img decoding=\"async\" class=\"alignnone\" src=\"https:\/\/www.mooblimasin.ee\/wp-content\/uploads\/2014\/07\/Sirge-k\u00f6\u00f6gim\u00f6\u00f6bel.jpg\" alt=\"Sirge k\u00f6\u00f6gim\u00f6\u00f6bel\"><\/noscript><\/figure>\n<p><strong>T\u00f6\u00f6pind:<\/strong> 20 mm kivi Technistone Noble Areti Bianco.<br \/>\n<strong>Tagasein:<\/strong> 20 mm kivi Technistone Noble Areti Bianco.<br \/>\n<strong>Esipaneelid:<\/strong> MDF, poolmatt v\u00e4rv (toon valge).<br \/>\n<strong>Karkass:<\/strong> valge melamiin.<br \/>\n<strong>Valgustus:<\/strong> LED-valgusriba, soe valgus.<br \/>\n<strong>Ahi:<\/strong> Smeg, Linea SFP140BE, valge.<br \/>\n<strong>Pliidiplaat:<\/strong> 45 cm IN45W, valge.<br \/>\n<strong>K\u00fclmik:<\/strong> Smeg SD7185CSD2P, integreeritav 122 cm.<br \/>\n<strong>\u00d5hupuhastaja:<\/strong> Falmec Incasso 50 cm, t\u00e4isintegreeritav, RV teras AISI304.<br \/>\n<strong>Valamu:<\/strong> Franke KBK 110-40, keraamiline, alt monteeritav, polaarvalge 126.0335.711.<br \/>\n<strong>Segisti:<\/strong> Franke ACTIVE-PLUS, kangsegisti, polaarvalge 115.0373.817.<\/p>\n<p>K\u00f6\u00f6gi maksumus koos paigaldusega ~7000 eurot.<\/p>\n<p>Hinnale lisandub k\u00f6\u00f6gitehnika maksumus vastavalt valitud toodetele. \u00dchendust\u00f6\u00f6d ei sisaldu hinnas.<br \/>\nL\u00f5plik hind s\u00f5ltub kujuneb vastavalt valitud materjalidele ja furnituurile ning v\u00f5ib erined pakutud vahemikust.<\/p>\n<p>Harjumaalt v\u00e4ljaspool lisandub m\u00f5\u00f5tmise ja transpordi maksumus.<\/p>\n<p>N\u00e4idisk\u00f6\u00f6gi pildigalerii<\/p>\n<figure>\n<div class=\"oi ngg-galleryoverview ngg-ajax-pagination-none\" id=\"ngg-gallery-9827-7325\">\n\n\t\n\t<!-- Thumbnails -->\n\t<ul class=\"small-block-grid-1 medium-block-grid-3 large-block-grid-3 xlarge-block-grid-3 xxlarge-block-grid-4\">\n\t\t\t\t\n\t\t<li>\n\t\t      <div class=\"nextthumb aeglane bac3\" data-original=\"https:\/\/www.mooblimasin.ee\/wp-content\/gallery\/sirge-koogimoobel\/UUS2095.jpg\" style=\"background-image: url(&quot;https:\/\/www.mooblimasin.ee\/wp-content\/gallery\/sirge-koogimoobel\/UUS2095.jpg&quot;); display: block;\">\n\t\t            <a href=\"https:\/\/www.mooblimasin.ee\/wp-content\/gallery\/sirge-koogimoobel\/UUS2095.jpg\" alt=\"<p class=v2ikealt>UUS2095<\/p>\" title=\"\" data-src=\"https:\/\/www.mooblimasin.ee\/wp-content\/gallery\/sirge-koogimoobel\/UUS2095.jpg\" rel=\"gr1\" data-thumbnail=\"https:\/\/www.mooblimasin.ee\/wp-content\/gallery\/sirge-koogimoobel\/UUS2095.jpg\" data-title=\"UUS2095\" data-description=\"\" class=\"ngg-fancybox s\">\n\t\t            <\/a>\n\t\t      <\/div>\n\t\t<\/li>\n\t\t\n\t\t\t\t\n\t \t\t\t\n\t\t<li>\n\t\t      <div class=\"nextthumb aeglane bac3\" data-original=\"https:\/\/www.mooblimasin.ee\/wp-content\/gallery\/sirge-koogimoobel\/UUS2096.jpg\" style=\"background-image: url(&quot;https:\/\/www.mooblimasin.ee\/wp-content\/gallery\/sirge-koogimoobel\/UUS2096.jpg&quot;); display: block;\">\n\t\t            <a href=\"https:\/\/www.mooblimasin.ee\/wp-content\/gallery\/sirge-koogimoobel\/UUS2096.jpg\" alt=\"<p class=v2ikealt>UUS2096<\/p>\" title=\"\" data-src=\"https:\/\/www.mooblimasin.ee\/wp-content\/gallery\/sirge-koogimoobel\/UUS2096.jpg\" rel=\"gr1\" data-thumbnail=\"https:\/\/www.mooblimasin.ee\/wp-content\/gallery\/sirge-koogimoobel\/UUS2096.jpg\" data-title=\"UUS2096\" data-description=\"\" class=\"ngg-fancybox s\">\n\t\t            <\/a>\n\t\t      <\/div>\n\t\t<\/li>\n\t\t\n\t\t\t\t\n\t \t\t\t\n\t\t<li>\n\t\t      <div class=\"nextthumb aeglane bac3\" data-original=\"https:\/\/www.mooblimasin.ee\/wp-content\/gallery\/sirge-koogimoobel\/UUS2099.jpg\" style=\"background-image: url(&quot;https:\/\/www.mooblimasin.ee\/wp-content\/gallery\/sirge-koogimoobel\/UUS2099.jpg&quot;); display: block;\">\n\t\t            <a href=\"https:\/\/www.mooblimasin.ee\/wp-content\/gallery\/sirge-koogimoobel\/UUS2099.jpg\" alt=\"<p class=v2ikealt>UUS2099<\/p>\" title=\"\" data-src=\"https:\/\/www.mooblimasin.ee\/wp-content\/gallery\/sirge-koogimoobel\/UUS2099.jpg\" rel=\"gr1\" data-thumbnail=\"https:\/\/www.mooblimasin.ee\/wp-content\/gallery\/sirge-koogimoobel\/UUS2099.jpg\" data-title=\"UUS2099\" data-description=\"\" class=\"ngg-fancybox s\">\n\t\t            <\/a>\n\t\t      <\/div>\n\t\t<\/li>\n\t\t\n\t\t\t\t\n\t \t\t\t\n\t\t<li>\n\t\t      <div class=\"nextthumb aeglane bac3\" data-original=\"https:\/\/www.mooblimasin.ee\/wp-content\/gallery\/sirge-koogimoobel\/UUS2100.jpg\" style=\"background-image: url(&quot;https:\/\/www.mooblimasin.ee\/wp-content\/gallery\/sirge-koogimoobel\/UUS2100.jpg&quot;); display: block;\">\n\t\t            <a href=\"https:\/\/www.mooblimasin.ee\/wp-content\/gallery\/sirge-koogimoobel\/UUS2100.jpg\" alt=\"<p class=v2ikealt>UUS2100<\/p>\" title=\"\" data-src=\"https:\/\/www.mooblimasin.ee\/wp-content\/gallery\/sirge-koogimoobel\/UUS2100.jpg\" rel=\"gr1\" data-thumbnail=\"https:\/\/www.mooblimasin.ee\/wp-content\/gallery\/sirge-koogimoobel\/UUS2100.jpg\" data-title=\"UUS2100\" data-description=\"\" class=\"ngg-fancybox s\">\n\t\t            <\/a>\n\t\t      <\/div>\n\t\t<\/li>\n\t\t\n\t\t\t\t\n\t \t\t\t\n\t\t<li>\n\t\t      <div class=\"nextthumb aeglane bac3\" data-original=\"https:\/\/www.mooblimasin.ee\/wp-content\/gallery\/sirge-koogimoobel\/UUS2101.jpg\" style=\"background-image: url(&quot;https:\/\/www.mooblimasin.ee\/wp-content\/gallery\/sirge-koogimoobel\/UUS2101.jpg&quot;); display: block;\">\n\t\t            <a href=\"https:\/\/www.mooblimasin.ee\/wp-content\/gallery\/sirge-koogimoobel\/UUS2101.jpg\" alt=\"<p class=v2ikealt>UUS2101<\/p>\" title=\"\" data-src=\"https:\/\/www.mooblimasin.ee\/wp-content\/gallery\/sirge-koogimoobel\/UUS2101.jpg\" rel=\"gr1\" data-thumbnail=\"https:\/\/www.mooblimasin.ee\/wp-content\/gallery\/sirge-koogimoobel\/UUS2101.jpg\" data-title=\"UUS2101\" data-description=\"\" class=\"ngg-fancybox s\">\n\t\t            <\/a>\n\t\t      <\/div>\n\t\t<\/li>\n\t\t\n\t\t\t\t\n\t \t\t\t\n\t\t<li>\n\t\t      <div class=\"nextthumb aeglane bac3\" data-original=\"https:\/\/www.mooblimasin.ee\/wp-content\/gallery\/sirge-koogimoobel\/UUS2106.jpg\" style=\"background-image: url(&quot;https:\/\/www.mooblimasin.ee\/wp-content\/gallery\/sirge-koogimoobel\/UUS2106.jpg&quot;); display: block;\">\n\t\t            <a href=\"https:\/\/www.mooblimasin.ee\/wp-content\/gallery\/sirge-koogimoobel\/UUS2106.jpg\" alt=\"<p class=v2ikealt>UUS2106<\/p>\" title=\"\" data-src=\"https:\/\/www.mooblimasin.ee\/wp-content\/gallery\/sirge-koogimoobel\/UUS2106.jpg\" rel=\"gr1\" data-thumbnail=\"https:\/\/www.mooblimasin.ee\/wp-content\/gallery\/sirge-koogimoobel\/UUS2106.jpg\" data-title=\"UUS2106\" data-description=\"\" class=\"ngg-fancybox s\">\n\t\t            <\/a>\n\t\t      <\/div>\n\t\t<\/li>\n\t\t\n\t\t\t\t\n\t \t\t\t\n\t\t<li>\n\t\t      <div class=\"nextthumb aeglane bac3\" data-original=\"https:\/\/www.mooblimasin.ee\/wp-content\/gallery\/sirge-koogimoobel\/UUS2109.jpg\" style=\"background-image: url(&quot;https:\/\/www.mooblimasin.ee\/wp-content\/gallery\/sirge-koogimoobel\/UUS2109.jpg&quot;); display: block;\">\n\t\t            <a href=\"https:\/\/www.mooblimasin.ee\/wp-content\/gallery\/sirge-koogimoobel\/UUS2109.jpg\" alt=\"<p class=v2ikealt>UUS2109<\/p>\" title=\"\" data-src=\"https:\/\/www.mooblimasin.ee\/wp-content\/gallery\/sirge-koogimoobel\/UUS2109.jpg\" rel=\"gr1\" data-thumbnail=\"https:\/\/www.mooblimasin.ee\/wp-content\/gallery\/sirge-koogimoobel\/UUS2109.jpg\" data-title=\"UUS2109\" data-description=\"\" class=\"ngg-fancybox s\">\n\t\t            <\/a>\n\t\t      <\/div>\n\t\t<\/li>\n\t\t\n\t\t\t\t\n\t \t\t\t\n\t\t<li>\n\t\t      <div class=\"nextthumb aeglane bac3\" data-original=\"https:\/\/www.mooblimasin.ee\/wp-content\/gallery\/sirge-koogimoobel\/UUS2111.jpg\" style=\"background-image: url(&quot;https:\/\/www.mooblimasin.ee\/wp-content\/gallery\/sirge-koogimoobel\/UUS2111.jpg&quot;); display: block;\">\n\t\t            <a href=\"https:\/\/www.mooblimasin.ee\/wp-content\/gallery\/sirge-koogimoobel\/UUS2111.jpg\" alt=\"<p class=v2ikealt>UUS2111<\/p>\" title=\"\" data-src=\"https:\/\/www.mooblimasin.ee\/wp-content\/gallery\/sirge-koogimoobel\/UUS2111.jpg\" rel=\"gr1\" data-thumbnail=\"https:\/\/www.mooblimasin.ee\/wp-content\/gallery\/sirge-koogimoobel\/UUS2111.jpg\" data-title=\"UUS2111\" data-description=\"\" class=\"ngg-fancybox s\">\n\t\t            <\/a>\n\t\t      <\/div>\n\t\t<\/li>\n\t\t\n\t\t\t\t\n\t \t\t\t\n\t\t<li>\n\t\t      <div class=\"nextthumb aeglane bac3\" data-original=\"https:\/\/www.mooblimasin.ee\/wp-content\/gallery\/sirge-koogimoobel\/UUS2113.jpg\" style=\"background-image: url(&quot;https:\/\/www.mooblimasin.ee\/wp-content\/gallery\/sirge-koogimoobel\/UUS2113.jpg&quot;); display: block;\">\n\t\t            <a href=\"https:\/\/www.mooblimasin.ee\/wp-content\/gallery\/sirge-koogimoobel\/UUS2113.jpg\" alt=\"<p class=v2ikealt>UUS2113<\/p>\" title=\"\" data-src=\"https:\/\/www.mooblimasin.ee\/wp-content\/gallery\/sirge-koogimoobel\/UUS2113.jpg\" rel=\"gr1\" data-thumbnail=\"https:\/\/www.mooblimasin.ee\/wp-content\/gallery\/sirge-koogimoobel\/UUS2113.jpg\" data-title=\"UUS2113\" data-description=\"\" class=\"ngg-fancybox s\">\n\t\t            <\/a>\n\t\t      <\/div>\n\t\t<\/li>\n\t\t\n\t\t\t\t\n\t \t\t\t\n\t\t<li>\n\t\t      <div class=\"nextthumb aeglane bac3\" data-original=\"https:\/\/www.mooblimasin.ee\/wp-content\/gallery\/sirge-koogimoobel\/UUS2116.jpg\" style=\"background-image: url(&quot;https:\/\/www.mooblimasin.ee\/wp-content\/gallery\/sirge-koogimoobel\/UUS2116.jpg&quot;); display: block;\">\n\t\t            <a href=\"https:\/\/www.mooblimasin.ee\/wp-content\/gallery\/sirge-koogimoobel\/UUS2116.jpg\" alt=\"<p class=v2ikealt>UUS2116<\/p>\" title=\"\" data-src=\"https:\/\/www.mooblimasin.ee\/wp-content\/gallery\/sirge-koogimoobel\/UUS2116.jpg\" rel=\"gr1\" data-thumbnail=\"https:\/\/www.mooblimasin.ee\/wp-content\/gallery\/sirge-koogimoobel\/UUS2116.jpg\" data-title=\"UUS2116\" data-description=\"\" class=\"ngg-fancybox s\">\n\t\t            <\/a>\n\t\t      <\/div>\n\t\t<\/li>\n\t\t\n\t\t\t\t\n\t \t\t\t\n\t\t<li>\n\t\t      <div class=\"nextthumb aeglane bac3\" data-original=\"https:\/\/www.mooblimasin.ee\/wp-content\/gallery\/sirge-koogimoobel\/UUS2118.jpg\" style=\"background-image: url(&quot;https:\/\/www.mooblimasin.ee\/wp-content\/gallery\/sirge-koogimoobel\/UUS2118.jpg&quot;); display: block;\">\n\t\t            <a href=\"https:\/\/www.mooblimasin.ee\/wp-content\/gallery\/sirge-koogimoobel\/UUS2118.jpg\" alt=\"<p class=v2ikealt>UUS2118<\/p>\" title=\"\" data-src=\"https:\/\/www.mooblimasin.ee\/wp-content\/gallery\/sirge-koogimoobel\/UUS2118.jpg\" rel=\"gr1\" data-thumbnail=\"https:\/\/www.mooblimasin.ee\/wp-content\/gallery\/sirge-koogimoobel\/UUS2118.jpg\" data-title=\"UUS2118\" data-description=\"\" class=\"ngg-fancybox s\">\n\t\t            <\/a>\n\t\t      <\/div>\n\t\t<\/li>\n\t\t\n\t\t\t\t\n\t \t\t\t\n\t\t<li>\n\t\t      <div class=\"nextthumb aeglane bac3\" data-original=\"https:\/\/www.mooblimasin.ee\/wp-content\/gallery\/sirge-koogimoobel\/UUS2119.jpg\" style=\"background-image: url(&quot;https:\/\/www.mooblimasin.ee\/wp-content\/gallery\/sirge-koogimoobel\/UUS2119.jpg&quot;); display: block;\">\n\t\t            <a href=\"https:\/\/www.mooblimasin.ee\/wp-content\/gallery\/sirge-koogimoobel\/UUS2119.jpg\" alt=\"<p class=v2ikealt>UUS2119<\/p>\" title=\"\" data-src=\"https:\/\/www.mooblimasin.ee\/wp-content\/gallery\/sirge-koogimoobel\/UUS2119.jpg\" rel=\"gr1\" data-thumbnail=\"https:\/\/www.mooblimasin.ee\/wp-content\/gallery\/sirge-koogimoobel\/UUS2119.jpg\" data-title=\"UUS2119\" data-description=\"\" class=\"ngg-fancybox s\">\n\t\t            <\/a>\n\t\t      <\/div>\n\t\t<\/li>\n\t\t\n\t\t\t\t\n\t \t\t\t\n\t\t<li>\n\t\t      <div class=\"nextthumb aeglane bac3\" data-original=\"https:\/\/www.mooblimasin.ee\/wp-content\/gallery\/sirge-koogimoobel\/UUS2122.jpg\" style=\"background-image: url(&quot;https:\/\/www.mooblimasin.ee\/wp-content\/gallery\/sirge-koogimoobel\/UUS2122.jpg&quot;); display: block;\">\n\t\t            <a href=\"https:\/\/www.mooblimasin.ee\/wp-content\/gallery\/sirge-koogimoobel\/UUS2122.jpg\" alt=\"<p class=v2ikealt>UUS2122<\/p>\" title=\"\" data-src=\"https:\/\/www.mooblimasin.ee\/wp-content\/gallery\/sirge-koogimoobel\/UUS2122.jpg\" rel=\"gr1\" data-thumbnail=\"https:\/\/www.mooblimasin.ee\/wp-content\/gallery\/sirge-koogimoobel\/UUS2122.jpg\" data-title=\"UUS2122\" data-description=\"\" class=\"ngg-fancybox s\">\n\t\t            <\/a>\n\t\t      <\/div>\n\t\t<\/li>\n\t\t\n\t\t\t\t\n\t \t\t\t\n\t\t<li>\n\t\t      <div class=\"nextthumb aeglane bac3\" data-original=\"https:\/\/www.mooblimasin.ee\/wp-content\/gallery\/sirge-koogimoobel\/UUS2123.jpg\" style=\"background-image: url(&quot;https:\/\/www.mooblimasin.ee\/wp-content\/gallery\/sirge-koogimoobel\/UUS2123.jpg&quot;); display: block;\">\n\t\t            <a href=\"https:\/\/www.mooblimasin.ee\/wp-content\/gallery\/sirge-koogimoobel\/UUS2123.jpg\" alt=\"<p class=v2ikealt>UUS2123<\/p>\" title=\"\" data-src=\"https:\/\/www.mooblimasin.ee\/wp-content\/gallery\/sirge-koogimoobel\/UUS2123.jpg\" rel=\"gr1\" data-thumbnail=\"https:\/\/www.mooblimasin.ee\/wp-content\/gallery\/sirge-koogimoobel\/UUS2123.jpg\" data-title=\"UUS2123\" data-description=\"\" class=\"ngg-fancybox s\">\n\t\t            <\/a>\n\t\t      <\/div>\n\t\t<\/li>\n\t\t\n\t\t\t\t\n\t \t\t\t\n\t\t<li>\n\t\t      <div class=\"nextthumb aeglane bac3\" data-original=\"https:\/\/www.mooblimasin.ee\/wp-content\/gallery\/sirge-koogimoobel\/UUS2124.jpg\" style=\"background-image: url(&quot;https:\/\/www.mooblimasin.ee\/wp-content\/gallery\/sirge-koogimoobel\/UUS2124.jpg&quot;); display: block;\">\n\t\t            <a href=\"https:\/\/www.mooblimasin.ee\/wp-content\/gallery\/sirge-koogimoobel\/UUS2124.jpg\" alt=\"<p class=v2ikealt>UUS2124<\/p>\" title=\"\" data-src=\"https:\/\/www.mooblimasin.ee\/wp-content\/gallery\/sirge-koogimoobel\/UUS2124.jpg\" rel=\"gr1\" data-thumbnail=\"https:\/\/www.mooblimasin.ee\/wp-content\/gallery\/sirge-koogimoobel\/UUS2124.jpg\" data-title=\"UUS2124\" data-description=\"\" class=\"ngg-fancybox s\">\n\t\t            <\/a>\n\t\t      <\/div>\n\t\t<\/li>\n\t\t\n\t\t\t\t\n\t \t\t\t\n\t\t<li>\n\t\t      <div class=\"nextthumb aeglane bac3\" data-original=\"https:\/\/www.mooblimasin.ee\/wp-content\/gallery\/sirge-koogimoobel\/UUS2126.jpg\" style=\"background-image: url(&quot;https:\/\/www.mooblimasin.ee\/wp-content\/gallery\/sirge-koogimoobel\/UUS2126.jpg&quot;); display: block;\">\n\t\t            <a href=\"https:\/\/www.mooblimasin.ee\/wp-content\/gallery\/sirge-koogimoobel\/UUS2126.jpg\" alt=\"<p class=v2ikealt>UUS2126<\/p>\" title=\"\" data-src=\"https:\/\/www.mooblimasin.ee\/wp-content\/gallery\/sirge-koogimoobel\/UUS2126.jpg\" rel=\"gr1\" data-thumbnail=\"https:\/\/www.mooblimasin.ee\/wp-content\/gallery\/sirge-koogimoobel\/UUS2126.jpg\" data-title=\"UUS2126\" data-description=\"\" class=\"ngg-fancybox s\">\n\t\t            <\/a>\n\t\t      <\/div>\n\t\t<\/li>\n\t\t\n\t\t\t\t\n\t \t\t\t\n\t\t<li>\n\t\t      <div class=\"nextthumb aeglane bac3\" data-original=\"https:\/\/www.mooblimasin.ee\/wp-content\/gallery\/sirge-koogimoobel\/UUS2129.jpg\" style=\"background-image: url(&quot;https:\/\/www.mooblimasin.ee\/wp-content\/gallery\/sirge-koogimoobel\/UUS2129.jpg&quot;); display: block;\">\n\t\t            <a href=\"https:\/\/www.mooblimasin.ee\/wp-content\/gallery\/sirge-koogimoobel\/UUS2129.jpg\" alt=\"<p class=v2ikealt>UUS2129<\/p>\" title=\"\" data-src=\"https:\/\/www.mooblimasin.ee\/wp-content\/gallery\/sirge-koogimoobel\/UUS2129.jpg\" rel=\"gr1\" data-thumbnail=\"https:\/\/www.mooblimasin.ee\/wp-content\/gallery\/sirge-koogimoobel\/UUS2129.jpg\" data-title=\"UUS2129\" data-description=\"\" class=\"ngg-fancybox s\">\n\t\t            <\/a>\n\t\t      <\/div>\n\t\t<\/li>\n\t\t\n\t\t\t\t\n\t \t \t<\/ul>\n \t\n\t<!-- Pagination -->\n \t \t\n<\/div>\n\n<\/noscript><\/figure>\n<h1>Sirge k\u00f6\u00f6gim\u00f6\u00f6bel v2<\/h1>\n<p>(M\u00f6\u00f6bli m\u00f5\u00f5dud: laius 3700 mm, k\u00f5rgus 2300 mm)<\/p>\n<figure><img decoding=\"async\" class=\"lazy alignnone\" src=\"https:\/\/www.mooblimasin.ee\/wp-content\/plugins\/jquery-image-lazy-loading\/images\/grey.gif\" data-original=\"https:\/\/www.mooblimasin.ee\/wp-content\/uploads\/2014\/07\/Sirge-k\u00f6\u00f6gim\u00f6\u00f6bel_v1.jpg\" alt=\"Sirge k\u00f6\u00f6gim\u00f6\u00f6bel_v1\"><noscript><img decoding=\"async\" class=\"alignnone\" src=\"https:\/\/www.mooblimasin.ee\/wp-content\/uploads\/2014\/07\/Sirge-k\u00f6\u00f6gim\u00f6\u00f6bel_v1.jpg\" alt=\"Sirge k\u00f6\u00f6gim\u00f6\u00f6bel_v1\"><\/noscript><\/figure>\n<p><strong>T\u00f6\u00f6pind:<\/strong> 30 mm presskivi Starlight White.<br \/>\n<strong>Esipaneelid all:<\/strong> tammespoonitud, viimistlus peits (toon MCL10092), poolmatt lakk.<br \/>\n<strong>Esipaneelid \u00fcleval:<\/strong> Acrylux Premium 1982MX Ice White MAT, t\u00e4ismatt.<br \/>\n<strong>Karkass all:<\/strong> tamm tume 1903 melamiin.<br \/>\n<strong>Karkass \u00fcleval:<\/strong> valge melamiin.<br \/>\n<strong>Ahi:<\/strong> Smeg, Linea SFP121NE, must.<br \/>\n<strong>Pliidiplaat:<\/strong> 45 cm IN45W, valge.<br \/>\n<strong>\u00d5hupuhastaja:<\/strong> Falmec MOVE valge 60 cm, integreeritav, 800m3\/h.<br \/>\n<strong>Valamu:<\/strong> Franke KBK 110-50, keraamiline, alt monteeritav, polaarvalge.<br \/>\n<strong>Segisti:<\/strong> Franke ACTIVE-PLUS, kangsegisti, polaarvalge.<\/p>\n<p>K\u00f6\u00f6gi maksumus koos paigaldusega ~7300 eurot.<\/p>\n<p>Hinnale lisandub k\u00f6\u00f6gitehnika maksumus vastavalt valitud toodetele. \u00dchendust\u00f6\u00f6d ei sisaldu hinnas.<br \/>\nL\u00f5plik hind s\u00f5ltub kujuneb vastavalt valitud materjalidele ja furnituurile ning v\u00f5ib erined pakutud vahemikust.<\/p>\n<p>Harjumaalt v\u00e4ljaspool lisandub m\u00f5\u00f5tmise ja transpordi maksumus.<\/p>\n<p>N\u00e4idisk\u00f6\u00f6gi pildigalerii<\/p>\n<figure><p>Invalid Displayed Gallery<\/p><\/noscript><\/figure>\n<h1>Sirge k\u00f6\u00f6gim\u00f6\u00f6bel v3<\/h1>\n<p>(M\u00f6\u00f6bli m\u00f5\u00f5dud: laius 3570 mm, k\u00f5rgus 2200 mm)<\/p>\n<figure><img decoding=\"async\" class=\"lazy alignnone\" src=\"https:\/\/www.mooblimasin.ee\/wp-content\/plugins\/jquery-image-lazy-loading\/images\/grey.gif\" data-original=\"https:\/\/www.mooblimasin.ee\/wp-content\/uploads\/2014\/07\/Sirge-k\u00f6\u00f6gim\u00f6\u00f6bel_v2.jpg\" alt=\"Sirge k\u00f6\u00f6gim\u00f6\u00f6bel_v2\"><noscript><img decoding=\"async\" class=\"alignnone\" src=\"https:\/\/www.mooblimasin.ee\/wp-content\/uploads\/2014\/07\/Sirge-k\u00f6\u00f6gim\u00f6\u00f6bel_v2.jpg\" alt=\"Sirge k\u00f6\u00f6gim\u00f6\u00f6bel_v2\"><\/noscript><\/figure>\n<p><strong>T\u00f6\u00f6pind:<\/strong> k\u00f5rgsurvelaminaat Egger H1137.<br \/>\n<strong>Seinariiulid:<\/strong> k\u00f5rgsurvelaminaat Egger H1137.<br \/>\n<strong>Esipaneelid:<\/strong> MDF, valge poleeritud k\u00f5rgl\u00e4ikiv v\u00e4rv.<br \/>\n<strong>Karkass:<\/strong> valge melamiin.<br \/>\n<strong>\u00d5hupuhastaja:<\/strong> Falmec Tab, seina, 60 cm, valge.<\/p>\n<p>K\u00f6\u00f6gi maksumus koos paigaldusega ~5100 eurot.<\/p>\n<p>Hinnale lisandub k\u00f6\u00f6gitehnika maksumus vastavalt valitud toodetele. \u00dchendust\u00f6\u00f6d ei sisaldu hinnas.<br \/>\nL\u00f5plik hind s\u00f5ltub kujuneb vastavalt valitud materjalidele ja furnituurile ning v\u00f5ib erined pakutud vahemikust.<\/p>\n<p>Harjumaalt v\u00e4ljaspool lisandub m\u00f5\u00f5tmise ja transpordi maksumus.<\/p>\n<p>N\u00e4idisk\u00f6\u00f6gi pildigalerii<\/p>\n<figure><p>Invalid Displayed Gallery<\/p><\/noscript><\/figure>\n<h1>L-kujuline k\u00f6\u00f6gim\u00f6\u00f6bel<\/h1>\n<p>(M\u00f6\u00f6bli m\u00f5\u00f5dud: vasak sein 2360 mm, parem sein 3190 mm, k\u00f5rgus 2270 mm)<\/p>\n<figure><img decoding=\"async\" class=\"lazy alignnone\" src=\"https:\/\/www.mooblimasin.ee\/wp-content\/plugins\/jquery-image-lazy-loading\/images\/grey.gif\" data-original=\"https:\/\/www.mooblimasin.ee\/wp-content\/uploads\/2014\/07\/L-kujuline-k\u00f6\u00f6gim\u00f6\u00f6bel.jpg\" alt=\"L-kujuline k\u00f6\u00f6gim\u00f6\u00f6bel\"><noscript><img decoding=\"async\" class=\"alignnone\" src=\"https:\/\/www.mooblimasin.ee\/wp-content\/uploads\/2014\/07\/L-kujuline-k\u00f6\u00f6gim\u00f6\u00f6bel.jpg\" alt=\"L-kujuline k\u00f6\u00f6gim\u00f6\u00f6bel\"><\/noscript><\/figure>\n<p><strong>T\u00f6\u00f6pind:<\/strong> k\u00f5rgsurvelaminaat Egger H3303.<br \/>\n<strong>Esipaneelid:<\/strong> MDF (ukset\u00fc\u00fcp FR2MM), poolmatt v\u00e4rv (toon RAL9001).<br \/>\n<strong>Esipaneeelid klaasiga:<\/strong> MDF (ukset\u00fc\u00fcp FR2MM ristraam), sisu kirgas klaas, poolmatt v\u00e4rv (toon RAL9001).<br \/>\n<strong>Karniis:<\/strong> MDF, poolmatt v\u00e4rv (toon RAL9001).<br \/>\n<strong>Karkass:<\/strong> Egger H3303 melamiin.<br \/>\n<strong>Ahi: <\/strong>Electrolux EOC5751FOV, valge.<br \/>\n<strong>Pliidiplaat:<\/strong> Induktsioonplaat IN45W, valge, 45 cm, valge.<br \/>\n<strong>\u00d5hupuhastaja:<\/strong> Falmec MOVE, 60cm, 800m3\/h, RVteras AISI304\/valge klaas<br \/>\n<strong>Valamu:<\/strong> Valamu Marmorin EWIT 1-ne, klassikaline, graniit, toon Alabaster<br \/>\n<strong>Segisti:<\/strong> Smeg Colonial MIR6CR2, retro, kroom<\/p>\n<p>K\u00f6\u00f6gi maksumus koos paigaldusega ~7900 eurot.<\/p>\n<p>Hinnale lisandub k\u00f6\u00f6gitehnika maksumus vastavalt valitud toodetele. \u00dchendust\u00f6\u00f6d ei sisaldu hinnas.<br \/>\nL\u00f5plik hind s\u00f5ltub kujuneb vastavalt valitud materjalidele ja furnituurile ning v\u00f5ib erined pakutud vahemikust.<\/p>\n<p>Harjumaalt v\u00e4ljaspool lisandub m\u00f5\u00f5tmise ja transpordi maksumus.<\/p>\n<p>N\u00e4idisk\u00f6\u00f6gi pildigalerii<\/p>\n<figure><p>Invalid Displayed Gallery<\/p><\/noscript><\/figure>\n<h1>U-kujuline k\u00f6\u00f6gim\u00f6\u00f6bel<\/h1>\n<p>(M\u00f6\u00f6bli m\u00f5\u00f5dud: vasak sein 2750 mm, keskmine sein 2590 mm, parem sein 1980 mm, k\u00f5rgus 2550 mm)<\/p>\n<figure><img decoding=\"async\" class=\"lazy alignnone\" src=\"https:\/\/www.mooblimasin.ee\/wp-content\/plugins\/jquery-image-lazy-loading\/images\/grey.gif\" data-original=\"https:\/\/www.mooblimasin.ee\/wp-content\/uploads\/2014\/07\/C-kujuline-k\u00f6\u00f6gim\u00f6\u00f6bel.jpg\" alt=\"C-kujuline k\u00f6\u00f6gim\u00f6\u00f6bel\"><noscript><img decoding=\"async\" class=\"alignnone\" src=\"https:\/\/www.mooblimasin.ee\/wp-content\/uploads\/2014\/07\/C-kujuline-k\u00f6\u00f6gim\u00f6\u00f6bel.jpg\" alt=\"C-kujuline k\u00f6\u00f6gim\u00f6\u00f6bel\"><\/noscript><\/figure>\n<p><strong>T\u00f6\u00f6pind:<\/strong> 20 mm keraamiline kivi Dekton Keranium.<br \/>\n<strong>Esipaneelid all:<\/strong> tammespoonitud, peits (toon MCL10124).<br \/>\n<strong>Esipaneel \u00fcleval:<\/strong> MDF, valge poleeritud k\u00f5rgl\u00e4ikiv v\u00e4rv.<br \/>\n<strong>Karkass:<\/strong> valge melamiin.<br \/>\n<strong>\u00d5hupuhastaja:<\/strong> Falmec Incasso, integreeritav, RV teras.<br \/>\n<strong>K\u00f6\u00f6gisegisti:<\/strong> Deante MILIN BEU W62M, valge l\u00e4ikiv.<\/p>\n<p>K\u00f6\u00f6gi maksumus koos paigaldusega ~8900 eurot.<\/p>\n<p>Hinnale lisandub k\u00f6\u00f6gitehnika maksumus vastavalt valitud toodetele. \u00dchendust\u00f6\u00f6d ei sisaldu hinnas.<br \/>\nL\u00f5plik hind s\u00f5ltub kujuneb vastavalt valitud materjalidele ja furnituurile ning v\u00f5ib erined pakutud vahemikust.<\/p>\n<p>Harjumaalt v\u00e4ljaspool lisandub m\u00f5\u00f5tmise ja transpordi maksumus.<\/p>\n<p>N\u00e4idisk\u00f6\u00f6gi pildigalerii<\/p>\n<figure><p>Invalid Displayed Gallery<\/p><\/noscript><\/figure>\n<p>Rohkem t\u00f6id <a href=\"https:\/\/www.mooblimasin.ee\/tehtud-tood\/\">https:\/\/www.mooblimasin.ee\/tehtud-tood\/<\/a><\/p>\n","protected":false},"excerpt":{"rendered":"<p>L\u00f5plik k\u00f6\u00f6gim\u00f6\u00f6bli hind kujuneb alati valitud materjalidest ja furnituuri mahust. Pealtn\u00e4ha sarnase v\u00e4limusega k\u00f6\u00f6kide hinnad v\u00f5ivad varieeruda, kuid usume, et siin toodud hinnan\u00e4idised aitavad paremat \u00fclevaadet saada.<br \/>\nToome allpool v\u00e4lja k\u00f6\u00f6gim\u00f6\u00f6bli erinevad hinnan\u00e4ited, et saaksid paremini aru, kuidas materjalide valik v\u00f5ib<\/p>\n","protected":false},"author":4,"featured_media":0,"parent":0,"menu_order":0,"comment_status":"open","ping_status":"open","template":"page-kasulik.php","meta":{"ngg_post_thumbnail":0,"footnotes":""},"class_list":["post-7325","page","type-page","status-publish","hentry"],"acf":[],"_links":{"self":[{"href":"https:\/\/www.mooblimasin.ee\/en\/wp-json\/wp\/v2\/pages\/7325","targetHints":{"allow":["GET"]}}],"collection":[{"href":"https:\/\/www.mooblimasin.ee\/en\/wp-json\/wp\/v2\/pages"}],"about":[{"href":"https:\/\/www.mooblimasin.ee\/en\/wp-json\/wp\/v2\/types\/page"}],"author":[{"embeddable":true,"href":"https:\/\/www.mooblimasin.ee\/en\/wp-json\/wp\/v2\/users\/4"}],"replies":[{"embeddable":true,"href":"https:\/\/www.mooblimasin.ee\/en\/wp-json\/wp\/v2\/comments?post=7325"}],"version-history":[{"count":8,"href":"https:\/\/www.mooblimasin.ee\/en\/wp-json\/wp\/v2\/pages\/7325\/revisions"}],"predecessor-version":[{"id":18969,"href":"https:\/\/www.mooblimasin.ee\/en\/wp-json\/wp\/v2\/pages\/7325\/revisions\/18969"}],"wp:attachment":[{"href":"https:\/\/www.mooblimasin.ee\/en\/wp-json\/wp\/v2\/media?parent=7325"}],"curies":[{"name":"wp","href":"https:\/\/api.w.org\/{rel}","templated":true}]}}